{"id":1197,"date":"2021-11-10T17:18:49","date_gmt":"2021-11-10T14:18:49","guid":{"rendered":"https:\/\/www.aspilsan.com\/?page_id=1197"},"modified":"2024-07-08T16:50:07","modified_gmt":"2024-07-08T13:50:07","slug":"lityum-iyon-silindirik-pil-uretim-tesisi","status":"publish","type":"page","link":"https:\/\/www.aspilsan.com\/en\/lithium-ion-cylindrical-battery-cell-production-facility\/","title":{"rendered":"Lithium Ion Cylindrical Battery Cell Production Facility"},"content":{"rendered":"<section class=\"l-section wpb_row height_auto with_overlay\"><div class=\"l-section-overlay\" style=\"background: var(--color-header-middle-bg)\"><\/div><div class=\"l-section-h i-cf\"><div class=\"g-cols vc_row type_default valign_top\"><div class=\"vc_col-sm-12 wpb_column vc_column_container\"><div class=\"vc_column-inner\"><div class=\"wpb_wrapper\"><\/div><\/div><\/div><\/div><\/div><\/section><section class=\"l-section wpb_row height_auto width_full\"><div class=\"l-section-h i-cf\"><div class=\"g-cols vc_row type_default valign_top\"><div class=\"vc_col-sm-12 wpb_column vc_column_container\"><div class=\"vc_column-inner\"><div class=\"wpb_wrapper\"><div class=\"w-image align_center\"><div class=\"w-image-h\"><img loading=\"lazy\" decoding=\"async\" width=\"1498\" height=\"843\" src=\"https:\/\/www.aspilsan.com\/wp-content\/uploads\/2022\/12\/Aspilsan-Website-Kapak2.jpg\" class=\"attachment-full size-full\" alt=\"\" srcset=\"https:\/\/www.aspilsan.com\/wp-content\/uploads\/2022\/12\/Aspilsan-Website-Kapak2.jpg 1498w, https:\/\/www.aspilsan.com\/wp-content\/uploads\/2022\/12\/Aspilsan-Website-Kapak2-400x225.jpg 400w, https:\/\/www.aspilsan.com\/wp-content\/uploads\/2022\/12\/Aspilsan-Website-Kapak2-1024x576.jpg 1024w, https:\/\/www.aspilsan.com\/wp-content\/uploads\/2022\/12\/Aspilsan-Website-Kapak2-18x10.jpg 18w, https:\/\/www.aspilsan.com\/wp-content\/uploads\/2022\/12\/Aspilsan-Website-Kapak2-600x338.jpg 600w, https:\/\/www.aspilsan.com\/wp-content\/uploads\/2022\/12\/Aspilsan-Website-Kapak2-500x281.jpg 500w, https:\/\/www.aspilsan.com\/wp-content\/uploads\/2022\/12\/Aspilsan-Website-Kapak2-300x169.jpg 300w, https:\/\/www.aspilsan.com\/wp-content\/uploads\/2022\/12\/Aspilsan-Website-Kapak2-200x113.jpg 200w, https:\/\/www.aspilsan.com\/wp-content\/uploads\/2022\/12\/Aspilsan-Website-Kapak2-100x56.jpg 100w, https:\/\/www.aspilsan.com\/wp-content\/uploads\/2022\/12\/Aspilsan-Website-Kapak2-90x51.jpg 90w, https:\/\/www.aspilsan.com\/wp-content\/uploads\/2022\/12\/Aspilsan-Website-Kapak2-190x107.jpg 190w, https:\/\/www.aspilsan.com\/wp-content\/uploads\/2022\/12\/Aspilsan-Website-Kapak2-130x73.jpg 130w\" sizes=\"auto, (max-width: 1498px) 100vw, 1498px\" \/><\/div><\/div><\/div><\/div><\/div><\/div><\/div><\/section><section class=\"l-section wpb_row height_auto\"><div class=\"l-section-h i-cf\"><div class=\"g-cols vc_row type_default valign_top\"><div class=\"vc_col-sm-12 wpb_column vc_column_container\"><div class=\"vc_column-inner\"><div class=\"wpb_wrapper\"><div class=\"g-cols wpb_row  type_default valign_top vc_inner\"><div class=\"vc_col-sm-2 wpb_column vc_column_container\"><div class=\"vc_column-inner\"><div class=\"wpb_wrapper\"><\/div><\/div><\/div><div class=\"vc_col-sm-8 wpb_column vc_column_container\"><div class=\"vc_column-inner\"><div class=\"wpb_wrapper\"><div class=\"wpb_text_column us_custom_6745946f has_text_color\" ><div class=\"wpb_wrapper\"><h1 style=\"text-align: center;\">Lithium Ion Cylindrical Battery Cell Production Facility<\/h1>\n<\/div><\/div><div class=\"w-separator size_medium\"><\/div><div class=\"wpb_text_column us_custom_f4034669 has_text_color\" ><div class=\"wpb_wrapper\"><p>\nASP\u0130LSAN Enerji has been doing research and development since 2017, aiming to develop a national battery and battery technology in T\u00fcrkiye and become a leader in the field. It established the Lithium-Ion Cylindrical Battery Cell Production Facility in order to be a pioneer in the production of Li-ion cylindrical battery cells, which are not yet produced in our country, to develop battery cell materials, to create a domestic ecosystem in battery design and localization of raw materials. The 18650-type cell is produced in Li-NMC\/graphite chemistry, with a capacity of 2800 mAh and a voltage of 3.65V. The annual production capacity of the facility is 220 MWh.<\/p>\n<p>The 25,000-square-meter facility in Kayseri Mimarsinan Organized Industrial Zone is made up of three buildings: an administration block, a battery and production block, and a 7600-square-meter reserve area. The reserve will be used in the future. The construction of the facility, whose foundation was laid on October 02, 2020, was completed by the end of December 2021.<\/p>\n<p>Trial production started after the completion of installation, commissioning, and field acceptance testing for the machinery, equipment, and auxiliary systems. In June 2022, optimization was completed and mass manufacturing got underway.<\/p>\n<\/div><\/div><\/div><\/div><\/div><div class=\"vc_col-sm-2 wpb_column vc_column_container\"><div class=\"vc_column-inner\"><div class=\"wpb_wrapper\"><\/div><\/div><\/div><\/div><div class=\"w-separator size_huge\"><\/div><\/div><\/div><\/div><\/div><\/div><\/section>","protected":false},"excerpt":{"rendered":"Lityum \u0130yon Silindirik Pil \u00dcretim Tesisi ASP\u0130LSAN Enerji, T\u00fcrkiye\u2019de pil ve batarya teknolojisinde milli bir teknolojinin olu\u015fturulmas\u0131 ve sekt\u00f6re y\u00f6n veren bir konuma gelme amac\u0131 ile 2017 y\u0131l\u0131ndan itibaren Ar-Ge faaliyetlerine ba\u015flam\u0131\u015ft\u0131r. \u00d6zellikle hen\u00fcz \u00fclkemizde \u00fcretimi yap\u0131lmayan Li-iyon silindirik pil h\u00fccresi \u00fcretimi konusunda \u00f6nc\u00fc olmak, pil h\u00fccresi malzemesi geli\u015ftirmek, pil tasar\u0131m\u0131 ve ham maddelerin yerlile\u015ftirilmesi...","protected":false},"author":1,"featured_media":0,"parent":0,"menu_order":0,"comment_status":"closed","ping_status":"closed","template":"","meta":{"om_disable_all_campaigns":false,"_mi_skip_tracking":false,"_themeisle_gutenberg_block_has_review":false,"footnotes":""},"class_list":["post-1197","page","type-page","status-publish","hentry"],"aioseo_notices":[],"yoast_head":"<!-- This site is optimized with the Yoast SEO plugin v20.5 - https:\/\/yoast.com\/wordpress\/plugins\/seo\/ -->\n<title>Lityum \u0130yon Silindirik Pil \u00dcretim Tesisi - ASP\u0130LSAN<\/title>\n<meta name=\"robots\" content=\"index, follow, max-snippet:-1, max-image-preview:large, max-video-preview:-1\" \/>\n<link rel=\"canonical\" href=\"https:\/\/www.aspilsan.com\/en\/lithium-ion-cylindrical-battery-cell-production-facility\/\" \/>\n<meta property=\"og:locale\" content=\"en_US\" \/>\n<meta property=\"og:type\" content=\"article\" \/>\n<meta property=\"og:title\" content=\"Lityum \u0130yon Silindirik Pil \u00dcretim Tesisi - ASP\u0130LSAN\" \/>\n<meta property=\"og:url\" content=\"https:\/\/www.aspilsan.com\/en\/lithium-ion-cylindrical-battery-cell-production-facility\/\" \/>\n<meta property=\"og:site_name\" content=\"ASP\u0130LSAN\" \/>\n<meta property=\"article:publisher\" content=\"https:\/\/www.facebook.com\/people\/Aspilsan\/100028422177074\/\" \/>\n<meta property=\"article:modified_time\" content=\"2024-07-08T13:50:07+00:00\" \/>\n<meta name=\"twitter:card\" content=\"summary_large_image\" \/>\n<meta name=\"twitter:site\" content=\"@aspilsan_enerji\" \/>\n<meta name=\"twitter:label1\" content=\"Est. reading time\" \/>\n\t<meta name=\"twitter:data1\" content=\"2 minutes\" \/>\n<script type=\"application\/ld+json\" class=\"yoast-schema-graph\">{\"@context\":\"https:\/\/schema.org\",\"@graph\":[{\"@type\":\"WebPage\",\"@id\":\"https:\/\/www.aspilsan.com\/lityum-iyon-silindirik-pil-uretim-tesisi\/\",\"url\":\"https:\/\/www.aspilsan.com\/lityum-iyon-silindirik-pil-uretim-tesisi\/\",\"name\":\"Lityum \u0130yon Silindirik Pil \u00dcretim Tesisi - ASP\u0130LSAN\",\"isPartOf\":{\"@id\":\"https:\/\/www.aspilsan.com\/#website\"},\"datePublished\":\"2021-11-10T14:18:49+00:00\",\"dateModified\":\"2024-07-08T13:50:07+00:00\",\"breadcrumb\":{\"@id\":\"https:\/\/www.aspilsan.com\/lityum-iyon-silindirik-pil-uretim-tesisi\/#breadcrumb\"},\"inLanguage\":\"en-US\",\"potentialAction\":[{\"@type\":\"ReadAction\",\"target\":[\"https:\/\/www.aspilsan.com\/lityum-iyon-silindirik-pil-uretim-tesisi\/\"]}]},{\"@type\":\"BreadcrumbList\",\"@id\":\"https:\/\/www.aspilsan.com\/lityum-iyon-silindirik-pil-uretim-tesisi\/#breadcrumb\",\"itemListElement\":[{\"@type\":\"ListItem\",\"position\":1,\"name\":\"Anasayfa\",\"item\":\"https:\/\/www.aspilsan.com\/\"},{\"@type\":\"ListItem\",\"position\":2,\"name\":\"Lityum \u0130yon Silindirik Pil \u00dcretim Tesisi\"}]},{\"@type\":\"WebSite\",\"@id\":\"https:\/\/www.aspilsan.com\/#website\",\"url\":\"https:\/\/www.aspilsan.com\/\",\"name\":\"ASP\u0130LSAN\",\"description\":\"Teknolojinin Enerjisi\",\"publisher\":{\"@id\":\"https:\/\/www.aspilsan.com\/#organization\"},\"potentialAction\":[{\"@type\":\"SearchAction\",\"target\":{\"@type\":\"EntryPoint\",\"urlTemplate\":\"https:\/\/www.aspilsan.com\/?s={search_term_string}\"},\"query-input\":\"required name=search_term_string\"}],\"inLanguage\":\"en-US\"},{\"@type\":\"Organization\",\"@id\":\"https:\/\/www.aspilsan.com\/#organization\",\"name\":\"ASP\u0130LSAN\",\"url\":\"https:\/\/www.aspilsan.com\/\",\"logo\":{\"@type\":\"ImageObject\",\"inLanguage\":\"en-US\",\"@id\":\"https:\/\/www.aspilsan.com\/#\/schema\/logo\/image\/\",\"url\":\"https:\/\/www.aspilsan.com\/wp-content\/uploads\/2022\/03\/Aspilsan-Logo-300px.png\",\"contentUrl\":\"https:\/\/www.aspilsan.com\/wp-content\/uploads\/2022\/03\/Aspilsan-Logo-300px.png\",\"width\":300,\"height\":56,\"caption\":\"ASP\u0130LSAN\"},\"image\":{\"@id\":\"https:\/\/www.aspilsan.com\/#\/schema\/logo\/image\/\"},\"sameAs\":[\"https:\/\/www.facebook.com\/people\/Aspilsan\/100028422177074\/\",\"https:\/\/twitter.com\/aspilsan_enerji\",\"https:\/\/www.instagram.com\/aspilsanenerji\",\"https:\/\/www.linkedin.com\/company\/aspilsan\"]}]}<\/script>\n<!-- \/ Yoast SEO plugin. -->","yoast_head_json":{"title":"Lityum \u0130yon Silindirik Pil \u00dcretim Tesisi - ASP\u0130LSAN","robots":{"index":"index","follow":"follow","max-snippet":"max-snippet:-1","max-image-preview":"max-image-preview:large","max-video-preview":"max-video-preview:-1"},"canonical":"https:\/\/www.aspilsan.com\/en\/lithium-ion-cylindrical-battery-cell-production-facility\/","og_locale":"en_US","og_type":"article","og_title":"Lityum \u0130yon Silindirik Pil \u00dcretim Tesisi - ASP\u0130LSAN","og_url":"https:\/\/www.aspilsan.com\/en\/lithium-ion-cylindrical-battery-cell-production-facility\/","og_site_name":"ASP\u0130LSAN","article_publisher":"https:\/\/www.facebook.com\/people\/Aspilsan\/100028422177074\/","article_modified_time":"2024-07-08T13:50:07+00:00","twitter_card":"summary_large_image","twitter_site":"@aspilsan_enerji","twitter_misc":{"Est. reading time":"2 minutes"},"schema":{"@context":"https:\/\/schema.org","@graph":[{"@type":"WebPage","@id":"https:\/\/www.aspilsan.com\/lityum-iyon-silindirik-pil-uretim-tesisi\/","url":"https:\/\/www.aspilsan.com\/lityum-iyon-silindirik-pil-uretim-tesisi\/","name":"Lityum \u0130yon Silindirik Pil \u00dcretim Tesisi - ASP\u0130LSAN","isPartOf":{"@id":"https:\/\/www.aspilsan.com\/#website"},"datePublished":"2021-11-10T14:18:49+00:00","dateModified":"2024-07-08T13:50:07+00:00","breadcrumb":{"@id":"https:\/\/www.aspilsan.com\/lityum-iyon-silindirik-pil-uretim-tesisi\/#breadcrumb"},"inLanguage":"en-US","potentialAction":[{"@type":"ReadAction","target":["https:\/\/www.aspilsan.com\/lityum-iyon-silindirik-pil-uretim-tesisi\/"]}]},{"@type":"BreadcrumbList","@id":"https:\/\/www.aspilsan.com\/lityum-iyon-silindirik-pil-uretim-tesisi\/#breadcrumb","itemListElement":[{"@type":"ListItem","position":1,"name":"Anasayfa","item":"https:\/\/www.aspilsan.com\/"},{"@type":"ListItem","position":2,"name":"Lityum \u0130yon Silindirik Pil \u00dcretim Tesisi"}]},{"@type":"WebSite","@id":"https:\/\/www.aspilsan.com\/#website","url":"https:\/\/www.aspilsan.com\/","name":"ASP\u0130LSAN","description":"Teknolojinin Enerjisi","publisher":{"@id":"https:\/\/www.aspilsan.com\/#organization"},"potentialAction":[{"@type":"SearchAction","target":{"@type":"EntryPoint","urlTemplate":"https:\/\/www.aspilsan.com\/?s={search_term_string}"},"query-input":"required name=search_term_string"}],"inLanguage":"en-US"},{"@type":"Organization","@id":"https:\/\/www.aspilsan.com\/#organization","name":"ASP\u0130LSAN","url":"https:\/\/www.aspilsan.com\/","logo":{"@type":"ImageObject","inLanguage":"en-US","@id":"https:\/\/www.aspilsan.com\/#\/schema\/logo\/image\/","url":"https:\/\/www.aspilsan.com\/wp-content\/uploads\/2022\/03\/Aspilsan-Logo-300px.png","contentUrl":"https:\/\/www.aspilsan.com\/wp-content\/uploads\/2022\/03\/Aspilsan-Logo-300px.png","width":300,"height":56,"caption":"ASP\u0130LSAN"},"image":{"@id":"https:\/\/www.aspilsan.com\/#\/schema\/logo\/image\/"},"sameAs":["https:\/\/www.facebook.com\/people\/Aspilsan\/100028422177074\/","https:\/\/twitter.com\/aspilsan_enerji","https:\/\/www.instagram.com\/aspilsanenerji","https:\/\/www.linkedin.com\/company\/aspilsan"]}]}},"acf":[],"_links":{"self":[{"href":"https:\/\/www.aspilsan.com\/en\/wp-json\/wp\/v2\/pages\/1197","targetHints":{"allow":["GET"]}}],"collection":[{"href":"https:\/\/www.aspilsan.com\/en\/wp-json\/wp\/v2\/pages"}],"about":[{"href":"https:\/\/www.aspilsan.com\/en\/wp-json\/wp\/v2\/types\/page"}],"author":[{"embeddable":true,"href":"https:\/\/www.aspilsan.com\/en\/wp-json\/wp\/v2\/users\/1"}],"replies":[{"embeddable":true,"href":"https:\/\/www.aspilsan.com\/en\/wp-json\/wp\/v2\/comments?post=1197"}],"version-history":[{"count":5,"href":"https:\/\/www.aspilsan.com\/en\/wp-json\/wp\/v2\/pages\/1197\/revisions"}],"predecessor-version":[{"id":7393,"href":"https:\/\/www.aspilsan.com\/en\/wp-json\/wp\/v2\/pages\/1197\/revisions\/7393"}],"wp:attachment":[{"href":"https:\/\/www.aspilsan.com\/en\/wp-json\/wp\/v2\/media?parent=1197"}],"curies":[{"name":"wp","href":"https:\/\/api.w.org\/{rel}","templated":true}]}}