{"id":1521,"date":"2022-01-25T11:07:48","date_gmt":"2022-01-25T08:07:48","guid":{"rendered":"https:\/\/www.aspilsan.com\/?page_id=1521"},"modified":"2024-08-05T16:10:14","modified_gmt":"2024-08-05T13:10:14","slug":"sponsorluk-talepleri","status":"publish","type":"page","link":"https:\/\/www.aspilsan.com\/en\/corporate\/sponsorship-requests\/","title":{"rendered":"Sponsorship Requests"},"content":{"rendered":"<section class=\"l-section wpb_row height_auto\"><div class=\"l-section-h i-cf\"><div class=\"g-cols vc_row type_default valign_top\"><div class=\"vc_col-sm-12 wpb_column vc_column_container\"><div class=\"vc_column-inner\"><div class=\"wpb_wrapper\"><\/div><\/div><\/div><\/div><\/div><\/section><section class=\"l-section wpb_row height_medium\"><div class=\"l-section-h i-cf\"><div class=\"g-cols vc_row type_default valign_top\"><div class=\"vc_col-sm-12 wpb_column vc_column_container\"><div class=\"vc_column-inner\"><div class=\"wpb_wrapper\"><div class=\"wpb_text_column\" ><div class=\"wpb_wrapper\"><p>We only take applications online in order to manage sponsorship requests more effectively and healthily.<\/p>\n<p>Please read the \"ASP\u0130LSAN Enerji Sponsorship Evaluation Criteria\" before filling out the sponsorship application form.<\/p>\n<p><strong style=\"color:#800000\">&#8220;Teklifiniz olumlu de\u011ferlendirildi\u011fi taktirde iletece\u011finiz mail adresine bilgilendirme yap\u0131lacakt\u0131r.&#8221;<\/strong><\/p>\n<p>Thank you for considering ASP\u0130LSAN Enerji as part of your project.<\/p>\n<p>&nbsp;<\/p>\n<p><strong>Criteria for ASP\u0130LSAN Enerji Sponsorship Evaluation<\/strong><\/p>\n<p><u>OUR CRITERIA FOR SPONSORSHIP<\/u><\/p>\n<ul>\n<li>If the project or activity is in support of TAFF(Turkish Armed Forces Foundation)'s original mission and\/or activities, it will be considered.<\/li>\n<li>The initiative or event is in line with ASP\u0130LSAN Enerji's goal and vision.<\/li>\n<li>The project or activity has anything to do with battery manufacturing and energy storage.<\/li>\n<li>Solutions to global warming, which is ASP\u0130LSAN Enerji's project or event communication approach, are about battery manufacture and energy storage.<\/li>\n<li>Supporting sustainability, which is ASP\u0130LSAN Enerji's social responsibility understanding, while also achieving energy solutions, is ASP\u0130LSAN Enerji\u2019s social responsibility understanding.<\/li>\n<li>Contributing to the brand awareness and awareness of ASP\u0130LSAN Enerji.<\/li>\n<li>Supporting the goal of developing qualified human resources in ASP\u0130LSAN Enerji's fields of operation,<\/li>\n<li>It has a positive impact on supplier relations and loyalty.<\/li>\n<\/ul>\n\n<\/div><\/div><div class=\"wpb_text_column\" ><div class=\"wpb_wrapper\">\n<div class=\"wpcf7 no-js\" id=\"wpcf7-f1533-o1\" lang=\"tr-TR\" dir=\"ltr\">\n<div class=\"screen-reader-response\"><p role=\"status\" aria-live=\"polite\" aria-atomic=\"true\"><\/p> <ul><\/ul><\/div>\n<form action=\"\/en\/wp-json\/wp\/v2\/pages\/1521#wpcf7-f1533-o1\" method=\"post\" class=\"wpcf7-form init\" aria-label=\"\u0130leti\u015fim Formu\" enctype=\"multipart\/form-data\" novalidate=\"novalidate\" data-status=\"init\" data-trp-original-action=\"\/en\/wp-json\/wp\/v2\/pages\/1521#wpcf7-f1533-o1\">\n<div style=\"display: none;\">\n<input type=\"hidden\" name=\"_wpcf7\" value=\"1533\" \/>\n<input type=\"hidden\" name=\"_wpcf7_version\" value=\"5.9.5\" \/>\n<input type=\"hidden\" name=\"_wpcf7_locale\" value=\"tr_TR\" \/>\n<input type=\"hidden\" name=\"_wpcf7_unit_tag\" value=\"wpcf7-f1533-o1\" \/>\n<input type=\"hidden\" name=\"_wpcf7_container_post\" value=\"0\" \/>\n<input type=\"hidden\" name=\"_wpcf7_posted_data_hash\" value=\"\" \/>\n<\/div>\n<h2>Sponsorship request form\n<\/h2>\n<p><label> Project or Event Name<br \/>\n<span class=\"wpcf7-form-control-wrap\" data-name=\"proje_adi\"><input size=\"40\" class=\"wpcf7-form-control wpcf7-text wpcf7-validates-as-required\" aria-required=\"true\" aria-invalid=\"false\" value=\"\" type=\"text\" name=\"proje_adi\" \/><\/span> <\/label>\n<\/p>\n<p><label> The Aim of Project or Event<br \/>\n<span class=\"wpcf7-form-control-wrap\" data-name=\"proje_hedefi\"><textarea cols=\"40\" rows=\"10\" class=\"wpcf7-form-control wpcf7-textarea wpcf7-validates-as-required\" aria-required=\"true\" aria-invalid=\"false\" name=\"proje_hedefi\"><\/textarea><\/span> <\/label>\n<\/p>\n<p><label> The Description of Project or Event \/ Detailed Information<br \/>\n<span class=\"wpcf7-form-control-wrap\" data-name=\"proje_tanimi\"><textarea cols=\"40\" rows=\"10\" class=\"wpcf7-form-control wpcf7-textarea wpcf7-validates-as-required\" aria-required=\"true\" aria-invalid=\"false\" name=\"proje_tanimi\"><\/textarea><\/span> <\/label>\n<\/p>\n<p><label> The Website of Project or Event<br \/>\n<span class=\"wpcf7-form-control-wrap\" data-name=\"proje_website\"><input size=\"40\" class=\"wpcf7-form-control wpcf7-text wpcf7-validates-as-required\" aria-required=\"true\" aria-invalid=\"false\" value=\"\" type=\"text\" name=\"proje_website\" \/><\/span> <\/label>\n<\/p>\n<p><label> Start Date of Project or Event<br \/>\n<span class=\"wpcf7-form-control-wrap\" data-name=\"date-844\"><input class=\"wpcf7-form-control wpcf7-date wpcf7-validates-as-required wpcf7-validates-as-date\" min=\"2021-08-01\" aria-required=\"true\" aria-invalid=\"false\" value=\"\" type=\"date\" name=\"date-844\" \/><\/span> <\/label>\n<\/p>\n<p><label> Finish Date of Project or Event<br \/>\n<span class=\"wpcf7-form-control-wrap\" data-name=\"date-845\"><input class=\"wpcf7-form-control wpcf7-date wpcf7-validates-as-required wpcf7-validates-as-date\" min=\"2021-08-01\" aria-required=\"true\" aria-invalid=\"false\" value=\"\" type=\"date\" name=\"date-845\" \/><\/span> <\/label>\n<\/p>\n<p><label> Issuing Institution \/ Organization \/ Company Name<br \/>\n<span class=\"wpcf7-form-control-wrap\" data-name=\"duzenleyen_kurum\"><input size=\"40\" class=\"wpcf7-form-control wpcf7-text wpcf7-validates-as-required\" aria-required=\"true\" aria-invalid=\"false\" value=\"\" type=\"text\" name=\"duzenleyen_kurum\" \/><\/span> <\/label>\n<\/p>\n<p><label> Name of Institution \/ Organization \/ Company Requesting Sponsorship<br \/>\n<span class=\"wpcf7-form-control-wrap\" data-name=\"talepEden_kurum\"><input size=\"40\" class=\"wpcf7-form-control wpcf7-text wpcf7-validates-as-required\" aria-required=\"true\" aria-invalid=\"false\" value=\"\" type=\"text\" name=\"talepEden_kurum\" \/><\/span> <\/label>\n<\/p>\n<p><label> Mobile Phone Number of Person \/ Institution Requesting Sponsorship<br \/>\n<span class=\"wpcf7-form-control-wrap\" data-name=\"kurum_cep\"><input size=\"40\" class=\"wpcf7-form-control wpcf7-tel wpcf7-validates-as-required wpcf7-text wpcf7-validates-as-tel\" aria-required=\"true\" aria-invalid=\"false\" value=\"\" type=\"tel\" name=\"kurum_cep\" \/><\/span> <\/label>\n<\/p>\n<p><label> Email Address of Person \/ Institution Requesting Sponsorship<br \/>\n<span class=\"wpcf7-form-control-wrap\" data-name=\"kurum_mail\"><input size=\"40\" class=\"wpcf7-form-control wpcf7-email wpcf7-validates-as-required wpcf7-text wpcf7-validates-as-email\" aria-required=\"true\" aria-invalid=\"false\" value=\"\" type=\"email\" name=\"kurum_mail\" \/><\/span> <\/label>\n<\/p>\n<p><label> Sponsorship Target Audience<br \/>\n<span class=\"wpcf7-form-control-wrap\" data-name=\"hedef_kitle\"><input size=\"40\" class=\"wpcf7-form-control wpcf7-text wpcf7-validates-as-required\" aria-required=\"true\" aria-invalid=\"false\" value=\"\" type=\"text\" name=\"hedef_kitle\" \/><\/span> <\/label>\n<\/p>\n<p><label> Sponsorship Subject<br \/>\n<span class=\"wpcf7-form-control-wrap\" data-name=\"sponsorluk_konusu\"><input size=\"40\" class=\"wpcf7-form-control wpcf7-text wpcf7-validates-as-required\" aria-required=\"true\" aria-invalid=\"false\" value=\"\" type=\"text\" name=\"sponsorluk_konusu\" \/><\/span> <\/label>\n<\/p>\n<p><label> Sponsorship Fees<br \/>\n<span class=\"wpcf7-form-control-wrap\" data-name=\"sponsorluk_bedelleri\"><textarea cols=\"40\" rows=\"10\" class=\"wpcf7-form-control wpcf7-textarea wpcf7-validates-as-required\" aria-required=\"true\" aria-invalid=\"false\" name=\"sponsorluk_bedelleri\"><\/textarea><\/span> <\/label>\n<\/p>\n<p><label> Finalized Sponsors<br \/>\n<span class=\"wpcf7-form-control-wrap\" data-name=\"kesin_sponsor\"><textarea cols=\"40\" rows=\"10\" class=\"wpcf7-form-control wpcf7-textarea wpcf7-validates-as-required\" aria-required=\"true\" aria-invalid=\"false\" name=\"kesin_sponsor\"><\/textarea><\/span> <\/label>\n<\/p>\n<p><label> Opinion Expected Sponsors<br \/>\n<span class=\"wpcf7-form-control-wrap\" data-name=\"beklenen_sponsor\"><textarea cols=\"40\" rows=\"10\" class=\"wpcf7-form-control wpcf7-textarea wpcf7-validates-as-required\" aria-required=\"true\" aria-invalid=\"false\" name=\"beklenen_sponsor\"><\/textarea><\/span> <\/label>\n<\/p>\n<p><label> If it happened in past years, Sponsor firms of the previous year<br \/>\n<span class=\"wpcf7-form-control-wrap\" data-name=\"onceki_sponsorlar\"><textarea cols=\"40\" rows=\"10\" class=\"wpcf7-form-control wpcf7-textarea wpcf7-validates-as-required\" aria-required=\"true\" aria-invalid=\"false\" name=\"onceki_sponsorlar\"><\/textarea><\/span> <\/label>\n<\/p>\n<p><label> Sponsorship Rights<br \/>\n<span class=\"wpcf7-form-control-wrap\" data-name=\"sponsorluk_haklari\"><textarea cols=\"40\" rows=\"10\" class=\"wpcf7-form-control wpcf7-textarea wpcf7-validates-as-required\" aria-required=\"true\" aria-invalid=\"false\" name=\"sponsorluk_haklari\"><\/textarea><\/span> <\/label>\n<\/p>\n<p><label> Add file <\/label><br \/>\n<span class=\"wpcf7-form-control-wrap\" data-name=\"sponsor_ek\"><input size=\"40\" class=\"wpcf7-form-control wpcf7-file\" accept=\".pdf,.doc\" aria-invalid=\"false\" type=\"file\" name=\"sponsor_ek\" \/><\/span><br \/>\n* Please send as word or pdf file only\n<\/p>\n<p><span class=\"wpcf7-form-control-wrap\" data-name=\"onay\"><span class=\"wpcf7-form-control wpcf7-acceptance\"><span class=\"wpcf7-list-item\"><label><input type=\"checkbox\" name=\"onay\" value=\"1\" aria-invalid=\"false\" \/><span class=\"wpcf7-list-item-label\">I AGREE - to be recorded as I have given it, to be processed, to be preserved, to be reviewed, to be shared with a controlled person who does not meet these criteria by law, and to be shared with those who are limited to those listed in the PDPA (Personal Data Protection Authority) as requested or transferred, to be transferred, and to be finalized as stipulated in the PDPA. It can be moved around as needed. I AGREE that my free will is valid.<\/span><\/label><\/span><\/span><\/span>\n<\/p>\n<p><input class=\"wpcf7-form-control wpcf7-submit has-spinner ButonOutline\" type=\"submit\" value=\"Send\" \/> - To activate the button, you must select I AGREE.\n<\/p><div class=\"wpcf7-response-output\" aria-hidden=\"true\"><\/div>\n<input type=\"hidden\" name=\"trp-form-language\" value=\"en\"\/><\/form>\n<\/div>\n\n<\/div><\/div><\/div><\/div><\/div><\/div><\/div><\/section>","protected":false},"excerpt":{"rendered":"Sponsorluk taleplerini daha etkin ve sa\u011fl\u0131kl\u0131 y\u00f6netebilmek i\u00e7in ba\u015fvurular\u0131 sadece online olarak kabul ediyoruz. Sponsorluk ba\u015fvuru formunu doldurmadan \u00f6nce \u201cASP\u0130LSAN Enerji Sponsorluk De\u011ferlendirme Kriterlerini\u201d okuman\u0131z\u0131 rica ederiz. &#8220;Teklifiniz olumlu de\u011ferlendirildi\u011fi taktirde iletece\u011finiz mail adresine bilgilendirme yap\u0131lacakt\u0131r.&#8221; ASP\u0130LSAN Enerji\u2019ye projenizde yer vermek istedi\u011finiz i\u00e7in te\u015fekk\u00fcr ederiz. &nbsp; ASP\u0130LSAN Enerji Sponsorluk De\u011ferlendirme Kriterleri SPONSORLUK KR\u0130TERLER\u0130M\u0130Z Projenin veya...","protected":false},"author":1,"featured_media":0,"parent":32,"menu_order":6,"comment_status":"closed","ping_status":"closed","template":"","meta":{"om_disable_all_campaigns":false,"_mi_skip_tracking":false,"_themeisle_gutenberg_block_has_review":false,"footnotes":""},"class_list":["post-1521","page","type-page","status-publish","hentry"],"aioseo_notices":[],"yoast_head":"<!-- This site is optimized with the Yoast SEO plugin v20.5 - https:\/\/yoast.com\/wordpress\/plugins\/seo\/ -->\n<title>Sponsorluk Talepleri - ASP\u0130LSAN<\/title>\n<meta name=\"robots\" content=\"index, follow, max-snippet:-1, max-image-preview:large, max-video-preview:-1\" \/>\n<link rel=\"canonical\" href=\"https:\/\/www.aspilsan.com\/en\/corporate\/sponsorship-requests\/\" \/>\n<meta property=\"og:locale\" content=\"en_US\" \/>\n<meta property=\"og:type\" content=\"article\" \/>\n<meta property=\"og:title\" content=\"Sponsorluk Talepleri - ASP\u0130LSAN\" \/>\n<meta property=\"og:url\" content=\"https:\/\/www.aspilsan.com\/en\/corporate\/sponsorship-requests\/\" \/>\n<meta property=\"og:site_name\" content=\"ASP\u0130LSAN\" \/>\n<meta property=\"article:publisher\" content=\"https:\/\/www.facebook.com\/people\/Aspilsan\/100028422177074\/\" \/>\n<meta property=\"article:modified_time\" content=\"2024-08-05T13:10:14+00:00\" \/>\n<meta name=\"twitter:card\" content=\"summary_large_image\" \/>\n<meta name=\"twitter:site\" content=\"@aspilsan_enerji\" \/>\n<meta name=\"twitter:label1\" content=\"Est. reading time\" \/>\n\t<meta name=\"twitter:data1\" content=\"2 minutes\" \/>\n<script type=\"application\/ld+json\" class=\"yoast-schema-graph\">{\"@context\":\"https:\/\/schema.org\",\"@graph\":[{\"@type\":\"WebPage\",\"@id\":\"https:\/\/www.aspilsan.com\/kurumsal\/sponsorluk-talepleri\/\",\"url\":\"https:\/\/www.aspilsan.com\/kurumsal\/sponsorluk-talepleri\/\",\"name\":\"Sponsorluk Talepleri - ASP\u0130LSAN\",\"isPartOf\":{\"@id\":\"https:\/\/www.aspilsan.com\/#website\"},\"datePublished\":\"2022-01-25T08:07:48+00:00\",\"dateModified\":\"2024-08-05T13:10:14+00:00\",\"breadcrumb\":{\"@id\":\"https:\/\/www.aspilsan.com\/kurumsal\/sponsorluk-talepleri\/#breadcrumb\"},\"inLanguage\":\"en-US\",\"potentialAction\":[{\"@type\":\"ReadAction\",\"target\":[\"https:\/\/www.aspilsan.com\/kurumsal\/sponsorluk-talepleri\/\"]}]},{\"@type\":\"BreadcrumbList\",\"@id\":\"https:\/\/www.aspilsan.com\/kurumsal\/sponsorluk-talepleri\/#breadcrumb\",\"itemListElement\":[{\"@type\":\"ListItem\",\"position\":1,\"name\":\"Anasayfa\",\"item\":\"https:\/\/www.aspilsan.com\/\"},{\"@type\":\"ListItem\",\"position\":2,\"name\":\"Kurumsal\",\"item\":\"https:\/\/www.aspilsan.com\/kurumsal\/\"},{\"@type\":\"ListItem\",\"position\":3,\"name\":\"Sponsorluk Talepleri\"}]},{\"@type\":\"WebSite\",\"@id\":\"https:\/\/www.aspilsan.com\/#website\",\"url\":\"https:\/\/www.aspilsan.com\/\",\"name\":\"ASP\u0130LSAN\",\"description\":\"Teknolojinin Enerjisi\",\"publisher\":{\"@id\":\"https:\/\/www.aspilsan.com\/#organization\"},\"potentialAction\":[{\"@type\":\"SearchAction\",\"target\":{\"@type\":\"EntryPoint\",\"urlTemplate\":\"https:\/\/www.aspilsan.com\/?s={search_term_string}\"},\"query-input\":\"required name=search_term_string\"}],\"inLanguage\":\"en-US\"},{\"@type\":\"Organization\",\"@id\":\"https:\/\/www.aspilsan.com\/#organization\",\"name\":\"ASP\u0130LSAN\",\"url\":\"https:\/\/www.aspilsan.com\/\",\"logo\":{\"@type\":\"ImageObject\",\"inLanguage\":\"en-US\",\"@id\":\"https:\/\/www.aspilsan.com\/#\/schema\/logo\/image\/\",\"url\":\"https:\/\/www.aspilsan.com\/wp-content\/uploads\/2022\/03\/Aspilsan-Logo-300px.png\",\"contentUrl\":\"https:\/\/www.aspilsan.com\/wp-content\/uploads\/2022\/03\/Aspilsan-Logo-300px.png\",\"width\":300,\"height\":56,\"caption\":\"ASP\u0130LSAN\"},\"image\":{\"@id\":\"https:\/\/www.aspilsan.com\/#\/schema\/logo\/image\/\"},\"sameAs\":[\"https:\/\/www.facebook.com\/people\/Aspilsan\/100028422177074\/\",\"https:\/\/twitter.com\/aspilsan_enerji\",\"https:\/\/www.instagram.com\/aspilsanenerji\",\"https:\/\/www.linkedin.com\/company\/aspilsan\"]}]}<\/script>\n<!-- \/ Yoast SEO plugin. -->","yoast_head_json":{"title":"Sponsorluk Talepleri - ASP\u0130LSAN","robots":{"index":"index","follow":"follow","max-snippet":"max-snippet:-1","max-image-preview":"max-image-preview:large","max-video-preview":"max-video-preview:-1"},"canonical":"https:\/\/www.aspilsan.com\/en\/corporate\/sponsorship-requests\/","og_locale":"en_US","og_type":"article","og_title":"Sponsorluk Talepleri - ASP\u0130LSAN","og_url":"https:\/\/www.aspilsan.com\/en\/corporate\/sponsorship-requests\/","og_site_name":"ASP\u0130LSAN","article_publisher":"https:\/\/www.facebook.com\/people\/Aspilsan\/100028422177074\/","article_modified_time":"2024-08-05T13:10:14+00:00","twitter_card":"summary_large_image","twitter_site":"@aspilsan_enerji","twitter_misc":{"Est. reading time":"2 minutes"},"schema":{"@context":"https:\/\/schema.org","@graph":[{"@type":"WebPage","@id":"https:\/\/www.aspilsan.com\/kurumsal\/sponsorluk-talepleri\/","url":"https:\/\/www.aspilsan.com\/kurumsal\/sponsorluk-talepleri\/","name":"Sponsorluk Talepleri - ASP\u0130LSAN","isPartOf":{"@id":"https:\/\/www.aspilsan.com\/#website"},"datePublished":"2022-01-25T08:07:48+00:00","dateModified":"2024-08-05T13:10:14+00:00","breadcrumb":{"@id":"https:\/\/www.aspilsan.com\/kurumsal\/sponsorluk-talepleri\/#breadcrumb"},"inLanguage":"en-US","potentialAction":[{"@type":"ReadAction","target":["https:\/\/www.aspilsan.com\/kurumsal\/sponsorluk-talepleri\/"]}]},{"@type":"BreadcrumbList","@id":"https:\/\/www.aspilsan.com\/kurumsal\/sponsorluk-talepleri\/#breadcrumb","itemListElement":[{"@type":"ListItem","position":1,"name":"Anasayfa","item":"https:\/\/www.aspilsan.com\/"},{"@type":"ListItem","position":2,"name":"Kurumsal","item":"https:\/\/www.aspilsan.com\/kurumsal\/"},{"@type":"ListItem","position":3,"name":"Sponsorluk Talepleri"}]},{"@type":"WebSite","@id":"https:\/\/www.aspilsan.com\/#website","url":"https:\/\/www.aspilsan.com\/","name":"ASP\u0130LSAN","description":"Teknolojinin Enerjisi","publisher":{"@id":"https:\/\/www.aspilsan.com\/#organization"},"potentialAction":[{"@type":"SearchAction","target":{"@type":"EntryPoint","urlTemplate":"https:\/\/www.aspilsan.com\/?s={search_term_string}"},"query-input":"required name=search_term_string"}],"inLanguage":"en-US"},{"@type":"Organization","@id":"https:\/\/www.aspilsan.com\/#organization","name":"ASP\u0130LSAN","url":"https:\/\/www.aspilsan.com\/","logo":{"@type":"ImageObject","inLanguage":"en-US","@id":"https:\/\/www.aspilsan.com\/#\/schema\/logo\/image\/","url":"https:\/\/www.aspilsan.com\/wp-content\/uploads\/2022\/03\/Aspilsan-Logo-300px.png","contentUrl":"https:\/\/www.aspilsan.com\/wp-content\/uploads\/2022\/03\/Aspilsan-Logo-300px.png","width":300,"height":56,"caption":"ASP\u0130LSAN"},"image":{"@id":"https:\/\/www.aspilsan.com\/#\/schema\/logo\/image\/"},"sameAs":["https:\/\/www.facebook.com\/people\/Aspilsan\/100028422177074\/","https:\/\/twitter.com\/aspilsan_enerji","https:\/\/www.instagram.com\/aspilsanenerji","https:\/\/www.linkedin.com\/company\/aspilsan"]}]}},"acf":[],"_links":{"self":[{"href":"https:\/\/www.aspilsan.com\/en\/wp-json\/wp\/v2\/pages\/1521","targetHints":{"allow":["GET"]}}],"collection":[{"href":"https:\/\/www.aspilsan.com\/en\/wp-json\/wp\/v2\/pages"}],"about":[{"href":"https:\/\/www.aspilsan.com\/en\/wp-json\/wp\/v2\/types\/page"}],"author":[{"embeddable":true,"href":"https:\/\/www.aspilsan.com\/en\/wp-json\/wp\/v2\/users\/1"}],"replies":[{"embeddable":true,"href":"https:\/\/www.aspilsan.com\/en\/wp-json\/wp\/v2\/comments?post=1521"}],"version-history":[{"count":2,"href":"https:\/\/www.aspilsan.com\/en\/wp-json\/wp\/v2\/pages\/1521\/revisions"}],"predecessor-version":[{"id":7426,"href":"https:\/\/www.aspilsan.com\/en\/wp-json\/wp\/v2\/pages\/1521\/revisions\/7426"}],"up":[{"embeddable":true,"href":"https:\/\/www.aspilsan.com\/en\/wp-json\/wp\/v2\/pages\/32"}],"wp:attachment":[{"href":"https:\/\/www.aspilsan.com\/en\/wp-json\/wp\/v2\/media?parent=1521"}],"curies":[{"name":"wp","href":"https:\/\/api.w.org\/{rel}","templated":true}]}}