{"id":2032,"date":"2022-03-31T08:29:57","date_gmt":"2022-03-31T05:29:57","guid":{"rendered":"https:\/\/www.aspilsan.com\/?page_id=2032"},"modified":"2022-10-07T16:26:49","modified_gmt":"2022-10-07T13:26:49","slug":"m1","status":"publish","type":"page","link":"https:\/\/www.aspilsan.com\/en\/qr\/m1\/","title":{"rendered":"BB2590-U"},"content":{"rendered":"<p>With Its Highest Performance Ever<br \/>\n<strong>ENERGY SOURCE OF DOMESTIC AND NATIONAL DEFENSE INDUSTRY<\/strong><\/p>\n<p><img loading=\"lazy\" decoding=\"async\" width=\"400\" height=\"400\" src=\"https:\/\/www.aspilsan.com\/wp-content\/uploads\/2021\/04\/2590-KAre.png\" alt=\"\" \/><\/p>\n<p>For more information check the <a href=\"https:\/\/www.aspilsan.com\/wp-content\/uploads\/2022\/04\/BB-2590-I\u0307nglizce.pdf\">flyer <\/a>and you can contact our sales department.<\/p>\n<table border=\"0\" width=\"640\" cellspacing=\"0\" cellpadding=\"0\">\n<tbody>\n<tr>\n<td>Name of the product<\/td>\n<td><strong>BB-2590 V2.0 Li-Ion Batarya\u00a0 (Rev. A)<\/strong><\/td>\n<td><strong>BB-2590 Li-Ion Battery Block<\/strong><\/td>\n<td><strong>BB-2590 Li-Ion Battery<\/strong><\/td>\n<\/tr>\n<tr>\n<td>Stock No<\/td>\n<td>152-0001-0004<\/td>\n<td>152-0001-0006<\/td>\n<td>152-0001-0001<\/td>\n<\/tr>\n<tr>\n<td rowspan=\"2\">Nominal Voltage<\/p>\n<p>Nominal Capacity<\/td>\n<td>2 x 14,4V<\/td>\n<td>2 x 14,4V<\/td>\n<td>2 x 14,4V<\/td>\n<\/tr>\n<tr>\n<td>2 x 10,3 Ah\u00a0 2 x 148,32Wh<\/td>\n<td>2 x 6,4Ah\u00a0 2 x 92,16Wh<\/td>\n<td>2 x 8,25Ah<\/p>\n<p>2 x 118,8Wh<\/td>\n<\/tr>\n<tr>\n<td>Maximum Discharge Current<\/td>\n<td>10A<\/td>\n<td>6A<\/td>\n<td>9,9A<\/td>\n<\/tr>\n<tr>\n<td>End Discharge Voltage<\/td>\n<td>2 x 10V<\/td>\n<td>2 x 10V<\/td>\n<td>2 x 10V<\/td>\n<\/tr>\n<tr>\n<td rowspan=\"2\">Pulsed Discharge Current Dimensions (mm)<\/td>\n<td>18A (5 seconds)<\/td>\n<td>20A (approx. 13ms)<\/td>\n<td>18A (5 seconds)<\/td>\n<\/tr>\n<tr>\n<td>62 x 111 x 127 \u00b1 2<\/td>\n<td>62 x 111 x 127 \u00b1 2<\/td>\n<td>62 x 111 x 127 \u00b1 2<\/td>\n<\/tr>\n<tr>\n<td>Weight (g)<\/td>\n<td>Maks. 1380<\/td>\n<td>1460 \u00b1 20<\/td>\n<td>1335 \u00b120<\/td>\n<\/tr>\n<\/tbody>\n<\/table>","protected":false},"excerpt":{"rendered":"<p>Bug\u00fcne Kadarki En Y\u00fcksek Performans\u0131yla YERL\u0130 VE M\u0130LL\u0130 SAVUNMA SANAY\u0130N\u0130N ENERJ\u0130 KAYNA\u011eI Daha fazla bilgi i\u00e7in bro\u015f\u00fcr\u00fc inceleyebilir ve sat\u0131\u015f departman\u0131m\u0131zla ileti\u015fime ge\u00e7ebilirsiniz. \u00dcr\u00fcn Ad\u0131 BB-2590 V2.0 Li-Ion Batarya\u00a0 (Rev. A) BB-2590 Li-Ion Batarya Blo\u011fu BB-2590 Li-Ion Batarya Stok No 152-0001-0004 152-0001-0006 152-0001-0001 Nominal Gerilim Nominal Kapasite 2 x 14,4V 2 x 14,4V 2 x&#8230;<\/p>","protected":false},"author":1,"featured_media":0,"parent":1689,"menu_order":3,"comment_status":"closed","ping_status":"closed","template":"","meta":{"om_disable_all_campaigns":false,"_mi_skip_tracking":false,"_themeisle_gutenberg_block_has_review":false,"footnotes":""},"class_list":["post-2032","page","type-page","status-publish","hentry"],"aioseo_notices":[],"yoast_head":"<!-- This site is optimized with the Yoast SEO plugin v20.5 - https:\/\/yoast.com\/wordpress\/plugins\/seo\/ -->\n<title>BB2590-U - ASP\u0130LSAN<\/title>\n<meta name=\"robots\" content=\"index, follow, max-snippet:-1, max-image-preview:large, max-video-preview:-1\" \/>\n<link rel=\"canonical\" href=\"https:\/\/www.aspilsan.com\/en\/qr\/m1\/\" \/>\n<meta property=\"og:locale\" content=\"en_US\" \/>\n<meta property=\"og:type\" content=\"article\" \/>\n<meta property=\"og:title\" content=\"BB2590-U - ASP\u0130LSAN\" \/>\n<meta property=\"og:description\" content=\"Bug\u00fcne Kadarki En Y\u00fcksek Performans\u0131yla YERL\u0130 VE M\u0130LL\u0130 SAVUNMA SANAY\u0130N\u0130N ENERJ\u0130 KAYNA\u011eI Daha fazla bilgi i\u00e7in bro\u015f\u00fcr\u00fc inceleyebilir ve sat\u0131\u015f departman\u0131m\u0131zla ileti\u015fime ge\u00e7ebilirsiniz. \u00dcr\u00fcn Ad\u0131 BB-2590 V2.0 Li-Ion Batarya\u00a0 (Rev. A) BB-2590 Li-Ion Batarya Blo\u011fu BB-2590 Li-Ion Batarya Stok No 152-0001-0004 152-0001-0006 152-0001-0001 Nominal Gerilim Nominal Kapasite 2 x 14,4V 2 x 14,4V 2 x...\" \/>\n<meta property=\"og:url\" content=\"https:\/\/www.aspilsan.com\/en\/qr\/m1\/\" \/>\n<meta property=\"og:site_name\" content=\"ASP\u0130LSAN\" \/>\n<meta property=\"article:publisher\" content=\"https:\/\/www.facebook.com\/people\/Aspilsan\/100028422177074\/\" \/>\n<meta property=\"article:modified_time\" content=\"2022-10-07T13:26:49+00:00\" \/>\n<meta property=\"og:image\" content=\"https:\/\/www.aspilsan.com\/wp-content\/uploads\/2021\/04\/2590-KAre.png\" \/>\n<meta name=\"twitter:card\" content=\"summary_large_image\" \/>\n<meta name=\"twitter:site\" content=\"@aspilsan_enerji\" \/>\n<meta name=\"twitter:label1\" content=\"Est. reading time\" \/>\n\t<meta name=\"twitter:data1\" content=\"1 minute\" \/>\n<script type=\"application\/ld+json\" class=\"yoast-schema-graph\">{\"@context\":\"https:\/\/schema.org\",\"@graph\":[{\"@type\":\"WebPage\",\"@id\":\"https:\/\/www.aspilsan.com\/qr\/m1\/\",\"url\":\"https:\/\/www.aspilsan.com\/qr\/m1\/\",\"name\":\"BB2590-U - ASP\u0130LSAN\",\"isPartOf\":{\"@id\":\"https:\/\/www.aspilsan.com\/#website\"},\"datePublished\":\"2022-03-31T05:29:57+00:00\",\"dateModified\":\"2022-10-07T13:26:49+00:00\",\"breadcrumb\":{\"@id\":\"https:\/\/www.aspilsan.com\/qr\/m1\/#breadcrumb\"},\"inLanguage\":\"en-US\",\"potentialAction\":[{\"@type\":\"ReadAction\",\"target\":[\"https:\/\/www.aspilsan.com\/qr\/m1\/\"]}]},{\"@type\":\"BreadcrumbList\",\"@id\":\"https:\/\/www.aspilsan.com\/qr\/m1\/#breadcrumb\",\"itemListElement\":[{\"@type\":\"ListItem\",\"position\":1,\"name\":\"Anasayfa\",\"item\":\"https:\/\/www.aspilsan.com\/\"},{\"@type\":\"ListItem\",\"position\":2,\"name\":\"qr\",\"item\":\"https:\/\/www.aspilsan.com\/qr\/\"},{\"@type\":\"ListItem\",\"position\":3,\"name\":\"BB2590-U\"}]},{\"@type\":\"WebSite\",\"@id\":\"https:\/\/www.aspilsan.com\/#website\",\"url\":\"https:\/\/www.aspilsan.com\/\",\"name\":\"ASP\u0130LSAN\",\"description\":\"Teknolojinin Enerjisi\",\"publisher\":{\"@id\":\"https:\/\/www.aspilsan.com\/#organization\"},\"potentialAction\":[{\"@type\":\"SearchAction\",\"target\":{\"@type\":\"EntryPoint\",\"urlTemplate\":\"https:\/\/www.aspilsan.com\/?s={search_term_string}\"},\"query-input\":\"required name=search_term_string\"}],\"inLanguage\":\"en-US\"},{\"@type\":\"Organization\",\"@id\":\"https:\/\/www.aspilsan.com\/#organization\",\"name\":\"ASP\u0130LSAN\",\"url\":\"https:\/\/www.aspilsan.com\/\",\"logo\":{\"@type\":\"ImageObject\",\"inLanguage\":\"en-US\",\"@id\":\"https:\/\/www.aspilsan.com\/#\/schema\/logo\/image\/\",\"url\":\"https:\/\/www.aspilsan.com\/wp-content\/uploads\/2022\/03\/Aspilsan-Logo-300px.png\",\"contentUrl\":\"https:\/\/www.aspilsan.com\/wp-content\/uploads\/2022\/03\/Aspilsan-Logo-300px.png\",\"width\":300,\"height\":56,\"caption\":\"ASP\u0130LSAN\"},\"image\":{\"@id\":\"https:\/\/www.aspilsan.com\/#\/schema\/logo\/image\/\"},\"sameAs\":[\"https:\/\/www.facebook.com\/people\/Aspilsan\/100028422177074\/\",\"https:\/\/twitter.com\/aspilsan_enerji\",\"https:\/\/www.instagram.com\/aspilsanenerji\",\"https:\/\/www.linkedin.com\/company\/aspilsan\"]}]}<\/script>\n<!-- \/ Yoast SEO plugin. -->","yoast_head_json":{"title":"BB2590-U - ASP\u0130LSAN","robots":{"index":"index","follow":"follow","max-snippet":"max-snippet:-1","max-image-preview":"max-image-preview:large","max-video-preview":"max-video-preview:-1"},"canonical":"https:\/\/www.aspilsan.com\/en\/qr\/m1\/","og_locale":"en_US","og_type":"article","og_title":"BB2590-U - ASP\u0130LSAN","og_description":"Bug\u00fcne Kadarki En Y\u00fcksek Performans\u0131yla YERL\u0130 VE M\u0130LL\u0130 SAVUNMA SANAY\u0130N\u0130N ENERJ\u0130 KAYNA\u011eI Daha fazla bilgi i\u00e7in bro\u015f\u00fcr\u00fc inceleyebilir ve sat\u0131\u015f departman\u0131m\u0131zla ileti\u015fime ge\u00e7ebilirsiniz. \u00dcr\u00fcn Ad\u0131 BB-2590 V2.0 Li-Ion Batarya\u00a0 (Rev. A) BB-2590 Li-Ion Batarya Blo\u011fu BB-2590 Li-Ion Batarya Stok No 152-0001-0004 152-0001-0006 152-0001-0001 Nominal Gerilim Nominal Kapasite 2 x 14,4V 2 x 14,4V 2 x...","og_url":"https:\/\/www.aspilsan.com\/en\/qr\/m1\/","og_site_name":"ASP\u0130LSAN","article_publisher":"https:\/\/www.facebook.com\/people\/Aspilsan\/100028422177074\/","article_modified_time":"2022-10-07T13:26:49+00:00","og_image":[{"url":"https:\/\/www.aspilsan.com\/wp-content\/uploads\/2021\/04\/2590-KAre.png"}],"twitter_card":"summary_large_image","twitter_site":"@aspilsan_enerji","twitter_misc":{"Est. reading time":"1 minute"},"schema":{"@context":"https:\/\/schema.org","@graph":[{"@type":"WebPage","@id":"https:\/\/www.aspilsan.com\/qr\/m1\/","url":"https:\/\/www.aspilsan.com\/qr\/m1\/","name":"BB2590-U - ASP\u0130LSAN","isPartOf":{"@id":"https:\/\/www.aspilsan.com\/#website"},"datePublished":"2022-03-31T05:29:57+00:00","dateModified":"2022-10-07T13:26:49+00:00","breadcrumb":{"@id":"https:\/\/www.aspilsan.com\/qr\/m1\/#breadcrumb"},"inLanguage":"en-US","potentialAction":[{"@type":"ReadAction","target":["https:\/\/www.aspilsan.com\/qr\/m1\/"]}]},{"@type":"BreadcrumbList","@id":"https:\/\/www.aspilsan.com\/qr\/m1\/#breadcrumb","itemListElement":[{"@type":"ListItem","position":1,"name":"Anasayfa","item":"https:\/\/www.aspilsan.com\/"},{"@type":"ListItem","position":2,"name":"qr","item":"https:\/\/www.aspilsan.com\/qr\/"},{"@type":"ListItem","position":3,"name":"BB2590-U"}]},{"@type":"WebSite","@id":"https:\/\/www.aspilsan.com\/#website","url":"https:\/\/www.aspilsan.com\/","name":"ASP\u0130LSAN","description":"Teknolojinin Enerjisi","publisher":{"@id":"https:\/\/www.aspilsan.com\/#organization"},"potentialAction":[{"@type":"SearchAction","target":{"@type":"EntryPoint","urlTemplate":"https:\/\/www.aspilsan.com\/?s={search_term_string}"},"query-input":"required name=search_term_string"}],"inLanguage":"en-US"},{"@type":"Organization","@id":"https:\/\/www.aspilsan.com\/#organization","name":"ASP\u0130LSAN","url":"https:\/\/www.aspilsan.com\/","logo":{"@type":"ImageObject","inLanguage":"en-US","@id":"https:\/\/www.aspilsan.com\/#\/schema\/logo\/image\/","url":"https:\/\/www.aspilsan.com\/wp-content\/uploads\/2022\/03\/Aspilsan-Logo-300px.png","contentUrl":"https:\/\/www.aspilsan.com\/wp-content\/uploads\/2022\/03\/Aspilsan-Logo-300px.png","width":300,"height":56,"caption":"ASP\u0130LSAN"},"image":{"@id":"https:\/\/www.aspilsan.com\/#\/schema\/logo\/image\/"},"sameAs":["https:\/\/www.facebook.com\/people\/Aspilsan\/100028422177074\/","https:\/\/twitter.com\/aspilsan_enerji","https:\/\/www.instagram.com\/aspilsanenerji","https:\/\/www.linkedin.com\/company\/aspilsan"]}]}},"acf":[],"_links":{"self":[{"href":"https:\/\/www.aspilsan.com\/en\/wp-json\/wp\/v2\/pages\/2032","targetHints":{"allow":["GET"]}}],"collection":[{"href":"https:\/\/www.aspilsan.com\/en\/wp-json\/wp\/v2\/pages"}],"about":[{"href":"https:\/\/www.aspilsan.com\/en\/wp-json\/wp\/v2\/types\/page"}],"author":[{"embeddable":true,"href":"https:\/\/www.aspilsan.com\/en\/wp-json\/wp\/v2\/users\/1"}],"replies":[{"embeddable":true,"href":"https:\/\/www.aspilsan.com\/en\/wp-json\/wp\/v2\/comments?post=2032"}],"version-history":[{"count":2,"href":"https:\/\/www.aspilsan.com\/en\/wp-json\/wp\/v2\/pages\/2032\/revisions"}],"predecessor-version":[{"id":4229,"href":"https:\/\/www.aspilsan.com\/en\/wp-json\/wp\/v2\/pages\/2032\/revisions\/4229"}],"up":[{"embeddable":true,"href":"https:\/\/www.aspilsan.com\/en\/wp-json\/wp\/v2\/pages\/1689"}],"wp:attachment":[{"href":"https:\/\/www.aspilsan.com\/en\/wp-json\/wp\/v2\/media?parent=2032"}],"curies":[{"name":"wp","href":"https:\/\/api.w.org\/{rel}","templated":true}]}}