{"id":2036,"date":"2022-03-31T08:44:48","date_gmt":"2022-03-31T05:44:48","guid":{"rendered":"https:\/\/www.aspilsan.com\/?page_id=2036"},"modified":"2022-03-31T10:11:12","modified_gmt":"2022-03-31T07:11:12","slug":"m5","status":"publish","type":"page","link":"https:\/\/www.aspilsan.com\/en\/qr\/m5\/","title":{"rendered":"TES E-Scooter 36V 13.8 Ah Bataryas\u0131"},"content":{"rendered":"<section class=\"l-section wpb_row height_medium\"><div class=\"l-section-h i-cf\"><div class=\"g-cols vc_row type_default valign_top\"><div class=\"vc_col-sm-3 wpb_column vc_column_container\"><div class=\"vc_column-inner\"><div class=\"wpb_wrapper\"><div class=\"w-image align_none animate_fade\"><a href=\"https:\/\/www.aspilsan.com\/wp-content\/uploads\/2022\/03\/TES-E-Scooter-11.4-Ah-Bataryasi.jpg\" ref=\"magnificPopup\" aria-label=\"Link\" class=\"w-image-h\"><img loading=\"lazy\" decoding=\"async\" width=\"606\" height=\"341\" src=\"https:\/\/www.aspilsan.com\/wp-content\/uploads\/2022\/03\/TES-E-Scooter-11.4-Ah-Bataryasi.jpg\" class=\"attachment-large size-large\" alt=\"\" srcset=\"https:\/\/www.aspilsan.com\/wp-content\/uploads\/2022\/03\/TES-E-Scooter-11.4-Ah-Bataryasi.jpg 606w, https:\/\/www.aspilsan.com\/wp-content\/uploads\/2022\/03\/TES-E-Scooter-11.4-Ah-Bataryasi-400x225.jpg 400w, https:\/\/www.aspilsan.com\/wp-content\/uploads\/2022\/03\/TES-E-Scooter-11.4-Ah-Bataryasi-18x10.jpg 18w, https:\/\/www.aspilsan.com\/wp-content\/uploads\/2022\/03\/TES-E-Scooter-11.4-Ah-Bataryasi-600x338.jpg 600w, https:\/\/www.aspilsan.com\/wp-content\/uploads\/2022\/03\/TES-E-Scooter-11.4-Ah-Bataryasi-500x281.jpg 500w, https:\/\/www.aspilsan.com\/wp-content\/uploads\/2022\/03\/TES-E-Scooter-11.4-Ah-Bataryasi-300x169.jpg 300w, https:\/\/www.aspilsan.com\/wp-content\/uploads\/2022\/03\/TES-E-Scooter-11.4-Ah-Bataryasi-200x113.jpg 200w, https:\/\/www.aspilsan.com\/wp-content\/uploads\/2022\/03\/TES-E-Scooter-11.4-Ah-Bataryasi-100x56.jpg 100w, https:\/\/www.aspilsan.com\/wp-content\/uploads\/2022\/03\/TES-E-Scooter-11.4-Ah-Bataryasi-90x51.jpg 90w, https:\/\/www.aspilsan.com\/wp-content\/uploads\/2022\/03\/TES-E-Scooter-11.4-Ah-Bataryasi-190x107.jpg 190w, https:\/\/www.aspilsan.com\/wp-content\/uploads\/2022\/03\/TES-E-Scooter-11.4-Ah-Bataryasi-130x73.jpg 130w\" sizes=\"auto, (max-width: 606px) 100vw, 606px\" \/><\/a><\/div><\/div><\/div><\/div><div class=\"vc_col-sm-9 wpb_column vc_column_container\"><div class=\"vc_column-inner\"><div class=\"wpb_wrapper\"><div class=\"wpb_text_column\" ><div class=\"wpb_wrapper\"><h2 class=\"w-post-elm post_title us_custom_faee3857 entry-title color_link_inherit\">\u00dcr\u00fcn Bilgilendirme Aray\u00fcz\u00fc<\/h2>\n<h5>TES E-Scooter 36V 13.8 Ah Bataryas\u0131na \u00f6zg\u00fc dok\u00fcmanlar;<\/h5>\n<\/div><\/div><div class=\"w-tabs style_default switch_click accordion has_scrolling title_atleft icon_chevron iconpos_right\"><div class=\"w-tabs-sections\"><div class=\"w-tabs-sections-h\"><div class=\"w-tabs-section\" id=\"1620311056322-8ade1394-f982\"><button aria-controls=\"content-1620311056322-8ade1394-f982\" class=\"w-tabs-section-header\"><div class=\"w-tabs-section-header-h\"><div class=\"w-tabs-section-title\">KULLANIM KILAVUZU<\/div><div class=\"w-tabs-section-control\"><\/div><\/div><\/button><div class=\"w-tabs-section-content\" id=\"content-1620311056322-8ade1394-f982\" aria-expanded=\"false\"><div class=\"w-tabs-section-content-h i-cf\"><div class=\"w-iconbox iconpos_left style_default color_secondary align_left no_title\"><a href=\"https:\/\/www.aspilsan.com\/wp-content\/uploads\/2022\/02\/152-0001-0004-BB-2590-Bat_-Kullanim-Kilavuzu.pdf\" class=\"w-iconbox-link\" aria-label=\"fal|download\"><div class=\"w-iconbox-icon\" style=\"font-size:30px;\"><i class=\"fal fa-download\"><\/i><\/div><\/a><div class=\"w-iconbox-meta\"><div class=\"w-iconbox-text\"><p><a href=\"https:\/\/www.aspilsan.com\/wp-content\/uploads\/2022\/03\/TES-E-SCOOTER-BATARYASI-11.4-AH.pdf\">Kullan\u0131m k\u0131lavuzunu indirmek i\u00e7in t\u0131klay\u0131n\u0131z.<\/a><\/p>\n<\/div><\/div><\/div><\/div><\/div><\/div><div class=\"w-tabs-section\" id=\"1645440176110-be88a954-2a58\"><button aria-controls=\"content-1645440176110-be88a954-2a58\" class=\"w-tabs-section-header\"><div class=\"w-tabs-section-header-h\"><div class=\"w-tabs-section-title\">BATARYA \u00d6ZELL\u0130KLER\u0130<\/div><div class=\"w-tabs-section-control\"><\/div><\/div><\/button><div class=\"w-tabs-section-content\" id=\"content-1645440176110-be88a954-2a58\" aria-expanded=\"false\"><div class=\"w-tabs-section-content-h i-cf\"><div class=\"wpb_text_column\" ><div class=\"wpb_wrapper\"><p>TES E-Scooter Bataryas\u0131 13.8 Ah Bataryas\u0131 i\u00e7erisinde 36V nominal gerilime sahip lityum iyon batarya bloku bulunmaktad\u0131r.<\/p>\n<p>&nbsp;<\/p>\n<p><strong>Tablo 1.<\/strong> Batarya \u00d6zellikleri<\/p>\n<table width=\"662\">\n<tbody>\n<tr>\n<td width=\"227\">Nominal Voltage<\/td>\n<td colspan=\"2\" width=\"435\">36V<\/td>\n<\/tr>\n<tr>\n<td width=\"227\">Nominal Capacity<\/td>\n<td colspan=\"2\" width=\"435\">13.8Ah<\/td>\n<\/tr>\n<tr>\n<td width=\"227\">G\u00f6vde Malzemesi<\/td>\n<td colspan=\"2\" width=\"435\">POLYAM\u0130D<\/td>\n<\/tr>\n<tr>\n<td width=\"227\">G\u00f6vde Rengi<\/td>\n<td colspan=\"2\" width=\"435\">Siyah<\/td>\n<\/tr>\n<tr>\n<td width=\"227\">Standard De\u015farj Ak\u0131m\u0131<\/td>\n<td colspan=\"2\" width=\"435\">11A (Oda s\u0131cakl\u0131\u011f\u0131nda devaml\u0131)<\/td>\n<\/tr>\n<tr>\n<td width=\"227\">Maximum Discharge Current<\/td>\n<td colspan=\"2\" width=\"435\">20A<\/td>\n<\/tr>\n<tr>\n<td width=\"227\">Standard \u015earj (20\u02daC \u00b15\u02daC\u2019de) \/<\/td>\n<td colspan=\"2\" width=\"435\">Batarya 42V \/ 5A (maks.) ile \u015farj ak\u0131m\u0131 220mA\u2019e d\u00fc\u015f\u00fcnceye kadar.<\/td>\n<\/tr>\n<tr>\n<td width=\"227\">Weight (g)<\/td>\n<td colspan=\"2\" width=\"435\">2350 \u00b1 10 gr<\/td>\n<\/tr>\n<tr>\n<td width=\"227\">Koruma<\/td>\n<td colspan=\"2\" width=\"435\">A\u015f\u0131r\u0131 \u015earj, A\u015f\u0131r\u0131 De\u015farj, \u015earjda ve De\u015farjda A\u015f\u0131r\u0131 Ak\u0131m, \u015earjda ve De\u015farjda Y\u00fcksek ve D\u00fc\u015f\u00fck S\u0131cakl\u0131k Korumalar\u0131 ve K\u0131sa Devre Korumas\u0131<\/td>\n<\/tr>\n<tr>\n<td rowspan=\"2\" width=\"227\">\u00c7al\u0131\u015fma S\u0131cakl\u0131k Aral\u0131\u011f\u0131<\/td>\n<td width=\"133\">Charge<\/td>\n<td width=\"302\">0\u00b0C ile +60\u00b0C<\/td>\n<\/tr>\n<tr>\n<td width=\"133\">De\u015farj<\/td>\n<td width=\"302\">-40\u00b0C ile +60\u00b0C<\/td>\n<\/tr>\n<tr>\n<td width=\"227\">\u00c7al\u0131\u015fma S\u0131cakl\u0131k Aral\u0131\u011f\u0131<\/p>\n<p>Depolama S\u0131cakl\u0131\u011f\u0131<\/td>\n<td colspan=\"2\" width=\"435\">0\u00b0C ~ 35\u00b0C<\/td>\n<\/tr>\n<tr>\n<td width=\"227\">standards<\/td>\n<td colspan=\"2\" width=\"435\"><\/td>\n<\/tr>\n<\/tbody>\n<\/table>\n<\/div><\/div><\/div><\/div><\/div><div class=\"w-tabs-section\" id=\"1648037650949-96d6b740-66fe\"><button aria-controls=\"content-1648037650949-96d6b740-66fe\" class=\"w-tabs-section-header\"><div class=\"w-tabs-section-header-h\"><div class=\"w-tabs-section-title\">KULLANIM \u015eARTLARI<\/div><div class=\"w-tabs-section-control\"><\/div><\/div><\/button><div class=\"w-tabs-section-content\" id=\"content-1648037650949-96d6b740-66fe\" aria-expanded=\"false\"><div class=\"w-tabs-section-content-h i-cf\"><div class=\"wpb_text_column\" ><div class=\"wpb_wrapper\"><ul>\n<li>Farkl\u0131 kimyadaki (kur\u015fun asit ak\u00fcler gibi), farkl\u0131 modeldeki, farkl\u0131 kapasitedeki ve farkl\u0131 \u00fcreticilere ait bataryalar ile ayn\u0131 anda kullanmay\u0131n\u0131z.<\/li>\n<li>\u00dc\u00e7 aydan daha uzun s\u00fcren depolaman\u0131n ard\u0131ndan kullanmadan \u00f6nce standart \u015farj y\u00f6ntemi ile \u015farj ediniz. Alt\u0131 aydan uzun s\u00fcren depolamalar\u0131n ard\u0131ndan batarya kapasitesini test ediniz.<\/li>\n<li>\u00c7al\u0131\u015fma s\u0131ras\u0131nda batarya al\u0131\u015f\u0131lmad\u0131k bir koku \u00e7\u0131kar\u0131rsa, \u0131s\u0131n\u0131rsa, \u015fekli de\u011fi\u015firse veya ba\u015fka herhangi bir anormal durum g\u00f6r\u00fcn\u00fcrse, bataryan\u0131n ba\u011flant\u0131s\u0131n\u0131 kesin. Bu sorunlardan herhangi biri g\u00f6zlemlenirse l\u00fctfen ASP\u0130LSAN Enerji A.\u015e ile ileti\u015fime ge\u00e7iniz.<\/li>\n<\/ul>\n<\/div><\/div><\/div><\/div><\/div><div class=\"w-tabs-section\" id=\"1648647404227-5ed62396-a8ed\"><button aria-controls=\"content-1648647404227-5ed62396-a8ed\" class=\"w-tabs-section-header\"><div class=\"w-tabs-section-header-h\"><div class=\"w-tabs-section-title\">GARANT\u0130 \u015eARTLARI<\/div><div class=\"w-tabs-section-control\"><\/div><\/div><\/button><div class=\"w-tabs-section-content\" id=\"content-1648647404227-5ed62396-a8ed\" aria-expanded=\"false\"><div class=\"w-tabs-section-content-h i-cf\"><div class=\"wpb_text_column\" ><div class=\"wpb_wrapper\"><p>A\u015fa\u011f\u0131daki durumlarda TES E-Scooter 13.8 Ah bataryam\u0131z garanti kapsam\u0131 d\u0131\u015f\u0131nda\/kullan\u0131c\u0131 hatas\u0131 olarak belirlenmektedir. Bu durumlar;<\/p>\n<ul>\n<li>6 ayda bir bak\u0131m destek \u015farj\/de\u015farj\u0131n\u0131n yap\u0131lmamas\u0131,<\/li>\n<li>Batarya d\u0131\u015f\u0131nda olu\u015fabilecek fiziksel bir darbe,<\/li>\n<li>Bataryan\u0131n s\u0131v\u0131 temas\u0131 tespit edilmesi durumunda,<\/li>\n<li>Bataryan\u0131n kullan\u0131m profillerine uygun olarak kullan\u0131lmamas\u0131,<\/li>\n<\/ul>\n<p>\u015eeklinde s\u0131ralanmaktad\u0131r. Bataryaya ait herhangi bir sorunuz olmas\u0131 durumunda <a href=\"mailto:destek@aspilsan.com\">destek@aspilsan.com<\/a> mail adresine dan\u0131\u015fabilirsiniz.<\/p>\n<\/div><\/div><\/div><\/div><\/div><div class=\"w-tabs-section\" id=\"1648037697043-3c8a528a-8c85\"><button aria-controls=\"content-1648037697043-3c8a528a-8c85\" class=\"w-tabs-section-header\"><div class=\"w-tabs-section-header-h\"><div class=\"w-tabs-section-title\">\u015eARJ \u2013 DE\u015eARJ B\u0130LG\u0130LER\u0130<\/div><div class=\"w-tabs-section-control\"><\/div><\/div><\/button><div class=\"w-tabs-section-content\" id=\"content-1648037697043-3c8a528a-8c85\" aria-expanded=\"false\"><div class=\"w-tabs-section-content-h i-cf\"><div class=\"wpb_text_column\" ><div class=\"wpb_wrapper\"><ul>\n<li>Bataryalar\u0131 sadece \u00fcretici taraf\u0131ndan \u00f6nerilen \u015farj profilini verebilen \u015farj cihazlar\u0131 ile \u015farj ediniz. Harici bir g\u00fc\u00e7 kayna\u011f\u0131 ile \u015farj edilmesi durumunda \u00fcr\u00fcn spesifikasyonunda belirtilen \u015farj gerilim ve ak\u0131m de\u011ferlerini a\u015fmay\u0131n. \u015earj cihaz\u0131n\u0131n CC-CV (Sabit ak\u0131m-Sabit gerilim) \u015farj profiline sahip oldu\u011fundan emin olun.<\/li>\n<li>Bo\u015fta beklerken \u0131s\u0131nm\u0131\u015f veya deforme olmu\u015f bataryalar\u0131 \u015farj veya de\u015farj etmeyiniz.<\/li>\n<\/ul>\n<h4><strong>Batarya \u015earj \u0130\u015flemi<\/strong><\/h4>\n<p>\u015earj i\u00e7in en uygun s\u0131cakl\u0131k de\u011fer aral\u0131\u011f\u0131 <strong>0\u00b0C ila 30\u00b0C<\/strong>&#8216;dir.<\/p>\n<p>\u015earj i\u015flemi a\u015fa\u011f\u0131daki gibi yap\u0131lmal\u0131d\u0131r:<\/p>\n<ul>\n<li>TES E-Scooter Bataryas\u0131 13.8 Ah \u015farj cihaz\u0131 ile uygun de\u011fer aral\u0131\u011f\u0131nda \u015farj edilmelidir. Bu batarya i\u00e7in uygun \u015farj profili 42V\/5A (maks.) ile \u015farj ak\u0131m\u0131 220mA\u2019e d\u00fc\u015f\u00fcnceye kadar bataryan\u0131n \u015farj edilmesidir. Bu i\u015flem i\u00e7in ASP\u0130LSAN Enerji taraf\u0131ndan onayl\u0131 \u015farj cihaz\u0131 kullan\u0131lmas\u0131 gerekir.<\/li>\n<li>Bataryay\u0131 Tablo \u2013 1\u2019de belirtilen s\u0131cakl\u0131k aral\u0131klar\u0131 ve \u015farj \u015fekilleri d\u0131\u015f\u0131nda kullanmak batarya performans\u0131n\u0131 ciddi bir \u015fekilde etkileyebilir.<\/li>\n<\/ul>\n<p>Uyar\u0131: Batarya, harici DC g\u00fc\u00e7 kayna\u011f\u0131 ile \u015farj edilece\u011fi durumda; maksimum gerilim ve maksimum ak\u0131m de\u011ferleri a\u015f\u0131lmadan \u015farj edilebilir.<\/p>\n<h4><strong>Batarya De\u015farj \u0130\u015flemi<\/strong><\/h4>\n<p>De\u015farj i\u015flemi, bu batarya i\u00e7in Tablo-1\u2019de tan\u0131mland\u0131\u011f\u0131 \u015fekilde de\u015farj ko\u015fullar\u0131na (ak\u0131m, s\u0131cakl\u0131k) uygun olarak yap\u0131lmal\u0131d\u0131r.<\/p>\n<p>Bataryay\u0131 belirtilenden daha y\u00fcksek y\u00fckte veya daha y\u00fcksek s\u0131cakl\u0131kta de\u015farj etmek, bataryaya zarar verebilir veya performanslar\u0131n\u0131 d\u00fc\u015f\u00fcrebilir.<\/p>\n<p>Batarya tamamen de\u015farj oldu\u011funda, elektronik devre bataryan\u0131n daha fazla de\u015farj olmas\u0131n\u0131 \u00f6nlemek i\u00e7in \u00e7\u0131k\u0131\u015f\u0131n\u0131 pasif hale getirebilir. Bu durumda \u00e7\u0131k\u0131\u015f gerilimi 0V olarak g\u00f6r\u00fclebilir. Batarya \u015farj edildikten sonra tekrar kullan\u0131ma i\u00e7in \u00e7\u0131k\u0131\u015f\u0131n\u0131 aktif hale getirecektir.<\/p>\n<\/div><\/div><\/div><\/div><\/div><div class=\"w-tabs-section\" id=\"1648037757889-573b78e1-a0f4\"><button aria-controls=\"content-1648037757889-573b78e1-a0f4\" class=\"w-tabs-section-header\"><div class=\"w-tabs-section-header-h\"><div class=\"w-tabs-section-title\">DEPOLAMA KO\u015eULLARI<\/div><div class=\"w-tabs-section-control\"><\/div><\/div><\/button><div class=\"w-tabs-section-content\" id=\"content-1648037757889-573b78e1-a0f4\" aria-expanded=\"false\"><div class=\"w-tabs-section-content-h i-cf\"><div class=\"wpb_text_column\" ><div class=\"wpb_wrapper\"><p>Batarya Tablo-1\u2019de verilen s\u0131cakl\u0131k ko\u015fullar\u0131nda ve do\u011fru \u015farj seviyesi dikkate al\u0131narak depolanmal\u0131d\u0131r. \u00d6nerilen saklama ko\u015fullar\u0131 +10\u00b0C ila +30\u00b0C, kuru ve temiz bir y\u00fczeyde ve tercihen orijinal ambalaj\u0131nda saklanmas\u0131d\u0131r. +50\u00b0C ve 60\u00b0C aras\u0131ndaki k\u0131sa depolama dahi, daha y\u00fcksek kendi kendine de\u015farj, daha d\u00fc\u015f\u00fck performans ve i\u00e7 h\u00fccrelerin \u015fi\u015fmesine neden olabilir.<\/p>\n<ul>\n<li>Depolama bak\u0131m \u015farj periyodu: 6 ay (Tam \u015farjl\u0131 durumda iken)<\/li>\n<li>H\u00fccrelerin kendi kendine de\u015farj\u0131 (\u015farj durumu ne kadar y\u00fcksek olursa, kendi kendine de\u015farj oran\u0131 o kadar y\u00fcksek olur).<\/li>\n<\/ul>\n<p>Depolama s\u00fcresinin sonunda daha fazla \u201cA\u015f\u0131r\u0131 de\u015farj durumu\u201d olu\u015fmas\u0131n\u0131 \u00f6nlemek i\u00e7in minimum %5&#8217;lik bir \u015farj durumu gereklidir.<\/p>\n<p>&nbsp;<\/p>\n<p>Di\u011fer durumlar i\u00e7in l\u00fctfen ASP\u0130LSAN&#8217;a dan\u0131\u015f\u0131n.<\/p>\n<p>&nbsp;<\/p>\n<p><strong>Not:<\/strong> A\u015f\u0131r\u0131 de\u015farj (\u201c\u00dcr\u00fcn Spesifikasyonunda Belirtilen \u00c7al\u0131\u015fma Gerilim Aral\u0131\u011f\u0131n\u0131n Alt Limitinde Belirtilen De\u011ferin Alt\u0131ndaki Gerilime batarya\u201d) performanslar\u0131 ciddi ve kesin bir \u015fekilde etkileyebilir.<\/p>\n<p>Depolamadan sonra batarya voltaj\u0131 d\u00fc\u015f\u00fckse veya 0V de\u011ferinde ise, batarya koruma devresi &#8216;uyku moduna&#8217; girmi\u015f olabilir. B\u00f6yle bir durumda, bir veya daha fazla h\u00fccrenin voltaj\u0131n\u0131n, h\u00fccrenin zarar g\u00f6rebilece\u011fi bir seviyenin alt\u0131na d\u00fc\u015fmesini \u00f6nlemek i\u00e7in, batarya en k\u0131sa s\u00fcrede \u015farj edilmelidir. Bu nedenle, bataryay\u0131 uygun bir \u015farj cihaz\u0131 ile \u015farj ediniz.\u00a0 Batarya \u015farj olmuyorsa gerilim seviyesi batarya koruma sisteminin bataryay\u0131 korudu\u011fu bir seviyenin alt\u0131na d\u00fc\u015fm\u00fc\u015ft\u00fcr.<\/p>\n<p>Uzun depolama s\u00fcresinden sonra (1 y\u0131l) ve operasyonel kullan\u0131mdan \u00f6nce \u015funlar\u0131 yapman\u0131z \u00f6nerilir:<\/p>\n<ul>\n<li>Bataryay\u0131 d\u00fc\u015f\u00fck ak\u0131m seviyesi ile (2,06A) yeniden dengelemek i\u00e7in 0V&#8217;a kadar tamamen de\u015farj edin.<\/li>\n<li>Depolamay\u0131 takiben kapasite geri kazan\u0131m\u0131 i\u00e7in tercihen tam bir \u015farj \/ de\u015farj d\u00f6ng\u00fcs\u00fc ger\u00e7ekle\u015ftirin. Bu i\u015flem yap\u0131lmazsa, maksimum kapasiteyi geri kazanmak i\u00e7in kullan\u0131mda 2 ila 3 d\u00f6ng\u00fc gerekebilir.<\/li>\n<li>Kullanmadan \u00f6nce bataryay\u0131 tam kapasitede \u015farj edin.<\/li>\n<\/ul>\n<\/div><\/div><\/div><\/div><\/div><div class=\"w-tabs-section\" id=\"1648037796939-10fc9274-e579\"><button aria-controls=\"content-1648037796939-10fc9274-e579\" class=\"w-tabs-section-header\"><div class=\"w-tabs-section-header-h\"><div class=\"w-tabs-section-title\">BAKIM<\/div><div class=\"w-tabs-section-control\"><\/div><\/div><\/button><div class=\"w-tabs-section-content\" id=\"content-1648037796939-10fc9274-e579\" aria-expanded=\"false\"><div class=\"w-tabs-section-content-h i-cf\"><div class=\"wpb_text_column\" ><div class=\"wpb_wrapper\"><p>Batarya bak\u0131m ve onar\u0131mlar\u0131 i\u00e7in tek yetkili ASP\u0130LSAN Enerji \u015firketidir. Bataryay\u0131 a\u015fa\u011f\u0131daki durumlar d\u0131\u015f\u0131nda bak\u0131m ve onar\u0131ma tabii tutmay\u0131n\u0131z.<\/p>\n<ul>\n<li>Batarya k\u0131sa s\u00fcreli (3 aydan az) depolama durumunda minimum %50 \u015farj seviyesinde olmal\u0131d\u0131r. Depolama s\u00fcresi sonunda mutlaka tam \u015farj ve de\u015farj d\u00f6ng\u00fcs\u00fc uygulanmal\u0131d\u0131r.<\/li>\n<li>Batarya orta ve uzun vadeli (1 y\u0131la kadar) depolamalarda %100 \u015farj seviyesinde olmal\u0131d\u0131r. \u015earj s\u00fcresi boyunca en fazla 6 ayda bir bak\u0131m \u015farj\u0131 yap\u0131lmal\u0131d\u0131r. Depolama s\u00fcresi sonunda batarya en az 1 kez tam \u015farj ve de\u015farj d\u00f6ng\u00fcs\u00fcne tabii tutulmal\u0131d\u0131r.<\/li>\n<\/ul>\n<\/div><\/div><\/div><\/div><\/div><div class=\"w-tabs-section\" id=\"1648037903836-f8036c14-3b70\"><button aria-controls=\"content-1648037903836-f8036c14-3b70\" class=\"w-tabs-section-header\"><div class=\"w-tabs-section-header-h\"><div class=\"w-tabs-section-title\">\u0130LET\u0130\u015e\u0130M<\/div><div class=\"w-tabs-section-control\"><\/div><\/div><\/button><div class=\"w-tabs-section-content\" id=\"content-1648037903836-f8036c14-3b70\" aria-expanded=\"false\"><div class=\"w-tabs-section-content-h i-cf\"><div class=\"wpb_text_column\" ><div class=\"wpb_wrapper\"><p>Bataryalarda beklenmeyen bir durum olu\u015fmas\u0131 durumunda ASP\u0130LSAN Enerji Sanayi ve Ticaret Anonim \u015eirketi \u0130leti\u015fim adresi a\u015fa\u011f\u0131daki gibidir.<\/p>\n<p><strong><u>Merkez \u015eube:<\/u><\/strong><\/p>\n<p>Adres\u00a0 : Mimarsinan OSB Mahallesi 1. Cadde No:43 Melikgazi \/ Kayseri<\/p>\n<p>Telefon: +90352 321 12 15-16<\/p>\n<p><strong><u>Kayseri OSB \u015eube: <\/u><\/strong><\/p>\n<p>Adres\u00a0 : 12. Sk. No:8, 38070 Kayseri Osb\/Melikgazi\/Kayseri<\/p>\n<p>Telefon: (0352) 321 12 15<\/p>\n<p>Mail : <a href=\"mailto:destek@aspilsan.com\">destek@aspilsan.com<\/a><\/p>\n<\/div><\/div><\/div><\/div><\/div><\/div><\/div><\/div><\/div><\/div><\/div><\/div><\/div><\/section>","protected":false},"excerpt":{"rendered":"\u00dcr\u00fcn Bilgilendirme Aray\u00fcz\u00fc TES E-Scooter 36V 13.8 Ah Bataryas\u0131na \u00f6zg\u00fc dok\u00fcmanlar; KULLANIM KILAVUZUKullan\u0131m k\u0131lavuzunu indirmek i\u00e7in t\u0131klay\u0131n\u0131z. BATARYA \u00d6ZELL\u0130KLER\u0130TES E-Scooter Bataryas\u0131 13.8 Ah Bataryas\u0131 i\u00e7erisinde 36V nominal gerilime sahip lityum iyon batarya bloku bulunmaktad\u0131r. &nbsp; Tablo 1. Batarya \u00d6zellikleri Nominal Gerilim 36V Nominal Kapasite 13.8Ah G\u00f6vde Malzemesi POLYAM\u0130D G\u00f6vde Rengi Siyah Standard De\u015farj Ak\u0131m\u0131 11A...","protected":false},"author":1,"featured_media":0,"parent":1689,"menu_order":3,"comment_status":"closed","ping_status":"closed","template":"","meta":{"om_disable_all_campaigns":false,"_mi_skip_tracking":false,"_themeisle_gutenberg_block_has_review":false,"footnotes":""},"class_list":["post-2036","page","type-page","status-publish","hentry"],"aioseo_notices":[],"yoast_head":"<!-- This site is optimized with the Yoast SEO plugin v20.5 - https:\/\/yoast.com\/wordpress\/plugins\/seo\/ -->\n<title>TES E-Scooter 36V 13.8 Ah Bataryas\u0131 - ASP\u0130LSAN<\/title>\n<meta name=\"robots\" content=\"index, follow, max-snippet:-1, max-image-preview:large, max-video-preview:-1\" \/>\n<link rel=\"canonical\" href=\"https:\/\/www.aspilsan.com\/en\/qr\/m5\/\" \/>\n<meta property=\"og:locale\" content=\"en_US\" \/>\n<meta property=\"og:type\" content=\"article\" \/>\n<meta property=\"og:title\" content=\"TES E-Scooter 36V 13.8 Ah Bataryas\u0131 - ASP\u0130LSAN\" \/>\n<meta property=\"og:url\" content=\"https:\/\/www.aspilsan.com\/en\/qr\/m5\/\" \/>\n<meta property=\"og:site_name\" content=\"ASP\u0130LSAN\" \/>\n<meta property=\"article:publisher\" content=\"https:\/\/www.facebook.com\/people\/Aspilsan\/100028422177074\/\" \/>\n<meta property=\"article:modified_time\" content=\"2022-03-31T07:11:12+00:00\" \/>\n<meta name=\"twitter:card\" content=\"summary_large_image\" \/>\n<meta name=\"twitter:site\" content=\"@aspilsan_enerji\" \/>\n<meta name=\"twitter:label1\" content=\"Est. reading time\" \/>\n\t<meta name=\"twitter:data1\" content=\"7 minutes\" \/>\n<script type=\"application\/ld+json\" class=\"yoast-schema-graph\">{\"@context\":\"https:\/\/schema.org\",\"@graph\":[{\"@type\":\"WebPage\",\"@id\":\"https:\/\/www.aspilsan.com\/qr\/m5\/\",\"url\":\"https:\/\/www.aspilsan.com\/qr\/m5\/\",\"name\":\"TES E-Scooter 36V 13.8 Ah Bataryas\u0131 - ASP\u0130LSAN\",\"isPartOf\":{\"@id\":\"https:\/\/www.aspilsan.com\/#website\"},\"datePublished\":\"2022-03-31T05:44:48+00:00\",\"dateModified\":\"2022-03-31T07:11:12+00:00\",\"breadcrumb\":{\"@id\":\"https:\/\/www.aspilsan.com\/qr\/m5\/#breadcrumb\"},\"inLanguage\":\"en-US\",\"potentialAction\":[{\"@type\":\"ReadAction\",\"target\":[\"https:\/\/www.aspilsan.com\/qr\/m5\/\"]}]},{\"@type\":\"BreadcrumbList\",\"@id\":\"https:\/\/www.aspilsan.com\/qr\/m5\/#breadcrumb\",\"itemListElement\":[{\"@type\":\"ListItem\",\"position\":1,\"name\":\"Anasayfa\",\"item\":\"https:\/\/www.aspilsan.com\/\"},{\"@type\":\"ListItem\",\"position\":2,\"name\":\"qr\",\"item\":\"https:\/\/www.aspilsan.com\/qr\/\"},{\"@type\":\"ListItem\",\"position\":3,\"name\":\"TES E-Scooter 36V 13.8 Ah Bataryas\u0131\"}]},{\"@type\":\"WebSite\",\"@id\":\"https:\/\/www.aspilsan.com\/#website\",\"url\":\"https:\/\/www.aspilsan.com\/\",\"name\":\"ASP\u0130LSAN\",\"description\":\"Teknolojinin Enerjisi\",\"publisher\":{\"@id\":\"https:\/\/www.aspilsan.com\/#organization\"},\"potentialAction\":[{\"@type\":\"SearchAction\",\"target\":{\"@type\":\"EntryPoint\",\"urlTemplate\":\"https:\/\/www.aspilsan.com\/?s={search_term_string}\"},\"query-input\":\"required name=search_term_string\"}],\"inLanguage\":\"en-US\"},{\"@type\":\"Organization\",\"@id\":\"https:\/\/www.aspilsan.com\/#organization\",\"name\":\"ASP\u0130LSAN\",\"url\":\"https:\/\/www.aspilsan.com\/\",\"logo\":{\"@type\":\"ImageObject\",\"inLanguage\":\"en-US\",\"@id\":\"https:\/\/www.aspilsan.com\/#\/schema\/logo\/image\/\",\"url\":\"https:\/\/www.aspilsan.com\/wp-content\/uploads\/2022\/03\/Aspilsan-Logo-300px.png\",\"contentUrl\":\"https:\/\/www.aspilsan.com\/wp-content\/uploads\/2022\/03\/Aspilsan-Logo-300px.png\",\"width\":300,\"height\":56,\"caption\":\"ASP\u0130LSAN\"},\"image\":{\"@id\":\"https:\/\/www.aspilsan.com\/#\/schema\/logo\/image\/\"},\"sameAs\":[\"https:\/\/www.facebook.com\/people\/Aspilsan\/100028422177074\/\",\"https:\/\/twitter.com\/aspilsan_enerji\",\"https:\/\/www.instagram.com\/aspilsanenerji\",\"https:\/\/www.linkedin.com\/company\/aspilsan\"]}]}<\/script>\n<!-- \/ Yoast SEO plugin. -->","yoast_head_json":{"title":"TES E-Scooter 36V 13.8 Ah Bataryas\u0131 - ASP\u0130LSAN","robots":{"index":"index","follow":"follow","max-snippet":"max-snippet:-1","max-image-preview":"max-image-preview:large","max-video-preview":"max-video-preview:-1"},"canonical":"https:\/\/www.aspilsan.com\/en\/qr\/m5\/","og_locale":"en_US","og_type":"article","og_title":"TES E-Scooter 36V 13.8 Ah Bataryas\u0131 - ASP\u0130LSAN","og_url":"https:\/\/www.aspilsan.com\/en\/qr\/m5\/","og_site_name":"ASP\u0130LSAN","article_publisher":"https:\/\/www.facebook.com\/people\/Aspilsan\/100028422177074\/","article_modified_time":"2022-03-31T07:11:12+00:00","twitter_card":"summary_large_image","twitter_site":"@aspilsan_enerji","twitter_misc":{"Est. reading time":"7 minutes"},"schema":{"@context":"https:\/\/schema.org","@graph":[{"@type":"WebPage","@id":"https:\/\/www.aspilsan.com\/qr\/m5\/","url":"https:\/\/www.aspilsan.com\/qr\/m5\/","name":"TES E-Scooter 36V 13.8 Ah Bataryas\u0131 - ASP\u0130LSAN","isPartOf":{"@id":"https:\/\/www.aspilsan.com\/#website"},"datePublished":"2022-03-31T05:44:48+00:00","dateModified":"2022-03-31T07:11:12+00:00","breadcrumb":{"@id":"https:\/\/www.aspilsan.com\/qr\/m5\/#breadcrumb"},"inLanguage":"en-US","potentialAction":[{"@type":"ReadAction","target":["https:\/\/www.aspilsan.com\/qr\/m5\/"]}]},{"@type":"BreadcrumbList","@id":"https:\/\/www.aspilsan.com\/qr\/m5\/#breadcrumb","itemListElement":[{"@type":"ListItem","position":1,"name":"Anasayfa","item":"https:\/\/www.aspilsan.com\/"},{"@type":"ListItem","position":2,"name":"qr","item":"https:\/\/www.aspilsan.com\/qr\/"},{"@type":"ListItem","position":3,"name":"TES E-Scooter 36V 13.8 Ah Bataryas\u0131"}]},{"@type":"WebSite","@id":"https:\/\/www.aspilsan.com\/#website","url":"https:\/\/www.aspilsan.com\/","name":"ASP\u0130LSAN","description":"Teknolojinin Enerjisi","publisher":{"@id":"https:\/\/www.aspilsan.com\/#organization"},"potentialAction":[{"@type":"SearchAction","target":{"@type":"EntryPoint","urlTemplate":"https:\/\/www.aspilsan.com\/?s={search_term_string}"},"query-input":"required name=search_term_string"}],"inLanguage":"en-US"},{"@type":"Organization","@id":"https:\/\/www.aspilsan.com\/#organization","name":"ASP\u0130LSAN","url":"https:\/\/www.aspilsan.com\/","logo":{"@type":"ImageObject","inLanguage":"en-US","@id":"https:\/\/www.aspilsan.com\/#\/schema\/logo\/image\/","url":"https:\/\/www.aspilsan.com\/wp-content\/uploads\/2022\/03\/Aspilsan-Logo-300px.png","contentUrl":"https:\/\/www.aspilsan.com\/wp-content\/uploads\/2022\/03\/Aspilsan-Logo-300px.png","width":300,"height":56,"caption":"ASP\u0130LSAN"},"image":{"@id":"https:\/\/www.aspilsan.com\/#\/schema\/logo\/image\/"},"sameAs":["https:\/\/www.facebook.com\/people\/Aspilsan\/100028422177074\/","https:\/\/twitter.com\/aspilsan_enerji","https:\/\/www.instagram.com\/aspilsanenerji","https:\/\/www.linkedin.com\/company\/aspilsan"]}]}},"acf":[],"_links":{"self":[{"href":"https:\/\/www.aspilsan.com\/en\/wp-json\/wp\/v2\/pages\/2036","targetHints":{"allow":["GET"]}}],"collection":[{"href":"https:\/\/www.aspilsan.com\/en\/wp-json\/wp\/v2\/pages"}],"about":[{"href":"https:\/\/www.aspilsan.com\/en\/wp-json\/wp\/v2\/types\/page"}],"author":[{"embeddable":true,"href":"https:\/\/www.aspilsan.com\/en\/wp-json\/wp\/v2\/users\/1"}],"replies":[{"embeddable":true,"href":"https:\/\/www.aspilsan.com\/en\/wp-json\/wp\/v2\/comments?post=2036"}],"version-history":[{"count":1,"href":"https:\/\/www.aspilsan.com\/en\/wp-json\/wp\/v2\/pages\/2036\/revisions"}],"predecessor-version":[{"id":2045,"href":"https:\/\/www.aspilsan.com\/en\/wp-json\/wp\/v2\/pages\/2036\/revisions\/2045"}],"up":[{"embeddable":true,"href":"https:\/\/www.aspilsan.com\/en\/wp-json\/wp\/v2\/pages\/1689"}],"wp:attachment":[{"href":"https:\/\/www.aspilsan.com\/en\/wp-json\/wp\/v2\/media?parent=2036"}],"curies":[{"name":"wp","href":"https:\/\/api.w.org\/{rel}","templated":true}]}}