{"id":2284,"date":"2022-04-27T10:38:50","date_gmt":"2022-04-27T07:38:50","guid":{"rendered":"https:\/\/www.aspilsan.com\/?page_id=2284"},"modified":"2022-04-27T10:55:08","modified_gmt":"2022-04-27T07:55:08","slug":"m17","status":"publish","type":"page","link":"https:\/\/www.aspilsan.com\/en\/qr\/m17\/","title":{"rendered":"CH BB-2590 \u0130K\u0130L\u0130 LI-ION 16.8V 28W X4 \u015earj Cihaz\u0131"},"content":{"rendered":"<section class=\"l-section wpb_row height_medium\"><div class=\"l-section-h i-cf\"><div class=\"g-cols vc_row type_default valign_top\"><div class=\"vc_col-sm-3 wpb_column vc_column_container\"><div class=\"vc_column-inner\"><div class=\"wpb_wrapper\"><div class=\"w-image align_none animate_fade\"><a href=\"https:\/\/www.aspilsan.com\/wp-content\/uploads\/2022\/04\/BB-2590-Ikili-Sarj-Cihazi.png\" ref=\"magnificPopup\" aria-label=\"Link\" class=\"w-image-h\"><img loading=\"lazy\" decoding=\"async\" width=\"1024\" height=\"683\" src=\"https:\/\/www.aspilsan.com\/wp-content\/uploads\/2022\/04\/BB-2590-Ikili-Sarj-Cihazi-1024x683.png\" class=\"attachment-large size-large\" alt=\"\" srcset=\"https:\/\/www.aspilsan.com\/wp-content\/uploads\/2022\/04\/BB-2590-Ikili-Sarj-Cihazi-1024x683.png 1024w, https:\/\/www.aspilsan.com\/wp-content\/uploads\/2022\/04\/BB-2590-Ikili-Sarj-Cihazi-400x267.png 400w, https:\/\/www.aspilsan.com\/wp-content\/uploads\/2022\/04\/BB-2590-Ikili-Sarj-Cihazi-18x12.png 18w, https:\/\/www.aspilsan.com\/wp-content\/uploads\/2022\/04\/BB-2590-Ikili-Sarj-Cihazi-600x400.png 600w, https:\/\/www.aspilsan.com\/wp-content\/uploads\/2022\/04\/BB-2590-Ikili-Sarj-Cihazi-500x333.png 500w, https:\/\/www.aspilsan.com\/wp-content\/uploads\/2022\/04\/BB-2590-Ikili-Sarj-Cihazi-300x200.png 300w, https:\/\/www.aspilsan.com\/wp-content\/uploads\/2022\/04\/BB-2590-Ikili-Sarj-Cihazi-200x133.png 200w, https:\/\/www.aspilsan.com\/wp-content\/uploads\/2022\/04\/BB-2590-Ikili-Sarj-Cihazi-100x67.png 100w, https:\/\/www.aspilsan.com\/wp-content\/uploads\/2022\/04\/BB-2590-Ikili-Sarj-Cihazi-90x60.png 90w, https:\/\/www.aspilsan.com\/wp-content\/uploads\/2022\/04\/BB-2590-Ikili-Sarj-Cihazi-190x127.png 190w, https:\/\/www.aspilsan.com\/wp-content\/uploads\/2022\/04\/BB-2590-Ikili-Sarj-Cihazi-130x87.png 130w, https:\/\/www.aspilsan.com\/wp-content\/uploads\/2022\/04\/BB-2590-Ikili-Sarj-Cihazi.png 1872w\" sizes=\"auto, (max-width: 1024px) 100vw, 1024px\" \/><\/a><\/div><\/div><\/div><\/div><div class=\"vc_col-sm-9 wpb_column vc_column_container\"><div class=\"vc_column-inner\"><div class=\"wpb_wrapper\"><div class=\"wpb_text_column\" ><div class=\"wpb_wrapper\"><h2 class=\"w-post-elm post_title us_custom_faee3857 entry-title color_link_inherit\">\u00dcr\u00fcn Bilgilendirme Aray\u00fcz\u00fc<\/h2>\n<h5>CH BB-2590 \u0130K\u0130L\u0130 LI-ION 16.8V 28W X4 \u015farj cihaz\u0131na \u00f6zg\u00fc dok\u00fcmanlar;<\/h5>\n<\/div><\/div><div class=\"w-tabs style_default switch_click accordion has_scrolling title_atleft icon_chevron iconpos_right\"><div class=\"w-tabs-sections\"><div class=\"w-tabs-sections-h\"><div class=\"w-tabs-section\" id=\"1620311056322-8ade1394-f982\"><button aria-controls=\"content-1620311056322-8ade1394-f982\" class=\"w-tabs-section-header\"><div class=\"w-tabs-section-header-h\"><div class=\"w-tabs-section-title\">KULLANIM KILAVUZU<\/div><div class=\"w-tabs-section-control\"><\/div><\/div><\/button><div class=\"w-tabs-section-content\" id=\"content-1620311056322-8ade1394-f982\" aria-expanded=\"false\"><div class=\"w-tabs-section-content-h i-cf\"><div class=\"w-iconbox iconpos_left style_default color_secondary align_left no_title\"><a href=\"https:\/\/www.aspilsan.com\/wp-content\/uploads\/2022\/02\/152-0001-0004-BB-2590-Bat_-Kullanim-Kilavuzu.pdf\" class=\"w-iconbox-link\" aria-label=\"fal|download\"><div class=\"w-iconbox-icon\" style=\"font-size:30px;\"><i class=\"fal fa-download\"><\/i><\/div><\/a><div class=\"w-iconbox-meta\"><div class=\"w-iconbox-text\"><p><a href=\"https:\/\/www.aspilsan.com\/wp-content\/uploads\/2022\/04\/CH-BB-2590-IKILI-KULLANIM-KILAVUZU.pdf\">Kullan\u0131m k\u0131lavuzunu indirmek i\u00e7in t\u0131klay\u0131n\u0131z.<\/a><\/p>\n<\/div><\/div><\/div><\/div><\/div><\/div><div class=\"w-tabs-section\" id=\"1645440176110-be88a954-2a58\"><button aria-controls=\"content-1645440176110-be88a954-2a58\" class=\"w-tabs-section-header\"><div class=\"w-tabs-section-header-h\"><div class=\"w-tabs-section-title\">\u015eARJ C\u0130HAZI \u00d6ZELL\u0130KLER\u0130<\/div><div class=\"w-tabs-section-control\"><\/div><\/div><\/button><div class=\"w-tabs-section-content\" id=\"content-1645440176110-be88a954-2a58\" aria-expanded=\"false\"><div class=\"w-tabs-section-content-h i-cf\"><div class=\"wpb_text_column\" ><div class=\"wpb_wrapper\"><p>CH BB-2590 \u0130K\u0130L\u0130 LI-ION 16.8V 28W X4 \u015earj Cihaz\u0131 4&#215;16.8V 4X1.7A CC-CV(Constant Current-Constant Voltage) \u015farj metodunu kullanarak \u015farj i\u015flemlerini ger\u00e7ekle\u015ftiren BB-2590 bataryalar\u0131 i\u00e7in geli\u015ftirilmi\u015f bir \u015farj cihaz\u0131d\u0131r.<\/p>\n<p><strong>Tablo 1.<\/strong> \u015earj Cihaz\u0131 \u00d6zellikleri<\/p>\n<table width=\"662\">\n<tbody>\n<tr>\n<td width=\"227\">Input Voltage<\/td>\n<td width=\"435\">220V AC 50 Hz<\/td>\n<\/tr>\n<tr>\n<td width=\"227\">Output Voltage<\/td>\n<td width=\"435\">4 x 16.8V<\/td>\n<\/tr>\n<tr>\n<td width=\"227\">Maximum Output Current<\/td>\n<td width=\"435\">4 x 1.7A<\/td>\n<\/tr>\n<tr>\n<td width=\"227\">\u015earj Methodu<\/td>\n<td width=\"435\">CC-CV (Constant Current \u2013 Constant Voltage)<\/td>\n<\/tr>\n<tr>\n<td width=\"227\">Boyutlar<\/td>\n<td width=\"435\">210 x 170 x 90 mm<\/td>\n<\/tr>\n<tr>\n<td width=\"227\">G\u00f6vde Malzeme<\/td>\n<td width=\"435\">\u00a0ABS<\/td>\n<\/tr>\n<tr>\n<td width=\"227\">G\u00f6vde Rengi<\/td>\n<td width=\"435\">Siyah<\/td>\n<\/tr>\n<tr>\n<td width=\"227\">Weight (g)<\/td>\n<td width=\"435\">Maks. 1015 gr.<\/td>\n<\/tr>\n<tr>\n<td width=\"227\">Koruma<\/td>\n<td width=\"435\">Ters Ba\u011flant\u0131<\/p>\n<p>K\u0131sa Devre Korumas\u0131<\/td>\n<\/tr>\n<tr>\n<td width=\"227\">\u015earj Durum G\u00f6stergesi<\/td>\n<td width=\"435\">Gerilim seviyesi 16.8V\u2019a ula\u015f\u0131ncaya kadar sabit ak\u0131m ile \u015farj modunda k\u0131rm\u0131z\u0131, 16.8V\u2019a ula\u015ft\u0131ktan sonra sabit gerilim modunda takriben 4 saat s\u00fcre ile sar\u0131 ve \u015farj\u0131n tamamlanmas\u0131n\u0131 takiben ye\u015fil renkli led durum g\u00f6stergesi<\/td>\n<\/tr>\n<tr>\n<td width=\"227\">\u00c7al\u0131\u015fma S\u0131cakl\u0131k Aral\u0131\u011f\u0131<\/td>\n<td width=\"435\">0\u00b0C -40\u00b0C<\/td>\n<\/tr>\n<tr>\n<td width=\"227\">Depolama S\u0131cakl\u0131k Aral\u0131\u011f\u0131<\/td>\n<td width=\"435\">-40\u00b0C- 85\u00b0C<\/td>\n<\/tr>\n<\/tbody>\n<\/table>\n<\/div><\/div><\/div><\/div><\/div><div class=\"w-tabs-section\" id=\"1648037650949-96d6b740-66fe\"><button aria-controls=\"content-1648037650949-96d6b740-66fe\" class=\"w-tabs-section-header\"><div class=\"w-tabs-section-header-h\"><div class=\"w-tabs-section-title\">KULLANIM \u015eARTLARI<\/div><div class=\"w-tabs-section-control\"><\/div><\/div><\/button><div class=\"w-tabs-section-content\" id=\"content-1648037650949-96d6b740-66fe\" aria-expanded=\"false\"><div class=\"w-tabs-section-content-h i-cf\"><div class=\"wpb_text_column\" ><div class=\"wpb_wrapper\"><ul>\n<li>Elektrik fi\u015finin ve kablosunun hasar g\u00f6rme riskini azaltmak i\u00e7in, \u015farj cihaz\u0131n\u0131 \u00e7\u0131kar\u0131rken kablo yerine fi\u015ften \u00e7ekiniz.<\/li>\n<li>Kesinlikle gerekli olmad\u0131k\u00e7a uzatma kablosu kullan\u0131lmamal\u0131d\u0131r. Uygun olmayan uzatma kablosunun kullan\u0131lmas\u0131, yang\u0131n ve elektrik \u00e7arpmas\u0131 riskine neden olabilir.<\/li>\n<li>\u015earj cihaz\u0131n\u0131 hasarl\u0131 kablo veya fi\u015fle \u00e7al\u0131\u015ft\u0131rmay\u0131n, kabloyu veya fi\u015fi hemen de\u011fi\u015ftiriniz.<\/li>\n<li>Sert bir darbe alm\u0131\u015f, d\u00fc\u015fm\u00fc\u015f veya herhangi bir \u015fekilde hasar g\u00f6rm\u00fc\u015fse \u015farj cihaz\u0131n\u0131 \u00e7al\u0131\u015ft\u0131rmay\u0131n ve ASP\u0130LSAN Enerji A.\u015e ile ileti\u015fime ge\u00e7in.<\/li>\n<li>\u015earj Cihaz\u0131n\u0131 s\u00f6kmeyin; servis veya onar\u0131m gerekti\u011finde ASP\u0130LSAN Enerji A.\u015e. ile ileti\u015fime ge\u00e7iniz. Yanl\u0131\u015f yeniden montaj, elektrik \u00e7arpmas\u0131 veya yang\u0131n riskine neden olabilir.<\/li>\n<li>Elektrik \u00e7arpmas\u0131 riskini azaltmak i\u00e7in herhangi bir bak\u0131m veya temizlik yapmadan \u00f6nce \u015farj cihaz\u0131n\u0131 prizden \u00e7ekiniz.<\/li>\n<\/ul>\n<\/div><\/div><\/div><\/div><\/div><div class=\"w-tabs-section\" id=\"1648648703417-5ce7703c-1084\"><button aria-controls=\"content-1648648703417-5ce7703c-1084\" class=\"w-tabs-section-header\"><div class=\"w-tabs-section-header-h\"><div class=\"w-tabs-section-title\">GARANT\u0130 \u015eARTLARI<\/div><div class=\"w-tabs-section-control\"><\/div><\/div><\/button><div class=\"w-tabs-section-content\" id=\"content-1648648703417-5ce7703c-1084\" aria-expanded=\"false\"><div class=\"w-tabs-section-content-h i-cf\"><div class=\"wpb_text_column\" ><div class=\"wpb_wrapper\"><ul>\n<li>A\u015fa\u011f\u0131daki durumlarda CH BB-2590 \u0130K\u0130L\u0130 LI-ION 16.8V 28W X4 \u015farj cihaz\u0131m\u0131z garanti kapsam\u0131 d\u0131\u015f\u0131nda\/kullan\u0131c\u0131 hatas\u0131 olarak belirlenmektedir. Bu durumlar;\n<ul>\n<li>\u015earj cihaz\u0131n\u0131n \u00fczerinde olu\u015fan bir fiziksel darbe,<\/li>\n<li>Kablosunun zarar g\u00f6rmesi (kopar\u0131lmas\u0131, kesilmesi vb.)<\/li>\n<li>Pinlerinin zarar g\u00f6rmesi, kullan\u0131lamayacak duruma getirilmesi,<\/li>\n<li>\u015earj cihaz\u0131na s\u0131v\u0131 temas\u0131 tespit edilmesi durumunda,<\/li>\n<li>\u015earj cihaz\u0131n\u0131n kullan\u0131m profillerine uygun olarak kullan\u0131lmamas\u0131,<\/li>\n<\/ul>\n<p>\u015eeklinde s\u0131ralanmaktad\u0131r. Bataryaya ait herhangi bir sorunuz olmas\u0131 durumunda <a href=\"mailto:destek@aspilsan.com\">destek@aspilsan.com<\/a> mail adresine dan\u0131\u015fabilirsiniz.<\/li>\n<\/ul>\n<\/div><\/div><\/div><\/div><\/div><div class=\"w-tabs-section\" id=\"1648037697043-3c8a528a-8c85\"><button aria-controls=\"content-1648037697043-3c8a528a-8c85\" class=\"w-tabs-section-header\"><div class=\"w-tabs-section-header-h\"><div class=\"w-tabs-section-title\">\u015eARJ \u0130\u015eLEM\u0130<\/div><div class=\"w-tabs-section-control\"><\/div><\/div><\/button><div class=\"w-tabs-section-content\" id=\"content-1648037697043-3c8a528a-8c85\" aria-expanded=\"false\"><div class=\"w-tabs-section-content-h i-cf\"><div class=\"wpb_text_column\" ><div class=\"wpb_wrapper\"><p>\u2022 \u015earj cihaz\u0131n\u0131 kullanmadan \u00f6nce l\u00fctfen t\u00fcm g\u00fcvenlik ve ba\u011flant\u0131 talimatlar\u0131n\u0131 g\u00f6zden ge\u00e7iriniz. Bunun yap\u0131lmamas\u0131 bataryaya zarar verebilir ve ciddi yaralanmalara veya \u00f6l\u00fcme neden olabilir.<br \/>\n\u2022 \u015earj cihaz\u0131n\u0131 \u00e7al\u0131\u015ft\u0131rma talimatlar\u0131na g\u00f6re BB-2590 Bataryalar\u0131n\u0131 ba\u011flay\u0131n\u0131z.<br \/>\n\u2022 \u015earj cihaz\u0131n\u0131 AC \u00e7\u0131k\u0131\u015f\u0131na ba\u011flay\u0131n\u0131z<br \/>\n\u2022 \u015earj tamamland\u0131\u011f\u0131nda, \u00f6nce \u015farj cihaz\u0131n\u0131z\u0131 AC prizinden \u00e7\u0131kar\u0131n ve ard\u0131ndan bataryalar\u0131 \u015farj cihaz\u0131ndan ay\u0131r\u0131n\u0131z.<\/p>\n<div id=\"attachment_2291\" style=\"width: 410px\" class=\"wp-caption alignleft\"><img loading=\"lazy\" decoding=\"async\" aria-describedby=\"caption-attachment-2291\" class=\"wp-image-2291 size-medium\" src=\"https:\/\/www.aspilsan.com\/wp-content\/uploads\/2022\/04\/Sarj-Durum-Grafigi-400x245.png\" alt=\"\" width=\"400\" height=\"245\" srcset=\"https:\/\/www.aspilsan.com\/wp-content\/uploads\/2022\/04\/Sarj-Durum-Grafigi-400x245.png 400w, https:\/\/www.aspilsan.com\/wp-content\/uploads\/2022\/04\/Sarj-Durum-Grafigi-18x12.png 18w, https:\/\/www.aspilsan.com\/wp-content\/uploads\/2022\/04\/Sarj-Durum-Grafigi-500x306.png 500w, https:\/\/www.aspilsan.com\/wp-content\/uploads\/2022\/04\/Sarj-Durum-Grafigi-300x183.png 300w, https:\/\/www.aspilsan.com\/wp-content\/uploads\/2022\/04\/Sarj-Durum-Grafigi-200x122.png 200w, https:\/\/www.aspilsan.com\/wp-content\/uploads\/2022\/04\/Sarj-Durum-Grafigi-100x61.png 100w, https:\/\/www.aspilsan.com\/wp-content\/uploads\/2022\/04\/Sarj-Durum-Grafigi-90x55.png 90w, https:\/\/www.aspilsan.com\/wp-content\/uploads\/2022\/04\/Sarj-Durum-Grafigi-190x116.png 190w, https:\/\/www.aspilsan.com\/wp-content\/uploads\/2022\/04\/Sarj-Durum-Grafigi-130x80.png 130w, https:\/\/www.aspilsan.com\/wp-content\/uploads\/2022\/04\/Sarj-Durum-Grafigi.png 515w\" sizes=\"auto, (max-width: 400px) 100vw, 400px\" \/><p id=\"caption-attachment-2291\" class=\"wp-caption-text\">\u015eekil 1: \u015earj Durum Grafi\u011fi<\/p><\/div>\n<\/div><\/div><\/div><\/div><\/div><div class=\"w-tabs-section\" id=\"1648037757889-573b78e1-a0f4\"><button aria-controls=\"content-1648037757889-573b78e1-a0f4\" class=\"w-tabs-section-header\"><div class=\"w-tabs-section-header-h\"><div class=\"w-tabs-section-title\">DEPOLAMA KO\u015eULLARI<\/div><div class=\"w-tabs-section-control\"><\/div><\/div><\/button><div class=\"w-tabs-section-content\" id=\"content-1648037757889-573b78e1-a0f4\" aria-expanded=\"false\"><div class=\"w-tabs-section-content-h i-cf\"><div class=\"wpb_text_column\" ><div class=\"wpb_wrapper\"><ul>\n<li>\u015earj Cihaz\u0131n\u0131 s\u00f6kmeyin, hasar vermeyin. Onar\u0131m i\u00e7in \u00fcretici firmaya ba\u015fvurun.<\/li>\n<li>\u015earj Cihaz\u0131n\u0131 y\u00fcksek s\u0131cakl\u0131\u011fa maruz b\u0131rakmay\u0131n\u0131z. Ate\u015f ile yakla\u015fmay\u0131n\u0131z, ate\u015f i\u00e7erisine atmay\u0131n\u0131z.<\/li>\n<li>\u015earj Cihaz\u0131n\u0131 y\u00fcksek s\u0131cakl\u0131k yayan cisimlerden (soba, kalorifer vb.) uzak tutunuz.<\/li>\n<li>\u015earj Cihaz\u0131n\u0131 suya veya yo\u011fu\u015fmaya maruz b\u0131rakmay\u0131n.<\/li>\n<li>\u015earj Cihaz\u0131n\u0131 y\u00fcksek seviyede mekanik bask\u0131ya maruz b\u0131rakmay\u0131n. Kablonun \u00fczerine bas\u0131lmayacak, tak\u0131lmayacak veya ba\u015fka bir \u015fekilde hasar veya strese maruz kalmayacak \u015fekilde yerle\u015ftirildi\u011finden emin olun.<\/li>\n<\/ul>\n<\/div><\/div><\/div><\/div><\/div><div class=\"w-tabs-section\" id=\"1648037903836-f8036c14-3b70\"><button aria-controls=\"content-1648037903836-f8036c14-3b70\" class=\"w-tabs-section-header\"><div class=\"w-tabs-section-header-h\"><div class=\"w-tabs-section-title\">\u0130LET\u0130\u015e\u0130M<\/div><div class=\"w-tabs-section-control\"><\/div><\/div><\/button><div class=\"w-tabs-section-content\" id=\"content-1648037903836-f8036c14-3b70\" aria-expanded=\"false\"><div class=\"w-tabs-section-content-h i-cf\"><div class=\"wpb_text_column\" ><div class=\"wpb_wrapper\"><p>Bataryalarda beklenmeyen bir durum olu\u015fmas\u0131 durumunda ASP\u0130LSAN Enerji Sanayi ve Ticaret Anonim \u015eirketi \u0130leti\u015fim adresi a\u015fa\u011f\u0131daki gibidir.<\/p>\n<p><strong><u>Merkez \u015eube:<\/u><\/strong><\/p>\n<p>Adres\u00a0 : Mimarsinan OSB Mahallesi 1. Cadde No:43 Melikgazi \/ Kayseri<\/p>\n<p>Telefon: +90352 321 12 15-16<\/p>\n<p><strong><u>Kayseri OSB \u015eube: <\/u><\/strong><\/p>\n<p>Adres\u00a0 : 12. Sk. No:8, 38070 Kayseri Osb\/Melikgazi\/Kayseri<\/p>\n<p>Telefon: (0352) 321 12 15<\/p>\n<p>Mail: <a href=\"mailto:destek@aspilsan.com\">destek@aspilsan.com<\/a><\/p>\n<\/div><\/div><\/div><\/div><\/div><\/div><\/div><\/div><\/div><\/div><\/div><\/div><\/div><\/section>","protected":false},"excerpt":{"rendered":"\u00dcr\u00fcn Bilgilendirme Aray\u00fcz\u00fc CH BB-2590 \u0130K\u0130L\u0130 LI-ION 16.8V 28W X4 \u015farj cihaz\u0131na \u00f6zg\u00fc dok\u00fcmanlar; KULLANIM KILAVUZUKullan\u0131m k\u0131lavuzunu indirmek i\u00e7in t\u0131klay\u0131n\u0131z. \u015eARJ C\u0130HAZI \u00d6ZELL\u0130KLER\u0130CH BB-2590 \u0130K\u0130L\u0130 LI-ION 16.8V 28W X4 \u015earj Cihaz\u0131 4&#215;16.8V 4X1.7A CC-CV(Constant Current-Constant Voltage) \u015farj metodunu kullanarak \u015farj i\u015flemlerini ger\u00e7ekle\u015ftiren BB-2590 bataryalar\u0131 i\u00e7in geli\u015ftirilmi\u015f bir \u015farj cihaz\u0131d\u0131r. Tablo 1. \u015earj Cihaz\u0131 \u00d6zellikleri Giri\u015f...","protected":false},"author":1,"featured_media":0,"parent":1689,"menu_order":3,"comment_status":"closed","ping_status":"closed","template":"","meta":{"om_disable_all_campaigns":false,"_mi_skip_tracking":false,"_themeisle_gutenberg_block_has_review":false,"footnotes":""},"class_list":["post-2284","page","type-page","status-publish","hentry"],"aioseo_notices":[],"yoast_head":"<!-- This site is optimized with the Yoast SEO plugin v20.5 - https:\/\/yoast.com\/wordpress\/plugins\/seo\/ -->\n<title>CH BB-2590 \u0130K\u0130L\u0130 LI-ION 16.8V 28W X4 \u015earj Cihaz\u0131 - ASP\u0130LSAN<\/title>\n<meta name=\"robots\" content=\"index, follow, max-snippet:-1, max-image-preview:large, max-video-preview:-1\" \/>\n<link rel=\"canonical\" href=\"https:\/\/www.aspilsan.com\/en\/qr\/m17\/\" \/>\n<meta property=\"og:locale\" content=\"en_US\" \/>\n<meta property=\"og:type\" content=\"article\" \/>\n<meta property=\"og:title\" content=\"CH BB-2590 \u0130K\u0130L\u0130 LI-ION 16.8V 28W X4 \u015earj Cihaz\u0131 - ASP\u0130LSAN\" \/>\n<meta property=\"og:url\" content=\"https:\/\/www.aspilsan.com\/en\/qr\/m17\/\" \/>\n<meta property=\"og:site_name\" content=\"ASP\u0130LSAN\" \/>\n<meta property=\"article:publisher\" content=\"https:\/\/www.facebook.com\/people\/Aspilsan\/100028422177074\/\" \/>\n<meta property=\"article:modified_time\" content=\"2022-04-27T07:55:08+00:00\" \/>\n<meta property=\"og:image\" content=\"https:\/\/www.aspilsan.com\/wp-content\/uploads\/2022\/04\/Sarj-Durum-Grafigi-400x245.png\" \/>\n<meta name=\"twitter:card\" content=\"summary_large_image\" \/>\n<meta name=\"twitter:site\" content=\"@aspilsan_enerji\" \/>\n<meta name=\"twitter:label1\" content=\"Est. reading time\" \/>\n\t<meta name=\"twitter:data1\" content=\"4 minutes\" \/>\n<script type=\"application\/ld+json\" class=\"yoast-schema-graph\">{\"@context\":\"https:\/\/schema.org\",\"@graph\":[{\"@type\":\"WebPage\",\"@id\":\"https:\/\/www.aspilsan.com\/qr\/m17\/\",\"url\":\"https:\/\/www.aspilsan.com\/qr\/m17\/\",\"name\":\"CH BB-2590 \u0130K\u0130L\u0130 LI-ION 16.8V 28W X4 \u015earj Cihaz\u0131 - ASP\u0130LSAN\",\"isPartOf\":{\"@id\":\"https:\/\/www.aspilsan.com\/#website\"},\"datePublished\":\"2022-04-27T07:38:50+00:00\",\"dateModified\":\"2022-04-27T07:55:08+00:00\",\"breadcrumb\":{\"@id\":\"https:\/\/www.aspilsan.com\/qr\/m17\/#breadcrumb\"},\"inLanguage\":\"en-US\",\"potentialAction\":[{\"@type\":\"ReadAction\",\"target\":[\"https:\/\/www.aspilsan.com\/qr\/m17\/\"]}]},{\"@type\":\"BreadcrumbList\",\"@id\":\"https:\/\/www.aspilsan.com\/qr\/m17\/#breadcrumb\",\"itemListElement\":[{\"@type\":\"ListItem\",\"position\":1,\"name\":\"Anasayfa\",\"item\":\"https:\/\/www.aspilsan.com\/\"},{\"@type\":\"ListItem\",\"position\":2,\"name\":\"qr\",\"item\":\"https:\/\/www.aspilsan.com\/qr\/\"},{\"@type\":\"ListItem\",\"position\":3,\"name\":\"CH BB-2590 \u0130K\u0130L\u0130 LI-ION 16.8V 28W X4 \u015earj Cihaz\u0131\"}]},{\"@type\":\"WebSite\",\"@id\":\"https:\/\/www.aspilsan.com\/#website\",\"url\":\"https:\/\/www.aspilsan.com\/\",\"name\":\"ASP\u0130LSAN\",\"description\":\"Teknolojinin Enerjisi\",\"publisher\":{\"@id\":\"https:\/\/www.aspilsan.com\/#organization\"},\"potentialAction\":[{\"@type\":\"SearchAction\",\"target\":{\"@type\":\"EntryPoint\",\"urlTemplate\":\"https:\/\/www.aspilsan.com\/?s={search_term_string}\"},\"query-input\":\"required name=search_term_string\"}],\"inLanguage\":\"en-US\"},{\"@type\":\"Organization\",\"@id\":\"https:\/\/www.aspilsan.com\/#organization\",\"name\":\"ASP\u0130LSAN\",\"url\":\"https:\/\/www.aspilsan.com\/\",\"logo\":{\"@type\":\"ImageObject\",\"inLanguage\":\"en-US\",\"@id\":\"https:\/\/www.aspilsan.com\/#\/schema\/logo\/image\/\",\"url\":\"https:\/\/www.aspilsan.com\/wp-content\/uploads\/2022\/03\/Aspilsan-Logo-300px.png\",\"contentUrl\":\"https:\/\/www.aspilsan.com\/wp-content\/uploads\/2022\/03\/Aspilsan-Logo-300px.png\",\"width\":300,\"height\":56,\"caption\":\"ASP\u0130LSAN\"},\"image\":{\"@id\":\"https:\/\/www.aspilsan.com\/#\/schema\/logo\/image\/\"},\"sameAs\":[\"https:\/\/www.facebook.com\/people\/Aspilsan\/100028422177074\/\",\"https:\/\/twitter.com\/aspilsan_enerji\",\"https:\/\/www.instagram.com\/aspilsanenerji\",\"https:\/\/www.linkedin.com\/company\/aspilsan\"]}]}<\/script>\n<!-- \/ Yoast SEO plugin. -->","yoast_head_json":{"title":"CH BB-2590 \u0130K\u0130L\u0130 LI-ION 16.8V 28W X4 \u015earj Cihaz\u0131 - ASP\u0130LSAN","robots":{"index":"index","follow":"follow","max-snippet":"max-snippet:-1","max-image-preview":"max-image-preview:large","max-video-preview":"max-video-preview:-1"},"canonical":"https:\/\/www.aspilsan.com\/en\/qr\/m17\/","og_locale":"en_US","og_type":"article","og_title":"CH BB-2590 \u0130K\u0130L\u0130 LI-ION 16.8V 28W X4 \u015earj Cihaz\u0131 - ASP\u0130LSAN","og_url":"https:\/\/www.aspilsan.com\/en\/qr\/m17\/","og_site_name":"ASP\u0130LSAN","article_publisher":"https:\/\/www.facebook.com\/people\/Aspilsan\/100028422177074\/","article_modified_time":"2022-04-27T07:55:08+00:00","og_image":[{"url":"https:\/\/www.aspilsan.com\/wp-content\/uploads\/2022\/04\/Sarj-Durum-Grafigi-400x245.png"}],"twitter_card":"summary_large_image","twitter_site":"@aspilsan_enerji","twitter_misc":{"Est. reading time":"4 minutes"},"schema":{"@context":"https:\/\/schema.org","@graph":[{"@type":"WebPage","@id":"https:\/\/www.aspilsan.com\/qr\/m17\/","url":"https:\/\/www.aspilsan.com\/qr\/m17\/","name":"CH BB-2590 \u0130K\u0130L\u0130 LI-ION 16.8V 28W X4 \u015earj Cihaz\u0131 - ASP\u0130LSAN","isPartOf":{"@id":"https:\/\/www.aspilsan.com\/#website"},"datePublished":"2022-04-27T07:38:50+00:00","dateModified":"2022-04-27T07:55:08+00:00","breadcrumb":{"@id":"https:\/\/www.aspilsan.com\/qr\/m17\/#breadcrumb"},"inLanguage":"en-US","potentialAction":[{"@type":"ReadAction","target":["https:\/\/www.aspilsan.com\/qr\/m17\/"]}]},{"@type":"BreadcrumbList","@id":"https:\/\/www.aspilsan.com\/qr\/m17\/#breadcrumb","itemListElement":[{"@type":"ListItem","position":1,"name":"Anasayfa","item":"https:\/\/www.aspilsan.com\/"},{"@type":"ListItem","position":2,"name":"qr","item":"https:\/\/www.aspilsan.com\/qr\/"},{"@type":"ListItem","position":3,"name":"CH BB-2590 \u0130K\u0130L\u0130 LI-ION 16.8V 28W X4 \u015earj Cihaz\u0131"}]},{"@type":"WebSite","@id":"https:\/\/www.aspilsan.com\/#website","url":"https:\/\/www.aspilsan.com\/","name":"ASP\u0130LSAN","description":"Teknolojinin Enerjisi","publisher":{"@id":"https:\/\/www.aspilsan.com\/#organization"},"potentialAction":[{"@type":"SearchAction","target":{"@type":"EntryPoint","urlTemplate":"https:\/\/www.aspilsan.com\/?s={search_term_string}"},"query-input":"required name=search_term_string"}],"inLanguage":"en-US"},{"@type":"Organization","@id":"https:\/\/www.aspilsan.com\/#organization","name":"ASP\u0130LSAN","url":"https:\/\/www.aspilsan.com\/","logo":{"@type":"ImageObject","inLanguage":"en-US","@id":"https:\/\/www.aspilsan.com\/#\/schema\/logo\/image\/","url":"https:\/\/www.aspilsan.com\/wp-content\/uploads\/2022\/03\/Aspilsan-Logo-300px.png","contentUrl":"https:\/\/www.aspilsan.com\/wp-content\/uploads\/2022\/03\/Aspilsan-Logo-300px.png","width":300,"height":56,"caption":"ASP\u0130LSAN"},"image":{"@id":"https:\/\/www.aspilsan.com\/#\/schema\/logo\/image\/"},"sameAs":["https:\/\/www.facebook.com\/people\/Aspilsan\/100028422177074\/","https:\/\/twitter.com\/aspilsan_enerji","https:\/\/www.instagram.com\/aspilsanenerji","https:\/\/www.linkedin.com\/company\/aspilsan"]}]}},"acf":[],"_links":{"self":[{"href":"https:\/\/www.aspilsan.com\/en\/wp-json\/wp\/v2\/pages\/2284","targetHints":{"allow":["GET"]}}],"collection":[{"href":"https:\/\/www.aspilsan.com\/en\/wp-json\/wp\/v2\/pages"}],"about":[{"href":"https:\/\/www.aspilsan.com\/en\/wp-json\/wp\/v2\/types\/page"}],"author":[{"embeddable":true,"href":"https:\/\/www.aspilsan.com\/en\/wp-json\/wp\/v2\/users\/1"}],"replies":[{"embeddable":true,"href":"https:\/\/www.aspilsan.com\/en\/wp-json\/wp\/v2\/comments?post=2284"}],"version-history":[{"count":2,"href":"https:\/\/www.aspilsan.com\/en\/wp-json\/wp\/v2\/pages\/2284\/revisions"}],"predecessor-version":[{"id":2304,"href":"https:\/\/www.aspilsan.com\/en\/wp-json\/wp\/v2\/pages\/2284\/revisions\/2304"}],"up":[{"embeddable":true,"href":"https:\/\/www.aspilsan.com\/en\/wp-json\/wp\/v2\/pages\/1689"}],"wp:attachment":[{"href":"https:\/\/www.aspilsan.com\/en\/wp-json\/wp\/v2\/media?parent=2284"}],"curies":[{"name":"wp","href":"https:\/\/api.w.org\/{rel}","templated":true}]}}