{"id":3,"date":"2021-04-22T13:19:58","date_gmt":"2021-04-22T10:19:58","guid":{"rendered":"https:\/\/www.aspilsan.com\/?page_id=3"},"modified":"2025-01-06T14:08:33","modified_gmt":"2025-01-06T11:08:33","slug":"iletisim","status":"publish","type":"page","link":"https:\/\/www.aspilsan.com\/en\/contact\/","title":{"rendered":"Contact"},"content":{"rendered":"<section class=\"l-section wpb_row us_custom_057801f8 height_medium with_img with_overlay\"><div class=\"l-section-img\" style=\"background-image: url(https:\/\/www.aspilsan.com\/wp-content\/uploads\/2022\/12\/YonetimKuruluSma_9G6S-1024x266-1-1024x266-1.png);background-repeat: no-repeat;\" data-img-width=\"1024\" data-img-height=\"266\"><\/div><div class=\"l-section-overlay\" style=\"background: rgba(1,47,83,0.65)\"><\/div><div class=\"l-section-h i-cf\"><div class=\"g-cols vc_row type_default valign_top\"><div class=\"vc_col-sm-12 wpb_column vc_column_container\"><div class=\"vc_column-inner\"><div class=\"wpb_wrapper\"><ol class=\"g-breadcrumbs us_custom_4893af1e separator_icon align_left has_text_color\" itemscope itemtype=\"http:\/\/schema.org\/BreadcrumbList\"><li class=\"g-breadcrumbs-item\" itemprop=\"itemListElement\" itemscope itemtype=\"http:\/\/schema.org\/ListItem\"><a itemprop=\"item\" href=\"https:\/\/www.aspilsan.com\/en\/\"><span itemprop=\"name\">Home<\/span><\/a><meta itemprop=\"position\" content=\"1\"\/><\/li><li class=\"g-breadcrumbs-separator\"><i class=\"far fa-angle-right\"><\/i><\/li><li class=\"g-breadcrumbs-item\">Pages<\/li><\/ol><h1 class=\"w-post-elm post_title us_custom_6df4bc3a align_center entry-title color_link_inherit has_text_color\">Contact<\/h1><\/div><\/div><\/div><\/div><\/div><\/section><section class=\"l-section wpb_row height_small with_overlay\"><div class=\"l-section-overlay\" style=\"background: var(--color-header-middle-bg)\"><\/div><div class=\"l-section-h i-cf\"><div class=\"g-cols vc_row type_default valign_top\"><div class=\"vc_col-sm-12 wpb_column vc_column_container\"><div class=\"vc_column-inner\"><div class=\"wpb_wrapper\"><\/div><\/div><\/div><\/div><\/div><\/section><section class=\"l-section wpb_row height_medium\"><div class=\"l-section-h i-cf\"><div class=\"g-cols vc_row type_default valign_top\"><div class=\"vc_col-sm-6 wpb_column vc_column_container\"><div class=\"vc_column-inner\"><div class=\"wpb_wrapper\"><div class=\"w-image us_custom_0fae0f37 has_ratio align_none\"><div class=\"w-image-h\"><div style=\"padding-bottom:56.2500%\"><\/div><img loading=\"lazy\" decoding=\"async\" width=\"400\" height=\"225\" src=\"https:\/\/www.aspilsan.com\/wp-content\/uploads\/2022\/01\/270-2-400x225.jpg\" class=\"attachment-medium size-medium\" alt=\"\" srcset=\"https:\/\/www.aspilsan.com\/wp-content\/uploads\/2022\/01\/270-2-400x225.jpg 400w, https:\/\/www.aspilsan.com\/wp-content\/uploads\/2022\/01\/270-2-1024x576.jpg 1024w, https:\/\/www.aspilsan.com\/wp-content\/uploads\/2022\/01\/270-2-18x10.jpg 18w, https:\/\/www.aspilsan.com\/wp-content\/uploads\/2022\/01\/270-2-600x338.jpg 600w, https:\/\/www.aspilsan.com\/wp-content\/uploads\/2022\/01\/270-2-500x281.jpg 500w, https:\/\/www.aspilsan.com\/wp-content\/uploads\/2022\/01\/270-2-300x169.jpg 300w, https:\/\/www.aspilsan.com\/wp-content\/uploads\/2022\/01\/270-2-200x113.jpg 200w, https:\/\/www.aspilsan.com\/wp-content\/uploads\/2022\/01\/270-2-100x56.jpg 100w, https:\/\/www.aspilsan.com\/wp-content\/uploads\/2022\/01\/270-2-90x51.jpg 90w, https:\/\/www.aspilsan.com\/wp-content\/uploads\/2022\/01\/270-2-190x107.jpg 190w, https:\/\/www.aspilsan.com\/wp-content\/uploads\/2022\/01\/270-2-130x73.jpg 130w, https:\/\/www.aspilsan.com\/wp-content\/uploads\/2022\/01\/270-2.jpg 1600w\" sizes=\"auto, (max-width: 400px) 100vw, 400px\" \/><\/div><\/div><div class=\"g-cols wpb_row  type_default valign_top vc_inner\"><div class=\"vc_col-sm-12 wpb_column vc_column_container\"><div class=\"vc_column-inner\"><div class=\"wpb_wrapper\"><div class=\"w-separator size_custom\" style=\"height:20px\"><\/div><div class=\"wpb_text_column\" ><div class=\"wpb_wrapper\"><h5>ASP\u0130LSAN Enerji Sanayi ve Ticaret A.\u015e.  Battery Cell and Battery Systems Production Facility<\/h5>\n<\/div><\/div><div class=\"w-separator size_custom\" style=\"height:10px\"><\/div><div class=\"w-text\"><span class=\"w-text-h\"><i class=\"fal fa-map-marker-alt\"><\/i><span class=\"w-text-value\">Mimarsinan OSB Mahallesi 1. Cadde No:43 Melikgazi \/ Kayseri<\/span><\/span><\/div><div class=\"w-separator size_custom\" style=\"height:10px\"><\/div><div class=\"w-text\"><span class=\"w-text-h\"><i class=\"fal fa-phone\"><\/i><span class=\"w-text-value\">+90352 321 12 15-16<\/span><\/span><\/div><div class=\"w-separator size_custom\" style=\"height:10px\"><\/div><div class=\"w-text\"><span class=\"w-text-h\"><i class=\"fal fa-print\"><\/i><span class=\"w-text-value\">+90352 321 12 17<\/span><\/span><\/div><div class=\"w-separator size_custom\" style=\"height:10px\"><\/div><div class=\"w-text\"><span class=\"w-text-h\"><i class=\"fal fa-envelope-open-text\"><\/i><span class=\"w-text-value\">Registered Electronic Mail (REM) address: aspilsan@hs01.kep.tr<\/span><\/span><\/div><div class=\"w-separator size_custom\" style=\"height:10px\"><\/div><div class=\"w-text\"><span class=\"w-text-h\"><span class=\"w-text-value\">Sales Department Contact:<\/span><\/span><\/div><div class=\"w-separator size_custom\" style=\"height:10px\"><\/div><div class=\"w-text\"><a href=\"mailto:satis@aspilsan.com\" class=\"w-text-h\"><i class=\"fal fa-envelope\"><\/i><span class=\"w-text-value\">sale@aspilsan.com<\/span><\/a><\/div><div class=\"w-separator size_custom\" style=\"height:10px\"><\/div><div class=\"w-text\"><span class=\"w-text-h\"><span class=\"w-text-value\">Procurement Department Contact:<\/span><\/span><\/div><div class=\"w-separator size_custom\" style=\"height:10px\"><\/div><div class=\"w-text\"><a href=\"mailto:satis@aspilsan.com\" class=\"w-text-h\"><i class=\"fal fa-envelope\"><\/i><span class=\"w-text-value\">tedarik@aspilsan.com<\/span><\/a><\/div><div class=\"w-separator size_custom\" style=\"height:10px\"><\/div><div class=\"w-text\"><span class=\"w-text-h\"><span class=\"w-text-value\">Corporate E-mail<\/span><\/span><\/div><div class=\"w-separator size_custom\" style=\"height:10px\"><\/div><div class=\"w-text\"><a href=\"mailto:aspilsan@aspilsan.com\" class=\"w-text-h\"><i class=\"fal fa-envelope\"><\/i><span class=\"w-text-value\">aspilsan@aspilsan.com<\/span><\/a><\/div><\/div><\/div><\/div><\/div><\/div><\/div><\/div><div class=\"vc_col-sm-6 wpb_column vc_column_container\"><div class=\"vc_column-inner\"><div class=\"wpb_wrapper\"><div class=\"w-image us_custom_0fae0f37 has_ratio align_none\"><div class=\"w-image-h\"><div style=\"padding-bottom:56.2500%\"><\/div><img loading=\"lazy\" decoding=\"async\" width=\"400\" height=\"349\" src=\"https:\/\/www.aspilsan.com\/wp-content\/uploads\/2023\/08\/Ankara-Ofis-400x349.jpg\" class=\"attachment-medium size-medium\" alt=\"\" srcset=\"https:\/\/www.aspilsan.com\/wp-content\/uploads\/2023\/08\/Ankara-Ofis-400x349.jpg 400w, https:\/\/www.aspilsan.com\/wp-content\/uploads\/2023\/08\/Ankara-Ofis-1024x893.jpg 1024w, https:\/\/www.aspilsan.com\/wp-content\/uploads\/2023\/08\/Ankara-Ofis-14x12.jpg 14w, https:\/\/www.aspilsan.com\/wp-content\/uploads\/2023\/08\/Ankara-Ofis-600x523.jpg 600w, https:\/\/www.aspilsan.com\/wp-content\/uploads\/2023\/08\/Ankara-Ofis-500x436.jpg 500w, https:\/\/www.aspilsan.com\/wp-content\/uploads\/2023\/08\/Ankara-Ofis-300x262.jpg 300w, https:\/\/www.aspilsan.com\/wp-content\/uploads\/2023\/08\/Ankara-Ofis-200x174.jpg 200w, https:\/\/www.aspilsan.com\/wp-content\/uploads\/2023\/08\/Ankara-Ofis-100x87.jpg 100w, https:\/\/www.aspilsan.com\/wp-content\/uploads\/2023\/08\/Ankara-Ofis-90x78.jpg 90w, https:\/\/www.aspilsan.com\/wp-content\/uploads\/2023\/08\/Ankara-Ofis-190x166.jpg 190w, https:\/\/www.aspilsan.com\/wp-content\/uploads\/2023\/08\/Ankara-Ofis-130x113.jpg 130w, https:\/\/www.aspilsan.com\/wp-content\/uploads\/2023\/08\/Ankara-Ofis-800x697.jpg 800w, https:\/\/www.aspilsan.com\/wp-content\/uploads\/2023\/08\/Ankara-Ofis.jpg 1200w\" sizes=\"auto, (max-width: 400px) 100vw, 400px\" \/><\/div><\/div><div class=\"g-cols wpb_row  type_default valign_top vc_inner\"><div class=\"vc_col-sm-12 wpb_column vc_column_container\"><div class=\"vc_column-inner\"><div class=\"wpb_wrapper\"><div class=\"w-separator size_custom\" style=\"height:20px\"><\/div><div class=\"wpb_text_column\" ><div class=\"wpb_wrapper\"><h5>ASP\u0130LSAN Enerji Ankara<\/h5>\n<\/div><\/div><div class=\"w-separator size_custom\" style=\"height:10px\"><\/div><div class=\"w-text\"><span class=\"w-text-h\"><i class=\"fal fa-map-marker-alt\"><\/i><span class=\"w-text-value\">Mustafa Kemal Mahallesi 2127. Cadde No: 40 6510 \u00c7ankaya\/ANKARA<\/span><\/span><\/div><div class=\"w-separator size_custom\" style=\"height:20px\"><\/div><div class=\"w-separator size_custom\" style=\"height:10px\"><\/div><\/div><\/div><\/div><\/div><\/div><\/div><\/div><\/div><\/div><\/section><section class=\"l-section wpb_row height_medium\"><div class=\"l-section-h i-cf\"><div class=\"g-cols vc_row type_default valign_top\"><div class=\"vc_col-sm-6 wpb_column vc_column_container\"><div class=\"vc_column-inner\"><div class=\"wpb_wrapper\"><div class=\"g-cols wpb_row  type_default valign_top vc_inner\"><div class=\"vc_col-sm-12 wpb_column vc_column_container\"><div class=\"vc_column-inner\"><div class=\"wpb_wrapper\"><div class=\"w-image us_custom_0fae0f37 has_ratio align_none\"><div class=\"w-image-h\"><div style=\"padding-bottom:56.2500%\"><\/div><img loading=\"lazy\" decoding=\"async\" width=\"400\" height=\"225\" src=\"https:\/\/www.aspilsan.com\/wp-content\/uploads\/2022\/08\/Gorsel-03-400x225.png\" class=\"attachment-medium size-medium\" alt=\"\" srcset=\"https:\/\/www.aspilsan.com\/wp-content\/uploads\/2022\/08\/Gorsel-03-400x225.png 400w, https:\/\/www.aspilsan.com\/wp-content\/uploads\/2022\/08\/Gorsel-03-1024x576.png 1024w, https:\/\/www.aspilsan.com\/wp-content\/uploads\/2022\/08\/Gorsel-03-18x10.png 18w, https:\/\/www.aspilsan.com\/wp-content\/uploads\/2022\/08\/Gorsel-03-600x337.png 600w, https:\/\/www.aspilsan.com\/wp-content\/uploads\/2022\/08\/Gorsel-03-500x281.png 500w, https:\/\/www.aspilsan.com\/wp-content\/uploads\/2022\/08\/Gorsel-03-300x169.png 300w, https:\/\/www.aspilsan.com\/wp-content\/uploads\/2022\/08\/Gorsel-03-200x112.png 200w, https:\/\/www.aspilsan.com\/wp-content\/uploads\/2022\/08\/Gorsel-03-100x56.png 100w, https:\/\/www.aspilsan.com\/wp-content\/uploads\/2022\/08\/Gorsel-03-90x51.png 90w, https:\/\/www.aspilsan.com\/wp-content\/uploads\/2022\/08\/Gorsel-03-190x107.png 190w, https:\/\/www.aspilsan.com\/wp-content\/uploads\/2022\/08\/Gorsel-03-130x73.png 130w\" sizes=\"auto, (max-width: 400px) 100vw, 400px\" \/><\/div><\/div><div class=\"w-separator size_medium\"><\/div><\/div><\/div><\/div><\/div><div class=\"g-cols wpb_row  type_default valign_top vc_inner\"><div class=\"vc_col-sm-12 wpb_column vc_column_container\"><div class=\"vc_column-inner\"><div class=\"wpb_wrapper\"><div class=\"w-separator size_custom\" style=\"height:20px\"><\/div><div class=\"wpb_text_column\" ><div class=\"wpb_wrapper\"><h5>ASP\u0130LSAN Enerji \u0130stanbul<\/h5>\n<\/div><\/div><div class=\"w-text\"><span class=\"w-text-h\"><i class=\"fal fa-map-marker-alt\"><\/i><span class=\"w-text-value\">Kozyata\u011f\u0131 Mah, \u015eehit Mehmet Fatih \u00d6ng\u00fcl Sk. No:1\/1 K:3 D:5 Kad\u0131k\u00f6y \u0130stanbul \/ T\u00fcrkiye<\/span><\/span><\/div><\/div><\/div><\/div><\/div><\/div><\/div><\/div><div class=\"vc_col-sm-6 wpb_column vc_column_container\"><div class=\"vc_column-inner\"><div class=\"wpb_wrapper\"><div class=\"g-cols wpb_row  type_default valign_top vc_inner\"><div class=\"vc_col-sm-12 wpb_column vc_column_container\"><div class=\"vc_column-inner\"><div class=\"wpb_wrapper\"><\/div><\/div><\/div><\/div><\/div><\/div><\/div><\/div><\/div><\/section><section class=\"l-section wpb_row height_medium\"><div class=\"l-section-h i-cf\"><div class=\"g-cols vc_row type_default valign_top\"><div class=\"vc_col-sm-12 wpb_column vc_column_container\"><div class=\"vc_column-inner\"><div class=\"wpb_wrapper\"><div class=\"w-map provider_osm us_map_1\" id=\"us_map_1\"><div class=\"w-map-json\" onclick='return {&quot;address&quot;:&quot;38.687877432271314, 35.621002843445915&quot;,&quot;markers&quot;:[{&quot;address&quot;:&quot;38.687877432271314, 35.621002843445915&quot;,&quot;html&quot;:&quot;&lt;b&gt;ASP\\u0130LSAN Enerji&lt;\\\/b&gt;&quot;,&quot;infowindow&quot;:&quot;1&quot;},{&quot;html&quot;:&quot;ASP\\u0130LSAN Enerji \\u0130stanbul&quot;,&quot;address&quot;:&quot;40.968096025268366, 29.10161576010115&quot;,&quot;marker_img&quot;:null,&quot;marker_size&quot;:[&quot;30&quot;,&quot;30&quot;]},{&quot;html&quot;:&quot;ASP\\u0130LSAN Enerji Ankara&quot;,&quot;address&quot;:&quot;39.915603, 32.767390&quot;,&quot;marker_img&quot;:null,&quot;marker_size&quot;:[&quot;30&quot;,&quot;30&quot;]}],&quot;zoom&quot;:6,&quot;height&quot;:400,&quot;style&quot;:&quot;https:\\\/\\\/{s}.tile.openstreetmap.org\\\/{z}\\\/{x}\\\/{y}.png&quot;}'><\/div><\/div><\/div><\/div><\/div><\/div><\/div><\/section>","protected":false},"excerpt":{"rendered":"Ana SayfaPages\u0130leti\u015fim ASP\u0130LSAN Enerji\u00a0Sanayi ve Ticaret A.\u015e. Pil ve Batarya Sistemleri \u00dcretim Tesisi Mimarsinan OSB Mahallesi 1. Cadde No:43 Melikgazi \/ Kayseri+90352 321 12 15-16+90352 321 12 17Kay\u0131tl\u0131 Elektronik Posta (KEP) adresi : aspilsan@hs01.kep.trFiyat almak i\u00e7in;sale@aspilsan.comTedarik Departman\u0131 \u0130leti\u015fim:tedarik@aspilsan.comGenel bilgi almak i\u00e7in;aspilsan@aspilsan.com ASP\u0130LSAN Enerji Ankara Mustafa Kemal Mahallesi 2127. Cadde No: 40 6510 \u00c7ankaya\/ANKARA ASP\u0130LSAN Enerji...","protected":false},"author":1,"featured_media":0,"parent":0,"menu_order":8,"comment_status":"closed","ping_status":"closed","template":"","meta":{"om_disable_all_campaigns":false,"_mi_skip_tracking":false,"_themeisle_gutenberg_block_has_review":false,"footnotes":""},"class_list":["post-3","page","type-page","status-publish","hentry"],"aioseo_notices":[],"yoast_head":"<!-- This site is optimized with the Yoast SEO plugin v20.5 - https:\/\/yoast.com\/wordpress\/plugins\/seo\/ -->\n<title>\u0130leti\u015fim - ASP\u0130LSAN<\/title>\n<meta name=\"robots\" content=\"index, follow, max-snippet:-1, max-image-preview:large, max-video-preview:-1\" \/>\n<link rel=\"canonical\" href=\"https:\/\/www.aspilsan.com\/en\/contact\/\" \/>\n<meta property=\"og:locale\" content=\"en_US\" \/>\n<meta property=\"og:type\" content=\"article\" \/>\n<meta property=\"og:title\" content=\"\u0130leti\u015fim - ASP\u0130LSAN\" \/>\n<meta property=\"og:url\" content=\"https:\/\/www.aspilsan.com\/en\/contact\/\" \/>\n<meta property=\"og:site_name\" content=\"ASP\u0130LSAN\" \/>\n<meta property=\"article:publisher\" content=\"https:\/\/www.facebook.com\/people\/Aspilsan\/100028422177074\/\" \/>\n<meta property=\"article:modified_time\" content=\"2025-01-06T11:08:33+00:00\" \/>\n<meta name=\"twitter:card\" content=\"summary_large_image\" \/>\n<meta name=\"twitter:site\" content=\"@aspilsan_enerji\" \/>\n<meta name=\"twitter:label1\" content=\"Est. reading time\" \/>\n\t<meta name=\"twitter:data1\" content=\"2 minutes\" \/>\n<script type=\"application\/ld+json\" class=\"yoast-schema-graph\">{\"@context\":\"https:\/\/schema.org\",\"@graph\":[{\"@type\":\"WebPage\",\"@id\":\"https:\/\/www.aspilsan.com\/iletisim\/\",\"url\":\"https:\/\/www.aspilsan.com\/iletisim\/\",\"name\":\"\u0130leti\u015fim - ASP\u0130LSAN\",\"isPartOf\":{\"@id\":\"https:\/\/www.aspilsan.com\/#website\"},\"datePublished\":\"2021-04-22T10:19:58+00:00\",\"dateModified\":\"2025-01-06T11:08:33+00:00\",\"breadcrumb\":{\"@id\":\"https:\/\/www.aspilsan.com\/iletisim\/#breadcrumb\"},\"inLanguage\":\"en-US\",\"potentialAction\":[{\"@type\":\"ReadAction\",\"target\":[\"https:\/\/www.aspilsan.com\/iletisim\/\"]}]},{\"@type\":\"BreadcrumbList\",\"@id\":\"https:\/\/www.aspilsan.com\/iletisim\/#breadcrumb\",\"itemListElement\":[{\"@type\":\"ListItem\",\"position\":1,\"name\":\"Anasayfa\",\"item\":\"https:\/\/www.aspilsan.com\/\"},{\"@type\":\"ListItem\",\"position\":2,\"name\":\"\u0130leti\u015fim\"}]},{\"@type\":\"WebSite\",\"@id\":\"https:\/\/www.aspilsan.com\/#website\",\"url\":\"https:\/\/www.aspilsan.com\/\",\"name\":\"ASP\u0130LSAN\",\"description\":\"Teknolojinin Enerjisi\",\"publisher\":{\"@id\":\"https:\/\/www.aspilsan.com\/#organization\"},\"potentialAction\":[{\"@type\":\"SearchAction\",\"target\":{\"@type\":\"EntryPoint\",\"urlTemplate\":\"https:\/\/www.aspilsan.com\/?s={search_term_string}\"},\"query-input\":\"required name=search_term_string\"}],\"inLanguage\":\"en-US\"},{\"@type\":\"Organization\",\"@id\":\"https:\/\/www.aspilsan.com\/#organization\",\"name\":\"ASP\u0130LSAN\",\"url\":\"https:\/\/www.aspilsan.com\/\",\"logo\":{\"@type\":\"ImageObject\",\"inLanguage\":\"en-US\",\"@id\":\"https:\/\/www.aspilsan.com\/#\/schema\/logo\/image\/\",\"url\":\"https:\/\/www.aspilsan.com\/wp-content\/uploads\/2022\/03\/Aspilsan-Logo-300px.png\",\"contentUrl\":\"https:\/\/www.aspilsan.com\/wp-content\/uploads\/2022\/03\/Aspilsan-Logo-300px.png\",\"width\":300,\"height\":56,\"caption\":\"ASP\u0130LSAN\"},\"image\":{\"@id\":\"https:\/\/www.aspilsan.com\/#\/schema\/logo\/image\/\"},\"sameAs\":[\"https:\/\/www.facebook.com\/people\/Aspilsan\/100028422177074\/\",\"https:\/\/twitter.com\/aspilsan_enerji\",\"https:\/\/www.instagram.com\/aspilsanenerji\",\"https:\/\/www.linkedin.com\/company\/aspilsan\"]}]}<\/script>\n<!-- \/ Yoast SEO plugin. -->","yoast_head_json":{"title":"\u0130leti\u015fim - ASP\u0130LSAN","robots":{"index":"index","follow":"follow","max-snippet":"max-snippet:-1","max-image-preview":"max-image-preview:large","max-video-preview":"max-video-preview:-1"},"canonical":"https:\/\/www.aspilsan.com\/en\/contact\/","og_locale":"en_US","og_type":"article","og_title":"\u0130leti\u015fim - ASP\u0130LSAN","og_url":"https:\/\/www.aspilsan.com\/en\/contact\/","og_site_name":"ASP\u0130LSAN","article_publisher":"https:\/\/www.facebook.com\/people\/Aspilsan\/100028422177074\/","article_modified_time":"2025-01-06T11:08:33+00:00","twitter_card":"summary_large_image","twitter_site":"@aspilsan_enerji","twitter_misc":{"Est. reading time":"2 minutes"},"schema":{"@context":"https:\/\/schema.org","@graph":[{"@type":"WebPage","@id":"https:\/\/www.aspilsan.com\/iletisim\/","url":"https:\/\/www.aspilsan.com\/iletisim\/","name":"\u0130leti\u015fim - ASP\u0130LSAN","isPartOf":{"@id":"https:\/\/www.aspilsan.com\/#website"},"datePublished":"2021-04-22T10:19:58+00:00","dateModified":"2025-01-06T11:08:33+00:00","breadcrumb":{"@id":"https:\/\/www.aspilsan.com\/iletisim\/#breadcrumb"},"inLanguage":"en-US","potentialAction":[{"@type":"ReadAction","target":["https:\/\/www.aspilsan.com\/iletisim\/"]}]},{"@type":"BreadcrumbList","@id":"https:\/\/www.aspilsan.com\/iletisim\/#breadcrumb","itemListElement":[{"@type":"ListItem","position":1,"name":"Anasayfa","item":"https:\/\/www.aspilsan.com\/"},{"@type":"ListItem","position":2,"name":"\u0130leti\u015fim"}]},{"@type":"WebSite","@id":"https:\/\/www.aspilsan.com\/#website","url":"https:\/\/www.aspilsan.com\/","name":"ASP\u0130LSAN","description":"Teknolojinin Enerjisi","publisher":{"@id":"https:\/\/www.aspilsan.com\/#organization"},"potentialAction":[{"@type":"SearchAction","target":{"@type":"EntryPoint","urlTemplate":"https:\/\/www.aspilsan.com\/?s={search_term_string}"},"query-input":"required name=search_term_string"}],"inLanguage":"en-US"},{"@type":"Organization","@id":"https:\/\/www.aspilsan.com\/#organization","name":"ASP\u0130LSAN","url":"https:\/\/www.aspilsan.com\/","logo":{"@type":"ImageObject","inLanguage":"en-US","@id":"https:\/\/www.aspilsan.com\/#\/schema\/logo\/image\/","url":"https:\/\/www.aspilsan.com\/wp-content\/uploads\/2022\/03\/Aspilsan-Logo-300px.png","contentUrl":"https:\/\/www.aspilsan.com\/wp-content\/uploads\/2022\/03\/Aspilsan-Logo-300px.png","width":300,"height":56,"caption":"ASP\u0130LSAN"},"image":{"@id":"https:\/\/www.aspilsan.com\/#\/schema\/logo\/image\/"},"sameAs":["https:\/\/www.facebook.com\/people\/Aspilsan\/100028422177074\/","https:\/\/twitter.com\/aspilsan_enerji","https:\/\/www.instagram.com\/aspilsanenerji","https:\/\/www.linkedin.com\/company\/aspilsan"]}]}},"acf":[],"_links":{"self":[{"href":"https:\/\/www.aspilsan.com\/en\/wp-json\/wp\/v2\/pages\/3","targetHints":{"allow":["GET"]}}],"collection":[{"href":"https:\/\/www.aspilsan.com\/en\/wp-json\/wp\/v2\/pages"}],"about":[{"href":"https:\/\/www.aspilsan.com\/en\/wp-json\/wp\/v2\/types\/page"}],"author":[{"embeddable":true,"href":"https:\/\/www.aspilsan.com\/en\/wp-json\/wp\/v2\/users\/1"}],"replies":[{"embeddable":true,"href":"https:\/\/www.aspilsan.com\/en\/wp-json\/wp\/v2\/comments?post=3"}],"version-history":[{"count":6,"href":"https:\/\/www.aspilsan.com\/en\/wp-json\/wp\/v2\/pages\/3\/revisions"}],"predecessor-version":[{"id":7948,"href":"https:\/\/www.aspilsan.com\/en\/wp-json\/wp\/v2\/pages\/3\/revisions\/7948"}],"wp:attachment":[{"href":"https:\/\/www.aspilsan.com\/en\/wp-json\/wp\/v2\/media?parent=3"}],"curies":[{"name":"wp","href":"https:\/\/api.w.org\/{rel}","templated":true}]}}