{"id":36,"date":"2021-04-22T18:03:57","date_gmt":"2021-04-22T15:03:57","guid":{"rendered":"https:\/\/www.aspilsan.com\/?page_id=36"},"modified":"2025-09-24T16:48:08","modified_gmt":"2025-09-24T13:48:08","slug":"hakkimizda","status":"publish","type":"page","link":"https:\/\/www.aspilsan.com\/en\/corporate\/about_us\/","title":{"rendered":"About Us"},"content":{"rendered":"<section class=\"l-section wpb_row height_medium\"><div class=\"l-section-h i-cf\"><div class=\"g-cols vc_row type_default valign_top\"><div class=\"vc_col-sm-6 wpb_column vc_column_container\"><div class=\"vc_column-inner\"><div class=\"wpb_wrapper\"><div class=\"wpb_text_column\" ><div class=\"wpb_wrapper\"><p>ASP\u0130LSAN Enerji Sanayi ve Ticaret A.\u015e. was founded in Kayseri Organized Industrial Zone in 1981.<br \/>\nASELSAN, ROKETSAN, TUSA\u015e, HAVELSAN, and \u0130\u015eB\u0130R Elektrik, as well as ASP\u0130LSAN Enerji, are companies under the Turkish Armed Forces Foundation (TSKGV), with 98.52% of ASP\u0130LSAN Enerji\u2019s shares owned by TSKGV.<br \/>\nASP\u0130LSAN Enerji started the production of radio batteries in 1985, and the production of aircraft and helicopter batteries in Ni-Cd chemistry in 1993. Until 1996, ASP\u0130LSAN Enerji produced Ni-Cd rechargeable cells with Varta license.<br \/>\nThe main activities and solutions of ASP\u0130LSAN Enerji are;<br \/>\n\u2022\tINR18650A28 Rechargable Lithium-Ion Cylindrical Cell Production<br \/>\n\u2022\tDifferent Cell Chemistry  Sale<br \/>\n\u2022 Radio and Weapon Battery Systems<br \/>\n\u2022 Telecommunication Battery<br \/>\n\u2022 Medical Battery Systems<br \/>\n\u2022\tMini ESS and Energy Storage Systems<br \/>\n\u2022\tAviation Battery Systems and Battery Batteries (Lithium-Ion and Nickel Cadmium)<br \/>\n\u2022 Marine Battery Systems<br \/>\n\u2022 Rail Battery Systems<br \/>\n\u2022\tRobotics and Autonomous Battery Systems<br \/>\n\u2022 Engineering Testing Services<br \/>\n\u2022\tPCB Assembly<\/p>\n<p>ASP\u0130LSAN Enerji,  the first and only company in T\u00fcrkiye to produce aircraft\/helicopter battery systems in Ni-Cd chemistry, is also the largest battery manufacturer in the country.<br \/>\n\u2022 There are two R&amp;D centers located in Kayseri and Ankara. The Battery Systems R&amp;D Center is in Kayseri, while the Electronics R&amp;D Center and the Cell Design and Development R&amp;D Center are in Ankara.<br \/>\nASP\u0130LSAN Enerji offers all our solutions and services with the following quality management certifications;<br \/>\n\u2022\tIRIS ISO 22163: International Railway Industry Standard<br \/>\n\u2022\tAQAP 2110: NATO Quality Assurance Requirement for Design, Development, and Production<br \/>\n\u2022\tISO 9001:2015: International Organization for Standardization\u2019s 9001 Standard for Quality Management Systems<br \/>\n\u2022\tISO 14001: Environmental Management Systems<br \/>\n\u2022\tISO 45001: Occupational Health and Safety Management<\/p>\n<p>ASP\u0130LSAN Enerji has started mass production of its Li-Ion Rechargable Cylindrical Cell ASP\u0130LSAN INR18650A28 in June 2022 and it is the first company in Europe to conduct mass production of li-ion 18650 cells. The design, development and production of the cell is completely domestic and national. All intellectual and industrial property rights of the cell belong to ASP\u0130LSAN Enerji.<br \/>\nThe chemistry and composition of ASP\u0130LSAN INR18650A28 is nickel-rich lithium-nickel-manganese-cobalt oxide. Its dimension is 18650; its capacity is 2800 mAh and its voltage is 3.6V. Compared to similar capacity cells of well-known certified brands, ASP\u0130LSAN Enerji\u2019s lithium-ion 18650 cell has proved to have a higher discharge rate and the ability to function at lower temperatures.<\/p>\n<p>The annual production capacity of the lithium-ion cell production plant is 220 MWh. The production line is capable of producing 21,000,000 cells per year. The plant infrastructure and production line are not designed and constructed solely to produce cells in NMC chemistry but also 18650 and 21700 lithium ion cells in NCA, LFP, LCO, LMO and LTO chemistries. The safety and performance certifications received for ASP\u0130LSAN INR18650A28 cell are as follows;<br \/>\n\u2022\tUndot38.3: Standard Containing Safety Test for International Air Transport<br \/>\n\u2022\tIEC 62133-2: Secondary cells and batteries containing alkaline or other non-acid electrolytes - Safety requirements for portable sealed secondary cells, and for batteries made from them, for use in portable applications<br \/>\n\u2022\tIEC 61960-3: Secondary cells and batteries containing alkaline or other non-acid electrolytes - Secondary lithium cells and batteries for portable applications - Part 3: Prismatic and cylindrical lithium secondary cells, and batteries made from them<br \/>\nThe lithium-ion cells produced by ASP\u0130LSAN Enerji can be used in radio systems, jammers, robotic and weapon systems, power tools, medical batteries, hybrid vehicles, smart textile product batteries, electronic bikes and scooters, forklifts, UPS systems, and energy storage systems. In addition to the existing product portfolio, ASP\u0130LSAN Enerji designs and develops project-based products to meet customers\u2019 needs.<\/p>\n<\/div><\/div><\/div><\/div><\/div><div class=\"vc_col-sm-6 wpb_column vc_column_container\"><div class=\"vc_column-inner\"><div class=\"wpb_wrapper\"><div class=\"w-image align_none\"><div class=\"w-image-h\"><img loading=\"lazy\" decoding=\"async\" width=\"1024\" height=\"724\" src=\"https:\/\/www.aspilsan.com\/wp-content\/uploads\/2024\/12\/Faaliyet_EN-1024x724.png\" class=\"attachment-large size-large\" alt=\"\" srcset=\"https:\/\/www.aspilsan.com\/wp-content\/uploads\/2024\/12\/Faaliyet_EN-1024x724.png 1024w, https:\/\/www.aspilsan.com\/wp-content\/uploads\/2024\/12\/Faaliyet_EN-400x283.png 400w, https:\/\/www.aspilsan.com\/wp-content\/uploads\/2024\/12\/Faaliyet_EN-18x12.png 18w, https:\/\/www.aspilsan.com\/wp-content\/uploads\/2024\/12\/Faaliyet_EN-600x424.png 600w, https:\/\/www.aspilsan.com\/wp-content\/uploads\/2024\/12\/Faaliyet_EN-500x354.png 500w, https:\/\/www.aspilsan.com\/wp-content\/uploads\/2024\/12\/Faaliyet_EN-300x212.png 300w, https:\/\/www.aspilsan.com\/wp-content\/uploads\/2024\/12\/Faaliyet_EN-200x141.png 200w, https:\/\/www.aspilsan.com\/wp-content\/uploads\/2024\/12\/Faaliyet_EN-100x71.png 100w, https:\/\/www.aspilsan.com\/wp-content\/uploads\/2024\/12\/Faaliyet_EN-90x64.png 90w, https:\/\/www.aspilsan.com\/wp-content\/uploads\/2024\/12\/Faaliyet_EN-190x134.png 190w, https:\/\/www.aspilsan.com\/wp-content\/uploads\/2024\/12\/Faaliyet_EN-130x92.png 130w, https:\/\/www.aspilsan.com\/wp-content\/uploads\/2024\/12\/Faaliyet_EN-800x566.png 800w, https:\/\/www.aspilsan.com\/wp-content\/uploads\/2024\/12\/Faaliyet_EN-1330x941.png 1330w, https:\/\/www.aspilsan.com\/wp-content\/uploads\/2024\/12\/Faaliyet_EN-1325x937.png 1325w\" sizes=\"auto, (max-width: 1024px) 100vw, 1024px\" \/><\/div><\/div><\/div><\/div><\/div><\/div><\/div><\/section>","protected":false},"excerpt":{"rendered":"ASP\u0130LSAN Enerji Sanayi ve Ticaret A.\u015e. 1981 y\u0131l\u0131nda Kayseri Organize Sanayi B\u00f6lgesi\u2019nde kurulmu\u015ftur. ASELSAN, ROKETSAN, TUSA\u015e, HAVELSAN ve \u0130\u015eB\u0130R Elektrik gibi; ASP\u0130LSAN Enerji de T\u00fcrk Silahl\u0131 Kuvvetleri\u2019ni G\u00fc\u00e7lendirme Vakf\u0131 (TSKGV) firmas\u0131d\u0131r ve hissesinin %98.52\u2019si TSKGV\u2019ye aittir. ASP\u0130LSAN Enerji 1985 y\u0131l\u0131nda telsiz bataryalar\u0131 \u00fcretmeye, 1993 y\u0131l\u0131nda ise Ni-Cd kimyas\u0131nda havac\u0131l\u0131k ve helikopter bataryalar\u0131 \u00fcretmeye ba\u015flam\u0131\u015ft\u0131r. 1996...","protected":false},"author":1,"featured_media":0,"parent":32,"menu_order":0,"comment_status":"closed","ping_status":"closed","template":"","meta":{"om_disable_all_campaigns":false,"_mi_skip_tracking":false,"_themeisle_gutenberg_block_has_review":false,"footnotes":""},"class_list":["post-36","page","type-page","status-publish","hentry"],"aioseo_notices":[],"yoast_head":"<!-- This site is optimized with the Yoast SEO plugin v20.5 - https:\/\/yoast.com\/wordpress\/plugins\/seo\/ -->\n<title>Hakk\u0131m\u0131zda - ASP\u0130LSAN<\/title>\n<meta name=\"robots\" content=\"index, follow, max-snippet:-1, max-image-preview:large, max-video-preview:-1\" \/>\n<link rel=\"canonical\" href=\"https:\/\/www.aspilsan.com\/en\/corporate\/about_us\/\" \/>\n<meta property=\"og:locale\" content=\"en_US\" \/>\n<meta property=\"og:type\" content=\"article\" \/>\n<meta property=\"og:title\" content=\"Hakk\u0131m\u0131zda - ASP\u0130LSAN\" \/>\n<meta property=\"og:url\" content=\"https:\/\/www.aspilsan.com\/en\/corporate\/about_us\/\" \/>\n<meta property=\"og:site_name\" content=\"ASP\u0130LSAN\" \/>\n<meta property=\"article:publisher\" content=\"https:\/\/www.facebook.com\/people\/Aspilsan\/100028422177074\/\" \/>\n<meta property=\"article:modified_time\" content=\"2025-09-24T13:48:08+00:00\" \/>\n<meta name=\"twitter:card\" content=\"summary_large_image\" \/>\n<meta name=\"twitter:site\" content=\"@aspilsan_enerji\" \/>\n<meta name=\"twitter:label1\" content=\"Est. reading time\" \/>\n\t<meta name=\"twitter:data1\" content=\"4 minutes\" \/>\n<script type=\"application\/ld+json\" class=\"yoast-schema-graph\">{\"@context\":\"https:\/\/schema.org\",\"@graph\":[{\"@type\":\"WebPage\",\"@id\":\"https:\/\/www.aspilsan.com\/kurumsal\/hakkimizda\/\",\"url\":\"https:\/\/www.aspilsan.com\/kurumsal\/hakkimizda\/\",\"name\":\"Hakk\u0131m\u0131zda - ASP\u0130LSAN\",\"isPartOf\":{\"@id\":\"https:\/\/www.aspilsan.com\/#website\"},\"datePublished\":\"2021-04-22T15:03:57+00:00\",\"dateModified\":\"2025-09-24T13:48:08+00:00\",\"breadcrumb\":{\"@id\":\"https:\/\/www.aspilsan.com\/kurumsal\/hakkimizda\/#breadcrumb\"},\"inLanguage\":\"en-US\",\"potentialAction\":[{\"@type\":\"ReadAction\",\"target\":[\"https:\/\/www.aspilsan.com\/kurumsal\/hakkimizda\/\"]}]},{\"@type\":\"BreadcrumbList\",\"@id\":\"https:\/\/www.aspilsan.com\/kurumsal\/hakkimizda\/#breadcrumb\",\"itemListElement\":[{\"@type\":\"ListItem\",\"position\":1,\"name\":\"Anasayfa\",\"item\":\"https:\/\/www.aspilsan.com\/\"},{\"@type\":\"ListItem\",\"position\":2,\"name\":\"Kurumsal\",\"item\":\"https:\/\/www.aspilsan.com\/kurumsal\/\"},{\"@type\":\"ListItem\",\"position\":3,\"name\":\"Hakk\u0131m\u0131zda\"}]},{\"@type\":\"WebSite\",\"@id\":\"https:\/\/www.aspilsan.com\/#website\",\"url\":\"https:\/\/www.aspilsan.com\/\",\"name\":\"ASP\u0130LSAN\",\"description\":\"Teknolojinin Enerjisi\",\"publisher\":{\"@id\":\"https:\/\/www.aspilsan.com\/#organization\"},\"potentialAction\":[{\"@type\":\"SearchAction\",\"target\":{\"@type\":\"EntryPoint\",\"urlTemplate\":\"https:\/\/www.aspilsan.com\/?s={search_term_string}\"},\"query-input\":\"required name=search_term_string\"}],\"inLanguage\":\"en-US\"},{\"@type\":\"Organization\",\"@id\":\"https:\/\/www.aspilsan.com\/#organization\",\"name\":\"ASP\u0130LSAN\",\"url\":\"https:\/\/www.aspilsan.com\/\",\"logo\":{\"@type\":\"ImageObject\",\"inLanguage\":\"en-US\",\"@id\":\"https:\/\/www.aspilsan.com\/#\/schema\/logo\/image\/\",\"url\":\"https:\/\/www.aspilsan.com\/wp-content\/uploads\/2022\/03\/Aspilsan-Logo-300px.png\",\"contentUrl\":\"https:\/\/www.aspilsan.com\/wp-content\/uploads\/2022\/03\/Aspilsan-Logo-300px.png\",\"width\":300,\"height\":56,\"caption\":\"ASP\u0130LSAN\"},\"image\":{\"@id\":\"https:\/\/www.aspilsan.com\/#\/schema\/logo\/image\/\"},\"sameAs\":[\"https:\/\/www.facebook.com\/people\/Aspilsan\/100028422177074\/\",\"https:\/\/twitter.com\/aspilsan_enerji\",\"https:\/\/www.instagram.com\/aspilsanenerji\",\"https:\/\/www.linkedin.com\/company\/aspilsan\"]}]}<\/script>\n<!-- \/ Yoast SEO plugin. -->","yoast_head_json":{"title":"Hakk\u0131m\u0131zda - ASP\u0130LSAN","robots":{"index":"index","follow":"follow","max-snippet":"max-snippet:-1","max-image-preview":"max-image-preview:large","max-video-preview":"max-video-preview:-1"},"canonical":"https:\/\/www.aspilsan.com\/en\/corporate\/about_us\/","og_locale":"en_US","og_type":"article","og_title":"Hakk\u0131m\u0131zda - ASP\u0130LSAN","og_url":"https:\/\/www.aspilsan.com\/en\/corporate\/about_us\/","og_site_name":"ASP\u0130LSAN","article_publisher":"https:\/\/www.facebook.com\/people\/Aspilsan\/100028422177074\/","article_modified_time":"2025-09-24T13:48:08+00:00","twitter_card":"summary_large_image","twitter_site":"@aspilsan_enerji","twitter_misc":{"Est. reading time":"4 minutes"},"schema":{"@context":"https:\/\/schema.org","@graph":[{"@type":"WebPage","@id":"https:\/\/www.aspilsan.com\/kurumsal\/hakkimizda\/","url":"https:\/\/www.aspilsan.com\/kurumsal\/hakkimizda\/","name":"Hakk\u0131m\u0131zda - ASP\u0130LSAN","isPartOf":{"@id":"https:\/\/www.aspilsan.com\/#website"},"datePublished":"2021-04-22T15:03:57+00:00","dateModified":"2025-09-24T13:48:08+00:00","breadcrumb":{"@id":"https:\/\/www.aspilsan.com\/kurumsal\/hakkimizda\/#breadcrumb"},"inLanguage":"en-US","potentialAction":[{"@type":"ReadAction","target":["https:\/\/www.aspilsan.com\/kurumsal\/hakkimizda\/"]}]},{"@type":"BreadcrumbList","@id":"https:\/\/www.aspilsan.com\/kurumsal\/hakkimizda\/#breadcrumb","itemListElement":[{"@type":"ListItem","position":1,"name":"Anasayfa","item":"https:\/\/www.aspilsan.com\/"},{"@type":"ListItem","position":2,"name":"Kurumsal","item":"https:\/\/www.aspilsan.com\/kurumsal\/"},{"@type":"ListItem","position":3,"name":"Hakk\u0131m\u0131zda"}]},{"@type":"WebSite","@id":"https:\/\/www.aspilsan.com\/#website","url":"https:\/\/www.aspilsan.com\/","name":"ASP\u0130LSAN","description":"Teknolojinin Enerjisi","publisher":{"@id":"https:\/\/www.aspilsan.com\/#organization"},"potentialAction":[{"@type":"SearchAction","target":{"@type":"EntryPoint","urlTemplate":"https:\/\/www.aspilsan.com\/?s={search_term_string}"},"query-input":"required name=search_term_string"}],"inLanguage":"en-US"},{"@type":"Organization","@id":"https:\/\/www.aspilsan.com\/#organization","name":"ASP\u0130LSAN","url":"https:\/\/www.aspilsan.com\/","logo":{"@type":"ImageObject","inLanguage":"en-US","@id":"https:\/\/www.aspilsan.com\/#\/schema\/logo\/image\/","url":"https:\/\/www.aspilsan.com\/wp-content\/uploads\/2022\/03\/Aspilsan-Logo-300px.png","contentUrl":"https:\/\/www.aspilsan.com\/wp-content\/uploads\/2022\/03\/Aspilsan-Logo-300px.png","width":300,"height":56,"caption":"ASP\u0130LSAN"},"image":{"@id":"https:\/\/www.aspilsan.com\/#\/schema\/logo\/image\/"},"sameAs":["https:\/\/www.facebook.com\/people\/Aspilsan\/100028422177074\/","https:\/\/twitter.com\/aspilsan_enerji","https:\/\/www.instagram.com\/aspilsanenerji","https:\/\/www.linkedin.com\/company\/aspilsan"]}]}},"acf":[],"_links":{"self":[{"href":"https:\/\/www.aspilsan.com\/en\/wp-json\/wp\/v2\/pages\/36","targetHints":{"allow":["GET"]}}],"collection":[{"href":"https:\/\/www.aspilsan.com\/en\/wp-json\/wp\/v2\/pages"}],"about":[{"href":"https:\/\/www.aspilsan.com\/en\/wp-json\/wp\/v2\/types\/page"}],"author":[{"embeddable":true,"href":"https:\/\/www.aspilsan.com\/en\/wp-json\/wp\/v2\/users\/1"}],"replies":[{"embeddable":true,"href":"https:\/\/www.aspilsan.com\/en\/wp-json\/wp\/v2\/comments?post=36"}],"version-history":[{"count":5,"href":"https:\/\/www.aspilsan.com\/en\/wp-json\/wp\/v2\/pages\/36\/revisions"}],"predecessor-version":[{"id":8691,"href":"https:\/\/www.aspilsan.com\/en\/wp-json\/wp\/v2\/pages\/36\/revisions\/8691"}],"up":[{"embeddable":true,"href":"https:\/\/www.aspilsan.com\/en\/wp-json\/wp\/v2\/pages\/32"}],"wp:attachment":[{"href":"https:\/\/www.aspilsan.com\/en\/wp-json\/wp\/v2\/media?parent=36"}],"curies":[{"name":"wp","href":"https:\/\/api.w.org\/{rel}","templated":true}]}}