{"id":3772,"date":"2022-09-01T11:38:42","date_gmt":"2022-09-01T08:38:42","guid":{"rendered":"https:\/\/www.aspilsan.com\/?page_id=3772"},"modified":"2022-09-01T11:38:42","modified_gmt":"2022-09-01T08:38:42","slug":"foto-galeri","status":"publish","type":"page","link":"https:\/\/www.aspilsan.com\/en\/media-center\/photo-gallery\/","title":{"rendered":"Photo Gallery"},"content":{"rendered":"<section class=\"l-section wpb_row height_small\"><div class=\"l-section-h i-cf\"><div class=\"g-cols vc_row type_default valign_top\"><div class=\"vc_col-sm-12 vc_hidden-sm vc_hidden-xs wpb_column vc_column_container\"><div class=\"vc_column-inner\"><div class=\"wpb_wrapper\"><div class=\"w-menu us_custom_eb849559 layout_hor style_links us_menu_1\"><ul id=\"menu-medya\" class=\"menu\"><li id=\"menu-item-430\" class=\"menu-item menu-item-type-post_type menu-item-object-page menu-item-430\"><a href=\"https:\/\/www.aspilsan.com\/en\/media-center\/catalogs\/\">Catalogs<\/a><\/li><li id=\"menu-item-2113\" class=\"menu-item menu-item-type-post_type menu-item-object-page menu-item-2113\"><a href=\"https:\/\/www.aspilsan.com\/en\/media-center\/product-brochures\/\">Product Brochures<\/a><\/li><li id=\"menu-item-5850\" class=\"menu-item menu-item-type-post_type menu-item-object-page menu-item-5850\"><a href=\"https:\/\/www.aspilsan.com\/en\/our-portfolio\/\">Our Portfolio<\/a><\/li><li id=\"menu-item-433\" class=\"menu-item menu-item-type-post_type menu-item-object-page menu-item-433\"><a href=\"https:\/\/www.aspilsan.com\/en\/media-center\/events\/\">Events<\/a><\/li><li id=\"menu-item-2517\" class=\"menu-item menu-item-type-post_type menu-item-object-page menu-item-2517\"><a href=\"https:\/\/www.aspilsan.com\/en\/media-center\/e-bulletin\/\">E-Bulletin<\/a><\/li><li id=\"menu-item-431\" class=\"menu-item menu-item-type-post_type menu-item-object-page menu-item-431\"><a href=\"https:\/\/www.aspilsan.com\/en\/media-center\/press-release\/\">Press Releases<\/a><\/li><li id=\"menu-item-1141\" class=\"menu-item menu-item-type-post_type menu-item-object-page menu-item-1141\"><a href=\"https:\/\/www.aspilsan.com\/en\/media-center\/news\/\">News<\/a><\/li><li id=\"menu-item-3813\" class=\"menu-item menu-item-type-post_type menu-item-object-page menu-item-3813\"><a href=\"https:\/\/www.aspilsan.com\/en\/media-center\/photo-gallery\/\">Photo Gallery<\/a><\/li><li id=\"menu-item-432\" class=\"menu-item menu-item-type-post_type menu-item-object-page menu-item-432\"><a href=\"https:\/\/www.aspilsan.com\/en\/media-center\/video-gallery\/\">Videos<\/a><\/li><li id=\"menu-item-464\" class=\"menu-item menu-item-type-post_type menu-item-object-page menu-item-464\"><a href=\"https:\/\/www.aspilsan.com\/en\/media-center\/corporate-identity\/\">Corporate Identity<\/a><\/li><\/ul><style>.us_menu_1 .menu>li{margin-right:1.5rem}.us_menu_1 .menu>li>a{color:var(--color-header-middle-bg)}.us_menu_1 .menu>.menu-item:not(.current-menu-item)>a:hover{color:var(--color-content-primary)}.us_menu_1 .menu>.current-menu-item>a{color:var(--color-content-primary)}@media ( max-width:600px ){.us_menu_1 .menu{display:block!important}.us_menu_1 .menu>li{margin:0 0 1.5rem}}<\/style><\/div><\/div><\/div><\/div><\/div><\/div><\/section><section class=\"l-section wpb_row height_small\"><div class=\"l-section-h i-cf\"><div class=\"g-cols vc_row type_default valign_top\"><div class=\"vc_col-sm-2 vc_hidden-sm vc_hidden-xs wpb_column vc_column_container\"><div class=\"vc_column-inner\"><div class=\"wpb_wrapper\"><div class=\"w-separator size_small\"><\/div><\/div><\/div><\/div><div class=\"vc_col-sm-8 wpb_column vc_column_container\"><div class=\"vc_column-inner\"><div class=\"wpb_wrapper\"><div class=\"w-slider us_custom_da1a9854 style_none fit_scaledown\"><div class=\"w-slider-h\"><div class=\"royalSlider\"><div class=\"rsContent\"><a class=\"rsImg\" data-rsw=\"1800\" data-rsh=\"1200\" data-rsbigimg=\"https:\/\/www.aspilsan.com\/wp-content\/uploads\/2022\/09\/DSCF6928.jpeg\" href=\"https:\/\/www.aspilsan.com\/wp-content\/uploads\/2022\/09\/DSCF6928.jpeg\"><span data-alt=\"\"><\/span><\/a><\/div><div class=\"rsContent\"><a class=\"rsImg\" data-rsw=\"1800\" data-rsh=\"1200\" data-rsbigimg=\"https:\/\/www.aspilsan.com\/wp-content\/uploads\/2022\/09\/DSCF6943.jpeg\" href=\"https:\/\/www.aspilsan.com\/wp-content\/uploads\/2022\/09\/DSCF6943.jpeg\"><span data-alt=\"\"><\/span><\/a><\/div><div class=\"rsContent\"><a class=\"rsImg\" data-rsw=\"1800\" data-rsh=\"1200\" data-rsbigimg=\"https:\/\/www.aspilsan.com\/wp-content\/uploads\/2022\/09\/DSCF6950.jpeg\" href=\"https:\/\/www.aspilsan.com\/wp-content\/uploads\/2022\/09\/DSCF6950.jpeg\"><span data-alt=\"\"><\/span><\/a><\/div><div class=\"rsContent\"><a class=\"rsImg\" data-rsw=\"1800\" data-rsh=\"1200\" data-rsbigimg=\"https:\/\/www.aspilsan.com\/wp-content\/uploads\/2022\/09\/DSCF6952.jpeg\" href=\"https:\/\/www.aspilsan.com\/wp-content\/uploads\/2022\/09\/DSCF6952.jpeg\"><span data-alt=\"\"><\/span><\/a><\/div><div class=\"rsContent\"><a class=\"rsImg\" data-rsw=\"1500\" data-rsh=\"1000\" data-rsbigimg=\"https:\/\/www.aspilsan.com\/wp-content\/uploads\/2022\/09\/DSCF5973.jpeg\" href=\"https:\/\/www.aspilsan.com\/wp-content\/uploads\/2022\/09\/DSCF5973.jpeg\"><span data-alt=\"\"><\/span><\/a><\/div><div class=\"rsContent\"><a class=\"rsImg\" data-rsw=\"1500\" data-rsh=\"1000\" data-rsbigimg=\"https:\/\/www.aspilsan.com\/wp-content\/uploads\/2022\/09\/DSCF5965.jpeg\" href=\"https:\/\/www.aspilsan.com\/wp-content\/uploads\/2022\/09\/DSCF5965.jpeg\"><span data-alt=\"\"><\/span><\/a><\/div><div class=\"rsContent\"><a class=\"rsImg\" data-rsw=\"1000\" data-rsh=\"666\" data-rsbigimg=\"https:\/\/www.aspilsan.com\/wp-content\/uploads\/2022\/09\/DSCF5964.jpeg\" href=\"https:\/\/www.aspilsan.com\/wp-content\/uploads\/2022\/09\/DSCF5964.jpeg\"><span data-alt=\"\"><\/span><\/a><\/div><div class=\"rsContent\"><a class=\"rsImg\" data-rsw=\"1800\" data-rsh=\"1200\" data-rsbigimg=\"https:\/\/www.aspilsan.com\/wp-content\/uploads\/2022\/09\/DSCF5944.jpeg\" href=\"https:\/\/www.aspilsan.com\/wp-content\/uploads\/2022\/09\/DSCF5944.jpeg\"><span data-alt=\"\"><\/span><\/a><\/div><div class=\"rsContent\"><a class=\"rsImg\" data-rsw=\"1500\" data-rsh=\"1000\" data-rsbigimg=\"https:\/\/www.aspilsan.com\/wp-content\/uploads\/2022\/09\/DSCF6033.jpeg\" href=\"https:\/\/www.aspilsan.com\/wp-content\/uploads\/2022\/09\/DSCF6033.jpeg\"><span data-alt=\"\"><\/span><\/a><\/div><div class=\"rsContent\"><a class=\"rsImg\" data-rsw=\"1500\" data-rsh=\"1206\" data-rsbigimg=\"https:\/\/www.aspilsan.com\/wp-content\/uploads\/2022\/09\/DSCF6079.jpeg\" href=\"https:\/\/www.aspilsan.com\/wp-content\/uploads\/2022\/09\/DSCF6079.jpeg\"><span data-alt=\"\"><\/span><\/a><\/div><div class=\"rsContent\"><a class=\"rsImg\" data-rsw=\"1500\" data-rsh=\"1000\" data-rsbigimg=\"https:\/\/www.aspilsan.com\/wp-content\/uploads\/2022\/09\/DSCF6065.jpeg\" href=\"https:\/\/www.aspilsan.com\/wp-content\/uploads\/2022\/09\/DSCF6065.jpeg\"><span data-alt=\"\"><\/span><\/a><\/div><div class=\"rsContent\"><a class=\"rsImg\" data-rsw=\"1500\" data-rsh=\"1000\" data-rsbigimg=\"https:\/\/www.aspilsan.com\/wp-content\/uploads\/2022\/09\/DSCF6010.jpeg\" href=\"https:\/\/www.aspilsan.com\/wp-content\/uploads\/2022\/09\/DSCF6010.jpeg\"><span data-alt=\"\"><\/span><\/a><\/div><div class=\"rsContent\"><a class=\"rsImg\" data-rsw=\"1800\" data-rsh=\"1243\" data-rsbigimg=\"https:\/\/www.aspilsan.com\/wp-content\/uploads\/2022\/09\/DSCF6094.jpeg\" href=\"https:\/\/www.aspilsan.com\/wp-content\/uploads\/2022\/09\/DSCF6094.jpeg\"><span data-alt=\"\"><\/span><\/a><\/div><div class=\"rsContent\"><a class=\"rsImg\" data-rsw=\"1800\" data-rsh=\"1012\" data-rsbigimg=\"https:\/\/www.aspilsan.com\/wp-content\/uploads\/2022\/09\/DSCF6491.jpeg\" href=\"https:\/\/www.aspilsan.com\/wp-content\/uploads\/2022\/09\/DSCF6491.jpeg\"><span data-alt=\"\"><\/span><\/a><\/div><div class=\"rsContent\"><a class=\"rsImg\" data-rsw=\"1800\" data-rsh=\"1200\" data-rsbigimg=\"https:\/\/www.aspilsan.com\/wp-content\/uploads\/2022\/09\/DSCF6469.jpeg\" href=\"https:\/\/www.aspilsan.com\/wp-content\/uploads\/2022\/09\/DSCF6469.jpeg\"><span data-alt=\"\"><\/span><\/a><\/div><div class=\"rsContent\"><a class=\"rsImg\" data-rsw=\"1800\" data-rsh=\"1200\" data-rsbigimg=\"https:\/\/www.aspilsan.com\/wp-content\/uploads\/2022\/09\/DSCF6931.jpeg\" href=\"https:\/\/www.aspilsan.com\/wp-content\/uploads\/2022\/09\/DSCF6931.jpeg\"><span data-alt=\"\"><\/span><\/a><\/div><div class=\"rsContent\"><a class=\"rsImg\" data-rsw=\"1800\" data-rsh=\"1526\" data-rsbigimg=\"https:\/\/www.aspilsan.com\/wp-content\/uploads\/2022\/09\/DSCF6941.jpeg\" href=\"https:\/\/www.aspilsan.com\/wp-content\/uploads\/2022\/09\/DSCF6941.jpeg\"><span data-alt=\"\"><\/span><\/a><\/div><div class=\"rsContent\"><a class=\"rsImg\" data-rsw=\"2560\" data-rsh=\"1437\" data-rsbigimg=\"https:\/\/www.aspilsan.com\/wp-content\/uploads\/2022\/09\/DJI_0180-scaled.jpeg\" href=\"https:\/\/www.aspilsan.com\/wp-content\/uploads\/2022\/09\/DJI_0180-scaled.jpeg\"><span data-alt=\"\"><\/span><\/a><\/div><\/div><img decoding=\"async\" src=\"https:\/\/www.aspilsan.com\/wp-content\/uploads\/2022\/09\/DSCF6928.jpeg\" width=\"1800\" height=\"1200\" alt loading=\"lazy\"><\/div><div class=\"w-slider-json\" onclick='return {&quot;loop&quot;:true,&quot;fadeInLoadedSlide&quot;:false,&quot;slidesSpacing&quot;:0,&quot;imageScalePadding&quot;:0,&quot;numImagesToPreload&quot;:2,&quot;arrowsNav&quot;:true,&quot;arrowsNavAutoHide&quot;:false,&quot;transitionType&quot;:&quot;move&quot;,&quot;transitionSpeed&quot;:300,&quot;block&quot;:{&quot;moveEffect&quot;:&quot;none&quot;,&quot;speed&quot;:300},&quot;controlNavigation&quot;:&quot;none&quot;,&quot;fullscreen&quot;:{&quot;enabled&quot;:true},&quot;imageScaleMode&quot;:&quot;fit-if-smaller&quot;,&quot;autoScaleSlider&quot;:true,&quot;autoScaleSliderWidth&quot;:1800,&quot;autoScaleSliderHeight&quot;:1200,&quot;fitInViewport&quot;:false}'><\/div><\/div><\/div><\/div><\/div><div class=\"vc_col-sm-2 wpb_column vc_column_container\"><div class=\"vc_column-inner\"><div class=\"wpb_wrapper\"><\/div><\/div><\/div><\/div><\/div><\/section>","protected":false},"excerpt":{"rendered":"KataloglarBro\u015f\u00fcrlerPortf\u00f6y\u00fcm\u00fczEtkinliklerE-B\u00fcltenHaberlerBas\u0131nda BizFoto\u011fraf GaleriVideo GaleriKurumsal Kimlik","protected":false},"author":4,"featured_media":0,"parent":28,"menu_order":2,"comment_status":"closed","ping_status":"closed","template":"","meta":{"om_disable_all_campaigns":false,"_mi_skip_tracking":false,"_themeisle_gutenberg_block_has_review":false,"footnotes":""},"class_list":["post-3772","page","type-page","status-publish","hentry"],"aioseo_notices":[],"yoast_head":"<!-- This site is optimized with the Yoast SEO plugin v20.5 - https:\/\/yoast.com\/wordpress\/plugins\/seo\/ -->\n<title>Foto\u011fraf Galeri - ASP\u0130LSAN<\/title>\n<meta name=\"robots\" content=\"index, follow, max-snippet:-1, max-image-preview:large, max-video-preview:-1\" \/>\n<link rel=\"canonical\" href=\"https:\/\/www.aspilsan.com\/en\/media-center\/photo-gallery\/\" \/>\n<meta property=\"og:locale\" content=\"en_US\" \/>\n<meta property=\"og:type\" content=\"article\" \/>\n<meta property=\"og:title\" content=\"Foto\u011fraf Galeri - ASP\u0130LSAN\" \/>\n<meta property=\"og:url\" content=\"https:\/\/www.aspilsan.com\/en\/media-center\/photo-gallery\/\" \/>\n<meta property=\"og:site_name\" content=\"ASP\u0130LSAN\" \/>\n<meta property=\"article:publisher\" content=\"https:\/\/www.facebook.com\/people\/Aspilsan\/100028422177074\/\" \/>\n<meta name=\"twitter:card\" content=\"summary_large_image\" \/>\n<meta name=\"twitter:site\" content=\"@aspilsan_enerji\" \/>\n<script type=\"application\/ld+json\" class=\"yoast-schema-graph\">{\"@context\":\"https:\/\/schema.org\",\"@graph\":[{\"@type\":\"WebPage\",\"@id\":\"https:\/\/www.aspilsan.com\/medya-merkezi\/foto-galeri\/\",\"url\":\"https:\/\/www.aspilsan.com\/medya-merkezi\/foto-galeri\/\",\"name\":\"Foto\u011fraf Galeri - ASP\u0130LSAN\",\"isPartOf\":{\"@id\":\"https:\/\/www.aspilsan.com\/#website\"},\"datePublished\":\"2022-09-01T08:38:42+00:00\",\"dateModified\":\"2022-09-01T08:38:42+00:00\",\"breadcrumb\":{\"@id\":\"https:\/\/www.aspilsan.com\/medya-merkezi\/foto-galeri\/#breadcrumb\"},\"inLanguage\":\"en-US\",\"potentialAction\":[{\"@type\":\"ReadAction\",\"target\":[\"https:\/\/www.aspilsan.com\/medya-merkezi\/foto-galeri\/\"]}]},{\"@type\":\"BreadcrumbList\",\"@id\":\"https:\/\/www.aspilsan.com\/medya-merkezi\/foto-galeri\/#breadcrumb\",\"itemListElement\":[{\"@type\":\"ListItem\",\"position\":1,\"name\":\"Anasayfa\",\"item\":\"https:\/\/www.aspilsan.com\/\"},{\"@type\":\"ListItem\",\"position\":2,\"name\":\"Medya Merkezi\",\"item\":\"https:\/\/www.aspilsan.com\/en\/medya-merkezi\/\"},{\"@type\":\"ListItem\",\"position\":3,\"name\":\"Foto\u011fraf Galeri\"}]},{\"@type\":\"WebSite\",\"@id\":\"https:\/\/www.aspilsan.com\/#website\",\"url\":\"https:\/\/www.aspilsan.com\/\",\"name\":\"ASP\u0130LSAN\",\"description\":\"Teknolojinin Enerjisi\",\"publisher\":{\"@id\":\"https:\/\/www.aspilsan.com\/#organization\"},\"potentialAction\":[{\"@type\":\"SearchAction\",\"target\":{\"@type\":\"EntryPoint\",\"urlTemplate\":\"https:\/\/www.aspilsan.com\/?s={search_term_string}\"},\"query-input\":\"required name=search_term_string\"}],\"inLanguage\":\"en-US\"},{\"@type\":\"Organization\",\"@id\":\"https:\/\/www.aspilsan.com\/#organization\",\"name\":\"ASP\u0130LSAN\",\"url\":\"https:\/\/www.aspilsan.com\/\",\"logo\":{\"@type\":\"ImageObject\",\"inLanguage\":\"en-US\",\"@id\":\"https:\/\/www.aspilsan.com\/#\/schema\/logo\/image\/\",\"url\":\"https:\/\/www.aspilsan.com\/wp-content\/uploads\/2022\/03\/Aspilsan-Logo-300px.png\",\"contentUrl\":\"https:\/\/www.aspilsan.com\/wp-content\/uploads\/2022\/03\/Aspilsan-Logo-300px.png\",\"width\":300,\"height\":56,\"caption\":\"ASP\u0130LSAN\"},\"image\":{\"@id\":\"https:\/\/www.aspilsan.com\/#\/schema\/logo\/image\/\"},\"sameAs\":[\"https:\/\/www.facebook.com\/people\/Aspilsan\/100028422177074\/\",\"https:\/\/twitter.com\/aspilsan_enerji\",\"https:\/\/www.instagram.com\/aspilsanenerji\",\"https:\/\/www.linkedin.com\/company\/aspilsan\"]}]}<\/script>\n<!-- \/ Yoast SEO plugin. -->","yoast_head_json":{"title":"Foto\u011fraf Galeri - ASP\u0130LSAN","robots":{"index":"index","follow":"follow","max-snippet":"max-snippet:-1","max-image-preview":"max-image-preview:large","max-video-preview":"max-video-preview:-1"},"canonical":"https:\/\/www.aspilsan.com\/en\/media-center\/photo-gallery\/","og_locale":"en_US","og_type":"article","og_title":"Foto\u011fraf Galeri - ASP\u0130LSAN","og_url":"https:\/\/www.aspilsan.com\/en\/media-center\/photo-gallery\/","og_site_name":"ASP\u0130LSAN","article_publisher":"https:\/\/www.facebook.com\/people\/Aspilsan\/100028422177074\/","twitter_card":"summary_large_image","twitter_site":"@aspilsan_enerji","schema":{"@context":"https:\/\/schema.org","@graph":[{"@type":"WebPage","@id":"https:\/\/www.aspilsan.com\/medya-merkezi\/foto-galeri\/","url":"https:\/\/www.aspilsan.com\/medya-merkezi\/foto-galeri\/","name":"Foto\u011fraf Galeri - ASP\u0130LSAN","isPartOf":{"@id":"https:\/\/www.aspilsan.com\/#website"},"datePublished":"2022-09-01T08:38:42+00:00","dateModified":"2022-09-01T08:38:42+00:00","breadcrumb":{"@id":"https:\/\/www.aspilsan.com\/medya-merkezi\/foto-galeri\/#breadcrumb"},"inLanguage":"en-US","potentialAction":[{"@type":"ReadAction","target":["https:\/\/www.aspilsan.com\/medya-merkezi\/foto-galeri\/"]}]},{"@type":"BreadcrumbList","@id":"https:\/\/www.aspilsan.com\/medya-merkezi\/foto-galeri\/#breadcrumb","itemListElement":[{"@type":"ListItem","position":1,"name":"Anasayfa","item":"https:\/\/www.aspilsan.com\/"},{"@type":"ListItem","position":2,"name":"Medya Merkezi","item":"https:\/\/www.aspilsan.com\/en\/medya-merkezi\/"},{"@type":"ListItem","position":3,"name":"Foto\u011fraf Galeri"}]},{"@type":"WebSite","@id":"https:\/\/www.aspilsan.com\/#website","url":"https:\/\/www.aspilsan.com\/","name":"ASP\u0130LSAN","description":"Teknolojinin Enerjisi","publisher":{"@id":"https:\/\/www.aspilsan.com\/#organization"},"potentialAction":[{"@type":"SearchAction","target":{"@type":"EntryPoint","urlTemplate":"https:\/\/www.aspilsan.com\/?s={search_term_string}"},"query-input":"required name=search_term_string"}],"inLanguage":"en-US"},{"@type":"Organization","@id":"https:\/\/www.aspilsan.com\/#organization","name":"ASP\u0130LSAN","url":"https:\/\/www.aspilsan.com\/","logo":{"@type":"ImageObject","inLanguage":"en-US","@id":"https:\/\/www.aspilsan.com\/#\/schema\/logo\/image\/","url":"https:\/\/www.aspilsan.com\/wp-content\/uploads\/2022\/03\/Aspilsan-Logo-300px.png","contentUrl":"https:\/\/www.aspilsan.com\/wp-content\/uploads\/2022\/03\/Aspilsan-Logo-300px.png","width":300,"height":56,"caption":"ASP\u0130LSAN"},"image":{"@id":"https:\/\/www.aspilsan.com\/#\/schema\/logo\/image\/"},"sameAs":["https:\/\/www.facebook.com\/people\/Aspilsan\/100028422177074\/","https:\/\/twitter.com\/aspilsan_enerji","https:\/\/www.instagram.com\/aspilsanenerji","https:\/\/www.linkedin.com\/company\/aspilsan"]}]}},"acf":[],"_links":{"self":[{"href":"https:\/\/www.aspilsan.com\/en\/wp-json\/wp\/v2\/pages\/3772","targetHints":{"allow":["GET"]}}],"collection":[{"href":"https:\/\/www.aspilsan.com\/en\/wp-json\/wp\/v2\/pages"}],"about":[{"href":"https:\/\/www.aspilsan.com\/en\/wp-json\/wp\/v2\/types\/page"}],"author":[{"embeddable":true,"href":"https:\/\/www.aspilsan.com\/en\/wp-json\/wp\/v2\/users\/4"}],"replies":[{"embeddable":true,"href":"https:\/\/www.aspilsan.com\/en\/wp-json\/wp\/v2\/comments?post=3772"}],"version-history":[{"count":1,"href":"https:\/\/www.aspilsan.com\/en\/wp-json\/wp\/v2\/pages\/3772\/revisions"}],"predecessor-version":[{"id":3809,"href":"https:\/\/www.aspilsan.com\/en\/wp-json\/wp\/v2\/pages\/3772\/revisions\/3809"}],"up":[{"embeddable":true,"href":"https:\/\/www.aspilsan.com\/en\/wp-json\/wp\/v2\/pages\/28"}],"wp:attachment":[{"href":"https:\/\/www.aspilsan.com\/en\/wp-json\/wp\/v2\/media?parent=3772"}],"curies":[{"name":"wp","href":"https:\/\/api.w.org\/{rel}","templated":true}]}}