{"id":38,"date":"2021-04-22T18:04:30","date_gmt":"2021-04-22T15:04:30","guid":{"rendered":"https:\/\/www.aspilsan.com\/?page_id=38"},"modified":"2026-01-07T16:47:49","modified_gmt":"2026-01-07T13:47:49","slug":"yonetim","status":"publish","type":"page","link":"https:\/\/www.aspilsan.com\/en\/corporate\/management\/","title":{"rendered":"Management"},"content":{"rendered":"<section class=\"l-section wpb_row height_medium\"><div class=\"l-section-h i-cf\"><div class=\"g-cols vc_row type_default valign_bottom\"><div class=\"vc_col-sm-12 wpb_column vc_column_container\"><div class=\"vc_column-inner\"><div class=\"wpb_wrapper\"><div class=\"wpb_text_column\" ><div class=\"wpb_wrapper\"><p><strong>ASP\u0130LSAN ENERJ\u0130 INDUSTRY AND TRADE INC. BOARD OF DIRECTORS<\/strong><\/p>\n<\/div><\/div><\/div><\/div><\/div><\/div><\/div><\/section><section class=\"l-section wpb_row height_auto\"><div class=\"l-section-h i-cf\"><div class=\"g-cols vc_row type_default valign_top\"><div class=\"vc_col-sm-1\/5 wpb_column vc_column_container\"><div class=\"vc_column-inner\"><div class=\"wpb_wrapper\"><div class=\"w-image style_outlined has_ratio align_none\"><div class=\"w-image-h\"><div style=\"padding-bottom:133.3333%\"><\/div><img loading=\"lazy\" decoding=\"async\" width=\"363\" height=\"433\" src=\"https:\/\/www.aspilsan.com\/wp-content\/uploads\/2023\/11\/Artboard_1_copy_3.png\" class=\"attachment-large size-large\" alt=\"\" srcset=\"https:\/\/www.aspilsan.com\/wp-content\/uploads\/2023\/11\/Artboard_1_copy_3.png 363w, https:\/\/www.aspilsan.com\/wp-content\/uploads\/2023\/11\/Artboard_1_copy_3-335x400.png 335w, https:\/\/www.aspilsan.com\/wp-content\/uploads\/2023\/11\/Artboard_1_copy_3-10x12.png 10w, https:\/\/www.aspilsan.com\/wp-content\/uploads\/2023\/11\/Artboard_1_copy_3-252x300.png 252w, https:\/\/www.aspilsan.com\/wp-content\/uploads\/2023\/11\/Artboard_1_copy_3-168x200.png 168w, https:\/\/www.aspilsan.com\/wp-content\/uploads\/2023\/11\/Artboard_1_copy_3-84x100.png 84w, https:\/\/www.aspilsan.com\/wp-content\/uploads\/2023\/11\/Artboard_1_copy_3-75x90.png 75w, https:\/\/www.aspilsan.com\/wp-content\/uploads\/2023\/11\/Artboard_1_copy_3-159x190.png 159w, https:\/\/www.aspilsan.com\/wp-content\/uploads\/2023\/11\/Artboard_1_copy_3-109x130.png 109w\" sizes=\"auto, (max-width: 363px) 100vw, 363px\" \/><\/div><\/div><div class=\"w-separator size_small with_line width_default thick_1 style_solid color_border align_center\"><div class=\"w-separator-h\"><\/div><\/div><div class=\"wpb_text_column\" ><div class=\"wpb_wrapper\"><p><strong>Chairman:<\/strong><br \/>\nEbubekir KO\u00c7<\/p>\n<\/div><\/div><div class=\"w-separator size_small\"><\/div><\/div><\/div><\/div><div class=\"vc_col-sm-1\/5 wpb_column vc_column_container\"><div class=\"vc_column-inner\"><div class=\"wpb_wrapper\"><div class=\"w-image style_outlined has_ratio align_none\"><div class=\"w-image-h\"><div style=\"padding-bottom:133.3333%\"><\/div><img loading=\"lazy\" decoding=\"async\" width=\"363\" height=\"433\" src=\"https:\/\/www.aspilsan.com\/wp-content\/uploads\/2023\/11\/Artboard_1_copy_7.png\" class=\"attachment-large size-large\" alt=\"\" srcset=\"https:\/\/www.aspilsan.com\/wp-content\/uploads\/2023\/11\/Artboard_1_copy_7.png 363w, https:\/\/www.aspilsan.com\/wp-content\/uploads\/2023\/11\/Artboard_1_copy_7-335x400.png 335w, https:\/\/www.aspilsan.com\/wp-content\/uploads\/2023\/11\/Artboard_1_copy_7-10x12.png 10w, https:\/\/www.aspilsan.com\/wp-content\/uploads\/2023\/11\/Artboard_1_copy_7-252x300.png 252w, https:\/\/www.aspilsan.com\/wp-content\/uploads\/2023\/11\/Artboard_1_copy_7-168x200.png 168w, https:\/\/www.aspilsan.com\/wp-content\/uploads\/2023\/11\/Artboard_1_copy_7-84x100.png 84w, https:\/\/www.aspilsan.com\/wp-content\/uploads\/2023\/11\/Artboard_1_copy_7-75x90.png 75w, https:\/\/www.aspilsan.com\/wp-content\/uploads\/2023\/11\/Artboard_1_copy_7-159x190.png 159w, https:\/\/www.aspilsan.com\/wp-content\/uploads\/2023\/11\/Artboard_1_copy_7-109x130.png 109w\" sizes=\"auto, (max-width: 363px) 100vw, 363px\" \/><\/div><\/div><div class=\"w-separator size_small with_line width_default thick_1 style_solid color_border align_center\"><div class=\"w-separator-h\"><\/div><\/div><div class=\"wpb_text_column\" ><div class=\"wpb_wrapper\"><p><strong>Deputy Chairman:<\/strong><br \/>\nProf. Ebru MEN\u015eUR<\/p>\n<\/div><\/div><div class=\"w-separator size_small\"><\/div><div class=\"w-btn-wrapper width_auto align_center\"><a class=\"w-btn us-btn-style_2 us_custom_1b04de86\" href=\"https:\/\/www.aspilsan.com\/wp-content\/uploads\/2025\/11\/Prof.-Dr.-Ebru-MENSUR-CV.pdf\"><span class=\"w-btn-label\">CV<\/span><\/a><\/div><\/div><\/div><\/div><div class=\"vc_col-sm-1\/5 wpb_column vc_column_container\"><div class=\"vc_column-inner\"><div class=\"wpb_wrapper\"><div class=\"w-image style_outlined has_ratio align_none\"><div class=\"w-image-h\"><div style=\"padding-bottom:133.3333%\"><\/div><img loading=\"lazy\" decoding=\"async\" width=\"363\" height=\"433\" src=\"https:\/\/www.aspilsan.com\/wp-content\/uploads\/2024\/06\/aspilsan-YK-uyeleri-web-foto-Fatih-BOZ.jpg\" class=\"attachment-large size-large\" alt=\"\" srcset=\"https:\/\/www.aspilsan.com\/wp-content\/uploads\/2024\/06\/aspilsan-YK-uyeleri-web-foto-Fatih-BOZ.jpg 363w, https:\/\/www.aspilsan.com\/wp-content\/uploads\/2024\/06\/aspilsan-YK-uyeleri-web-foto-Fatih-BOZ-335x400.jpg 335w, https:\/\/www.aspilsan.com\/wp-content\/uploads\/2024\/06\/aspilsan-YK-uyeleri-web-foto-Fatih-BOZ-10x12.jpg 10w, https:\/\/www.aspilsan.com\/wp-content\/uploads\/2024\/06\/aspilsan-YK-uyeleri-web-foto-Fatih-BOZ-252x300.jpg 252w, https:\/\/www.aspilsan.com\/wp-content\/uploads\/2024\/06\/aspilsan-YK-uyeleri-web-foto-Fatih-BOZ-168x200.jpg 168w, https:\/\/www.aspilsan.com\/wp-content\/uploads\/2024\/06\/aspilsan-YK-uyeleri-web-foto-Fatih-BOZ-84x100.jpg 84w, https:\/\/www.aspilsan.com\/wp-content\/uploads\/2024\/06\/aspilsan-YK-uyeleri-web-foto-Fatih-BOZ-75x90.jpg 75w, https:\/\/www.aspilsan.com\/wp-content\/uploads\/2024\/06\/aspilsan-YK-uyeleri-web-foto-Fatih-BOZ-159x190.jpg 159w, https:\/\/www.aspilsan.com\/wp-content\/uploads\/2024\/06\/aspilsan-YK-uyeleri-web-foto-Fatih-BOZ-109x130.jpg 109w\" sizes=\"auto, (max-width: 363px) 100vw, 363px\" \/><\/div><\/div><div class=\"w-separator size_small with_line width_default thick_1 style_solid color_border align_center\"><div class=\"w-separator-h\"><\/div><\/div><div class=\"wpb_text_column\" ><div class=\"wpb_wrapper\"><p><strong>Board Member:<\/strong><br \/>\nFatih BOZ<\/p>\n<\/div><\/div><div class=\"w-separator size_small\"><\/div><div class=\"w-separator size_small\"><\/div><div class=\"w-btn-wrapper width_auto align_center\"><a class=\"w-btn us-btn-style_2 us_custom_1b04de86\" href=\"https:\/\/www.aspilsan.com\/wp-content\/uploads\/2025\/10\/Fatih-BOZ-CV.pdf\"><span class=\"w-btn-label\">CV<\/span><\/a><\/div><\/div><\/div><\/div><div class=\"vc_col-sm-1\/5 wpb_column vc_column_container\"><div class=\"vc_column-inner\"><div class=\"wpb_wrapper\"><div class=\"w-image style_outlined has_ratio align_none\"><div class=\"w-image-h\"><div style=\"padding-bottom:133.3333%\"><\/div><img loading=\"lazy\" decoding=\"async\" width=\"363\" height=\"433\" src=\"https:\/\/www.aspilsan.com\/wp-content\/uploads\/2024\/06\/Hakan-Saar.jpg\" class=\"attachment-large size-large\" alt=\"\" srcset=\"https:\/\/www.aspilsan.com\/wp-content\/uploads\/2024\/06\/Hakan-Saar.jpg 363w, https:\/\/www.aspilsan.com\/wp-content\/uploads\/2024\/06\/Hakan-Saar-335x400.jpg 335w, https:\/\/www.aspilsan.com\/wp-content\/uploads\/2024\/06\/Hakan-Saar-10x12.jpg 10w, https:\/\/www.aspilsan.com\/wp-content\/uploads\/2024\/06\/Hakan-Saar-252x300.jpg 252w, https:\/\/www.aspilsan.com\/wp-content\/uploads\/2024\/06\/Hakan-Saar-168x200.jpg 168w, https:\/\/www.aspilsan.com\/wp-content\/uploads\/2024\/06\/Hakan-Saar-84x100.jpg 84w, https:\/\/www.aspilsan.com\/wp-content\/uploads\/2024\/06\/Hakan-Saar-75x90.jpg 75w, https:\/\/www.aspilsan.com\/wp-content\/uploads\/2024\/06\/Hakan-Saar-159x190.jpg 159w, https:\/\/www.aspilsan.com\/wp-content\/uploads\/2024\/06\/Hakan-Saar-109x130.jpg 109w\" sizes=\"auto, (max-width: 363px) 100vw, 363px\" \/><\/div><\/div><div class=\"w-separator size_small with_line width_default thick_1 style_solid color_border align_center\"><div class=\"w-separator-h\"><\/div><\/div><div class=\"wpb_text_column\" ><div class=\"wpb_wrapper\"><p><strong>Board Member:<\/strong><br \/>\nHakan SAAR<\/p>\n<\/div><\/div><div class=\"w-separator size_small\"><\/div><div class=\"w-separator size_small\"><\/div><div class=\"w-btn-wrapper width_auto align_center\"><a class=\"w-btn us-btn-style_2 us_custom_1b04de86\" href=\"https:\/\/www.aspilsan.com\/wp-content\/uploads\/2024\/06\/Hakan-SAAR-CV.pdf\"><span class=\"w-btn-label\">CV<\/span><\/a><\/div><\/div><\/div><\/div><div class=\"vc_col-sm-1\/5 wpb_column vc_column_container\"><div class=\"vc_column-inner\"><div class=\"wpb_wrapper\"><div class=\"w-image style_outlined has_ratio align_none\"><div class=\"w-image-h\"><div style=\"padding-bottom:133.3333%\"><\/div><img loading=\"lazy\" decoding=\"async\" width=\"363\" height=\"433\" src=\"https:\/\/www.aspilsan.com\/wp-content\/uploads\/2023\/11\/Artboard_1_copy_5.png\" class=\"attachment-large size-large\" alt=\"\" srcset=\"https:\/\/www.aspilsan.com\/wp-content\/uploads\/2023\/11\/Artboard_1_copy_5.png 363w, https:\/\/www.aspilsan.com\/wp-content\/uploads\/2023\/11\/Artboard_1_copy_5-335x400.png 335w, https:\/\/www.aspilsan.com\/wp-content\/uploads\/2023\/11\/Artboard_1_copy_5-10x12.png 10w, https:\/\/www.aspilsan.com\/wp-content\/uploads\/2023\/11\/Artboard_1_copy_5-252x300.png 252w, https:\/\/www.aspilsan.com\/wp-content\/uploads\/2023\/11\/Artboard_1_copy_5-168x200.png 168w, https:\/\/www.aspilsan.com\/wp-content\/uploads\/2023\/11\/Artboard_1_copy_5-84x100.png 84w, https:\/\/www.aspilsan.com\/wp-content\/uploads\/2023\/11\/Artboard_1_copy_5-75x90.png 75w, https:\/\/www.aspilsan.com\/wp-content\/uploads\/2023\/11\/Artboard_1_copy_5-159x190.png 159w, https:\/\/www.aspilsan.com\/wp-content\/uploads\/2023\/11\/Artboard_1_copy_5-109x130.png 109w\" sizes=\"auto, (max-width: 363px) 100vw, 363px\" \/><\/div><\/div><div class=\"w-separator size_small with_line width_default thick_1 style_solid color_border align_center\"><div class=\"w-separator-h\"><\/div><\/div><div class=\"wpb_text_column\" ><div class=\"wpb_wrapper\"><p><strong>Board Member:<\/strong><br \/>\nAssoc. Prof. Mehmet Nurullah ATE\u015e<\/p>\n<\/div><\/div><div class=\"w-separator size_small\"><\/div><div class=\"w-btn-wrapper width_auto align_center\"><a class=\"w-btn us-btn-style_2 us_custom_1b04de86\" href=\"https:\/\/www.aspilsan.com\/wp-content\/uploads\/2024\/06\/Mehmet-Nurullah-ATES-CV.pdf\"><span class=\"w-btn-label\">CV<\/span><\/a><\/div><\/div><\/div><\/div><\/div><\/div><\/section><section class=\"l-section wpb_row height_medium\"><div class=\"l-section-h i-cf\"><div class=\"g-cols vc_row type_default valign_top\"><div class=\"vc_col-sm-12 wpb_column vc_column_container\"><div class=\"vc_column-inner\"><div class=\"wpb_wrapper\"><div class=\"wpb_text_column\" ><div class=\"wpb_wrapper\"><p><strong>ASP\u0130LSAN ENERJ\u0130 INDUSTRY AND TRADE INC. GENERAL MANAGER <\/strong><\/p>\n<\/div><\/div><\/div><\/div><\/div><\/div><\/div><\/section><section class=\"l-section wpb_row height_auto\"><div class=\"l-section-h i-cf\"><div class=\"g-cols vc_row type_default valign_top\"><div class=\"vc_col-sm-1\/5 wpb_column vc_column_container\"><div class=\"vc_column-inner\"><div class=\"wpb_wrapper\"><div class=\"w-image style_outlined has_ratio align_none\"><div class=\"w-image-h\"><div style=\"padding-bottom:133.3333%\"><\/div><img loading=\"lazy\" decoding=\"async\" width=\"363\" height=\"433\" src=\"https:\/\/www.aspilsan.com\/wp-content\/uploads\/2023\/11\/Artboard_1_copy_4.png\" class=\"attachment-large size-large\" alt=\"\" srcset=\"https:\/\/www.aspilsan.com\/wp-content\/uploads\/2023\/11\/Artboard_1_copy_4.png 363w, https:\/\/www.aspilsan.com\/wp-content\/uploads\/2023\/11\/Artboard_1_copy_4-335x400.png 335w, https:\/\/www.aspilsan.com\/wp-content\/uploads\/2023\/11\/Artboard_1_copy_4-10x12.png 10w, https:\/\/www.aspilsan.com\/wp-content\/uploads\/2023\/11\/Artboard_1_copy_4-252x300.png 252w, https:\/\/www.aspilsan.com\/wp-content\/uploads\/2023\/11\/Artboard_1_copy_4-168x200.png 168w, https:\/\/www.aspilsan.com\/wp-content\/uploads\/2023\/11\/Artboard_1_copy_4-84x100.png 84w, https:\/\/www.aspilsan.com\/wp-content\/uploads\/2023\/11\/Artboard_1_copy_4-75x90.png 75w, https:\/\/www.aspilsan.com\/wp-content\/uploads\/2023\/11\/Artboard_1_copy_4-159x190.png 159w, https:\/\/www.aspilsan.com\/wp-content\/uploads\/2023\/11\/Artboard_1_copy_4-109x130.png 109w\" sizes=\"auto, (max-width: 363px) 100vw, 363px\" \/><\/div><\/div><div class=\"w-separator size_small with_line width_default thick_1 style_solid color_border align_center\"><div class=\"w-separator-h\"><\/div><\/div><div class=\"wpb_text_column\" ><div class=\"wpb_wrapper\"><p><strong>General Manager<\/strong><br \/>\nProf. Dr. Ahmet Turan \u00d6ZDEM\u0130R<\/p>\n<\/div><\/div><div class=\"w-separator size_small\"><\/div><div class=\"w-btn-wrapper width_auto align_center\"><a class=\"w-btn us-btn-style_2 us_custom_1b04de86\" href=\"https:\/\/www.aspilsan.com\/wp-content\/uploads\/2024\/06\/Prof.-Dr.-Ahmet-Turan-OZDEMIR-CV.pdf\"><span class=\"w-btn-label\">CV<\/span><\/a><\/div><\/div><\/div><\/div><div class=\"vc_col-sm-1\/5 wpb_column vc_column_container\"><div class=\"vc_column-inner\"><div class=\"wpb_wrapper\"><\/div><\/div><\/div><div class=\"vc_col-sm-1\/5 wpb_column vc_column_container\"><div class=\"vc_column-inner\"><div class=\"wpb_wrapper\"><\/div><\/div><\/div><div class=\"vc_col-sm-1\/5 wpb_column vc_column_container\"><div class=\"vc_column-inner\"><div class=\"wpb_wrapper\"><\/div><\/div><\/div><div class=\"vc_col-sm-1\/5 wpb_column vc_column_container\"><div class=\"vc_column-inner\"><div class=\"wpb_wrapper\"><\/div><\/div><\/div><\/div><\/div><\/section>","protected":false},"excerpt":{"rendered":"ASP\u0130LSAN ENERJ\u0130 SANAY\u0130 VE T\u0130CARET A.\u015e. Y\u00d6NET\u0130M KURULU Y\u00f6netim Kurulu Ba\u015fkan\u0131: Ebubekir KO\u00c7 Y\u00f6netim Kurulu Ba\u015fkan Vekili: Prof. Dr. Ebru MEN\u015eUR \u00d6zge\u00e7mi\u015fY\u00f6netim Kurulu \u00dcyesi: Fatih BOZ \u00d6zge\u00e7mi\u015fY\u00f6netim Kurulu \u00dcyesi: Hakan SAAR \u00d6zge\u00e7mi\u015fY\u00f6netim Kurulu \u00dcyesi: Do\u00e7. Dr. Mehmet Nurullah ATE\u015e \u00d6zge\u00e7mi\u015fASP\u0130LSAN ENERJ\u0130 SANAY\u0130 VE T\u0130CARET A.\u015e. GENEL M\u00dcD\u00dcR\u00dc Genel M\u00fcd\u00fcr: Prof. Dr. Ahmet Turan \u00d6ZDEM\u0130R \u00d6zge\u00e7mi\u015f","protected":false},"author":1,"featured_media":0,"parent":32,"menu_order":1,"comment_status":"closed","ping_status":"closed","template":"","meta":{"om_disable_all_campaigns":false,"_mi_skip_tracking":false,"_themeisle_gutenberg_block_has_review":false,"footnotes":""},"class_list":["post-38","page","type-page","status-publish","hentry"],"aioseo_notices":[],"yoast_head":"<!-- This site is optimized with the Yoast SEO plugin v20.5 - https:\/\/yoast.com\/wordpress\/plugins\/seo\/ -->\n<title>Y\u00f6netim - ASP\u0130LSAN<\/title>\n<meta name=\"robots\" content=\"index, follow, max-snippet:-1, max-image-preview:large, max-video-preview:-1\" \/>\n<link rel=\"canonical\" href=\"https:\/\/www.aspilsan.com\/en\/corporate\/management\/\" \/>\n<meta property=\"og:locale\" content=\"en_US\" \/>\n<meta property=\"og:type\" content=\"article\" \/>\n<meta property=\"og:title\" content=\"Y\u00f6netim - ASP\u0130LSAN\" \/>\n<meta property=\"og:url\" content=\"https:\/\/www.aspilsan.com\/en\/corporate\/management\/\" \/>\n<meta property=\"og:site_name\" content=\"ASP\u0130LSAN\" \/>\n<meta property=\"article:publisher\" content=\"https:\/\/www.facebook.com\/people\/Aspilsan\/100028422177074\/\" \/>\n<meta property=\"article:modified_time\" content=\"2026-01-07T13:47:49+00:00\" \/>\n<meta name=\"twitter:card\" content=\"summary_large_image\" \/>\n<meta name=\"twitter:site\" content=\"@aspilsan_enerji\" \/>\n<meta name=\"twitter:label1\" content=\"Est. reading time\" \/>\n\t<meta name=\"twitter:data1\" content=\"2 minutes\" \/>\n<script type=\"application\/ld+json\" class=\"yoast-schema-graph\">{\"@context\":\"https:\/\/schema.org\",\"@graph\":[{\"@type\":\"WebPage\",\"@id\":\"https:\/\/www.aspilsan.com\/kurumsal\/yonetim\/\",\"url\":\"https:\/\/www.aspilsan.com\/kurumsal\/yonetim\/\",\"name\":\"Y\u00f6netim - ASP\u0130LSAN\",\"isPartOf\":{\"@id\":\"https:\/\/www.aspilsan.com\/#website\"},\"datePublished\":\"2021-04-22T15:04:30+00:00\",\"dateModified\":\"2026-01-07T13:47:49+00:00\",\"breadcrumb\":{\"@id\":\"https:\/\/www.aspilsan.com\/kurumsal\/yonetim\/#breadcrumb\"},\"inLanguage\":\"en-US\",\"potentialAction\":[{\"@type\":\"ReadAction\",\"target\":[\"https:\/\/www.aspilsan.com\/kurumsal\/yonetim\/\"]}]},{\"@type\":\"BreadcrumbList\",\"@id\":\"https:\/\/www.aspilsan.com\/kurumsal\/yonetim\/#breadcrumb\",\"itemListElement\":[{\"@type\":\"ListItem\",\"position\":1,\"name\":\"Anasayfa\",\"item\":\"https:\/\/www.aspilsan.com\/\"},{\"@type\":\"ListItem\",\"position\":2,\"name\":\"Kurumsal\",\"item\":\"https:\/\/www.aspilsan.com\/kurumsal\/\"},{\"@type\":\"ListItem\",\"position\":3,\"name\":\"Y\u00f6netim\"}]},{\"@type\":\"WebSite\",\"@id\":\"https:\/\/www.aspilsan.com\/#website\",\"url\":\"https:\/\/www.aspilsan.com\/\",\"name\":\"ASP\u0130LSAN\",\"description\":\"Teknolojinin Enerjisi\",\"publisher\":{\"@id\":\"https:\/\/www.aspilsan.com\/#organization\"},\"potentialAction\":[{\"@type\":\"SearchAction\",\"target\":{\"@type\":\"EntryPoint\",\"urlTemplate\":\"https:\/\/www.aspilsan.com\/?s={search_term_string}\"},\"query-input\":\"required name=search_term_string\"}],\"inLanguage\":\"en-US\"},{\"@type\":\"Organization\",\"@id\":\"https:\/\/www.aspilsan.com\/#organization\",\"name\":\"ASP\u0130LSAN\",\"url\":\"https:\/\/www.aspilsan.com\/\",\"logo\":{\"@type\":\"ImageObject\",\"inLanguage\":\"en-US\",\"@id\":\"https:\/\/www.aspilsan.com\/#\/schema\/logo\/image\/\",\"url\":\"https:\/\/www.aspilsan.com\/wp-content\/uploads\/2022\/03\/Aspilsan-Logo-300px.png\",\"contentUrl\":\"https:\/\/www.aspilsan.com\/wp-content\/uploads\/2022\/03\/Aspilsan-Logo-300px.png\",\"width\":300,\"height\":56,\"caption\":\"ASP\u0130LSAN\"},\"image\":{\"@id\":\"https:\/\/www.aspilsan.com\/#\/schema\/logo\/image\/\"},\"sameAs\":[\"https:\/\/www.facebook.com\/people\/Aspilsan\/100028422177074\/\",\"https:\/\/twitter.com\/aspilsan_enerji\",\"https:\/\/www.instagram.com\/aspilsanenerji\",\"https:\/\/www.linkedin.com\/company\/aspilsan\"]}]}<\/script>\n<!-- \/ Yoast SEO plugin. -->","yoast_head_json":{"title":"Y\u00f6netim - ASP\u0130LSAN","robots":{"index":"index","follow":"follow","max-snippet":"max-snippet:-1","max-image-preview":"max-image-preview:large","max-video-preview":"max-video-preview:-1"},"canonical":"https:\/\/www.aspilsan.com\/en\/corporate\/management\/","og_locale":"en_US","og_type":"article","og_title":"Y\u00f6netim - ASP\u0130LSAN","og_url":"https:\/\/www.aspilsan.com\/en\/corporate\/management\/","og_site_name":"ASP\u0130LSAN","article_publisher":"https:\/\/www.facebook.com\/people\/Aspilsan\/100028422177074\/","article_modified_time":"2026-01-07T13:47:49+00:00","twitter_card":"summary_large_image","twitter_site":"@aspilsan_enerji","twitter_misc":{"Est. reading time":"2 minutes"},"schema":{"@context":"https:\/\/schema.org","@graph":[{"@type":"WebPage","@id":"https:\/\/www.aspilsan.com\/kurumsal\/yonetim\/","url":"https:\/\/www.aspilsan.com\/kurumsal\/yonetim\/","name":"Y\u00f6netim - ASP\u0130LSAN","isPartOf":{"@id":"https:\/\/www.aspilsan.com\/#website"},"datePublished":"2021-04-22T15:04:30+00:00","dateModified":"2026-01-07T13:47:49+00:00","breadcrumb":{"@id":"https:\/\/www.aspilsan.com\/kurumsal\/yonetim\/#breadcrumb"},"inLanguage":"en-US","potentialAction":[{"@type":"ReadAction","target":["https:\/\/www.aspilsan.com\/kurumsal\/yonetim\/"]}]},{"@type":"BreadcrumbList","@id":"https:\/\/www.aspilsan.com\/kurumsal\/yonetim\/#breadcrumb","itemListElement":[{"@type":"ListItem","position":1,"name":"Anasayfa","item":"https:\/\/www.aspilsan.com\/"},{"@type":"ListItem","position":2,"name":"Kurumsal","item":"https:\/\/www.aspilsan.com\/kurumsal\/"},{"@type":"ListItem","position":3,"name":"Y\u00f6netim"}]},{"@type":"WebSite","@id":"https:\/\/www.aspilsan.com\/#website","url":"https:\/\/www.aspilsan.com\/","name":"ASP\u0130LSAN","description":"Teknolojinin Enerjisi","publisher":{"@id":"https:\/\/www.aspilsan.com\/#organization"},"potentialAction":[{"@type":"SearchAction","target":{"@type":"EntryPoint","urlTemplate":"https:\/\/www.aspilsan.com\/?s={search_term_string}"},"query-input":"required name=search_term_string"}],"inLanguage":"en-US"},{"@type":"Organization","@id":"https:\/\/www.aspilsan.com\/#organization","name":"ASP\u0130LSAN","url":"https:\/\/www.aspilsan.com\/","logo":{"@type":"ImageObject","inLanguage":"en-US","@id":"https:\/\/www.aspilsan.com\/#\/schema\/logo\/image\/","url":"https:\/\/www.aspilsan.com\/wp-content\/uploads\/2022\/03\/Aspilsan-Logo-300px.png","contentUrl":"https:\/\/www.aspilsan.com\/wp-content\/uploads\/2022\/03\/Aspilsan-Logo-300px.png","width":300,"height":56,"caption":"ASP\u0130LSAN"},"image":{"@id":"https:\/\/www.aspilsan.com\/#\/schema\/logo\/image\/"},"sameAs":["https:\/\/www.facebook.com\/people\/Aspilsan\/100028422177074\/","https:\/\/twitter.com\/aspilsan_enerji","https:\/\/www.instagram.com\/aspilsanenerji","https:\/\/www.linkedin.com\/company\/aspilsan"]}]}},"acf":[],"_links":{"self":[{"href":"https:\/\/www.aspilsan.com\/en\/wp-json\/wp\/v2\/pages\/38","targetHints":{"allow":["GET"]}}],"collection":[{"href":"https:\/\/www.aspilsan.com\/en\/wp-json\/wp\/v2\/pages"}],"about":[{"href":"https:\/\/www.aspilsan.com\/en\/wp-json\/wp\/v2\/types\/page"}],"author":[{"embeddable":true,"href":"https:\/\/www.aspilsan.com\/en\/wp-json\/wp\/v2\/users\/1"}],"replies":[{"embeddable":true,"href":"https:\/\/www.aspilsan.com\/en\/wp-json\/wp\/v2\/comments?post=38"}],"version-history":[{"count":6,"href":"https:\/\/www.aspilsan.com\/en\/wp-json\/wp\/v2\/pages\/38\/revisions"}],"predecessor-version":[{"id":9043,"href":"https:\/\/www.aspilsan.com\/en\/wp-json\/wp\/v2\/pages\/38\/revisions\/9043"}],"up":[{"embeddable":true,"href":"https:\/\/www.aspilsan.com\/en\/wp-json\/wp\/v2\/pages\/32"}],"wp:attachment":[{"href":"https:\/\/www.aspilsan.com\/en\/wp-json\/wp\/v2\/media?parent=38"}],"curies":[{"name":"wp","href":"https:\/\/api.w.org\/{rel}","templated":true}]}}