{"id":4275,"date":"2022-10-14T08:46:20","date_gmt":"2022-10-14T05:46:20","guid":{"rendered":"https:\/\/www.aspilsan.com\/?page_id=4275"},"modified":"2026-03-31T13:13:57","modified_gmt":"2026-03-31T10:13:57","slug":"distributorlerimiz","status":"publish","type":"page","link":"https:\/\/www.aspilsan.com\/en\/stakeholders\/our-distributors\/","title":{"rendered":"Our Distributors"},"content":{"rendered":"<section class=\"l-section wpb_row us_custom_2a173fa7 height_medium\"><div class=\"l-section-h i-cf\"><div class=\"g-cols vc_row type_default valign_middle\"><div class=\"vc_col-sm-1\/5 wpb_column vc_column_container\"><div class=\"vc_column-inner\"><div class=\"wpb_wrapper\"><div class=\"w-image align_center\"><div class=\"w-image-h\"><img loading=\"lazy\" decoding=\"async\" width=\"600\" height=\"162\" src=\"https:\/\/www.aspilsan.com\/wp-content\/uploads\/2026\/02\/tetrone-logo-600x162.png\" class=\"attachment-us_600_600 size-us_600_600\" alt=\"\" srcset=\"https:\/\/www.aspilsan.com\/wp-content\/uploads\/2026\/02\/tetrone-logo-600x162.png 600w, https:\/\/www.aspilsan.com\/wp-content\/uploads\/2026\/02\/tetrone-logo-400x108.png 400w, https:\/\/www.aspilsan.com\/wp-content\/uploads\/2026\/02\/tetrone-logo-1024x276.png 1024w, https:\/\/www.aspilsan.com\/wp-content\/uploads\/2026\/02\/tetrone-logo-18x5.png 18w, https:\/\/www.aspilsan.com\/wp-content\/uploads\/2026\/02\/tetrone-logo-500x135.png 500w, https:\/\/www.aspilsan.com\/wp-content\/uploads\/2026\/02\/tetrone-logo-300x81.png 300w, https:\/\/www.aspilsan.com\/wp-content\/uploads\/2026\/02\/tetrone-logo-200x54.png 200w, https:\/\/www.aspilsan.com\/wp-content\/uploads\/2026\/02\/tetrone-logo-100x27.png 100w, https:\/\/www.aspilsan.com\/wp-content\/uploads\/2026\/02\/tetrone-logo-90x24.png 90w, https:\/\/www.aspilsan.com\/wp-content\/uploads\/2026\/02\/tetrone-logo-190x51.png 190w, https:\/\/www.aspilsan.com\/wp-content\/uploads\/2026\/02\/tetrone-logo-130x35.png 130w, https:\/\/www.aspilsan.com\/wp-content\/uploads\/2026\/02\/tetrone-logo-800x216.png 800w, https:\/\/www.aspilsan.com\/wp-content\/uploads\/2026\/02\/tetrone-logo-1330x359.png 1330w, https:\/\/www.aspilsan.com\/wp-content\/uploads\/2026\/02\/tetrone-logo-1325x357.png 1325w, https:\/\/www.aspilsan.com\/wp-content\/uploads\/2026\/02\/tetrone-logo.png 1354w\" sizes=\"auto, (max-width: 600px) 100vw, 600px\" \/><\/div><\/div><\/div><\/div><\/div><div class=\"vc_col-sm-1\/5 wpb_column vc_column_container\"><div class=\"vc_column-inner\"><div class=\"wpb_wrapper\"><div class=\"wpb_text_column us_custom_eb849559\" ><div class=\"wpb_wrapper\"><p>TETRONE BATTERIES<\/p>\n<\/div><\/div><\/div><\/div><\/div><div class=\"vc_col-sm-1\/5 wpb_column vc_column_container\"><div class=\"vc_column-inner\"><div class=\"wpb_wrapper\"><div class=\"wpb_text_column us_custom_432d3f53\" ><div class=\"wpb_wrapper\"><p style=\"text-align: left;\">Mimarsinan OSB. Mah. 1. Cad. No:43 Melikgazi\/KAYSER\u0130<\/p>\n<\/div><\/div><\/div><\/div><\/div><div class=\"vc_col-sm-1\/5 wpb_column vc_column_container\"><div class=\"vc_column-inner us_custom_432d3f53\"><div class=\"wpb_wrapper\"><div class=\"wpb_text_column\" ><div class=\"wpb_wrapper\"><p>\ud83d\udcde 0552 999 87 05<\/p>\n<\/div><\/div><\/div><\/div><\/div><div class=\"vc_col-sm-1\/5 wpb_column vc_column_container\"><div class=\"vc_column-inner us_custom_eb849559\"><div class=\"wpb_wrapper\"><div class=\"wpb_text_column\" ><div class=\"wpb_wrapper\"><p><a href=\"https:\/\/tetrone.com.tr\">https:\/\/tetrone.com.tr<\/a><\/p>\n<\/div><\/div><\/div><\/div><\/div><\/div><\/div><\/section><section class=\"l-section wpb_row height_medium\"><div class=\"l-section-h i-cf\"><div class=\"g-cols vc_row type_default valign_middle\"><div class=\"vc_col-sm-1\/5 wpb_column vc_column_container\"><div class=\"vc_column-inner\"><div class=\"wpb_wrapper\"><div class=\"w-image align_center\"><div class=\"w-image-h\"><img loading=\"lazy\" decoding=\"async\" width=\"600\" height=\"188\" src=\"https:\/\/www.aspilsan.com\/wp-content\/uploads\/2023\/10\/BduIreSL7eQiR4AAQwBE3pTuuxijIAUObBOequIg-600x188.jpg\" class=\"attachment-us_600_600 size-us_600_600\" alt=\"\" srcset=\"https:\/\/www.aspilsan.com\/wp-content\/uploads\/2023\/10\/BduIreSL7eQiR4AAQwBE3pTuuxijIAUObBOequIg-600x188.jpg 600w, https:\/\/www.aspilsan.com\/wp-content\/uploads\/2023\/10\/BduIreSL7eQiR4AAQwBE3pTuuxijIAUObBOequIg-400x125.jpg 400w, https:\/\/www.aspilsan.com\/wp-content\/uploads\/2023\/10\/BduIreSL7eQiR4AAQwBE3pTuuxijIAUObBOequIg-1024x320.jpg 1024w, https:\/\/www.aspilsan.com\/wp-content\/uploads\/2023\/10\/BduIreSL7eQiR4AAQwBE3pTuuxijIAUObBOequIg-18x6.jpg 18w, https:\/\/www.aspilsan.com\/wp-content\/uploads\/2023\/10\/BduIreSL7eQiR4AAQwBE3pTuuxijIAUObBOequIg-500x156.jpg 500w, https:\/\/www.aspilsan.com\/wp-content\/uploads\/2023\/10\/BduIreSL7eQiR4AAQwBE3pTuuxijIAUObBOequIg-300x94.jpg 300w, https:\/\/www.aspilsan.com\/wp-content\/uploads\/2023\/10\/BduIreSL7eQiR4AAQwBE3pTuuxijIAUObBOequIg-200x63.jpg 200w, https:\/\/www.aspilsan.com\/wp-content\/uploads\/2023\/10\/BduIreSL7eQiR4AAQwBE3pTuuxijIAUObBOequIg-100x31.jpg 100w, https:\/\/www.aspilsan.com\/wp-content\/uploads\/2023\/10\/BduIreSL7eQiR4AAQwBE3pTuuxijIAUObBOequIg-90x28.jpg 90w, https:\/\/www.aspilsan.com\/wp-content\/uploads\/2023\/10\/BduIreSL7eQiR4AAQwBE3pTuuxijIAUObBOequIg-190x59.jpg 190w, https:\/\/www.aspilsan.com\/wp-content\/uploads\/2023\/10\/BduIreSL7eQiR4AAQwBE3pTuuxijIAUObBOequIg-130x41.jpg 130w, https:\/\/www.aspilsan.com\/wp-content\/uploads\/2023\/10\/BduIreSL7eQiR4AAQwBE3pTuuxijIAUObBOequIg-800x250.jpg 800w, https:\/\/www.aspilsan.com\/wp-content\/uploads\/2023\/10\/BduIreSL7eQiR4AAQwBE3pTuuxijIAUObBOequIg-1330x416.jpg 1330w, https:\/\/www.aspilsan.com\/wp-content\/uploads\/2023\/10\/BduIreSL7eQiR4AAQwBE3pTuuxijIAUObBOequIg-1325x415.jpg 1325w\" sizes=\"auto, (max-width: 600px) 100vw, 600px\" \/><\/div><\/div><\/div><\/div><\/div><div class=\"vc_col-sm-1\/5 wpb_column vc_column_container\"><div class=\"vc_column-inner\"><div class=\"wpb_wrapper\"><div class=\"wpb_text_column us_custom_eb849559\" ><div class=\"wpb_wrapper\"><p>Birikim Batteries Industry &amp; Trade Co Ltd.<\/p>\n<\/div><\/div><\/div><\/div><\/div><div class=\"vc_col-sm-1\/5 wpb_column vc_column_container\"><div class=\"vc_column-inner\"><div class=\"wpb_wrapper\"><div class=\"wpb_text_column us_custom_432d3f53\" ><div class=\"wpb_wrapper\"><p>Tepe\u00f6ren Neighbourhood \u0130stanbul Tuzla Organized Industrial Zone (\u0130TOSB), Recep Bilal Hanc\u0131 Street No:4\/20 Tuzla\/\u0130stanbul\/T\u00fcrkiye<\/p>\n<\/div><\/div><\/div><\/div><\/div><div class=\"vc_col-sm-1\/5 wpb_column vc_column_container\"><div class=\"vc_column-inner us_custom_432d3f53\"><div class=\"wpb_wrapper\"><div class=\"wpb_text_column\" ><div class=\"wpb_wrapper\"><p>\ud83d\udcde 0 216 629 90 60-1907<br \/>\n\ud83d\udcde 0 (553) 040 00 26<\/p>\n<\/div><\/div><\/div><\/div><\/div><div class=\"vc_col-sm-1\/5 wpb_column vc_column_container\"><div class=\"vc_column-inner us_custom_eb849559\"><div class=\"wpb_wrapper\"><div class=\"wpb_text_column\" ><div class=\"wpb_wrapper\"><p><a href=\"https:\/\/birikimpilleri.net\/\">https:\/\/birikimpilleri.net\/<\/a><br \/>\n<a href=\"https:\/\/pilburada.com\/\">https:\/\/pilburada.com\/ <\/a><\/p>\n<\/div><\/div><\/div><\/div><\/div><\/div><\/div><\/section><section class=\"l-section wpb_row height_medium\"><div class=\"l-section-h i-cf\"><div class=\"g-cols vc_row type_default valign_middle\"><div class=\"vc_col-sm-1\/5 wpb_column vc_column_container\"><div class=\"vc_column-inner\"><div class=\"wpb_wrapper\"><div class=\"w-image align_center\"><div class=\"w-image-h\"><img loading=\"lazy\" decoding=\"async\" width=\"600\" height=\"536\" src=\"https:\/\/www.aspilsan.com\/wp-content\/uploads\/2023\/12\/pilsan_logo_Calisma-Yuzeyi-1-600x536.jpg\" class=\"attachment-us_600_600 size-us_600_600\" alt=\"\" srcset=\"https:\/\/www.aspilsan.com\/wp-content\/uploads\/2023\/12\/pilsan_logo_Calisma-Yuzeyi-1-600x536.jpg 600w, https:\/\/www.aspilsan.com\/wp-content\/uploads\/2023\/12\/pilsan_logo_Calisma-Yuzeyi-1-400x357.jpg 400w, https:\/\/www.aspilsan.com\/wp-content\/uploads\/2023\/12\/pilsan_logo_Calisma-Yuzeyi-1-13x12.jpg 13w, https:\/\/www.aspilsan.com\/wp-content\/uploads\/2023\/12\/pilsan_logo_Calisma-Yuzeyi-1-500x447.jpg 500w, https:\/\/www.aspilsan.com\/wp-content\/uploads\/2023\/12\/pilsan_logo_Calisma-Yuzeyi-1-300x268.jpg 300w, https:\/\/www.aspilsan.com\/wp-content\/uploads\/2023\/12\/pilsan_logo_Calisma-Yuzeyi-1-200x179.jpg 200w, https:\/\/www.aspilsan.com\/wp-content\/uploads\/2023\/12\/pilsan_logo_Calisma-Yuzeyi-1-100x89.jpg 100w, https:\/\/www.aspilsan.com\/wp-content\/uploads\/2023\/12\/pilsan_logo_Calisma-Yuzeyi-1-90x80.jpg 90w, https:\/\/www.aspilsan.com\/wp-content\/uploads\/2023\/12\/pilsan_logo_Calisma-Yuzeyi-1-190x170.jpg 190w, https:\/\/www.aspilsan.com\/wp-content\/uploads\/2023\/12\/pilsan_logo_Calisma-Yuzeyi-1-130x116.jpg 130w, https:\/\/www.aspilsan.com\/wp-content\/uploads\/2023\/12\/pilsan_logo_Calisma-Yuzeyi-1-800x715.jpg 800w, https:\/\/www.aspilsan.com\/wp-content\/uploads\/2023\/12\/pilsan_logo_Calisma-Yuzeyi-1.jpg 1013w\" sizes=\"auto, (max-width: 600px) 100vw, 600px\" \/><\/div><\/div><\/div><\/div><\/div><div class=\"vc_col-sm-1\/5 wpb_column vc_column_container\"><div class=\"vc_column-inner\"><div class=\"wpb_wrapper\"><div class=\"wpb_text_column us_custom_eb849559\" ><div class=\"wpb_wrapper\"><p>P\u0130LSAN ELEKTRON\u0130K Industry and Trade Limited Company<\/p>\n<\/div><\/div><\/div><\/div><\/div><div class=\"vc_col-sm-1\/5 wpb_column vc_column_container\"><div class=\"vc_column-inner\"><div class=\"wpb_wrapper\"><div class=\"wpb_text_column us_custom_432d3f53\" ><div class=\"wpb_wrapper\"><p>Pilsan Plaza, Esenkent Neighbourhood,  Erzincan Street No: 22 Dudullu O.S.B.\/34776\/Umraniye\/\u0130stanbul\/T\u00fcrkiye<\/p>\n<\/div><\/div><\/div><\/div><\/div><div class=\"vc_col-sm-1\/5 wpb_column vc_column_container\"><div class=\"vc_column-inner us_custom_432d3f53\"><div class=\"wpb_wrapper\"><div class=\"wpb_text_column\" ><div class=\"wpb_wrapper\"><p>\ud83d\udcde 0 212 320 99 84<br \/>\n\ud83d\udcde 0 (539) 655 11 92<\/p>\n<\/div><\/div><\/div><\/div><\/div><div class=\"vc_col-sm-1\/5 wpb_column vc_column_container\"><div class=\"vc_column-inner us_custom_eb849559\"><div class=\"wpb_wrapper\"><div class=\"wpb_text_column\" ><div class=\"wpb_wrapper\"><p><a href=\"https:\/\/pilsanelektronik.com\">https:\/\/pilsanelektronik.com <\/a><br \/>\n<a href=\"https:\/\/www.pilsitesi.com\/\">https:\/\/www.pilsitesi.com\/<\/a><\/p>\n<\/div><\/div><\/div><\/div><\/div><\/div><\/div><\/section>","protected":false},"excerpt":{"rendered":"TETRONE BATTERIES Mimarsinan OSB. Mah. 1. Cad. No:43 Melikgazi\/KAYSER\u0130 \ud83d\udcde 0552 999 87 05 https:\/\/tetrone.com.tr Birikim Pilleri Batarya Teknolojileri A.\u015e. Tepe\u00f6ren Mah. \u0130stanbul Tuzla Organize Sanayi B\u00f6lgesi (ITOSB), Recep Bilal Hanc\u0131 Cad. No:4\/20 Tuzla\/\u0130stanbul\/T\u00fcrkiye. \ud83d\udcde 0 216 629 90 60-1907 \ud83d\udcde 0 (553) 040 00 26 https:\/\/birikimpilleri.net\/ https:\/\/pilburada.com\/ P\u0130LSAN ELEKTRON\u0130K Sanayi ve Ticaret Limited \u015eirketi...","protected":false},"author":4,"featured_media":0,"parent":24,"menu_order":7,"comment_status":"closed","ping_status":"closed","template":"","meta":{"om_disable_all_campaigns":false,"_mi_skip_tracking":false,"_themeisle_gutenberg_block_has_review":false,"footnotes":""},"class_list":["post-4275","page","type-page","status-publish","hentry"],"aioseo_notices":[],"yoast_head":"<!-- This site is optimized with the Yoast SEO plugin v20.5 - https:\/\/yoast.com\/wordpress\/plugins\/seo\/ -->\n<title>Distrib\u00fct\u00f6rlerimiz - ASP\u0130LSAN<\/title>\n<meta name=\"robots\" content=\"index, follow, max-snippet:-1, max-image-preview:large, max-video-preview:-1\" \/>\n<link rel=\"canonical\" href=\"https:\/\/www.aspilsan.com\/en\/stakeholders\/our-distributors\/\" \/>\n<meta property=\"og:locale\" content=\"en_US\" \/>\n<meta property=\"og:type\" content=\"article\" \/>\n<meta property=\"og:title\" content=\"Distrib\u00fct\u00f6rlerimiz - ASP\u0130LSAN\" \/>\n<meta property=\"og:url\" content=\"https:\/\/www.aspilsan.com\/en\/stakeholders\/our-distributors\/\" \/>\n<meta property=\"og:site_name\" content=\"ASP\u0130LSAN\" \/>\n<meta property=\"article:publisher\" content=\"https:\/\/www.facebook.com\/people\/Aspilsan\/100028422177074\/\" \/>\n<meta property=\"article:modified_time\" content=\"2026-03-31T10:13:57+00:00\" \/>\n<meta name=\"twitter:card\" content=\"summary_large_image\" \/>\n<meta name=\"twitter:site\" content=\"@aspilsan_enerji\" \/>\n<meta name=\"twitter:label1\" content=\"Est. reading time\" \/>\n\t<meta name=\"twitter:data1\" content=\"1 minute\" \/>\n<script type=\"application\/ld+json\" class=\"yoast-schema-graph\">{\"@context\":\"https:\/\/schema.org\",\"@graph\":[{\"@type\":\"WebPage\",\"@id\":\"https:\/\/www.aspilsan.com\/paydaslarimiz\/distributorlerimiz\/\",\"url\":\"https:\/\/www.aspilsan.com\/paydaslarimiz\/distributorlerimiz\/\",\"name\":\"Distrib\u00fct\u00f6rlerimiz - ASP\u0130LSAN\",\"isPartOf\":{\"@id\":\"https:\/\/www.aspilsan.com\/#website\"},\"datePublished\":\"2022-10-14T05:46:20+00:00\",\"dateModified\":\"2026-03-31T10:13:57+00:00\",\"breadcrumb\":{\"@id\":\"https:\/\/www.aspilsan.com\/paydaslarimiz\/distributorlerimiz\/#breadcrumb\"},\"inLanguage\":\"en-US\",\"potentialAction\":[{\"@type\":\"ReadAction\",\"target\":[\"https:\/\/www.aspilsan.com\/paydaslarimiz\/distributorlerimiz\/\"]}]},{\"@type\":\"BreadcrumbList\",\"@id\":\"https:\/\/www.aspilsan.com\/paydaslarimiz\/distributorlerimiz\/#breadcrumb\",\"itemListElement\":[{\"@type\":\"ListItem\",\"position\":1,\"name\":\"Anasayfa\",\"item\":\"https:\/\/www.aspilsan.com\/\"},{\"@type\":\"ListItem\",\"position\":2,\"name\":\"Payda\u015flar\u0131m\u0131z\",\"item\":\"https:\/\/www.aspilsan.com\/paydaslarimiz\/\"},{\"@type\":\"ListItem\",\"position\":3,\"name\":\"Distrib\u00fct\u00f6rlerimiz\"}]},{\"@type\":\"WebSite\",\"@id\":\"https:\/\/www.aspilsan.com\/#website\",\"url\":\"https:\/\/www.aspilsan.com\/\",\"name\":\"ASP\u0130LSAN\",\"description\":\"Teknolojinin Enerjisi\",\"publisher\":{\"@id\":\"https:\/\/www.aspilsan.com\/#organization\"},\"potentialAction\":[{\"@type\":\"SearchAction\",\"target\":{\"@type\":\"EntryPoint\",\"urlTemplate\":\"https:\/\/www.aspilsan.com\/?s={search_term_string}\"},\"query-input\":\"required name=search_term_string\"}],\"inLanguage\":\"en-US\"},{\"@type\":\"Organization\",\"@id\":\"https:\/\/www.aspilsan.com\/#organization\",\"name\":\"ASP\u0130LSAN\",\"url\":\"https:\/\/www.aspilsan.com\/\",\"logo\":{\"@type\":\"ImageObject\",\"inLanguage\":\"en-US\",\"@id\":\"https:\/\/www.aspilsan.com\/#\/schema\/logo\/image\/\",\"url\":\"https:\/\/www.aspilsan.com\/wp-content\/uploads\/2022\/03\/Aspilsan-Logo-300px.png\",\"contentUrl\":\"https:\/\/www.aspilsan.com\/wp-content\/uploads\/2022\/03\/Aspilsan-Logo-300px.png\",\"width\":300,\"height\":56,\"caption\":\"ASP\u0130LSAN\"},\"image\":{\"@id\":\"https:\/\/www.aspilsan.com\/#\/schema\/logo\/image\/\"},\"sameAs\":[\"https:\/\/www.facebook.com\/people\/Aspilsan\/100028422177074\/\",\"https:\/\/twitter.com\/aspilsan_enerji\",\"https:\/\/www.instagram.com\/aspilsanenerji\",\"https:\/\/www.linkedin.com\/company\/aspilsan\"]}]}<\/script>\n<!-- \/ Yoast SEO plugin. -->","yoast_head_json":{"title":"Distrib\u00fct\u00f6rlerimiz - ASP\u0130LSAN","robots":{"index":"index","follow":"follow","max-snippet":"max-snippet:-1","max-image-preview":"max-image-preview:large","max-video-preview":"max-video-preview:-1"},"canonical":"https:\/\/www.aspilsan.com\/en\/stakeholders\/our-distributors\/","og_locale":"en_US","og_type":"article","og_title":"Distrib\u00fct\u00f6rlerimiz - ASP\u0130LSAN","og_url":"https:\/\/www.aspilsan.com\/en\/stakeholders\/our-distributors\/","og_site_name":"ASP\u0130LSAN","article_publisher":"https:\/\/www.facebook.com\/people\/Aspilsan\/100028422177074\/","article_modified_time":"2026-03-31T10:13:57+00:00","twitter_card":"summary_large_image","twitter_site":"@aspilsan_enerji","twitter_misc":{"Est. reading time":"1 minute"},"schema":{"@context":"https:\/\/schema.org","@graph":[{"@type":"WebPage","@id":"https:\/\/www.aspilsan.com\/paydaslarimiz\/distributorlerimiz\/","url":"https:\/\/www.aspilsan.com\/paydaslarimiz\/distributorlerimiz\/","name":"Distrib\u00fct\u00f6rlerimiz - ASP\u0130LSAN","isPartOf":{"@id":"https:\/\/www.aspilsan.com\/#website"},"datePublished":"2022-10-14T05:46:20+00:00","dateModified":"2026-03-31T10:13:57+00:00","breadcrumb":{"@id":"https:\/\/www.aspilsan.com\/paydaslarimiz\/distributorlerimiz\/#breadcrumb"},"inLanguage":"en-US","potentialAction":[{"@type":"ReadAction","target":["https:\/\/www.aspilsan.com\/paydaslarimiz\/distributorlerimiz\/"]}]},{"@type":"BreadcrumbList","@id":"https:\/\/www.aspilsan.com\/paydaslarimiz\/distributorlerimiz\/#breadcrumb","itemListElement":[{"@type":"ListItem","position":1,"name":"Anasayfa","item":"https:\/\/www.aspilsan.com\/"},{"@type":"ListItem","position":2,"name":"Payda\u015flar\u0131m\u0131z","item":"https:\/\/www.aspilsan.com\/paydaslarimiz\/"},{"@type":"ListItem","position":3,"name":"Distrib\u00fct\u00f6rlerimiz"}]},{"@type":"WebSite","@id":"https:\/\/www.aspilsan.com\/#website","url":"https:\/\/www.aspilsan.com\/","name":"ASP\u0130LSAN","description":"Teknolojinin Enerjisi","publisher":{"@id":"https:\/\/www.aspilsan.com\/#organization"},"potentialAction":[{"@type":"SearchAction","target":{"@type":"EntryPoint","urlTemplate":"https:\/\/www.aspilsan.com\/?s={search_term_string}"},"query-input":"required name=search_term_string"}],"inLanguage":"en-US"},{"@type":"Organization","@id":"https:\/\/www.aspilsan.com\/#organization","name":"ASP\u0130LSAN","url":"https:\/\/www.aspilsan.com\/","logo":{"@type":"ImageObject","inLanguage":"en-US","@id":"https:\/\/www.aspilsan.com\/#\/schema\/logo\/image\/","url":"https:\/\/www.aspilsan.com\/wp-content\/uploads\/2022\/03\/Aspilsan-Logo-300px.png","contentUrl":"https:\/\/www.aspilsan.com\/wp-content\/uploads\/2022\/03\/Aspilsan-Logo-300px.png","width":300,"height":56,"caption":"ASP\u0130LSAN"},"image":{"@id":"https:\/\/www.aspilsan.com\/#\/schema\/logo\/image\/"},"sameAs":["https:\/\/www.facebook.com\/people\/Aspilsan\/100028422177074\/","https:\/\/twitter.com\/aspilsan_enerji","https:\/\/www.instagram.com\/aspilsanenerji","https:\/\/www.linkedin.com\/company\/aspilsan"]}]}},"acf":[],"_links":{"self":[{"href":"https:\/\/www.aspilsan.com\/en\/wp-json\/wp\/v2\/pages\/4275","targetHints":{"allow":["GET"]}}],"collection":[{"href":"https:\/\/www.aspilsan.com\/en\/wp-json\/wp\/v2\/pages"}],"about":[{"href":"https:\/\/www.aspilsan.com\/en\/wp-json\/wp\/v2\/types\/page"}],"author":[{"embeddable":true,"href":"https:\/\/www.aspilsan.com\/en\/wp-json\/wp\/v2\/users\/4"}],"replies":[{"embeddable":true,"href":"https:\/\/www.aspilsan.com\/en\/wp-json\/wp\/v2\/comments?post=4275"}],"version-history":[{"count":4,"href":"https:\/\/www.aspilsan.com\/en\/wp-json\/wp\/v2\/pages\/4275\/revisions"}],"predecessor-version":[{"id":9285,"href":"https:\/\/www.aspilsan.com\/en\/wp-json\/wp\/v2\/pages\/4275\/revisions\/9285"}],"up":[{"embeddable":true,"href":"https:\/\/www.aspilsan.com\/en\/wp-json\/wp\/v2\/pages\/24"}],"wp:attachment":[{"href":"https:\/\/www.aspilsan.com\/en\/wp-json\/wp\/v2\/media?parent=4275"}],"curies":[{"name":"wp","href":"https:\/\/api.w.org\/{rel}","templated":true}]}}