{"id":4282,"date":"2022-10-14T09:11:35","date_gmt":"2022-10-14T06:11:35","guid":{"rendered":"https:\/\/www.aspilsan.com\/?page_id=4282"},"modified":"2025-06-26T09:14:12","modified_gmt":"2025-06-26T06:14:12","slug":"siparis-satin-alma","status":"publish","type":"page","link":"https:\/\/www.aspilsan.com\/en\/order-purchase\/","title":{"rendered":"Order-Purchase"},"content":{"rendered":"<section class=\"l-section wpb_row height_medium\"><div class=\"l-section-h i-cf\"><div class=\"g-cols vc_row type_default valign_top\"><div class=\"vc_col-sm-8 wpb_column vc_column_container\"><div class=\"vc_column-inner\"><div class=\"wpb_wrapper\"><div class=\"wpb_text_column\" ><div class=\"wpb_wrapper\"><p>Dear Business Partners,<\/p>\n<p>You can request ASP\u0130LSAN Enerji General Conditions of Order and Purchase Agreement at sale@aspilsan.com<\/p>\n<\/div><\/div><div class=\"w-separator size_medium\"><\/div><\/div><\/div><\/div><div class=\"vc_col-sm-4 wpb_column vc_column_container\"><div class=\"vc_column-inner\"><div class=\"wpb_wrapper\"><div class=\"w-image align_none\"><div class=\"w-image-h\"><img loading=\"lazy\" decoding=\"async\" width=\"900\" height=\"1024\" src=\"https:\/\/www.aspilsan.com\/wp-content\/uploads\/2021\/04\/faaliyet-alanlari-900x1024.png\" class=\"attachment-large size-large\" alt=\"\" srcset=\"https:\/\/www.aspilsan.com\/wp-content\/uploads\/2021\/04\/faaliyet-alanlari-900x1024.png 900w, https:\/\/www.aspilsan.com\/wp-content\/uploads\/2021\/04\/faaliyet-alanlari-264x300.png 264w, https:\/\/www.aspilsan.com\/wp-content\/uploads\/2021\/04\/faaliyet-alanlari-528x600.png 528w, https:\/\/www.aspilsan.com\/wp-content\/uploads\/2021\/04\/faaliyet-alanlari-352x400.png 352w, https:\/\/www.aspilsan.com\/wp-content\/uploads\/2021\/04\/faaliyet-alanlari-11x12.png 11w, https:\/\/www.aspilsan.com\/wp-content\/uploads\/2021\/04\/faaliyet-alanlari-440x500.png 440w, https:\/\/www.aspilsan.com\/wp-content\/uploads\/2021\/04\/faaliyet-alanlari-176x200.png 176w, https:\/\/www.aspilsan.com\/wp-content\/uploads\/2021\/04\/faaliyet-alanlari-88x100.png 88w, https:\/\/www.aspilsan.com\/wp-content\/uploads\/2021\/04\/faaliyet-alanlari-44x50.png 44w, https:\/\/www.aspilsan.com\/wp-content\/uploads\/2021\/04\/faaliyet-alanlari-62x70.png 62w, https:\/\/www.aspilsan.com\/wp-content\/uploads\/2021\/04\/faaliyet-alanlari-79x90.png 79w, https:\/\/www.aspilsan.com\/wp-content\/uploads\/2021\/04\/faaliyet-alanlari-114x130.png 114w, https:\/\/www.aspilsan.com\/wp-content\/uploads\/2021\/04\/faaliyet-alanlari-167x190.png 167w, https:\/\/www.aspilsan.com\/wp-content\/uploads\/2021\/04\/faaliyet-alanlari.png 903w\" sizes=\"auto, (max-width: 900px) 100vw, 900px\" \/><\/div><\/div><\/div><\/div><\/div><\/div><\/div><\/section>","protected":false},"excerpt":{"rendered":"De\u011ferli i\u015f ortaklar\u0131m\u0131z, ASP\u0130LSAN Enerji Sipari\u015f ve Sat\u0131n Alma Genel \u015eartlar\u0131 S\u00f6zle\u015fmesini indirmek i\u00e7in a\u015fa\u011f\u0131daki linke t\u0131klayabilirisiz.","protected":false},"author":4,"featured_media":0,"parent":0,"menu_order":7,"comment_status":"closed","ping_status":"closed","template":"","meta":{"om_disable_all_campaigns":false,"_mi_skip_tracking":false,"_themeisle_gutenberg_block_has_review":false,"footnotes":""},"class_list":["post-4282","page","type-page","status-publish","hentry"],"aioseo_notices":[],"yoast_head":"<!-- This site is optimized with the Yoast SEO plugin v20.5 - https:\/\/yoast.com\/wordpress\/plugins\/seo\/ -->\n<title>Sipari\u015f-Sat\u0131n Alma - ASP\u0130LSAN<\/title>\n<meta name=\"robots\" content=\"index, follow, max-snippet:-1, max-image-preview:large, max-video-preview:-1\" \/>\n<link rel=\"canonical\" href=\"https:\/\/www.aspilsan.com\/en\/order-purchase\/\" \/>\n<meta property=\"og:locale\" content=\"en_US\" \/>\n<meta property=\"og:type\" content=\"article\" \/>\n<meta property=\"og:title\" content=\"Sipari\u015f-Sat\u0131n Alma - ASP\u0130LSAN\" \/>\n<meta property=\"og:url\" content=\"https:\/\/www.aspilsan.com\/en\/order-purchase\/\" \/>\n<meta property=\"og:site_name\" content=\"ASP\u0130LSAN\" \/>\n<meta property=\"article:publisher\" content=\"https:\/\/www.facebook.com\/people\/Aspilsan\/100028422177074\/\" \/>\n<meta property=\"article:modified_time\" content=\"2025-06-26T06:14:12+00:00\" \/>\n<meta name=\"twitter:card\" content=\"summary_large_image\" \/>\n<meta name=\"twitter:site\" content=\"@aspilsan_enerji\" \/>\n<meta name=\"twitter:label1\" content=\"Est. reading time\" \/>\n\t<meta name=\"twitter:data1\" content=\"1 minute\" \/>\n<script type=\"application\/ld+json\" class=\"yoast-schema-graph\">{\"@context\":\"https:\/\/schema.org\",\"@graph\":[{\"@type\":\"WebPage\",\"@id\":\"https:\/\/www.aspilsan.com\/siparis-satin-alma\/\",\"url\":\"https:\/\/www.aspilsan.com\/siparis-satin-alma\/\",\"name\":\"Sipari\u015f-Sat\u0131n Alma - ASP\u0130LSAN\",\"isPartOf\":{\"@id\":\"https:\/\/www.aspilsan.com\/#website\"},\"datePublished\":\"2022-10-14T06:11:35+00:00\",\"dateModified\":\"2025-06-26T06:14:12+00:00\",\"breadcrumb\":{\"@id\":\"https:\/\/www.aspilsan.com\/siparis-satin-alma\/#breadcrumb\"},\"inLanguage\":\"en-US\",\"potentialAction\":[{\"@type\":\"ReadAction\",\"target\":[\"https:\/\/www.aspilsan.com\/siparis-satin-alma\/\"]}]},{\"@type\":\"BreadcrumbList\",\"@id\":\"https:\/\/www.aspilsan.com\/siparis-satin-alma\/#breadcrumb\",\"itemListElement\":[{\"@type\":\"ListItem\",\"position\":1,\"name\":\"Anasayfa\",\"item\":\"https:\/\/www.aspilsan.com\/\"},{\"@type\":\"ListItem\",\"position\":2,\"name\":\"Sipari\u015f-Sat\u0131n Alma\"}]},{\"@type\":\"WebSite\",\"@id\":\"https:\/\/www.aspilsan.com\/#website\",\"url\":\"https:\/\/www.aspilsan.com\/\",\"name\":\"ASP\u0130LSAN\",\"description\":\"Teknolojinin Enerjisi\",\"publisher\":{\"@id\":\"https:\/\/www.aspilsan.com\/#organization\"},\"potentialAction\":[{\"@type\":\"SearchAction\",\"target\":{\"@type\":\"EntryPoint\",\"urlTemplate\":\"https:\/\/www.aspilsan.com\/?s={search_term_string}\"},\"query-input\":\"required name=search_term_string\"}],\"inLanguage\":\"en-US\"},{\"@type\":\"Organization\",\"@id\":\"https:\/\/www.aspilsan.com\/#organization\",\"name\":\"ASP\u0130LSAN\",\"url\":\"https:\/\/www.aspilsan.com\/\",\"logo\":{\"@type\":\"ImageObject\",\"inLanguage\":\"en-US\",\"@id\":\"https:\/\/www.aspilsan.com\/#\/schema\/logo\/image\/\",\"url\":\"https:\/\/www.aspilsan.com\/wp-content\/uploads\/2022\/03\/Aspilsan-Logo-300px.png\",\"contentUrl\":\"https:\/\/www.aspilsan.com\/wp-content\/uploads\/2022\/03\/Aspilsan-Logo-300px.png\",\"width\":300,\"height\":56,\"caption\":\"ASP\u0130LSAN\"},\"image\":{\"@id\":\"https:\/\/www.aspilsan.com\/#\/schema\/logo\/image\/\"},\"sameAs\":[\"https:\/\/www.facebook.com\/people\/Aspilsan\/100028422177074\/\",\"https:\/\/twitter.com\/aspilsan_enerji\",\"https:\/\/www.instagram.com\/aspilsanenerji\",\"https:\/\/www.linkedin.com\/company\/aspilsan\"]}]}<\/script>\n<!-- \/ Yoast SEO plugin. -->","yoast_head_json":{"title":"Sipari\u015f-Sat\u0131n Alma - ASP\u0130LSAN","robots":{"index":"index","follow":"follow","max-snippet":"max-snippet:-1","max-image-preview":"max-image-preview:large","max-video-preview":"max-video-preview:-1"},"canonical":"https:\/\/www.aspilsan.com\/en\/order-purchase\/","og_locale":"en_US","og_type":"article","og_title":"Sipari\u015f-Sat\u0131n Alma - ASP\u0130LSAN","og_url":"https:\/\/www.aspilsan.com\/en\/order-purchase\/","og_site_name":"ASP\u0130LSAN","article_publisher":"https:\/\/www.facebook.com\/people\/Aspilsan\/100028422177074\/","article_modified_time":"2025-06-26T06:14:12+00:00","twitter_card":"summary_large_image","twitter_site":"@aspilsan_enerji","twitter_misc":{"Est. reading time":"1 minute"},"schema":{"@context":"https:\/\/schema.org","@graph":[{"@type":"WebPage","@id":"https:\/\/www.aspilsan.com\/siparis-satin-alma\/","url":"https:\/\/www.aspilsan.com\/siparis-satin-alma\/","name":"Sipari\u015f-Sat\u0131n Alma - ASP\u0130LSAN","isPartOf":{"@id":"https:\/\/www.aspilsan.com\/#website"},"datePublished":"2022-10-14T06:11:35+00:00","dateModified":"2025-06-26T06:14:12+00:00","breadcrumb":{"@id":"https:\/\/www.aspilsan.com\/siparis-satin-alma\/#breadcrumb"},"inLanguage":"en-US","potentialAction":[{"@type":"ReadAction","target":["https:\/\/www.aspilsan.com\/siparis-satin-alma\/"]}]},{"@type":"BreadcrumbList","@id":"https:\/\/www.aspilsan.com\/siparis-satin-alma\/#breadcrumb","itemListElement":[{"@type":"ListItem","position":1,"name":"Anasayfa","item":"https:\/\/www.aspilsan.com\/"},{"@type":"ListItem","position":2,"name":"Sipari\u015f-Sat\u0131n Alma"}]},{"@type":"WebSite","@id":"https:\/\/www.aspilsan.com\/#website","url":"https:\/\/www.aspilsan.com\/","name":"ASP\u0130LSAN","description":"Teknolojinin Enerjisi","publisher":{"@id":"https:\/\/www.aspilsan.com\/#organization"},"potentialAction":[{"@type":"SearchAction","target":{"@type":"EntryPoint","urlTemplate":"https:\/\/www.aspilsan.com\/?s={search_term_string}"},"query-input":"required name=search_term_string"}],"inLanguage":"en-US"},{"@type":"Organization","@id":"https:\/\/www.aspilsan.com\/#organization","name":"ASP\u0130LSAN","url":"https:\/\/www.aspilsan.com\/","logo":{"@type":"ImageObject","inLanguage":"en-US","@id":"https:\/\/www.aspilsan.com\/#\/schema\/logo\/image\/","url":"https:\/\/www.aspilsan.com\/wp-content\/uploads\/2022\/03\/Aspilsan-Logo-300px.png","contentUrl":"https:\/\/www.aspilsan.com\/wp-content\/uploads\/2022\/03\/Aspilsan-Logo-300px.png","width":300,"height":56,"caption":"ASP\u0130LSAN"},"image":{"@id":"https:\/\/www.aspilsan.com\/#\/schema\/logo\/image\/"},"sameAs":["https:\/\/www.facebook.com\/people\/Aspilsan\/100028422177074\/","https:\/\/twitter.com\/aspilsan_enerji","https:\/\/www.instagram.com\/aspilsanenerji","https:\/\/www.linkedin.com\/company\/aspilsan"]}]}},"acf":[],"_links":{"self":[{"href":"https:\/\/www.aspilsan.com\/en\/wp-json\/wp\/v2\/pages\/4282","targetHints":{"allow":["GET"]}}],"collection":[{"href":"https:\/\/www.aspilsan.com\/en\/wp-json\/wp\/v2\/pages"}],"about":[{"href":"https:\/\/www.aspilsan.com\/en\/wp-json\/wp\/v2\/types\/page"}],"author":[{"embeddable":true,"href":"https:\/\/www.aspilsan.com\/en\/wp-json\/wp\/v2\/users\/4"}],"replies":[{"embeddable":true,"href":"https:\/\/www.aspilsan.com\/en\/wp-json\/wp\/v2\/comments?post=4282"}],"version-history":[{"count":4,"href":"https:\/\/www.aspilsan.com\/en\/wp-json\/wp\/v2\/pages\/4282\/revisions"}],"predecessor-version":[{"id":8331,"href":"https:\/\/www.aspilsan.com\/en\/wp-json\/wp\/v2\/pages\/4282\/revisions\/8331"}],"wp:attachment":[{"href":"https:\/\/www.aspilsan.com\/en\/wp-json\/wp\/v2\/media?parent=4282"}],"curies":[{"name":"wp","href":"https:\/\/api.w.org\/{rel}","templated":true}]}}