{"id":4762,"date":"2022-12-14T15:18:15","date_gmt":"2022-12-14T12:18:15","guid":{"rendered":"https:\/\/www.aspilsan.com\/?page_id=4762"},"modified":"2026-03-03T15:13:29","modified_gmt":"2026-03-03T12:13:29","slug":"kariyer","status":"publish","type":"page","link":"https:\/\/www.aspilsan.com\/en\/corporate\/career\/","title":{"rendered":"Career"},"content":{"rendered":"<section class=\"l-section wpb_row height_auto\"><div class=\"l-section-h i-cf\"><div class=\"g-cols vc_row type_default valign_top\"><div class=\"vc_col-sm-12 wpb_column vc_column_container\"><div class=\"vc_column-inner\"><div class=\"wpb_wrapper\"><div class=\"w-image align_none\"><div class=\"w-image-h\"><img loading=\"lazy\" decoding=\"async\" width=\"1024\" height=\"266\" src=\"https:\/\/www.aspilsan.com\/wp-content\/uploads\/2022\/08\/Kariyer-1024x266-1-1024x266.png\" class=\"attachment-large size-large\" alt=\"\" srcset=\"https:\/\/www.aspilsan.com\/wp-content\/uploads\/2022\/08\/Kariyer-1024x266-1-1024x266.png 1024w, https:\/\/www.aspilsan.com\/wp-content\/uploads\/2022\/08\/Kariyer-1024x266-1-400x104.png 400w, https:\/\/www.aspilsan.com\/wp-content\/uploads\/2022\/08\/Kariyer-1024x266-1-18x5.png 18w, https:\/\/www.aspilsan.com\/wp-content\/uploads\/2022\/08\/Kariyer-1024x266-1-600x156.png 600w, https:\/\/www.aspilsan.com\/wp-content\/uploads\/2022\/08\/Kariyer-1024x266-1-500x130.png 500w, https:\/\/www.aspilsan.com\/wp-content\/uploads\/2022\/08\/Kariyer-1024x266-1-300x78.png 300w, https:\/\/www.aspilsan.com\/wp-content\/uploads\/2022\/08\/Kariyer-1024x266-1-200x52.png 200w, https:\/\/www.aspilsan.com\/wp-content\/uploads\/2022\/08\/Kariyer-1024x266-1-100x26.png 100w, https:\/\/www.aspilsan.com\/wp-content\/uploads\/2022\/08\/Kariyer-1024x266-1-90x23.png 90w, https:\/\/www.aspilsan.com\/wp-content\/uploads\/2022\/08\/Kariyer-1024x266-1-190x49.png 190w, https:\/\/www.aspilsan.com\/wp-content\/uploads\/2022\/08\/Kariyer-1024x266-1-130x34.png 130w\" sizes=\"auto, (max-width: 1024px) 100vw, 1024px\" \/><\/div><\/div><div class=\"wpb_text_column\" ><div class=\"wpb_wrapper\"><p><strong>Neden ASP\u0130LSAN Enerji?<\/strong><\/p>\n<p>ASP\u0130LSAN Enerji, \u00e7al\u0131\u015fanlar\u0131na yaln\u0131zca bir i\u015f ortam\u0131 sunmakla kalmay\u0131p, ayn\u0131 zamanda onlar\u0131n kariyer geli\u015fimini destekleyen bir \u00e7al\u0131\u015fma k\u00fclt\u00fcr\u00fc olu\u015fturmay\u0131 hedeflemektedir. \u00c7al\u0131\u015fanlar\u0131m\u0131z\u0131n yetkinliklerini art\u0131rmalar\u0131 i\u00e7in \u00e7e\u015fitli e\u011fitim ve geli\u015fim programlar\u0131 sa\u011flanmakta, kariyer yollar\u0131 stratejik planlama do\u011frultusunda \u015fekillendirilmektedir.<\/p>\n<p>ASP\u0130LSAN Enerji\u2019de siz de:<\/p>\n<p>\u2714 Savunma sanayi enerji sekt\u00f6r\u00fcn\u00fcn \u00f6nc\u00fc kurulu\u015flar\u0131ndan birinde \u00e7al\u0131\u015fma f\u0131rsat\u0131 bulabilirsiniz.<\/p>\n<p>\u2714 Teknoloji ve inovasyon odakl\u0131 projelerde yer alabilirsiniz.<\/p>\n<p>\u2714 S\u00fcrekli geli\u015fim ve \u00f6\u011frenme k\u00fclt\u00fcr\u00fc i\u00e7inde kendinizi geli\u015ftirebilirsiniz.<\/p>\n<p>\u2714 Etik de\u011ferlere ve kurumsal sorumlulu\u011fa \u00f6nem veren bir organizasyonun par\u00e7as\u0131 olabilirsiniz.<\/p>\n<p>ASP\u0130LSAN Enerji\u2019de kariyerinize y\u00f6n vermek i\u00e7in Kariyer Portal\u0131m\u0131z\u0131 ziyaret edebilir, g\u00fcncel i\u015f ilanlar\u0131m\u0131z\u0131 takip edebilir ve ba\u015fvurunuzu ger\u00e7ekle\u015ftirebilirsiniz.<\/p>\n<p>&nbsp;<\/p>\n<p><strong>ASP\u0130LSAN Enerji\u2019de Kariyer F\u0131rsatlar\u0131<\/strong><\/p>\n<p>ASP\u0130LSAN Enerji olarak, nitelikli insan kayna\u011f\u0131n\u0131n s\u00fcrd\u00fcr\u00fclebilir ba\u015far\u0131m\u0131z\u0131n temel unsurlar\u0131ndan biri oldu\u011funa inan\u0131yoruz. \u00c7al\u0131\u015fanlar\u0131m\u0131z, yaln\u0131zca i\u015f g\u00fcc\u00fcm\u00fcz\u00fc de\u011fil, ayn\u0131 zamanda inovasyon ve s\u00fcrekli geli\u015fim k\u00fclt\u00fcr\u00fcm\u00fcz\u00fc de \u015fekillendiren en \u00f6nemli de\u011ferimizdir. Bu do\u011frultuda, dinamik, yenilik\u00e7i ve geli\u015fime a\u00e7\u0131k profesyonelleri ekibimize katmak i\u00e7in titiz bir i\u015fe al\u0131m s\u00fcreci y\u00fcr\u00fctmekteyiz.<\/p>\n<p>ASP\u0130LSAN Enerji ailesinin bir par\u00e7as\u0131 olmak isteyen adaylar, a\u015fa\u011f\u0131daki ba\u011flant\u0131 \u00fczerinden genel ba\u015fvuru formunu doldurarak, firmam\u0131za ba\u015fvurular\u0131n\u0131 g\u00f6nderebilirler.<\/p>\n<p><a href=\"https:\/\/www.aspilsan.com\/en\/kariyer\/form\/\" target=\"_blank\" rel=\"noopener\"><b>GENEL BA\u015eVURU FORMU&#8217;na ula\u015fmak i\u00e7in t\u0131klay\u0131n\u0131z.<\/b><\/a><\/p>\n<p><strong><br \/>\n\u00d6\u011frenciler \u0130\u00e7in Kariyer F\u0131rsatlar\u0131<br \/>\n<\/strong><\/p>\n<p>Gen\u00e7 yeteneklerin geli\u015fimini desteklemek amac\u0131yla As Tak\u0131m\u0131 Yetenek Program\u0131 ve Staj Programlar\u0131 gibi \u00e7e\u015fitli istihdam olanaklar\u0131 sunmaktay\u0131z.<\/p>\n<p>&nbsp;<\/p>\n<p><strong>AS Tak\u0131m\u0131 Yetenek Program\u0131<\/strong><\/p>\n<p><strong>Gelece\u011fi Enerjinle \u015eekillendir!<\/strong><\/p>\n<p>Savunma sanayisinin \u00f6nc\u00fc enerji \u015firketi ASP\u0130LSAN Enerji olarak, gen\u00e7 yeteneklere kap\u0131lar\u0131m\u0131z\u0131 a\u00e7\u0131yor ve <strong>AS Tak\u0131m\u0131 Yetenek Program\u0131<\/strong> ile gelece\u011fin m\u00fchendislerini, uzmanlar\u0131n\u0131 ve liderlerini yeti\u015ftiriyoruz.<\/p>\n<p>AS Tak\u0131m\u0131; \u00fcniversite 3. ve 4. s\u0131n\u0131f \u00f6\u011frencilerine y\u00f6nelik olarak hayata ge\u00e7irilen, \u00fcniversite \u00f6\u011frencilerine e\u011fitimleri devam ederken sekt\u00f6rde deneyim kazanma f\u0131rsat\u0131 sunan \u00f6zel bir yetenek program\u0131d\u0131r. Program s\u00fcresince \u00f6\u011frenciler, belirli g\u00fcnlerde \u015firketimizde aktif olarak g\u00f6rev alarak:<\/p>\n<ul>\n<li>Ger\u00e7ek projelerde yer al\u0131r,<\/li>\n<li>Alan\u0131nda uzman ekiplerle birlikte \u00e7al\u0131\u015f\u0131r,<\/li>\n<li>Mentorluk deste\u011fi al\u0131r,<\/li>\n<li>Ki\u015fisel ve profesyonel geli\u015fim e\u011fitimlerine kat\u0131l\u0131r,<\/li>\n<li>Mezuniyet sonras\u0131 kariyerlerine g\u00fc\u00e7l\u00fc bir ba\u015flang\u0131\u00e7 yapma f\u0131rsat\u0131 yakalar.<\/li>\n<\/ul>\n<p><strong>Kimler Ba\u015fvurabilir?<\/strong><\/p>\n<ul>\n<li>\u00dcniversitelerin m\u00fchendislik, teknoloji, iktisadi ve idari bilimler b\u00f6l\u00fcmlerinde 3. veya 4. s\u0131n\u0131f \u00f6\u011frencisi olan,<\/li>\n<li>Haftada en az 2, ayda en az 10 i\u015f g\u00fcn\u00fc \u00e7al\u0131\u015fabilecek,<\/li>\n<\/ul>\n<p>\u00d6\u011frenmeye a\u00e7\u0131k, ileti\u015fimi g\u00fc\u00e7l\u00fc, sorumluluk almay\u0131 seven t\u00fcm gen\u00e7 yetenekler!<\/p>\n<p><a href=\"https:\/\/www.aspilsan.com\/en\/kariyer_aday\/form\/\" target=\"_blank\" rel=\"noopener\"><b>AS TAKIMI YETENEK PROGRAMI&#8217;na ba\u015fvuru yapmak i\u00e7in t\u0131klay\u0131n\u0131z<\/b><\/a><\/p>\n<p>&nbsp;<\/p>\n<p><strong>Yaz D\u00f6nemi Staj Program\u0131<\/strong><\/p>\n<p>\u00dcniversitelerin 3. ve 4. s\u0131n\u0131f \u00f6\u011frencilerinin, zorunlu staj s\u00fcre\u00e7lerinin kabul edildi\u011fi programd\u0131r. Her y\u0131l\u0131n Mart ay\u0131nda ba\u015fvurular aktif hale gelmektedir.<\/p>\n<p><a href=\"https:\/\/savunmakariyer.com\/ilanlar\/ilanDetay\/69a6c88a0fda4c73ff4388f0\" target=\"_blank\" rel=\"noopener\"><b>AS TAKIMI STAJ PROGRAMI&#8217;na ba\u015fvuru yapmak i\u00e7in t\u0131klay\u0131n\u0131z<\/b><\/a><\/p>\n<p>Bu programlar kapsam\u0131nda, \u00fcniversite \u00f6\u011frencilerine ve yeni mezunlara, savunma sanayi enerji sekt\u00f6r\u00fcnde kariyerlerine g\u00fc\u00e7l\u00fc bir ba\u015flang\u0131\u00e7 yapma f\u0131rsat\u0131 sunulmaktad\u0131r.<\/p>\n<\/div><\/div><\/div><\/div><\/div><\/div><\/div><\/section><section class=\"l-section wpb_row height_medium\"><div class=\"l-section-h i-cf\"><div class=\"g-cols vc_row type_default valign_top\"><div class=\"vc_col-sm-12 wpb_column vc_column_container\"><div class=\"vc_column-inner\"><div class=\"wpb_wrapper\"><\/div><\/div><\/div><\/div><\/div><\/section>","protected":false},"excerpt":{"rendered":"Neden ASP\u0130LSAN Enerji? ASP\u0130LSAN Enerji, \u00e7al\u0131\u015fanlar\u0131na yaln\u0131zca bir i\u015f ortam\u0131 sunmakla kalmay\u0131p, ayn\u0131 zamanda onlar\u0131n kariyer geli\u015fimini destekleyen bir \u00e7al\u0131\u015fma k\u00fclt\u00fcr\u00fc olu\u015fturmay\u0131 hedeflemektedir. \u00c7al\u0131\u015fanlar\u0131m\u0131z\u0131n yetkinliklerini art\u0131rmalar\u0131 i\u00e7in \u00e7e\u015fitli e\u011fitim ve geli\u015fim programlar\u0131 sa\u011flanmakta, kariyer yollar\u0131 stratejik planlama do\u011frultusunda \u015fekillendirilmektedir. ASP\u0130LSAN Enerji\u2019de siz de: \u2714 Savunma sanayi enerji sekt\u00f6r\u00fcn\u00fcn \u00f6nc\u00fc kurulu\u015flar\u0131ndan birinde \u00e7al\u0131\u015fma f\u0131rsat\u0131 bulabilirsiniz. \u2714...","protected":false},"author":1,"featured_media":0,"parent":32,"menu_order":6,"comment_status":"closed","ping_status":"closed","template":"","meta":{"om_disable_all_campaigns":false,"_mi_skip_tracking":false,"_themeisle_gutenberg_block_has_review":false,"footnotes":""},"class_list":["post-4762","page","type-page","status-publish","hentry"],"aioseo_notices":[],"yoast_head":"<!-- This site is optimized with the Yoast SEO plugin v20.5 - https:\/\/yoast.com\/wordpress\/plugins\/seo\/ -->\n<title>Kariyer - ASP\u0130LSAN<\/title>\n<meta name=\"robots\" content=\"index, follow, max-snippet:-1, max-image-preview:large, max-video-preview:-1\" \/>\n<link rel=\"canonical\" href=\"https:\/\/www.aspilsan.com\/en\/corporate\/career\/\" \/>\n<meta property=\"og:locale\" content=\"en_US\" \/>\n<meta property=\"og:type\" content=\"article\" \/>\n<meta property=\"og:title\" content=\"Kariyer - ASP\u0130LSAN\" \/>\n<meta property=\"og:url\" content=\"https:\/\/www.aspilsan.com\/en\/corporate\/career\/\" \/>\n<meta property=\"og:site_name\" content=\"ASP\u0130LSAN\" \/>\n<meta property=\"article:publisher\" content=\"https:\/\/www.facebook.com\/people\/Aspilsan\/100028422177074\/\" \/>\n<meta property=\"article:modified_time\" content=\"2026-03-03T12:13:29+00:00\" \/>\n<meta name=\"twitter:card\" content=\"summary_large_image\" \/>\n<meta name=\"twitter:site\" content=\"@aspilsan_enerji\" \/>\n<meta name=\"twitter:label1\" content=\"Est. reading time\" \/>\n\t<meta name=\"twitter:data1\" content=\"2 minutes\" \/>\n<script type=\"application\/ld+json\" class=\"yoast-schema-graph\">{\"@context\":\"https:\/\/schema.org\",\"@graph\":[{\"@type\":\"WebPage\",\"@id\":\"https:\/\/www.aspilsan.com\/kurumsal\/kariyer\/\",\"url\":\"https:\/\/www.aspilsan.com\/kurumsal\/kariyer\/\",\"name\":\"Kariyer - ASP\u0130LSAN\",\"isPartOf\":{\"@id\":\"https:\/\/www.aspilsan.com\/#website\"},\"datePublished\":\"2022-12-14T12:18:15+00:00\",\"dateModified\":\"2026-03-03T12:13:29+00:00\",\"breadcrumb\":{\"@id\":\"https:\/\/www.aspilsan.com\/kurumsal\/kariyer\/#breadcrumb\"},\"inLanguage\":\"en-US\",\"potentialAction\":[{\"@type\":\"ReadAction\",\"target\":[\"https:\/\/www.aspilsan.com\/kurumsal\/kariyer\/\"]}]},{\"@type\":\"BreadcrumbList\",\"@id\":\"https:\/\/www.aspilsan.com\/kurumsal\/kariyer\/#breadcrumb\",\"itemListElement\":[{\"@type\":\"ListItem\",\"position\":1,\"name\":\"Anasayfa\",\"item\":\"https:\/\/www.aspilsan.com\/\"},{\"@type\":\"ListItem\",\"position\":2,\"name\":\"Kurumsal\",\"item\":\"https:\/\/www.aspilsan.com\/kurumsal\/\"},{\"@type\":\"ListItem\",\"position\":3,\"name\":\"Kariyer\"}]},{\"@type\":\"WebSite\",\"@id\":\"https:\/\/www.aspilsan.com\/#website\",\"url\":\"https:\/\/www.aspilsan.com\/\",\"name\":\"ASP\u0130LSAN\",\"description\":\"Teknolojinin Enerjisi\",\"publisher\":{\"@id\":\"https:\/\/www.aspilsan.com\/#organization\"},\"potentialAction\":[{\"@type\":\"SearchAction\",\"target\":{\"@type\":\"EntryPoint\",\"urlTemplate\":\"https:\/\/www.aspilsan.com\/?s={search_term_string}\"},\"query-input\":\"required name=search_term_string\"}],\"inLanguage\":\"en-US\"},{\"@type\":\"Organization\",\"@id\":\"https:\/\/www.aspilsan.com\/#organization\",\"name\":\"ASP\u0130LSAN\",\"url\":\"https:\/\/www.aspilsan.com\/\",\"logo\":{\"@type\":\"ImageObject\",\"inLanguage\":\"en-US\",\"@id\":\"https:\/\/www.aspilsan.com\/#\/schema\/logo\/image\/\",\"url\":\"https:\/\/www.aspilsan.com\/wp-content\/uploads\/2022\/03\/Aspilsan-Logo-300px.png\",\"contentUrl\":\"https:\/\/www.aspilsan.com\/wp-content\/uploads\/2022\/03\/Aspilsan-Logo-300px.png\",\"width\":300,\"height\":56,\"caption\":\"ASP\u0130LSAN\"},\"image\":{\"@id\":\"https:\/\/www.aspilsan.com\/#\/schema\/logo\/image\/\"},\"sameAs\":[\"https:\/\/www.facebook.com\/people\/Aspilsan\/100028422177074\/\",\"https:\/\/twitter.com\/aspilsan_enerji\",\"https:\/\/www.instagram.com\/aspilsanenerji\",\"https:\/\/www.linkedin.com\/company\/aspilsan\"]}]}<\/script>\n<!-- \/ Yoast SEO plugin. -->","yoast_head_json":{"title":"Kariyer - ASP\u0130LSAN","robots":{"index":"index","follow":"follow","max-snippet":"max-snippet:-1","max-image-preview":"max-image-preview:large","max-video-preview":"max-video-preview:-1"},"canonical":"https:\/\/www.aspilsan.com\/en\/corporate\/career\/","og_locale":"en_US","og_type":"article","og_title":"Kariyer - ASP\u0130LSAN","og_url":"https:\/\/www.aspilsan.com\/en\/corporate\/career\/","og_site_name":"ASP\u0130LSAN","article_publisher":"https:\/\/www.facebook.com\/people\/Aspilsan\/100028422177074\/","article_modified_time":"2026-03-03T12:13:29+00:00","twitter_card":"summary_large_image","twitter_site":"@aspilsan_enerji","twitter_misc":{"Est. reading time":"2 minutes"},"schema":{"@context":"https:\/\/schema.org","@graph":[{"@type":"WebPage","@id":"https:\/\/www.aspilsan.com\/kurumsal\/kariyer\/","url":"https:\/\/www.aspilsan.com\/kurumsal\/kariyer\/","name":"Kariyer - ASP\u0130LSAN","isPartOf":{"@id":"https:\/\/www.aspilsan.com\/#website"},"datePublished":"2022-12-14T12:18:15+00:00","dateModified":"2026-03-03T12:13:29+00:00","breadcrumb":{"@id":"https:\/\/www.aspilsan.com\/kurumsal\/kariyer\/#breadcrumb"},"inLanguage":"en-US","potentialAction":[{"@type":"ReadAction","target":["https:\/\/www.aspilsan.com\/kurumsal\/kariyer\/"]}]},{"@type":"BreadcrumbList","@id":"https:\/\/www.aspilsan.com\/kurumsal\/kariyer\/#breadcrumb","itemListElement":[{"@type":"ListItem","position":1,"name":"Anasayfa","item":"https:\/\/www.aspilsan.com\/"},{"@type":"ListItem","position":2,"name":"Kurumsal","item":"https:\/\/www.aspilsan.com\/kurumsal\/"},{"@type":"ListItem","position":3,"name":"Kariyer"}]},{"@type":"WebSite","@id":"https:\/\/www.aspilsan.com\/#website","url":"https:\/\/www.aspilsan.com\/","name":"ASP\u0130LSAN","description":"Teknolojinin Enerjisi","publisher":{"@id":"https:\/\/www.aspilsan.com\/#organization"},"potentialAction":[{"@type":"SearchAction","target":{"@type":"EntryPoint","urlTemplate":"https:\/\/www.aspilsan.com\/?s={search_term_string}"},"query-input":"required name=search_term_string"}],"inLanguage":"en-US"},{"@type":"Organization","@id":"https:\/\/www.aspilsan.com\/#organization","name":"ASP\u0130LSAN","url":"https:\/\/www.aspilsan.com\/","logo":{"@type":"ImageObject","inLanguage":"en-US","@id":"https:\/\/www.aspilsan.com\/#\/schema\/logo\/image\/","url":"https:\/\/www.aspilsan.com\/wp-content\/uploads\/2022\/03\/Aspilsan-Logo-300px.png","contentUrl":"https:\/\/www.aspilsan.com\/wp-content\/uploads\/2022\/03\/Aspilsan-Logo-300px.png","width":300,"height":56,"caption":"ASP\u0130LSAN"},"image":{"@id":"https:\/\/www.aspilsan.com\/#\/schema\/logo\/image\/"},"sameAs":["https:\/\/www.facebook.com\/people\/Aspilsan\/100028422177074\/","https:\/\/twitter.com\/aspilsan_enerji","https:\/\/www.instagram.com\/aspilsanenerji","https:\/\/www.linkedin.com\/company\/aspilsan"]}]}},"acf":[],"_links":{"self":[{"href":"https:\/\/www.aspilsan.com\/en\/wp-json\/wp\/v2\/pages\/4762","targetHints":{"allow":["GET"]}}],"collection":[{"href":"https:\/\/www.aspilsan.com\/en\/wp-json\/wp\/v2\/pages"}],"about":[{"href":"https:\/\/www.aspilsan.com\/en\/wp-json\/wp\/v2\/types\/page"}],"author":[{"embeddable":true,"href":"https:\/\/www.aspilsan.com\/en\/wp-json\/wp\/v2\/users\/1"}],"replies":[{"embeddable":true,"href":"https:\/\/www.aspilsan.com\/en\/wp-json\/wp\/v2\/comments?post=4762"}],"version-history":[{"count":2,"href":"https:\/\/www.aspilsan.com\/en\/wp-json\/wp\/v2\/pages\/4762\/revisions"}],"predecessor-version":[{"id":9222,"href":"https:\/\/www.aspilsan.com\/en\/wp-json\/wp\/v2\/pages\/4762\/revisions\/9222"}],"up":[{"embeddable":true,"href":"https:\/\/www.aspilsan.com\/en\/wp-json\/wp\/v2\/pages\/32"}],"wp:attachment":[{"href":"https:\/\/www.aspilsan.com\/en\/wp-json\/wp\/v2\/media?parent=4762"}],"curies":[{"name":"wp","href":"https:\/\/api.w.org\/{rel}","templated":true}]}}