{"id":52,"date":"2021-04-22T18:28:19","date_gmt":"2021-04-22T15:28:19","guid":{"rendered":"https:\/\/www.aspilsan.com\/?page_id=52"},"modified":"2021-04-29T22:26:45","modified_gmt":"2021-04-29T19:26:45","slug":"akademik-calismalar","status":"publish","type":"page","link":"https:\/\/www.aspilsan.com\/en\/media-center\/akademik-calismalar\/","title":{"rendered":"Academic Studies"},"content":{"rendered":"<section class=\"l-section wpb_row height_small\"><div class=\"l-section-h i-cf\"><div class=\"g-cols vc_row type_default valign_top\"><div class=\"vc_col-sm-12 vc_hidden-sm vc_hidden-xs wpb_column vc_column_container\"><div class=\"vc_column-inner\"><div class=\"wpb_wrapper\"><div class=\"w-menu us_custom_eb849559 layout_hor style_links us_menu_1\"><ul id=\"menu-medya\" class=\"menu\"><li id=\"menu-item-430\" class=\"menu-item menu-item-type-post_type menu-item-object-page menu-item-430\"><a href=\"https:\/\/www.aspilsan.com\/en\/media-center\/catalogs\/\">Catalogs<\/a><\/li><li id=\"menu-item-2113\" class=\"menu-item menu-item-type-post_type menu-item-object-page menu-item-2113\"><a href=\"https:\/\/www.aspilsan.com\/en\/media-center\/product-brochures\/\">Product Brochures<\/a><\/li><li id=\"menu-item-5850\" class=\"menu-item menu-item-type-post_type menu-item-object-page menu-item-5850\"><a href=\"https:\/\/www.aspilsan.com\/en\/our-portfolio\/\">Our Portfolio<\/a><\/li><li id=\"menu-item-433\" class=\"menu-item menu-item-type-post_type menu-item-object-page menu-item-433\"><a href=\"https:\/\/www.aspilsan.com\/en\/media-center\/events\/\">Events<\/a><\/li><li id=\"menu-item-2517\" class=\"menu-item menu-item-type-post_type menu-item-object-page menu-item-2517\"><a href=\"https:\/\/www.aspilsan.com\/en\/media-center\/e-bulletin\/\">E-Bulletin<\/a><\/li><li id=\"menu-item-431\" class=\"menu-item menu-item-type-post_type menu-item-object-page menu-item-431\"><a href=\"https:\/\/www.aspilsan.com\/en\/media-center\/press-release\/\">Press Releases<\/a><\/li><li id=\"menu-item-1141\" class=\"menu-item menu-item-type-post_type menu-item-object-page menu-item-1141\"><a href=\"https:\/\/www.aspilsan.com\/en\/media-center\/news\/\">News<\/a><\/li><li id=\"menu-item-3813\" class=\"menu-item menu-item-type-post_type menu-item-object-page menu-item-3813\"><a href=\"https:\/\/www.aspilsan.com\/en\/media-center\/photo-gallery\/\">Photo Gallery<\/a><\/li><li id=\"menu-item-432\" class=\"menu-item menu-item-type-post_type menu-item-object-page menu-item-432\"><a href=\"https:\/\/www.aspilsan.com\/en\/media-center\/video-gallery\/\">Videos<\/a><\/li><li id=\"menu-item-464\" class=\"menu-item menu-item-type-post_type menu-item-object-page menu-item-464\"><a href=\"https:\/\/www.aspilsan.com\/en\/media-center\/corporate-identity\/\">Corporate Identity<\/a><\/li><\/ul><style>.us_menu_1 .menu>li{margin-right:1.5rem}.us_menu_1 .menu>li>a{color:var(--color-header-middle-bg)}.us_menu_1 .menu>.menu-item:not(.current-menu-item)>a:hover{color:var(--color-content-primary)}.us_menu_1 .menu>.current-menu-item>a{color:var(--color-content-primary)}@media ( max-width:600px ){.us_menu_1 .menu{display:block!important}.us_menu_1 .menu>li{margin:0 0 1.5rem}}<\/style><\/div><div class=\"w-separator size_small with_line width_default thick_1 style_solid color_border align_center\"><div class=\"w-separator-h\"><\/div><\/div><\/div><\/div><\/div><div class=\"vc_col-sm-12 wpb_column vc_column_container\"><div class=\"vc_column-inner\"><div class=\"wpb_wrapper\"><div class=\"w-grid type_grid layout_404 cols_4 with_pagination with_css_animation ratio_1x1\" id=\"us_grid_1\" data-filterable=\"true\"><style id=\"us_grid_1_css\">#us_grid_1 .w-grid-item{padding:.5rem}#us_grid_1 .w-grid-list{margin:-.5rem -.5rem .5rem}.w-grid + #us_grid_1 .w-grid-list{margin-top:.5rem}@media (max-width:1199px){#us_grid_1 .w-grid-item{width:33.3333%}#us_grid_1 .w-grid-item.size_2x1,#us_grid_1 .w-grid-item.size_2x2{width:66.6667%}}@media (max-width:899px){#us_grid_1 .w-grid-item{width:50.0000%}#us_grid_1 .w-grid-item.size_2x1,#us_grid_1 .w-grid-item.size_2x2{width:100.0000%}}@media (max-width:599px){#us_grid_1 .w-grid-list{margin:0}#us_grid_1 .w-grid-item{width:100.0000%;padding:0;margin-bottom:.5rem}}#us_grid_1 .w-grid-item-h:before{padding-bottom:100.0000%}<\/style><style>.layout_404 .w-grid-item-h:before{padding-bottom:100.0000%}@media (min-width:600px){.layout_404 .w-grid-item.size_1x2 .w-grid-item-h:before{padding-bottom:calc(200.0000% + .5rem + .5rem)}.layout_404 .w-grid-item.size_2x1 .w-grid-item-h:before{padding-bottom:calc(50.0000% - .5rem * 1.0000)}.layout_404 .w-grid-item.size_2x2 .w-grid-item-h:before{padding-bottom:calc(100.0000% - .5rem * 0)}}.layout_404 .w-grid-item-h{background:var(--color-content-secondary-grad);color:#ffffff;border-radius:0.2rem;z-index:3}.layout_404 .usg_post_image_1{transition-duration:0.25s;transform-origin:50% 50%;transform:scale(1) translate(0%,0%)}.layout_404 .w-grid-item-h:hover .usg_post_image_1{transform:scale(1.04) translate(0%,0%);opacity:0.5}.layout_404 .usg_post_image_1{position:absolute!important;left:0!important;top:0!important;bottom:0!important;right:0!important}.layout_404 .usg_vwrapper_1{position:absolute!important;right:0!important;bottom:0!important;left:0!important;background:linear-gradient(transparent,rgba(30,30,30,0.8))!important;padding:4rem 2rem 1.5rem 2rem!important}.layout_404 .usg_post_title_1{color:#ffffff!important;font-size:1rem!important}.layout_404 .usg_post_date_1{font-weight:500!important;font-size:14px!important}<\/style><div class=\"w-grid-list\" >\t<article class=\"w-grid-item animate_afb size_1x1 post-559 post type-post status-publish format-standard has-post-thumbnail hentry category-akademik-calismalar\" data-id=\"559\" style=\"animation-delay:0s\">\n\t\t<div class=\"w-grid-item-h\">\n\t\t\t\t\t\t\t<a class=\"w-grid-item-anchor\" href=\"https:\/\/www.aspilsan.com\/en\/microstructural-investigation-of-the-effect-of-electrospraying-parameters-on-lscf-films\/\" rel=\"bookmark\" aria-label=\"Microstructural investigation of the effect of electrospraying parameters on LSCF films\"><\/a>\n\t\t\t\t\t\t<div class=\"w-post-elm post_image usg_post_image_1 stretched\"><img loading=\"lazy\" decoding=\"async\" width=\"706\" height=\"515\" src=\"https:\/\/www.aspilsan.com\/wp-content\/uploads\/2021\/05\/akademic.png\" class=\"attachment-large size-large wp-post-image\" alt=\"\" srcset=\"https:\/\/www.aspilsan.com\/wp-content\/uploads\/2021\/05\/akademic.png 706w, https:\/\/www.aspilsan.com\/wp-content\/uploads\/2021\/05\/akademic-300x219.png 300w, https:\/\/www.aspilsan.com\/wp-content\/uploads\/2021\/05\/akademic-600x438.png 600w, https:\/\/www.aspilsan.com\/wp-content\/uploads\/2021\/05\/akademic-400x292.png 400w, https:\/\/www.aspilsan.com\/wp-content\/uploads\/2021\/05\/akademic-16x12.png 16w, https:\/\/www.aspilsan.com\/wp-content\/uploads\/2021\/05\/akademic-500x365.png 500w, https:\/\/www.aspilsan.com\/wp-content\/uploads\/2021\/05\/akademic-200x146.png 200w, https:\/\/www.aspilsan.com\/wp-content\/uploads\/2021\/05\/akademic-100x73.png 100w, https:\/\/www.aspilsan.com\/wp-content\/uploads\/2021\/05\/akademic-50x36.png 50w, https:\/\/www.aspilsan.com\/wp-content\/uploads\/2021\/05\/akademic-70x51.png 70w, https:\/\/www.aspilsan.com\/wp-content\/uploads\/2021\/05\/akademic-90x66.png 90w, https:\/\/www.aspilsan.com\/wp-content\/uploads\/2021\/05\/akademic-130x95.png 130w, https:\/\/www.aspilsan.com\/wp-content\/uploads\/2021\/05\/akademic-180x131.png 180w, https:\/\/www.aspilsan.com\/wp-content\/uploads\/2021\/05\/akademic-190x139.png 190w\" sizes=\"auto, (max-width: 706px) 100vw, 706px\" \/><\/div><div class=\"w-vwrapper usg_vwrapper_1 align_left valign_top\"><h2 class=\"w-post-elm post_title usg_post_title_1 entry-title color_link_inherit has_text_color\">Microstructural investigation of the effect of electrospraying parameters on LSCF films<\/h2><time class=\"w-post-elm post_date usg_post_date_1 entry-date published\" datetime=\"2020-11-06T11:28:49+03:00\">6 November 2020 - Friday<\/time><\/div>\t\t<\/div>\n\t<\/article>\n\t<article class=\"w-grid-item animate_afb size_1x1 post-563 post type-post status-publish format-standard has-post-thumbnail hentry category-akademik-calismalar\" data-id=\"563\" style=\"animation-delay:0.1s\">\n\t\t<div class=\"w-grid-item-h\">\n\t\t\t\t\t\t\t<a class=\"w-grid-item-anchor\" href=\"https:\/\/www.aspilsan.com\/en\/from-high-production-flexibility-factory-shop-type-production-to-cellular-production\/\" rel=\"bookmark\" aria-label=\"From Workshop Type Production to Cellular Production in the Factory with High Production Flexibility\"><\/a>\n\t\t\t\t\t\t<div class=\"w-post-elm post_image usg_post_image_1 stretched\"><img loading=\"lazy\" decoding=\"async\" width=\"615\" height=\"350\" src=\"https:\/\/www.aspilsan.com\/wp-content\/uploads\/2021\/05\/asb0312layout41_3D9P.jpg\" class=\"attachment-large size-large wp-post-image\" alt=\"\" srcset=\"https:\/\/www.aspilsan.com\/wp-content\/uploads\/2021\/05\/asb0312layout41_3D9P.jpg 615w, https:\/\/www.aspilsan.com\/wp-content\/uploads\/2021\/05\/asb0312layout41_3D9P-300x171.jpg 300w, https:\/\/www.aspilsan.com\/wp-content\/uploads\/2021\/05\/asb0312layout41_3D9P-600x341.jpg 600w, https:\/\/www.aspilsan.com\/wp-content\/uploads\/2021\/05\/asb0312layout41_3D9P-400x228.jpg 400w, https:\/\/www.aspilsan.com\/wp-content\/uploads\/2021\/05\/asb0312layout41_3D9P-18x10.jpg 18w, https:\/\/www.aspilsan.com\/wp-content\/uploads\/2021\/05\/asb0312layout41_3D9P-500x285.jpg 500w, https:\/\/www.aspilsan.com\/wp-content\/uploads\/2021\/05\/asb0312layout41_3D9P-200x114.jpg 200w, https:\/\/www.aspilsan.com\/wp-content\/uploads\/2021\/05\/asb0312layout41_3D9P-100x57.jpg 100w, https:\/\/www.aspilsan.com\/wp-content\/uploads\/2021\/05\/asb0312layout41_3D9P-50x28.jpg 50w, https:\/\/www.aspilsan.com\/wp-content\/uploads\/2021\/05\/asb0312layout41_3D9P-70x40.jpg 70w, https:\/\/www.aspilsan.com\/wp-content\/uploads\/2021\/05\/asb0312layout41_3D9P-90x51.jpg 90w, https:\/\/www.aspilsan.com\/wp-content\/uploads\/2021\/05\/asb0312layout41_3D9P-130x74.jpg 130w, https:\/\/www.aspilsan.com\/wp-content\/uploads\/2021\/05\/asb0312layout41_3D9P-180x102.jpg 180w, https:\/\/www.aspilsan.com\/wp-content\/uploads\/2021\/05\/asb0312layout41_3D9P-190x108.jpg 190w\" sizes=\"auto, (max-width: 615px) 100vw, 615px\" \/><\/div><div class=\"w-vwrapper usg_vwrapper_1 align_left valign_top\"><h2 class=\"w-post-elm post_title usg_post_title_1 entry-title color_link_inherit has_text_color\">From Workshop Type Production to Cellular Production in the Factory with High Production Flexibility<\/h2><time class=\"w-post-elm post_date usg_post_date_1 entry-date published\" datetime=\"2018-07-06T11:33:44+03:00\">6 July 2018 - Friday<\/time><\/div>\t\t<\/div>\n\t<\/article>\n<\/div><div class=\"w-grid-preloader\"><div class=\"g-preloader type_1\">\n\t<div><\/div>\n<\/div>\n<\/div>\t<div class=\"w-grid-json hidden\" onclick='return {&quot;action&quot;:&quot;us_ajax_grid&quot;,&quot;ajax_url&quot;:&quot;https:\\\/\\\/www.aspilsan.com\\\/wp-admin\\\/admin-ajax.php&quot;,&quot;infinite_scroll&quot;:0,&quot;max_num_pages&quot;:1,&quot;pagination&quot;:&quot;regular&quot;,&quot;permalink_url&quot;:&quot;https:\\\/\\\/www.aspilsan.com\\\/en\\\/wp-json\\\/wp\\\/v2\\\/pages\\\/52&quot;,&quot;template_vars&quot;:{&quot;columns&quot;:&quot;4&quot;,&quot;exclude_items&quot;:&quot;none&quot;,&quot;img_size&quot;:&quot;default&quot;,&quot;ignore_items_size&quot;:false,&quot;items_layout&quot;:&quot;404&quot;,&quot;items_offset&quot;:&quot;1&quot;,&quot;load_animation&quot;:&quot;afb&quot;,&quot;overriding_link&quot;:&quot;post&quot;,&quot;post_id&quot;:52,&quot;query_args&quot;:{&quot;post_type&quot;:[&quot;post&quot;],&quot;tax_query&quot;:[{&quot;taxonomy&quot;:&quot;category&quot;,&quot;field&quot;:&quot;slug&quot;,&quot;terms&quot;:[&quot;akademik-calismalar&quot;]}],&quot;post_status&quot;:[&quot;publish&quot;,&quot;acf-disabled&quot;],&quot;posts_per_page&quot;:&quot;12&quot;},&quot;orderby_query_args&quot;:{&quot;orderby&quot;:{&quot;date&quot;:&quot;DESC&quot;}},&quot;type&quot;:&quot;grid&quot;,&quot;us_grid_ajax_index&quot;:1,&quot;us_grid_filter_params&quot;:null,&quot;us_grid_index&quot;:1,&quot;_us_grid_post_type&quot;:&quot;post&quot;}}'><\/div>\n\t<\/div><\/div><\/div><\/div><\/div><\/div><\/section>","protected":false},"excerpt":{"rendered":"Y\u00dcKSEK \u00dcRET\u0130M ESNEKL\u0130\u011e\u0130 OLAN B\u0130R FABR\u0130KADA AT\u00d6LYE T\u0130P\u0130 \u00dcRET\u0130MDEN H\u00dcCRESEL \u00dcRET\u0130ME GE\u00c7\u0130\u015e: B\u0130R S\u0130M\u00dcLASYON MODEL\u0130 Koray KILIN\u00c7 Erciyes \u00dcniversitesi, Fen Bilimleri Enstit\u00fcs\u00fc Y\u00fcksek Lisans Tezi, Haziran 2018 Dan\u0131\u015fman: Prof. Dr. Banu SOYLU \u00d6ZET At\u00f6lye tipi imalat, \u00fcr\u00fcn \u00e7e\u015fitlili\u011finin y\u00fcksek, \u00fcretim miktarlar\u0131n\u0131n ise az oldu\u011fu tesislerde sa\u011flad\u0131\u011f\u0131 esneklik sebebi ile s\u0131k\u00e7a tercih edilen bir imalat sistemidir....","protected":false},"author":1,"featured_media":0,"parent":28,"menu_order":4,"comment_status":"closed","ping_status":"closed","template":"","meta":{"om_disable_all_campaigns":false,"_mi_skip_tracking":false,"_themeisle_gutenberg_block_has_review":false,"footnotes":""},"class_list":["post-52","page","type-page","status-publish","hentry"],"aioseo_notices":[],"yoast_head":"<!-- This site is optimized with the Yoast SEO plugin v20.5 - https:\/\/yoast.com\/wordpress\/plugins\/seo\/ -->\n<title>Akademik \u00c7al\u0131\u015fmalar - ASP\u0130LSAN<\/title>\n<meta name=\"robots\" content=\"index, follow, max-snippet:-1, max-image-preview:large, max-video-preview:-1\" \/>\n<link rel=\"canonical\" href=\"https:\/\/www.aspilsan.com\/en\/medya-merkezi\/akademik-calismalar\/\" \/>\n<meta property=\"og:locale\" content=\"en_US\" \/>\n<meta property=\"og:type\" content=\"article\" \/>\n<meta property=\"og:title\" content=\"Akademik \u00c7al\u0131\u015fmalar - ASP\u0130LSAN\" \/>\n<meta property=\"og:url\" content=\"https:\/\/www.aspilsan.com\/en\/medya-merkezi\/akademik-calismalar\/\" \/>\n<meta property=\"og:site_name\" content=\"ASP\u0130LSAN\" \/>\n<meta property=\"article:publisher\" content=\"https:\/\/www.facebook.com\/people\/Aspilsan\/100028422177074\/\" \/>\n<meta property=\"article:modified_time\" content=\"2021-04-29T19:26:45+00:00\" \/>\n<meta name=\"twitter:card\" content=\"summary_large_image\" \/>\n<meta name=\"twitter:site\" content=\"@aspilsan_enerji\" \/>\n<script type=\"application\/ld+json\" class=\"yoast-schema-graph\">{\"@context\":\"https:\/\/schema.org\",\"@graph\":[{\"@type\":\"WebPage\",\"@id\":\"https:\/\/www.aspilsan.com\/en\/medya-merkezi\/akademik-calismalar\/\",\"url\":\"https:\/\/www.aspilsan.com\/en\/medya-merkezi\/akademik-calismalar\/\",\"name\":\"Akademik \u00c7al\u0131\u015fmalar - ASP\u0130LSAN\",\"isPartOf\":{\"@id\":\"https:\/\/www.aspilsan.com\/#website\"},\"datePublished\":\"2021-04-22T15:28:19+00:00\",\"dateModified\":\"2021-04-29T19:26:45+00:00\",\"breadcrumb\":{\"@id\":\"https:\/\/www.aspilsan.com\/en\/medya-merkezi\/akademik-calismalar\/#breadcrumb\"},\"inLanguage\":\"en-US\",\"potentialAction\":[{\"@type\":\"ReadAction\",\"target\":[\"https:\/\/www.aspilsan.com\/en\/medya-merkezi\/akademik-calismalar\/\"]}]},{\"@type\":\"BreadcrumbList\",\"@id\":\"https:\/\/www.aspilsan.com\/en\/medya-merkezi\/akademik-calismalar\/#breadcrumb\",\"itemListElement\":[{\"@type\":\"ListItem\",\"position\":1,\"name\":\"Anasayfa\",\"item\":\"https:\/\/www.aspilsan.com\/\"},{\"@type\":\"ListItem\",\"position\":2,\"name\":\"Medya Merkezi\",\"item\":\"https:\/\/www.aspilsan.com\/en\/medya-merkezi\/\"},{\"@type\":\"ListItem\",\"position\":3,\"name\":\"Akademik \u00c7al\u0131\u015fmalar\"}]},{\"@type\":\"WebSite\",\"@id\":\"https:\/\/www.aspilsan.com\/#website\",\"url\":\"https:\/\/www.aspilsan.com\/\",\"name\":\"ASP\u0130LSAN\",\"description\":\"Teknolojinin Enerjisi\",\"publisher\":{\"@id\":\"https:\/\/www.aspilsan.com\/#organization\"},\"potentialAction\":[{\"@type\":\"SearchAction\",\"target\":{\"@type\":\"EntryPoint\",\"urlTemplate\":\"https:\/\/www.aspilsan.com\/?s={search_term_string}\"},\"query-input\":\"required name=search_term_string\"}],\"inLanguage\":\"en-US\"},{\"@type\":\"Organization\",\"@id\":\"https:\/\/www.aspilsan.com\/#organization\",\"name\":\"ASP\u0130LSAN\",\"url\":\"https:\/\/www.aspilsan.com\/\",\"logo\":{\"@type\":\"ImageObject\",\"inLanguage\":\"en-US\",\"@id\":\"https:\/\/www.aspilsan.com\/#\/schema\/logo\/image\/\",\"url\":\"https:\/\/www.aspilsan.com\/wp-content\/uploads\/2022\/03\/Aspilsan-Logo-300px.png\",\"contentUrl\":\"https:\/\/www.aspilsan.com\/wp-content\/uploads\/2022\/03\/Aspilsan-Logo-300px.png\",\"width\":300,\"height\":56,\"caption\":\"ASP\u0130LSAN\"},\"image\":{\"@id\":\"https:\/\/www.aspilsan.com\/#\/schema\/logo\/image\/\"},\"sameAs\":[\"https:\/\/www.facebook.com\/people\/Aspilsan\/100028422177074\/\",\"https:\/\/twitter.com\/aspilsan_enerji\",\"https:\/\/www.instagram.com\/aspilsanenerji\",\"https:\/\/www.linkedin.com\/company\/aspilsan\"]}]}<\/script>\n<!-- \/ Yoast SEO plugin. -->","yoast_head_json":{"title":"Akademik \u00c7al\u0131\u015fmalar - ASP\u0130LSAN","robots":{"index":"index","follow":"follow","max-snippet":"max-snippet:-1","max-image-preview":"max-image-preview:large","max-video-preview":"max-video-preview:-1"},"canonical":"https:\/\/www.aspilsan.com\/en\/medya-merkezi\/akademik-calismalar\/","og_locale":"en_US","og_type":"article","og_title":"Akademik \u00c7al\u0131\u015fmalar - ASP\u0130LSAN","og_url":"https:\/\/www.aspilsan.com\/en\/medya-merkezi\/akademik-calismalar\/","og_site_name":"ASP\u0130LSAN","article_publisher":"https:\/\/www.facebook.com\/people\/Aspilsan\/100028422177074\/","article_modified_time":"2021-04-29T19:26:45+00:00","twitter_card":"summary_large_image","twitter_site":"@aspilsan_enerji","schema":{"@context":"https:\/\/schema.org","@graph":[{"@type":"WebPage","@id":"https:\/\/www.aspilsan.com\/en\/medya-merkezi\/akademik-calismalar\/","url":"https:\/\/www.aspilsan.com\/en\/medya-merkezi\/akademik-calismalar\/","name":"Akademik \u00c7al\u0131\u015fmalar - ASP\u0130LSAN","isPartOf":{"@id":"https:\/\/www.aspilsan.com\/#website"},"datePublished":"2021-04-22T15:28:19+00:00","dateModified":"2021-04-29T19:26:45+00:00","breadcrumb":{"@id":"https:\/\/www.aspilsan.com\/en\/medya-merkezi\/akademik-calismalar\/#breadcrumb"},"inLanguage":"en-US","potentialAction":[{"@type":"ReadAction","target":["https:\/\/www.aspilsan.com\/en\/medya-merkezi\/akademik-calismalar\/"]}]},{"@type":"BreadcrumbList","@id":"https:\/\/www.aspilsan.com\/en\/medya-merkezi\/akademik-calismalar\/#breadcrumb","itemListElement":[{"@type":"ListItem","position":1,"name":"Anasayfa","item":"https:\/\/www.aspilsan.com\/"},{"@type":"ListItem","position":2,"name":"Medya Merkezi","item":"https:\/\/www.aspilsan.com\/en\/medya-merkezi\/"},{"@type":"ListItem","position":3,"name":"Akademik \u00c7al\u0131\u015fmalar"}]},{"@type":"WebSite","@id":"https:\/\/www.aspilsan.com\/#website","url":"https:\/\/www.aspilsan.com\/","name":"ASP\u0130LSAN","description":"Teknolojinin Enerjisi","publisher":{"@id":"https:\/\/www.aspilsan.com\/#organization"},"potentialAction":[{"@type":"SearchAction","target":{"@type":"EntryPoint","urlTemplate":"https:\/\/www.aspilsan.com\/?s={search_term_string}"},"query-input":"required name=search_term_string"}],"inLanguage":"en-US"},{"@type":"Organization","@id":"https:\/\/www.aspilsan.com\/#organization","name":"ASP\u0130LSAN","url":"https:\/\/www.aspilsan.com\/","logo":{"@type":"ImageObject","inLanguage":"en-US","@id":"https:\/\/www.aspilsan.com\/#\/schema\/logo\/image\/","url":"https:\/\/www.aspilsan.com\/wp-content\/uploads\/2022\/03\/Aspilsan-Logo-300px.png","contentUrl":"https:\/\/www.aspilsan.com\/wp-content\/uploads\/2022\/03\/Aspilsan-Logo-300px.png","width":300,"height":56,"caption":"ASP\u0130LSAN"},"image":{"@id":"https:\/\/www.aspilsan.com\/#\/schema\/logo\/image\/"},"sameAs":["https:\/\/www.facebook.com\/people\/Aspilsan\/100028422177074\/","https:\/\/twitter.com\/aspilsan_enerji","https:\/\/www.instagram.com\/aspilsanenerji","https:\/\/www.linkedin.com\/company\/aspilsan"]}]}},"acf":[],"_links":{"self":[{"href":"https:\/\/www.aspilsan.com\/en\/wp-json\/wp\/v2\/pages\/52","targetHints":{"allow":["GET"]}}],"collection":[{"href":"https:\/\/www.aspilsan.com\/en\/wp-json\/wp\/v2\/pages"}],"about":[{"href":"https:\/\/www.aspilsan.com\/en\/wp-json\/wp\/v2\/types\/page"}],"author":[{"embeddable":true,"href":"https:\/\/www.aspilsan.com\/en\/wp-json\/wp\/v2\/users\/1"}],"replies":[{"embeddable":true,"href":"https:\/\/www.aspilsan.com\/en\/wp-json\/wp\/v2\/comments?post=52"}],"version-history":[{"count":0,"href":"https:\/\/www.aspilsan.com\/en\/wp-json\/wp\/v2\/pages\/52\/revisions"}],"up":[{"embeddable":true,"href":"https:\/\/www.aspilsan.com\/en\/wp-json\/wp\/v2\/pages\/28"}],"wp:attachment":[{"href":"https:\/\/www.aspilsan.com\/en\/wp-json\/wp\/v2\/media?parent=52"}],"curies":[{"name":"wp","href":"https:\/\/api.w.org\/{rel}","templated":true}]}}