{"id":6289,"date":"2023-07-25T14:54:38","date_gmt":"2023-07-25T11:54:38","guid":{"rendered":"https:\/\/www.aspilsan.com\/?page_id=6289"},"modified":"2024-06-28T16:50:01","modified_gmt":"2024-06-28T13:50:01","slug":"test-hizmetleri","status":"publish","type":"page","link":"https:\/\/www.aspilsan.com\/en\/services\/test-services\/","title":{"rendered":"Test Services"},"content":{"rendered":"<section class=\"l-section wpb_row height_medium\"><div class=\"l-section-h i-cf\"><div class=\"g-cols vc_row type_default valign_top\"><div class=\"vc_col-sm-3 wpb_column vc_column_container\"><div class=\"vc_column-inner\"><div class=\"wpb_wrapper\"><div class=\"w-image align_none\"><a href=\"https:\/\/www.aspilsan.com\/en\/services\/test-services\/chemical-material-tests-2\/\" aria-label=\"Link\" class=\"w-image-h\"><img loading=\"lazy\" decoding=\"async\" width=\"1000\" height=\"1000\" src=\"https:\/\/www.aspilsan.com\/wp-content\/uploads\/2022\/09\/DSCF6869.png\" class=\"attachment-large size-large\" alt=\"\" srcset=\"https:\/\/www.aspilsan.com\/wp-content\/uploads\/2022\/09\/DSCF6869.png 1000w, https:\/\/www.aspilsan.com\/wp-content\/uploads\/2022\/09\/DSCF6869-400x400.png 400w, https:\/\/www.aspilsan.com\/wp-content\/uploads\/2022\/09\/DSCF6869-150x150.png 150w, https:\/\/www.aspilsan.com\/wp-content\/uploads\/2022\/09\/DSCF6869-12x12.png 12w, https:\/\/www.aspilsan.com\/wp-content\/uploads\/2022\/09\/DSCF6869-600x600.png 600w, https:\/\/www.aspilsan.com\/wp-content\/uploads\/2022\/09\/DSCF6869-500x500.png 500w, https:\/\/www.aspilsan.com\/wp-content\/uploads\/2022\/09\/DSCF6869-300x300.png 300w, https:\/\/www.aspilsan.com\/wp-content\/uploads\/2022\/09\/DSCF6869-200x200.png 200w, https:\/\/www.aspilsan.com\/wp-content\/uploads\/2022\/09\/DSCF6869-100x100.png 100w, https:\/\/www.aspilsan.com\/wp-content\/uploads\/2022\/09\/DSCF6869-90x90.png 90w, https:\/\/www.aspilsan.com\/wp-content\/uploads\/2022\/09\/DSCF6869-190x190.png 190w, https:\/\/www.aspilsan.com\/wp-content\/uploads\/2022\/09\/DSCF6869-130x130.png 130w\" sizes=\"auto, (max-width: 1000px) 100vw, 1000px\" \/><\/a><\/div><div class=\"w-separator size_small\"><\/div><div class=\"wpb_text_column us_custom_eb849559\" ><div class=\"wpb_wrapper\"><p><a href=\"https:\/\/www.aspilsan.com\/en\/services\/test-services\/chemical-material-tests-2\/\">Chemical &amp; Material Tests<\/a><\/p>\n<\/div><\/div><\/div><\/div><\/div><div class=\"vc_col-sm-3 wpb_column vc_column_container\"><div class=\"vc_column-inner\"><div class=\"wpb_wrapper\"><div class=\"w-image align_none\"><a href=\"https:\/\/www.aspilsan.com\/en\/services\/test-services\/environmental-tests\/\" aria-label=\"Link\" class=\"w-image-h\"><img loading=\"lazy\" decoding=\"async\" width=\"1000\" height=\"1000\" src=\"https:\/\/www.aspilsan.com\/wp-content\/uploads\/2022\/09\/DSCF6899.png\" class=\"attachment-large size-large\" alt=\"\" srcset=\"https:\/\/www.aspilsan.com\/wp-content\/uploads\/2022\/09\/DSCF6899.png 1000w, https:\/\/www.aspilsan.com\/wp-content\/uploads\/2022\/09\/DSCF6899-400x400.png 400w, https:\/\/www.aspilsan.com\/wp-content\/uploads\/2022\/09\/DSCF6899-150x150.png 150w, https:\/\/www.aspilsan.com\/wp-content\/uploads\/2022\/09\/DSCF6899-12x12.png 12w, https:\/\/www.aspilsan.com\/wp-content\/uploads\/2022\/09\/DSCF6899-600x600.png 600w, https:\/\/www.aspilsan.com\/wp-content\/uploads\/2022\/09\/DSCF6899-500x500.png 500w, https:\/\/www.aspilsan.com\/wp-content\/uploads\/2022\/09\/DSCF6899-300x300.png 300w, https:\/\/www.aspilsan.com\/wp-content\/uploads\/2022\/09\/DSCF6899-200x200.png 200w, https:\/\/www.aspilsan.com\/wp-content\/uploads\/2022\/09\/DSCF6899-100x100.png 100w, https:\/\/www.aspilsan.com\/wp-content\/uploads\/2022\/09\/DSCF6899-90x90.png 90w, https:\/\/www.aspilsan.com\/wp-content\/uploads\/2022\/09\/DSCF6899-190x190.png 190w, https:\/\/www.aspilsan.com\/wp-content\/uploads\/2022\/09\/DSCF6899-130x130.png 130w\" sizes=\"auto, (max-width: 1000px) 100vw, 1000px\" \/><\/a><\/div><div class=\"w-separator size_small\"><\/div><div class=\"wpb_text_column us_custom_eb849559\" ><div class=\"wpb_wrapper\"><p><a href=\"https:\/\/www.aspilsan.com\/en\/services\/test-services\/environmental-tests\/\">Environmental Tests<\/a><\/p>\n<\/div><\/div><\/div><\/div><\/div><div class=\"vc_col-sm-3 wpb_column vc_column_container\"><div class=\"vc_column-inner\"><div class=\"wpb_wrapper\"><div class=\"w-image align_none\"><a href=\"https:\/\/www.aspilsan.com\/en\/services\/test-services\/electrical-tests\/\" aria-label=\"Link\" class=\"w-image-h\"><img loading=\"lazy\" decoding=\"async\" width=\"1000\" height=\"1000\" src=\"https:\/\/www.aspilsan.com\/wp-content\/uploads\/2022\/09\/Kare.png\" class=\"attachment-large size-large\" alt=\"\" srcset=\"https:\/\/www.aspilsan.com\/wp-content\/uploads\/2022\/09\/Kare.png 1000w, https:\/\/www.aspilsan.com\/wp-content\/uploads\/2022\/09\/Kare-400x400.png 400w, https:\/\/www.aspilsan.com\/wp-content\/uploads\/2022\/09\/Kare-150x150.png 150w, https:\/\/www.aspilsan.com\/wp-content\/uploads\/2022\/09\/Kare-12x12.png 12w, https:\/\/www.aspilsan.com\/wp-content\/uploads\/2022\/09\/Kare-600x600.png 600w, https:\/\/www.aspilsan.com\/wp-content\/uploads\/2022\/09\/Kare-500x500.png 500w, https:\/\/www.aspilsan.com\/wp-content\/uploads\/2022\/09\/Kare-300x300.png 300w, https:\/\/www.aspilsan.com\/wp-content\/uploads\/2022\/09\/Kare-200x200.png 200w, https:\/\/www.aspilsan.com\/wp-content\/uploads\/2022\/09\/Kare-100x100.png 100w, https:\/\/www.aspilsan.com\/wp-content\/uploads\/2022\/09\/Kare-90x90.png 90w, https:\/\/www.aspilsan.com\/wp-content\/uploads\/2022\/09\/Kare-190x190.png 190w, https:\/\/www.aspilsan.com\/wp-content\/uploads\/2022\/09\/Kare-130x130.png 130w\" sizes=\"auto, (max-width: 1000px) 100vw, 1000px\" \/><\/a><\/div><div class=\"w-separator size_small\"><\/div><div class=\"wpb_text_column us_custom_eb849559\" ><div class=\"wpb_wrapper\"><p><a href=\"https:\/\/www.aspilsan.com\/en\/services\/test-services\/electrical-tests\/\">Electrical Tests<\/a><\/p>\n<\/div><\/div><\/div><\/div><\/div><div class=\"vc_col-sm-3 wpb_column vc_column_container\"><div class=\"vc_column-inner\"><div class=\"wpb_wrapper\"><div class=\"w-image align_none\"><a href=\"https:\/\/www.aspilsan.com\/en\/services\/test-services\/emi-emc-tests\/\" aria-label=\"Link\" class=\"w-image-h\"><img loading=\"lazy\" decoding=\"async\" width=\"1024\" height=\"1024\" src=\"https:\/\/www.aspilsan.com\/wp-content\/uploads\/2024\/05\/EMI-EMC-Testleri-1024x1024.jpg\" class=\"attachment-large size-large\" alt=\"\" srcset=\"https:\/\/www.aspilsan.com\/wp-content\/uploads\/2024\/05\/EMI-EMC-Testleri-1024x1024.jpg 1024w, https:\/\/www.aspilsan.com\/wp-content\/uploads\/2024\/05\/EMI-EMC-Testleri-400x400.jpg 400w, https:\/\/www.aspilsan.com\/wp-content\/uploads\/2024\/05\/EMI-EMC-Testleri-150x150.jpg 150w, https:\/\/www.aspilsan.com\/wp-content\/uploads\/2024\/05\/EMI-EMC-Testleri-12x12.jpg 12w, https:\/\/www.aspilsan.com\/wp-content\/uploads\/2024\/05\/EMI-EMC-Testleri-600x600.jpg 600w, https:\/\/www.aspilsan.com\/wp-content\/uploads\/2024\/05\/EMI-EMC-Testleri-500x500.jpg 500w, https:\/\/www.aspilsan.com\/wp-content\/uploads\/2024\/05\/EMI-EMC-Testleri-300x300.jpg 300w, https:\/\/www.aspilsan.com\/wp-content\/uploads\/2024\/05\/EMI-EMC-Testleri-200x200.jpg 200w, https:\/\/www.aspilsan.com\/wp-content\/uploads\/2024\/05\/EMI-EMC-Testleri-100x100.jpg 100w, https:\/\/www.aspilsan.com\/wp-content\/uploads\/2024\/05\/EMI-EMC-Testleri-90x90.jpg 90w, https:\/\/www.aspilsan.com\/wp-content\/uploads\/2024\/05\/EMI-EMC-Testleri-190x190.jpg 190w, https:\/\/www.aspilsan.com\/wp-content\/uploads\/2024\/05\/EMI-EMC-Testleri-130x130.jpg 130w, https:\/\/www.aspilsan.com\/wp-content\/uploads\/2024\/05\/EMI-EMC-Testleri-800x800.jpg 800w, https:\/\/www.aspilsan.com\/wp-content\/uploads\/2024\/05\/EMI-EMC-Testleri-1330x1330.jpg 1330w, https:\/\/www.aspilsan.com\/wp-content\/uploads\/2024\/05\/EMI-EMC-Testleri-1325x1325.jpg 1325w\" sizes=\"auto, (max-width: 1024px) 100vw, 1024px\" \/><\/a><\/div><div class=\"w-separator size_small\"><\/div><div class=\"wpb_text_column us_custom_eb849559\" ><div class=\"wpb_wrapper\"><p><a href=\"https:\/\/www.aspilsan.com\/en\/services\/test-services\/emi-emc-tests\/\">EMI \/ EMC Tests<\/a><\/p>\n<\/div><\/div><\/div><\/div><\/div><\/div><\/div><\/section><section class=\"l-section wpb_row height_medium\"><div class=\"l-section-h i-cf\"><div class=\"g-cols vc_row type_default valign_top\"><div class=\"vc_col-sm-12 wpb_column vc_column_container\"><div class=\"vc_column-inner\"><div class=\"wpb_wrapper\"><div class=\"wpb_text_column\" ><div class=\"wpb_wrapper\"><p>In order to meet the industry's testing requirements, ASP\u0130LSAN Enerji makes use of its test facilities and battery-related experience from the defence and energy sectors. When you need to be sure that your products are independently and consistently tested in compliance with standards, ASP\u0130LSAN Enerji is your business partner.<\/p>\n<p>Thanks to its security, electrical, environmental, chemical, and material testing infrastructure, ASP\u0130LSAN Enerji conducts engineering and certification tests in compliance with standards in a variety of fields, from chemistry and material analysis to electrical tests.<\/p>\n<\/div><\/div><div class=\"wpb_text_column\" ><div class=\"wpb_wrapper\"><p><strong>You can fill out the ASP\u0130LSAN Enerji Test Request form below to get support from ASP\u0130LSAN Enerji laboratories operating with its expert staff and wide test infrastructure for the test services your company needs.<\/strong><\/p>\n\n<div class=\"wpcf7 no-js\" id=\"wpcf7-f7353-o1\" lang=\"tr-TR\" dir=\"ltr\">\n<div class=\"screen-reader-response\"><p role=\"status\" aria-live=\"polite\" aria-atomic=\"true\"><\/p> <ul><\/ul><\/div>\n<form action=\"\/en\/wp-json\/wp\/v2\/pages\/6289#wpcf7-f7353-o1\" method=\"post\" class=\"wpcf7-form init\" aria-label=\"\u0130leti\u015fim Formu\" enctype=\"multipart\/form-data\" novalidate=\"novalidate\" data-status=\"init\" data-trp-original-action=\"\/en\/wp-json\/wp\/v2\/pages\/6289#wpcf7-f7353-o1\">\n<div style=\"display: none;\">\n<input type=\"hidden\" name=\"_wpcf7\" value=\"7353\" \/>\n<input type=\"hidden\" name=\"_wpcf7_version\" value=\"5.9.5\" \/>\n<input type=\"hidden\" name=\"_wpcf7_locale\" value=\"tr_TR\" \/>\n<input type=\"hidden\" name=\"_wpcf7_unit_tag\" value=\"wpcf7-f7353-o1\" \/>\n<input type=\"hidden\" name=\"_wpcf7_container_post\" value=\"0\" \/>\n<input type=\"hidden\" name=\"_wpcf7_posted_data_hash\" value=\"\" \/>\n<\/div>\n<h2>ASP\u0130LSAN Enerji Test Request Form\n<\/h2>\n<p><a href=\"https:\/\/www.aspilsan.com\/wp-content\/uploads\/2024\/06\/ASPILSAN-ENERJI-Test-Talep-Formu.docx\">Please click here to download the template...<\/a>\n<\/p>\n<p><label> Add file <\/label><br \/>\n<span class=\"wpcf7-form-control-wrap\" data-name=\"testTalep_ek\"><input size=\"40\" class=\"wpcf7-form-control wpcf7-file wpcf7-validates-as-required\" accept=\".doc,.docx\" aria-required=\"true\" aria-invalid=\"false\" type=\"file\" name=\"testTalep_ek\" \/><\/span><br \/>\n* Please send only as word(.doc\/.docx) file.\n<\/p>\n<p><span class=\"wpcf7-form-control-wrap\" data-name=\"onay\"><span class=\"wpcf7-form-control wpcf7-acceptance\"><span class=\"wpcf7-list-item\"><label><input type=\"checkbox\" name=\"onay\" value=\"1\" aria-invalid=\"false\" \/><span class=\"wpcf7-list-item-label\">I AGREE - to be recorded as I have given it, to be processed, to be preserved, to be reviewed, to be shared with a controlled person who does not meet these criteria by law, and to be shared with those who are limited to those listed in the PDPA (Personal Data Protection Authority) as requested or transferred, to be transferred, and to be finalized as stipulated in the PDPA. It can be moved around as needed. I AGREE that my free will is valid.<\/span><\/label><\/span><\/span><\/span>\n<\/p>\n<p><input class=\"wpcf7-form-control wpcf7-submit has-spinner ButonOutline\" type=\"submit\" value=\"Send\" \/> - To activate the button, you must select I AGREE.\n<\/p><div class=\"wpcf7-response-output\" aria-hidden=\"true\"><\/div>\n<input type=\"hidden\" name=\"trp-form-language\" value=\"en\"\/><\/form>\n<\/div>\n\n<\/div><\/div><\/div><\/div><\/div><\/div><\/div><\/section><section class=\"l-section wpb_row height_medium\"><div class=\"l-section-h i-cf\"><div class=\"g-cols vc_row type_default valign_top\"><div class=\"vc_col-sm-12 wpb_column vc_column_container\"><div class=\"vc_column-inner\"><div class=\"wpb_wrapper\"><\/div><\/div><\/div><\/div><\/div><\/section>","protected":false},"excerpt":{"rendered":"Kimyasal &#038; Malzeme Testleri \u00c7evresel Testler Elektriksel Testler EMI \/ EMC Testleri ASP\u0130LSAN Enerji, savunma sanayi ve enerji sekt\u00f6r\u00fcnde kazand\u0131\u011f\u0131 pil ve batarya testleri alan\u0131ndaki test altyap\u0131 ve tecr\u00fcbesini end\u00fcstrinin test ihtiya\u00e7lar\u0131n\u0131 kar\u015f\u0131lamak i\u00e7in hizmete a\u00e7maktad\u0131r. \u00dcr\u00fcnlerinizin ba\u011f\u0131ms\u0131z ve g\u00fcvenilir olarak standartlara uygun test edildi\u011finden emin olman\u0131z gerekti\u011finde ASP\u0130LSAN Enerji i\u015f orta\u011f\u0131n\u0131z olmaktad\u0131r. ASP\u0130LSAN Enerji...","protected":false},"author":6,"featured_media":0,"parent":6268,"menu_order":3,"comment_status":"closed","ping_status":"closed","template":"","meta":{"om_disable_all_campaigns":false,"_mi_skip_tracking":false,"_themeisle_gutenberg_block_has_review":false,"footnotes":""},"class_list":["post-6289","page","type-page","status-publish","hentry"],"aioseo_notices":[],"yoast_head":"<!-- This site is optimized with the Yoast SEO plugin v20.5 - https:\/\/yoast.com\/wordpress\/plugins\/seo\/ -->\n<title>Test Hizmetleri - ASP\u0130LSAN<\/title>\n<meta name=\"robots\" content=\"index, follow, max-snippet:-1, max-image-preview:large, max-video-preview:-1\" \/>\n<link rel=\"canonical\" href=\"https:\/\/www.aspilsan.com\/en\/services\/test-services\/\" \/>\n<meta property=\"og:locale\" content=\"en_US\" \/>\n<meta property=\"og:type\" content=\"article\" \/>\n<meta property=\"og:title\" content=\"Test Hizmetleri - ASP\u0130LSAN\" \/>\n<meta property=\"og:url\" content=\"https:\/\/www.aspilsan.com\/en\/services\/test-services\/\" \/>\n<meta property=\"og:site_name\" content=\"ASP\u0130LSAN\" \/>\n<meta property=\"article:publisher\" content=\"https:\/\/www.facebook.com\/people\/Aspilsan\/100028422177074\/\" \/>\n<meta property=\"article:modified_time\" content=\"2024-06-28T13:50:01+00:00\" \/>\n<meta name=\"twitter:card\" content=\"summary_large_image\" \/>\n<meta name=\"twitter:site\" content=\"@aspilsan_enerji\" \/>\n<meta name=\"twitter:label1\" content=\"Est. reading time\" \/>\n\t<meta name=\"twitter:data1\" content=\"1 minute\" \/>\n<script type=\"application\/ld+json\" class=\"yoast-schema-graph\">{\"@context\":\"https:\/\/schema.org\",\"@graph\":[{\"@type\":\"WebPage\",\"@id\":\"https:\/\/www.aspilsan.com\/hizmetlerimiz\/test-hizmetleri\/\",\"url\":\"https:\/\/www.aspilsan.com\/hizmetlerimiz\/test-hizmetleri\/\",\"name\":\"Test Hizmetleri - ASP\u0130LSAN\",\"isPartOf\":{\"@id\":\"https:\/\/www.aspilsan.com\/#website\"},\"datePublished\":\"2023-07-25T11:54:38+00:00\",\"dateModified\":\"2024-06-28T13:50:01+00:00\",\"breadcrumb\":{\"@id\":\"https:\/\/www.aspilsan.com\/hizmetlerimiz\/test-hizmetleri\/#breadcrumb\"},\"inLanguage\":\"en-US\",\"potentialAction\":[{\"@type\":\"ReadAction\",\"target\":[\"https:\/\/www.aspilsan.com\/hizmetlerimiz\/test-hizmetleri\/\"]}]},{\"@type\":\"BreadcrumbList\",\"@id\":\"https:\/\/www.aspilsan.com\/hizmetlerimiz\/test-hizmetleri\/#breadcrumb\",\"itemListElement\":[{\"@type\":\"ListItem\",\"position\":1,\"name\":\"Anasayfa\",\"item\":\"https:\/\/www.aspilsan.com\/\"},{\"@type\":\"ListItem\",\"position\":2,\"name\":\"Hizmetlerimiz\",\"item\":\"https:\/\/www.aspilsan.com\/hizmetlerimiz\/\"},{\"@type\":\"ListItem\",\"position\":3,\"name\":\"Test Hizmetleri\"}]},{\"@type\":\"WebSite\",\"@id\":\"https:\/\/www.aspilsan.com\/#website\",\"url\":\"https:\/\/www.aspilsan.com\/\",\"name\":\"ASP\u0130LSAN\",\"description\":\"Teknolojinin Enerjisi\",\"publisher\":{\"@id\":\"https:\/\/www.aspilsan.com\/#organization\"},\"potentialAction\":[{\"@type\":\"SearchAction\",\"target\":{\"@type\":\"EntryPoint\",\"urlTemplate\":\"https:\/\/www.aspilsan.com\/?s={search_term_string}\"},\"query-input\":\"required name=search_term_string\"}],\"inLanguage\":\"en-US\"},{\"@type\":\"Organization\",\"@id\":\"https:\/\/www.aspilsan.com\/#organization\",\"name\":\"ASP\u0130LSAN\",\"url\":\"https:\/\/www.aspilsan.com\/\",\"logo\":{\"@type\":\"ImageObject\",\"inLanguage\":\"en-US\",\"@id\":\"https:\/\/www.aspilsan.com\/#\/schema\/logo\/image\/\",\"url\":\"https:\/\/www.aspilsan.com\/wp-content\/uploads\/2022\/03\/Aspilsan-Logo-300px.png\",\"contentUrl\":\"https:\/\/www.aspilsan.com\/wp-content\/uploads\/2022\/03\/Aspilsan-Logo-300px.png\",\"width\":300,\"height\":56,\"caption\":\"ASP\u0130LSAN\"},\"image\":{\"@id\":\"https:\/\/www.aspilsan.com\/#\/schema\/logo\/image\/\"},\"sameAs\":[\"https:\/\/www.facebook.com\/people\/Aspilsan\/100028422177074\/\",\"https:\/\/twitter.com\/aspilsan_enerji\",\"https:\/\/www.instagram.com\/aspilsanenerji\",\"https:\/\/www.linkedin.com\/company\/aspilsan\"]}]}<\/script>\n<!-- \/ Yoast SEO plugin. -->","yoast_head_json":{"title":"Test Hizmetleri - ASP\u0130LSAN","robots":{"index":"index","follow":"follow","max-snippet":"max-snippet:-1","max-image-preview":"max-image-preview:large","max-video-preview":"max-video-preview:-1"},"canonical":"https:\/\/www.aspilsan.com\/en\/services\/test-services\/","og_locale":"en_US","og_type":"article","og_title":"Test Hizmetleri - ASP\u0130LSAN","og_url":"https:\/\/www.aspilsan.com\/en\/services\/test-services\/","og_site_name":"ASP\u0130LSAN","article_publisher":"https:\/\/www.facebook.com\/people\/Aspilsan\/100028422177074\/","article_modified_time":"2024-06-28T13:50:01+00:00","twitter_card":"summary_large_image","twitter_site":"@aspilsan_enerji","twitter_misc":{"Est. reading time":"1 minute"},"schema":{"@context":"https:\/\/schema.org","@graph":[{"@type":"WebPage","@id":"https:\/\/www.aspilsan.com\/hizmetlerimiz\/test-hizmetleri\/","url":"https:\/\/www.aspilsan.com\/hizmetlerimiz\/test-hizmetleri\/","name":"Test Hizmetleri - ASP\u0130LSAN","isPartOf":{"@id":"https:\/\/www.aspilsan.com\/#website"},"datePublished":"2023-07-25T11:54:38+00:00","dateModified":"2024-06-28T13:50:01+00:00","breadcrumb":{"@id":"https:\/\/www.aspilsan.com\/hizmetlerimiz\/test-hizmetleri\/#breadcrumb"},"inLanguage":"en-US","potentialAction":[{"@type":"ReadAction","target":["https:\/\/www.aspilsan.com\/hizmetlerimiz\/test-hizmetleri\/"]}]},{"@type":"BreadcrumbList","@id":"https:\/\/www.aspilsan.com\/hizmetlerimiz\/test-hizmetleri\/#breadcrumb","itemListElement":[{"@type":"ListItem","position":1,"name":"Anasayfa","item":"https:\/\/www.aspilsan.com\/"},{"@type":"ListItem","position":2,"name":"Hizmetlerimiz","item":"https:\/\/www.aspilsan.com\/hizmetlerimiz\/"},{"@type":"ListItem","position":3,"name":"Test Hizmetleri"}]},{"@type":"WebSite","@id":"https:\/\/www.aspilsan.com\/#website","url":"https:\/\/www.aspilsan.com\/","name":"ASP\u0130LSAN","description":"Teknolojinin Enerjisi","publisher":{"@id":"https:\/\/www.aspilsan.com\/#organization"},"potentialAction":[{"@type":"SearchAction","target":{"@type":"EntryPoint","urlTemplate":"https:\/\/www.aspilsan.com\/?s={search_term_string}"},"query-input":"required name=search_term_string"}],"inLanguage":"en-US"},{"@type":"Organization","@id":"https:\/\/www.aspilsan.com\/#organization","name":"ASP\u0130LSAN","url":"https:\/\/www.aspilsan.com\/","logo":{"@type":"ImageObject","inLanguage":"en-US","@id":"https:\/\/www.aspilsan.com\/#\/schema\/logo\/image\/","url":"https:\/\/www.aspilsan.com\/wp-content\/uploads\/2022\/03\/Aspilsan-Logo-300px.png","contentUrl":"https:\/\/www.aspilsan.com\/wp-content\/uploads\/2022\/03\/Aspilsan-Logo-300px.png","width":300,"height":56,"caption":"ASP\u0130LSAN"},"image":{"@id":"https:\/\/www.aspilsan.com\/#\/schema\/logo\/image\/"},"sameAs":["https:\/\/www.facebook.com\/people\/Aspilsan\/100028422177074\/","https:\/\/twitter.com\/aspilsan_enerji","https:\/\/www.instagram.com\/aspilsanenerji","https:\/\/www.linkedin.com\/company\/aspilsan"]}]}},"acf":[],"_links":{"self":[{"href":"https:\/\/www.aspilsan.com\/en\/wp-json\/wp\/v2\/pages\/6289","targetHints":{"allow":["GET"]}}],"collection":[{"href":"https:\/\/www.aspilsan.com\/en\/wp-json\/wp\/v2\/pages"}],"about":[{"href":"https:\/\/www.aspilsan.com\/en\/wp-json\/wp\/v2\/types\/page"}],"author":[{"embeddable":true,"href":"https:\/\/www.aspilsan.com\/en\/wp-json\/wp\/v2\/users\/6"}],"replies":[{"embeddable":true,"href":"https:\/\/www.aspilsan.com\/en\/wp-json\/wp\/v2\/comments?post=6289"}],"version-history":[{"count":2,"href":"https:\/\/www.aspilsan.com\/en\/wp-json\/wp\/v2\/pages\/6289\/revisions"}],"predecessor-version":[{"id":7356,"href":"https:\/\/www.aspilsan.com\/en\/wp-json\/wp\/v2\/pages\/6289\/revisions\/7356"}],"up":[{"embeddable":true,"href":"https:\/\/www.aspilsan.com\/en\/wp-json\/wp\/v2\/pages\/6268"}],"wp:attachment":[{"href":"https:\/\/www.aspilsan.com\/en\/wp-json\/wp\/v2\/media?parent=6289"}],"curies":[{"name":"wp","href":"https:\/\/api.w.org\/{rel}","templated":true}]}}