{"id":6299,"date":"2023-07-25T15:11:51","date_gmt":"2023-07-25T12:11:51","guid":{"rendered":"https:\/\/www.aspilsan.com\/?page_id=6299"},"modified":"2024-02-19T09:32:48","modified_gmt":"2024-02-19T06:32:48","slug":"kimyasal-malzeme-testleri-2","status":"publish","type":"page","link":"https:\/\/www.aspilsan.com\/en\/services\/test-services\/chemical-material-tests-2\/","title":{"rendered":"Chemical &amp; Material Tests"},"content":{"rendered":"<section class=\"l-section wpb_row height_medium\"><div class=\"l-section-h i-cf\"><div class=\"g-cols vc_row type_default valign_middle\"><div class=\"vc_col-sm-6 wpb_column vc_column_container\"><div class=\"vc_column-inner\"><div class=\"wpb_wrapper\"><div class=\"wpb_text_column\" ><div class=\"wpb_wrapper\"><p>\nAnalysis and tests of solid and liquid samples can be carried out in material characterization, product development, and quality control procedures using manufacturer- or industry-recommended techniques. Particle size analysis, hydrochloric acid measurement, material moisture determination, and several engineering and control tests can all be carried out in this context using the chosen techniques.<\/p>\n<p>\u2022 KF Water Determination Test (Coulometric)<br \/>\u2022 Viscosity Measurement (Kinematics)<br \/>\u2022 Determination of Potentiometric Titration<br \/>\u2022 Thermal Shrinkage Test<br \/>\u2022 Particle Size Analysis Test<br \/>\u2022 Tensile Test<br \/>\u2022 Liquid Density Measurement<br \/>\u2022 Compressed Density Measurement (Tap Density)<br \/>\u2022 Surface Area Analysis (BET)<\/p>\n<\/div><\/div><\/div><\/div><\/div><div class=\"vc_col-sm-6 wpb_column vc_column_container\"><div class=\"vc_column-inner\"><div class=\"wpb_wrapper\"><div class=\"w-image align_none\"><div class=\"w-image-h\"><img loading=\"lazy\" decoding=\"async\" width=\"1000\" height=\"1000\" src=\"https:\/\/www.aspilsan.com\/wp-content\/uploads\/2022\/09\/DSCF6869.png\" class=\"attachment-large size-large\" alt=\"\" srcset=\"https:\/\/www.aspilsan.com\/wp-content\/uploads\/2022\/09\/DSCF6869.png 1000w, https:\/\/www.aspilsan.com\/wp-content\/uploads\/2022\/09\/DSCF6869-400x400.png 400w, https:\/\/www.aspilsan.com\/wp-content\/uploads\/2022\/09\/DSCF6869-150x150.png 150w, https:\/\/www.aspilsan.com\/wp-content\/uploads\/2022\/09\/DSCF6869-12x12.png 12w, https:\/\/www.aspilsan.com\/wp-content\/uploads\/2022\/09\/DSCF6869-600x600.png 600w, https:\/\/www.aspilsan.com\/wp-content\/uploads\/2022\/09\/DSCF6869-500x500.png 500w, https:\/\/www.aspilsan.com\/wp-content\/uploads\/2022\/09\/DSCF6869-300x300.png 300w, https:\/\/www.aspilsan.com\/wp-content\/uploads\/2022\/09\/DSCF6869-200x200.png 200w, https:\/\/www.aspilsan.com\/wp-content\/uploads\/2022\/09\/DSCF6869-100x100.png 100w, https:\/\/www.aspilsan.com\/wp-content\/uploads\/2022\/09\/DSCF6869-90x90.png 90w, https:\/\/www.aspilsan.com\/wp-content\/uploads\/2022\/09\/DSCF6869-190x190.png 190w, https:\/\/www.aspilsan.com\/wp-content\/uploads\/2022\/09\/DSCF6869-130x130.png 130w\" sizes=\"auto, (max-width: 1000px) 100vw, 1000px\" \/><\/div><\/div><\/div><\/div><\/div><\/div><\/div><\/section><section class=\"l-section wpb_row height_medium\"><div class=\"l-section-h i-cf\"><div class=\"g-cols vc_row type_default valign_top\"><div class=\"vc_col-sm-12 wpb_column vc_column_container\"><div class=\"vc_column-inner\"><div class=\"wpb_wrapper\"><\/div><\/div><\/div><\/div><\/div><\/section>","protected":false},"excerpt":{"rendered":"Malzeme karakterizasyonu, \u00fcr\u00fcn geli\u015ftirme ve kalite kontrol s\u00fcre\u00e7lerinde kat\u0131 ve s\u0131v\u0131 numunelerin \u00fcretici veya standart metotlar\u0131na g\u00f6re analiz ve testleri icra edilebilmektedir. Bu kapsamda malzeme nem tayini, hidroklorik asit tayini, par\u00e7ac\u0131k boyut analizi ve bir\u00e7ok m\u00fchendislik ve kontrol testleri belirlenen metotlara g\u00f6re ger\u00e7ekle\u015ftirebilmektedir. \u2022 KF Su Tayini Testi (Coulometric)\u2022 Viskozite \u00d6l\u00e7\u00fcm\u00fc (Kinematik)\u2022 Potansiyometrik Titrasyon Tayini\u2022...","protected":false},"author":6,"featured_media":3998,"parent":6289,"menu_order":0,"comment_status":"closed","ping_status":"closed","template":"","meta":{"om_disable_all_campaigns":false,"_mi_skip_tracking":false,"_themeisle_gutenberg_block_has_review":false,"footnotes":""},"class_list":["post-6299","page","type-page","status-publish","has-post-thumbnail","hentry"],"aioseo_notices":[],"yoast_head":"<!-- This site is optimized with the Yoast SEO plugin v20.5 - https:\/\/yoast.com\/wordpress\/plugins\/seo\/ -->\n<title>Kimyasal &amp; Malzeme Testleri - ASP\u0130LSAN<\/title>\n<meta name=\"robots\" content=\"index, follow, max-snippet:-1, max-image-preview:large, max-video-preview:-1\" \/>\n<link rel=\"canonical\" href=\"https:\/\/www.aspilsan.com\/en\/services\/test-services\/chemical-material-tests-2\/\" \/>\n<meta property=\"og:locale\" content=\"en_US\" \/>\n<meta property=\"og:type\" content=\"article\" \/>\n<meta property=\"og:title\" content=\"Kimyasal &amp; Malzeme Testleri - ASP\u0130LSAN\" \/>\n<meta property=\"og:url\" content=\"https:\/\/www.aspilsan.com\/en\/services\/test-services\/chemical-material-tests-2\/\" \/>\n<meta property=\"og:site_name\" content=\"ASP\u0130LSAN\" \/>\n<meta property=\"article:publisher\" content=\"https:\/\/www.facebook.com\/people\/Aspilsan\/100028422177074\/\" \/>\n<meta property=\"article:modified_time\" content=\"2024-02-19T06:32:48+00:00\" \/>\n<meta property=\"og:image\" content=\"https:\/\/www.aspilsan.com\/wp-content\/uploads\/2022\/09\/DSCF6869.png\" \/>\n\t<meta property=\"og:image:width\" content=\"1000\" \/>\n\t<meta property=\"og:image:height\" content=\"1000\" \/>\n\t<meta property=\"og:image:type\" content=\"image\/png\" \/>\n<meta name=\"twitter:card\" content=\"summary_large_image\" \/>\n<meta name=\"twitter:site\" content=\"@aspilsan_enerji\" \/>\n<meta name=\"twitter:label1\" content=\"Est. reading time\" \/>\n\t<meta name=\"twitter:data1\" content=\"1 minute\" \/>\n<script type=\"application\/ld+json\" class=\"yoast-schema-graph\">{\"@context\":\"https:\/\/schema.org\",\"@graph\":[{\"@type\":\"WebPage\",\"@id\":\"https:\/\/www.aspilsan.com\/hizmetlerimiz\/test-hizmetleri\/kimyasal-malzeme-testleri-2\/\",\"url\":\"https:\/\/www.aspilsan.com\/hizmetlerimiz\/test-hizmetleri\/kimyasal-malzeme-testleri-2\/\",\"name\":\"Kimyasal & Malzeme Testleri - ASP\u0130LSAN\",\"isPartOf\":{\"@id\":\"https:\/\/www.aspilsan.com\/#website\"},\"datePublished\":\"2023-07-25T12:11:51+00:00\",\"dateModified\":\"2024-02-19T06:32:48+00:00\",\"breadcrumb\":{\"@id\":\"https:\/\/www.aspilsan.com\/hizmetlerimiz\/test-hizmetleri\/kimyasal-malzeme-testleri-2\/#breadcrumb\"},\"inLanguage\":\"en-US\",\"potentialAction\":[{\"@type\":\"ReadAction\",\"target\":[\"https:\/\/www.aspilsan.com\/hizmetlerimiz\/test-hizmetleri\/kimyasal-malzeme-testleri-2\/\"]}]},{\"@type\":\"BreadcrumbList\",\"@id\":\"https:\/\/www.aspilsan.com\/hizmetlerimiz\/test-hizmetleri\/kimyasal-malzeme-testleri-2\/#breadcrumb\",\"itemListElement\":[{\"@type\":\"ListItem\",\"position\":1,\"name\":\"Anasayfa\",\"item\":\"https:\/\/www.aspilsan.com\/\"},{\"@type\":\"ListItem\",\"position\":2,\"name\":\"Hizmetlerimiz\",\"item\":\"https:\/\/www.aspilsan.com\/hizmetlerimiz\/\"},{\"@type\":\"ListItem\",\"position\":3,\"name\":\"Test Hizmetleri\",\"item\":\"https:\/\/www.aspilsan.com\/hizmetlerimiz\/test-hizmetleri\/\"},{\"@type\":\"ListItem\",\"position\":4,\"name\":\"Kimyasal &#038; Malzeme Testleri\"}]},{\"@type\":\"WebSite\",\"@id\":\"https:\/\/www.aspilsan.com\/#website\",\"url\":\"https:\/\/www.aspilsan.com\/\",\"name\":\"ASP\u0130LSAN\",\"description\":\"Teknolojinin Enerjisi\",\"publisher\":{\"@id\":\"https:\/\/www.aspilsan.com\/#organization\"},\"potentialAction\":[{\"@type\":\"SearchAction\",\"target\":{\"@type\":\"EntryPoint\",\"urlTemplate\":\"https:\/\/www.aspilsan.com\/?s={search_term_string}\"},\"query-input\":\"required name=search_term_string\"}],\"inLanguage\":\"en-US\"},{\"@type\":\"Organization\",\"@id\":\"https:\/\/www.aspilsan.com\/#organization\",\"name\":\"ASP\u0130LSAN\",\"url\":\"https:\/\/www.aspilsan.com\/\",\"logo\":{\"@type\":\"ImageObject\",\"inLanguage\":\"en-US\",\"@id\":\"https:\/\/www.aspilsan.com\/#\/schema\/logo\/image\/\",\"url\":\"https:\/\/www.aspilsan.com\/wp-content\/uploads\/2022\/03\/Aspilsan-Logo-300px.png\",\"contentUrl\":\"https:\/\/www.aspilsan.com\/wp-content\/uploads\/2022\/03\/Aspilsan-Logo-300px.png\",\"width\":300,\"height\":56,\"caption\":\"ASP\u0130LSAN\"},\"image\":{\"@id\":\"https:\/\/www.aspilsan.com\/#\/schema\/logo\/image\/\"},\"sameAs\":[\"https:\/\/www.facebook.com\/people\/Aspilsan\/100028422177074\/\",\"https:\/\/twitter.com\/aspilsan_enerji\",\"https:\/\/www.instagram.com\/aspilsanenerji\",\"https:\/\/www.linkedin.com\/company\/aspilsan\"]}]}<\/script>\n<!-- \/ Yoast SEO plugin. -->","yoast_head_json":{"title":"Kimyasal & Malzeme Testleri - ASP\u0130LSAN","robots":{"index":"index","follow":"follow","max-snippet":"max-snippet:-1","max-image-preview":"max-image-preview:large","max-video-preview":"max-video-preview:-1"},"canonical":"https:\/\/www.aspilsan.com\/en\/services\/test-services\/chemical-material-tests-2\/","og_locale":"en_US","og_type":"article","og_title":"Kimyasal & Malzeme Testleri - ASP\u0130LSAN","og_url":"https:\/\/www.aspilsan.com\/en\/services\/test-services\/chemical-material-tests-2\/","og_site_name":"ASP\u0130LSAN","article_publisher":"https:\/\/www.facebook.com\/people\/Aspilsan\/100028422177074\/","article_modified_time":"2024-02-19T06:32:48+00:00","og_image":[{"width":1000,"height":1000,"url":"https:\/\/www.aspilsan.com\/wp-content\/uploads\/2022\/09\/DSCF6869.png","type":"image\/png"}],"twitter_card":"summary_large_image","twitter_site":"@aspilsan_enerji","twitter_misc":{"Est. reading time":"1 minute"},"schema":{"@context":"https:\/\/schema.org","@graph":[{"@type":"WebPage","@id":"https:\/\/www.aspilsan.com\/hizmetlerimiz\/test-hizmetleri\/kimyasal-malzeme-testleri-2\/","url":"https:\/\/www.aspilsan.com\/hizmetlerimiz\/test-hizmetleri\/kimyasal-malzeme-testleri-2\/","name":"Kimyasal & Malzeme Testleri - ASP\u0130LSAN","isPartOf":{"@id":"https:\/\/www.aspilsan.com\/#website"},"datePublished":"2023-07-25T12:11:51+00:00","dateModified":"2024-02-19T06:32:48+00:00","breadcrumb":{"@id":"https:\/\/www.aspilsan.com\/hizmetlerimiz\/test-hizmetleri\/kimyasal-malzeme-testleri-2\/#breadcrumb"},"inLanguage":"en-US","potentialAction":[{"@type":"ReadAction","target":["https:\/\/www.aspilsan.com\/hizmetlerimiz\/test-hizmetleri\/kimyasal-malzeme-testleri-2\/"]}]},{"@type":"BreadcrumbList","@id":"https:\/\/www.aspilsan.com\/hizmetlerimiz\/test-hizmetleri\/kimyasal-malzeme-testleri-2\/#breadcrumb","itemListElement":[{"@type":"ListItem","position":1,"name":"Anasayfa","item":"https:\/\/www.aspilsan.com\/"},{"@type":"ListItem","position":2,"name":"Hizmetlerimiz","item":"https:\/\/www.aspilsan.com\/hizmetlerimiz\/"},{"@type":"ListItem","position":3,"name":"Test Hizmetleri","item":"https:\/\/www.aspilsan.com\/hizmetlerimiz\/test-hizmetleri\/"},{"@type":"ListItem","position":4,"name":"Kimyasal &#038; Malzeme Testleri"}]},{"@type":"WebSite","@id":"https:\/\/www.aspilsan.com\/#website","url":"https:\/\/www.aspilsan.com\/","name":"ASP\u0130LSAN","description":"Teknolojinin Enerjisi","publisher":{"@id":"https:\/\/www.aspilsan.com\/#organization"},"potentialAction":[{"@type":"SearchAction","target":{"@type":"EntryPoint","urlTemplate":"https:\/\/www.aspilsan.com\/?s={search_term_string}"},"query-input":"required name=search_term_string"}],"inLanguage":"en-US"},{"@type":"Organization","@id":"https:\/\/www.aspilsan.com\/#organization","name":"ASP\u0130LSAN","url":"https:\/\/www.aspilsan.com\/","logo":{"@type":"ImageObject","inLanguage":"en-US","@id":"https:\/\/www.aspilsan.com\/#\/schema\/logo\/image\/","url":"https:\/\/www.aspilsan.com\/wp-content\/uploads\/2022\/03\/Aspilsan-Logo-300px.png","contentUrl":"https:\/\/www.aspilsan.com\/wp-content\/uploads\/2022\/03\/Aspilsan-Logo-300px.png","width":300,"height":56,"caption":"ASP\u0130LSAN"},"image":{"@id":"https:\/\/www.aspilsan.com\/#\/schema\/logo\/image\/"},"sameAs":["https:\/\/www.facebook.com\/people\/Aspilsan\/100028422177074\/","https:\/\/twitter.com\/aspilsan_enerji","https:\/\/www.instagram.com\/aspilsanenerji","https:\/\/www.linkedin.com\/company\/aspilsan"]}]}},"acf":[],"_links":{"self":[{"href":"https:\/\/www.aspilsan.com\/en\/wp-json\/wp\/v2\/pages\/6299","targetHints":{"allow":["GET"]}}],"collection":[{"href":"https:\/\/www.aspilsan.com\/en\/wp-json\/wp\/v2\/pages"}],"about":[{"href":"https:\/\/www.aspilsan.com\/en\/wp-json\/wp\/v2\/types\/page"}],"author":[{"embeddable":true,"href":"https:\/\/www.aspilsan.com\/en\/wp-json\/wp\/v2\/users\/6"}],"replies":[{"embeddable":true,"href":"https:\/\/www.aspilsan.com\/en\/wp-json\/wp\/v2\/comments?post=6299"}],"version-history":[{"count":1,"href":"https:\/\/www.aspilsan.com\/en\/wp-json\/wp\/v2\/pages\/6299\/revisions"}],"predecessor-version":[{"id":6996,"href":"https:\/\/www.aspilsan.com\/en\/wp-json\/wp\/v2\/pages\/6299\/revisions\/6996"}],"up":[{"embeddable":true,"href":"https:\/\/www.aspilsan.com\/en\/wp-json\/wp\/v2\/pages\/6289"}],"wp:featuredmedia":[{"embeddable":true,"href":"https:\/\/www.aspilsan.com\/en\/wp-json\/wp\/v2\/media\/3998"}],"wp:attachment":[{"href":"https:\/\/www.aspilsan.com\/en\/wp-json\/wp\/v2\/media?parent=6299"}],"curies":[{"name":"wp","href":"https:\/\/api.w.org\/{rel}","templated":true}]}}