{"id":6311,"date":"2023-07-28T13:02:32","date_gmt":"2023-07-28T10:02:32","guid":{"rendered":"https:\/\/www.aspilsan.com\/?page_id=6311"},"modified":"2024-02-19T10:51:09","modified_gmt":"2024-02-19T07:51:09","slug":"elektriksel-testler","status":"publish","type":"page","link":"https:\/\/www.aspilsan.com\/en\/services\/test-services\/electrical-tests\/","title":{"rendered":"Electrical Tests"},"content":{"rendered":"<section class=\"l-section wpb_row height_medium\"><div class=\"l-section-h i-cf\"><div class=\"g-cols vc_row type_default valign_middle\"><div class=\"vc_col-sm-6 wpb_column vc_column_container\"><div class=\"vc_column-inner\"><div class=\"wpb_wrapper\"><div class=\"wpb_text_column\" ><div class=\"wpb_wrapper\"><p>\nElectrical tests can be performed in wide power ranges of products and systems, especially consumer electronics, hand tools, micro mobility, electric vehicles, energy storage systems, batteries and battery groups. Regardless of chemistry and shape in battery cells and battery groups; capacity, capacity at different temperature and current values, cycle (life), driving or load profile tests, as well as overvoltage, current and short circuit engineering and qualification tests in the field of functional safety can be carried out in accordance with the standards commonly used in the market.<\/p>\n<p>\u2022 Charge and Discharge Procedures<br \/>\u2022 BMS Function Tests<br \/>\u2022 Capacity Test (Ah)<br \/>\u2022 Capacity Loss Test (Fade)<br \/>\u2022 Capacity Retention Test<br \/>\u2022 Capacity Test at Different Temperatures<br \/>\u2022 Load, Drive Profile Test (HPPC)<br \/>\u2022 C Rate Test (C rate)<br \/>\u2022 Internal Resistance Test (ACIR \/ DCIR)<br \/>\u2022 Short Circuit Test<br \/>\u2022 Overcharge Tests (OCC, COV etc.)<br \/>\u2022 A\u015f\u0131r\u0131 De\u015farj Testleri (OCD, CUV vs.)<br \/>\u2022 Forced Discharge Test<\/p>\n<\/div><\/div><\/div><\/div><\/div><div class=\"vc_col-sm-6 wpb_column vc_column_container\"><div class=\"vc_column-inner\"><div class=\"wpb_wrapper\"><div class=\"w-image align_none\"><div class=\"w-image-h\"><img loading=\"lazy\" decoding=\"async\" width=\"1000\" height=\"1000\" src=\"https:\/\/www.aspilsan.com\/wp-content\/uploads\/2022\/09\/Kare.png\" class=\"attachment-large size-large\" alt=\"\" srcset=\"https:\/\/www.aspilsan.com\/wp-content\/uploads\/2022\/09\/Kare.png 1000w, https:\/\/www.aspilsan.com\/wp-content\/uploads\/2022\/09\/Kare-400x400.png 400w, https:\/\/www.aspilsan.com\/wp-content\/uploads\/2022\/09\/Kare-150x150.png 150w, https:\/\/www.aspilsan.com\/wp-content\/uploads\/2022\/09\/Kare-12x12.png 12w, https:\/\/www.aspilsan.com\/wp-content\/uploads\/2022\/09\/Kare-600x600.png 600w, https:\/\/www.aspilsan.com\/wp-content\/uploads\/2022\/09\/Kare-500x500.png 500w, https:\/\/www.aspilsan.com\/wp-content\/uploads\/2022\/09\/Kare-300x300.png 300w, https:\/\/www.aspilsan.com\/wp-content\/uploads\/2022\/09\/Kare-200x200.png 200w, https:\/\/www.aspilsan.com\/wp-content\/uploads\/2022\/09\/Kare-100x100.png 100w, https:\/\/www.aspilsan.com\/wp-content\/uploads\/2022\/09\/Kare-90x90.png 90w, https:\/\/www.aspilsan.com\/wp-content\/uploads\/2022\/09\/Kare-190x190.png 190w, https:\/\/www.aspilsan.com\/wp-content\/uploads\/2022\/09\/Kare-130x130.png 130w\" sizes=\"auto, (max-width: 1000px) 100vw, 1000px\" \/><\/div><\/div><\/div><\/div><\/div><\/div><\/div><\/section><section class=\"l-section wpb_row height_medium\"><div class=\"l-section-h i-cf\"><div class=\"g-cols vc_row type_default valign_top\"><div class=\"vc_col-sm-12 wpb_column vc_column_container\"><div class=\"vc_column-inner\"><div class=\"wpb_wrapper\"><\/div><\/div><\/div><\/div><\/div><\/section>","protected":false},"excerpt":{"rendered":"\u00dcr\u00fcn ve sistemlerin \u00f6zellikle t\u00fcketici elektroni\u011fi, el aletleri, mikro mobilite, elektrikli ara\u00e7lar, enerji depolama sistemleri pil ve batarya gruplar\u0131n\u0131n ihtiya\u00e7 duyaca\u011f\u0131 geni\u015f g\u00fc\u00e7 aral\u0131klar\u0131nda elektriksel testler icra edilebilmektedir. Pil ve batarya gruplar\u0131nda kimyadan ve \u015fekilden ba\u011f\u0131ms\u0131z kapasite, farkl\u0131 s\u0131cakl\u0131k ve ak\u0131m de\u011ferlerinde kapasite, \u00e7evrim (\u00f6m\u00fcr), s\u00fcr\u00fc\u015f veya y\u00fck profili testlerinin yan\u0131 s\u0131ra, fonksiyonel g\u00fcvenlik alan\u0131nda...","protected":false},"author":6,"featured_media":3998,"parent":6289,"menu_order":0,"comment_status":"closed","ping_status":"closed","template":"","meta":{"om_disable_all_campaigns":false,"_mi_skip_tracking":false,"_themeisle_gutenberg_block_has_review":false,"footnotes":""},"class_list":["post-6311","page","type-page","status-publish","has-post-thumbnail","hentry"],"aioseo_notices":[],"yoast_head":"<!-- This site is optimized with the Yoast SEO plugin v20.5 - https:\/\/yoast.com\/wordpress\/plugins\/seo\/ -->\n<title>Elektriksel Testler - ASP\u0130LSAN<\/title>\n<meta name=\"robots\" content=\"index, follow, max-snippet:-1, max-image-preview:large, max-video-preview:-1\" \/>\n<link rel=\"canonical\" href=\"https:\/\/www.aspilsan.com\/en\/services\/test-services\/electrical-tests\/\" \/>\n<meta property=\"og:locale\" content=\"en_US\" \/>\n<meta property=\"og:type\" content=\"article\" \/>\n<meta property=\"og:title\" content=\"Elektriksel Testler - ASP\u0130LSAN\" \/>\n<meta property=\"og:url\" content=\"https:\/\/www.aspilsan.com\/en\/services\/test-services\/electrical-tests\/\" \/>\n<meta property=\"og:site_name\" content=\"ASP\u0130LSAN\" \/>\n<meta property=\"article:publisher\" content=\"https:\/\/www.facebook.com\/people\/Aspilsan\/100028422177074\/\" \/>\n<meta property=\"article:modified_time\" content=\"2024-02-19T07:51:09+00:00\" \/>\n<meta property=\"og:image\" content=\"https:\/\/www.aspilsan.com\/wp-content\/uploads\/2022\/09\/DSCF6869.png\" \/>\n\t<meta property=\"og:image:width\" content=\"1000\" \/>\n\t<meta property=\"og:image:height\" content=\"1000\" \/>\n\t<meta property=\"og:image:type\" content=\"image\/png\" \/>\n<meta name=\"twitter:card\" content=\"summary_large_image\" \/>\n<meta name=\"twitter:site\" content=\"@aspilsan_enerji\" \/>\n<meta name=\"twitter:label1\" content=\"Est. reading time\" \/>\n\t<meta name=\"twitter:data1\" content=\"1 minute\" \/>\n<script type=\"application\/ld+json\" class=\"yoast-schema-graph\">{\"@context\":\"https:\/\/schema.org\",\"@graph\":[{\"@type\":\"WebPage\",\"@id\":\"https:\/\/www.aspilsan.com\/hizmetlerimiz\/test-hizmetleri\/elektriksel-testler\/\",\"url\":\"https:\/\/www.aspilsan.com\/hizmetlerimiz\/test-hizmetleri\/elektriksel-testler\/\",\"name\":\"Elektriksel Testler - ASP\u0130LSAN\",\"isPartOf\":{\"@id\":\"https:\/\/www.aspilsan.com\/#website\"},\"datePublished\":\"2023-07-28T10:02:32+00:00\",\"dateModified\":\"2024-02-19T07:51:09+00:00\",\"breadcrumb\":{\"@id\":\"https:\/\/www.aspilsan.com\/hizmetlerimiz\/test-hizmetleri\/elektriksel-testler\/#breadcrumb\"},\"inLanguage\":\"en-US\",\"potentialAction\":[{\"@type\":\"ReadAction\",\"target\":[\"https:\/\/www.aspilsan.com\/hizmetlerimiz\/test-hizmetleri\/elektriksel-testler\/\"]}]},{\"@type\":\"BreadcrumbList\",\"@id\":\"https:\/\/www.aspilsan.com\/hizmetlerimiz\/test-hizmetleri\/elektriksel-testler\/#breadcrumb\",\"itemListElement\":[{\"@type\":\"ListItem\",\"position\":1,\"name\":\"Anasayfa\",\"item\":\"https:\/\/www.aspilsan.com\/\"},{\"@type\":\"ListItem\",\"position\":2,\"name\":\"Hizmetlerimiz\",\"item\":\"https:\/\/www.aspilsan.com\/hizmetlerimiz\/\"},{\"@type\":\"ListItem\",\"position\":3,\"name\":\"Test Hizmetleri\",\"item\":\"https:\/\/www.aspilsan.com\/hizmetlerimiz\/test-hizmetleri\/\"},{\"@type\":\"ListItem\",\"position\":4,\"name\":\"Elektriksel Testler\"}]},{\"@type\":\"WebSite\",\"@id\":\"https:\/\/www.aspilsan.com\/#website\",\"url\":\"https:\/\/www.aspilsan.com\/\",\"name\":\"ASP\u0130LSAN\",\"description\":\"Teknolojinin Enerjisi\",\"publisher\":{\"@id\":\"https:\/\/www.aspilsan.com\/#organization\"},\"potentialAction\":[{\"@type\":\"SearchAction\",\"target\":{\"@type\":\"EntryPoint\",\"urlTemplate\":\"https:\/\/www.aspilsan.com\/?s={search_term_string}\"},\"query-input\":\"required name=search_term_string\"}],\"inLanguage\":\"en-US\"},{\"@type\":\"Organization\",\"@id\":\"https:\/\/www.aspilsan.com\/#organization\",\"name\":\"ASP\u0130LSAN\",\"url\":\"https:\/\/www.aspilsan.com\/\",\"logo\":{\"@type\":\"ImageObject\",\"inLanguage\":\"en-US\",\"@id\":\"https:\/\/www.aspilsan.com\/#\/schema\/logo\/image\/\",\"url\":\"https:\/\/www.aspilsan.com\/wp-content\/uploads\/2022\/03\/Aspilsan-Logo-300px.png\",\"contentUrl\":\"https:\/\/www.aspilsan.com\/wp-content\/uploads\/2022\/03\/Aspilsan-Logo-300px.png\",\"width\":300,\"height\":56,\"caption\":\"ASP\u0130LSAN\"},\"image\":{\"@id\":\"https:\/\/www.aspilsan.com\/#\/schema\/logo\/image\/\"},\"sameAs\":[\"https:\/\/www.facebook.com\/people\/Aspilsan\/100028422177074\/\",\"https:\/\/twitter.com\/aspilsan_enerji\",\"https:\/\/www.instagram.com\/aspilsanenerji\",\"https:\/\/www.linkedin.com\/company\/aspilsan\"]}]}<\/script>\n<!-- \/ Yoast SEO plugin. -->","yoast_head_json":{"title":"Elektriksel Testler - ASP\u0130LSAN","robots":{"index":"index","follow":"follow","max-snippet":"max-snippet:-1","max-image-preview":"max-image-preview:large","max-video-preview":"max-video-preview:-1"},"canonical":"https:\/\/www.aspilsan.com\/en\/services\/test-services\/electrical-tests\/","og_locale":"en_US","og_type":"article","og_title":"Elektriksel Testler - ASP\u0130LSAN","og_url":"https:\/\/www.aspilsan.com\/en\/services\/test-services\/electrical-tests\/","og_site_name":"ASP\u0130LSAN","article_publisher":"https:\/\/www.facebook.com\/people\/Aspilsan\/100028422177074\/","article_modified_time":"2024-02-19T07:51:09+00:00","og_image":[{"width":1000,"height":1000,"url":"https:\/\/www.aspilsan.com\/wp-content\/uploads\/2022\/09\/DSCF6869.png","type":"image\/png"}],"twitter_card":"summary_large_image","twitter_site":"@aspilsan_enerji","twitter_misc":{"Est. reading time":"1 minute"},"schema":{"@context":"https:\/\/schema.org","@graph":[{"@type":"WebPage","@id":"https:\/\/www.aspilsan.com\/hizmetlerimiz\/test-hizmetleri\/elektriksel-testler\/","url":"https:\/\/www.aspilsan.com\/hizmetlerimiz\/test-hizmetleri\/elektriksel-testler\/","name":"Elektriksel Testler - ASP\u0130LSAN","isPartOf":{"@id":"https:\/\/www.aspilsan.com\/#website"},"datePublished":"2023-07-28T10:02:32+00:00","dateModified":"2024-02-19T07:51:09+00:00","breadcrumb":{"@id":"https:\/\/www.aspilsan.com\/hizmetlerimiz\/test-hizmetleri\/elektriksel-testler\/#breadcrumb"},"inLanguage":"en-US","potentialAction":[{"@type":"ReadAction","target":["https:\/\/www.aspilsan.com\/hizmetlerimiz\/test-hizmetleri\/elektriksel-testler\/"]}]},{"@type":"BreadcrumbList","@id":"https:\/\/www.aspilsan.com\/hizmetlerimiz\/test-hizmetleri\/elektriksel-testler\/#breadcrumb","itemListElement":[{"@type":"ListItem","position":1,"name":"Anasayfa","item":"https:\/\/www.aspilsan.com\/"},{"@type":"ListItem","position":2,"name":"Hizmetlerimiz","item":"https:\/\/www.aspilsan.com\/hizmetlerimiz\/"},{"@type":"ListItem","position":3,"name":"Test Hizmetleri","item":"https:\/\/www.aspilsan.com\/hizmetlerimiz\/test-hizmetleri\/"},{"@type":"ListItem","position":4,"name":"Elektriksel Testler"}]},{"@type":"WebSite","@id":"https:\/\/www.aspilsan.com\/#website","url":"https:\/\/www.aspilsan.com\/","name":"ASP\u0130LSAN","description":"Teknolojinin Enerjisi","publisher":{"@id":"https:\/\/www.aspilsan.com\/#organization"},"potentialAction":[{"@type":"SearchAction","target":{"@type":"EntryPoint","urlTemplate":"https:\/\/www.aspilsan.com\/?s={search_term_string}"},"query-input":"required name=search_term_string"}],"inLanguage":"en-US"},{"@type":"Organization","@id":"https:\/\/www.aspilsan.com\/#organization","name":"ASP\u0130LSAN","url":"https:\/\/www.aspilsan.com\/","logo":{"@type":"ImageObject","inLanguage":"en-US","@id":"https:\/\/www.aspilsan.com\/#\/schema\/logo\/image\/","url":"https:\/\/www.aspilsan.com\/wp-content\/uploads\/2022\/03\/Aspilsan-Logo-300px.png","contentUrl":"https:\/\/www.aspilsan.com\/wp-content\/uploads\/2022\/03\/Aspilsan-Logo-300px.png","width":300,"height":56,"caption":"ASP\u0130LSAN"},"image":{"@id":"https:\/\/www.aspilsan.com\/#\/schema\/logo\/image\/"},"sameAs":["https:\/\/www.facebook.com\/people\/Aspilsan\/100028422177074\/","https:\/\/twitter.com\/aspilsan_enerji","https:\/\/www.instagram.com\/aspilsanenerji","https:\/\/www.linkedin.com\/company\/aspilsan"]}]}},"acf":[],"_links":{"self":[{"href":"https:\/\/www.aspilsan.com\/en\/wp-json\/wp\/v2\/pages\/6311","targetHints":{"allow":["GET"]}}],"collection":[{"href":"https:\/\/www.aspilsan.com\/en\/wp-json\/wp\/v2\/pages"}],"about":[{"href":"https:\/\/www.aspilsan.com\/en\/wp-json\/wp\/v2\/types\/page"}],"author":[{"embeddable":true,"href":"https:\/\/www.aspilsan.com\/en\/wp-json\/wp\/v2\/users\/6"}],"replies":[{"embeddable":true,"href":"https:\/\/www.aspilsan.com\/en\/wp-json\/wp\/v2\/comments?post=6311"}],"version-history":[{"count":2,"href":"https:\/\/www.aspilsan.com\/en\/wp-json\/wp\/v2\/pages\/6311\/revisions"}],"predecessor-version":[{"id":6997,"href":"https:\/\/www.aspilsan.com\/en\/wp-json\/wp\/v2\/pages\/6311\/revisions\/6997"}],"up":[{"embeddable":true,"href":"https:\/\/www.aspilsan.com\/en\/wp-json\/wp\/v2\/pages\/6289"}],"wp:featuredmedia":[{"embeddable":true,"href":"https:\/\/www.aspilsan.com\/en\/wp-json\/wp\/v2\/media\/3998"}],"wp:attachment":[{"href":"https:\/\/www.aspilsan.com\/en\/wp-json\/wp\/v2\/media?parent=6311"}],"curies":[{"name":"wp","href":"https:\/\/api.w.org\/{rel}","templated":true}]}}