{"id":6326,"date":"2023-07-28T13:12:08","date_gmt":"2023-07-28T10:12:08","guid":{"rendered":"https:\/\/www.aspilsan.com\/?page_id=6326"},"modified":"2023-07-31T11:15:07","modified_gmt":"2023-07-31T08:15:07","slug":"elektronik-kart-uretimi-ve-test-sistemleri","status":"publish","type":"page","link":"https:\/\/www.aspilsan.com\/en\/services\/engineering-services\/electronic-card-production-and-test-systems\/","title":{"rendered":"PCB Card Production and Test Systems"},"content":{"rendered":"<section class=\"l-section wpb_row height_medium\"><div class=\"l-section-h i-cf\"><div class=\"g-cols vc_row type_default valign_top\"><div class=\"vc_col-sm-6 wpb_column vc_column_container\"><div class=\"vc_column-inner\"><div class=\"wpb_wrapper\"><div class=\"wpb_text_column us_custom_eb849559\" ><div class=\"wpb_wrapper\"><p>\nWith years of internal experience in electronic card production, ASP\u0130LSAN Enerji continuously improves and updates its Electronic Card Production and Test Services to help businesses in the defence sector. As a result, ASP\u0130LSAN Enerji can offer service because to its high capacity and fast operating system. Processes like typesetting, conformal coating, standard tests and controls, and electro-mechanical assembly can all be done using ASP\u0130LSAN Enerji.<\/p>\n<\/div><\/div><\/div><\/div><\/div><div class=\"vc_col-sm-6 wpb_column vc_column_container\"><div class=\"vc_column-inner\"><div class=\"wpb_wrapper\"><div class=\"w-image align_none\"><div class=\"w-image-h\"><img loading=\"lazy\" decoding=\"async\" width=\"490\" height=\"490\" src=\"https:\/\/www.aspilsan.com\/wp-content\/uploads\/2021\/04\/baskidevre.jpg\" class=\"attachment-large size-large\" alt=\"\" srcset=\"https:\/\/www.aspilsan.com\/wp-content\/uploads\/2021\/04\/baskidevre.jpg 490w, https:\/\/www.aspilsan.com\/wp-content\/uploads\/2021\/04\/baskidevre-300x300.jpg 300w, https:\/\/www.aspilsan.com\/wp-content\/uploads\/2021\/04\/baskidevre-150x150.jpg 150w, https:\/\/www.aspilsan.com\/wp-content\/uploads\/2021\/04\/baskidevre-400x400.jpg 400w, https:\/\/www.aspilsan.com\/wp-content\/uploads\/2021\/04\/baskidevre-12x12.jpg 12w, https:\/\/www.aspilsan.com\/wp-content\/uploads\/2021\/04\/baskidevre-200x200.jpg 200w, https:\/\/www.aspilsan.com\/wp-content\/uploads\/2021\/04\/baskidevre-100x100.jpg 100w, https:\/\/www.aspilsan.com\/wp-content\/uploads\/2021\/04\/baskidevre-50x50.jpg 50w, https:\/\/www.aspilsan.com\/wp-content\/uploads\/2021\/04\/baskidevre-70x70.jpg 70w, https:\/\/www.aspilsan.com\/wp-content\/uploads\/2021\/04\/baskidevre-90x90.jpg 90w, https:\/\/www.aspilsan.com\/wp-content\/uploads\/2021\/04\/baskidevre-130x130.jpg 130w, https:\/\/www.aspilsan.com\/wp-content\/uploads\/2021\/04\/baskidevre-190x190.jpg 190w\" sizes=\"auto, (max-width: 490px) 100vw, 490px\" \/><\/div><\/div><\/div><\/div><\/div><\/div><\/div><\/section>","protected":false},"excerpt":{"rendered":"ASP\u0130LSAN Enerji uzun y\u0131llard\u0131r sahip oldu\u011fu firma i\u00e7i elektronik kart \u00fcretim tecr\u00fcbesiyle, savunma sanayi firmalar\u0131na bu alanda da destek sa\u011flayabilmek amac\u0131yla Elektronik Kart \u00dcretim ve Test Hizmetlerini g\u00fcnden g\u00fcne de\u011fi\u015ftirmekte ve geli\u015ftirmektedir. B\u00f6ylece ASP\u0130LSAN Enerji, y\u00fcksek kapasiteli ve y\u00fcksek h\u0131zl\u0131 \u00e7al\u0131\u015fma sistemi ile hizmet arz\u0131n\u0131 sa\u011flayabilmektedir. ASP\u0130LSAN Enerji; Dizgi, Konformal Kaplama, Standartlara Uygun Test ve...","protected":false},"author":6,"featured_media":240,"parent":6324,"menu_order":0,"comment_status":"closed","ping_status":"closed","template":"","meta":{"om_disable_all_campaigns":false,"_mi_skip_tracking":false,"_themeisle_gutenberg_block_has_review":false,"footnotes":""},"class_list":["post-6326","page","type-page","status-publish","has-post-thumbnail","hentry"],"aioseo_notices":[],"yoast_head":"<!-- This site is optimized with the Yoast SEO plugin v20.5 - https:\/\/yoast.com\/wordpress\/plugins\/seo\/ -->\n<title>Elektronik Kart \u00dcretimi ve Test Sistemleri - ASP\u0130LSAN<\/title>\n<meta name=\"robots\" content=\"index, follow, max-snippet:-1, max-image-preview:large, max-video-preview:-1\" \/>\n<link rel=\"canonical\" href=\"https:\/\/www.aspilsan.com\/en\/hizmetlerimiz\/muhendislik-hizmetleri\/elektronik-kart-uretimi-ve-test-sistemleri\/\" \/>\n<meta property=\"og:locale\" content=\"en_US\" \/>\n<meta property=\"og:type\" content=\"article\" \/>\n<meta property=\"og:title\" content=\"Elektronik Kart \u00dcretimi ve Test Sistemleri - ASP\u0130LSAN\" \/>\n<meta property=\"og:url\" content=\"https:\/\/www.aspilsan.com\/en\/hizmetlerimiz\/muhendislik-hizmetleri\/elektronik-kart-uretimi-ve-test-sistemleri\/\" \/>\n<meta property=\"og:site_name\" content=\"ASP\u0130LSAN\" \/>\n<meta property=\"article:publisher\" content=\"https:\/\/www.facebook.com\/people\/Aspilsan\/100028422177074\/\" \/>\n<meta property=\"article:modified_time\" content=\"2023-07-31T08:15:07+00:00\" \/>\n<meta property=\"og:image\" content=\"https:\/\/www.aspilsan.com\/home\/aspiluser\/public_html\/wp-content\/uploads\/2021\/04\/baskidevre.jpg\" \/>\n\t<meta property=\"og:image:width\" content=\"490\" \/>\n\t<meta property=\"og:image:height\" content=\"490\" \/>\n\t<meta property=\"og:image:type\" content=\"image\/jpeg\" \/>\n<meta name=\"twitter:card\" content=\"summary_large_image\" \/>\n<meta name=\"twitter:site\" content=\"@aspilsan_enerji\" \/>\n<meta name=\"twitter:label1\" content=\"Est. reading time\" \/>\n\t<meta name=\"twitter:data1\" content=\"1 minute\" \/>\n<script type=\"application\/ld+json\" class=\"yoast-schema-graph\">{\"@context\":\"https:\/\/schema.org\",\"@graph\":[{\"@type\":\"WebPage\",\"@id\":\"https:\/\/www.aspilsan.com\/en\/hizmetlerimiz\/muhendislik-hizmetleri\/elektronik-kart-uretimi-ve-test-sistemleri\/\",\"url\":\"https:\/\/www.aspilsan.com\/en\/hizmetlerimiz\/muhendislik-hizmetleri\/elektronik-kart-uretimi-ve-test-sistemleri\/\",\"name\":\"Elektronik Kart \u00dcretimi ve Test Sistemleri - ASP\u0130LSAN\",\"isPartOf\":{\"@id\":\"https:\/\/www.aspilsan.com\/#website\"},\"datePublished\":\"2023-07-28T10:12:08+00:00\",\"dateModified\":\"2023-07-31T08:15:07+00:00\",\"breadcrumb\":{\"@id\":\"https:\/\/www.aspilsan.com\/en\/hizmetlerimiz\/muhendislik-hizmetleri\/elektronik-kart-uretimi-ve-test-sistemleri\/#breadcrumb\"},\"inLanguage\":\"en-US\",\"potentialAction\":[{\"@type\":\"ReadAction\",\"target\":[\"https:\/\/www.aspilsan.com\/en\/hizmetlerimiz\/muhendislik-hizmetleri\/elektronik-kart-uretimi-ve-test-sistemleri\/\"]}]},{\"@type\":\"BreadcrumbList\",\"@id\":\"https:\/\/www.aspilsan.com\/en\/hizmetlerimiz\/muhendislik-hizmetleri\/elektronik-kart-uretimi-ve-test-sistemleri\/#breadcrumb\",\"itemListElement\":[{\"@type\":\"ListItem\",\"position\":1,\"name\":\"Anasayfa\",\"item\":\"https:\/\/www.aspilsan.com\/\"},{\"@type\":\"ListItem\",\"position\":2,\"name\":\"Hizmetlerimiz\",\"item\":\"https:\/\/www.aspilsan.com\/hizmetlerimiz\/\"},{\"@type\":\"ListItem\",\"position\":3,\"name\":\"M\u00fchendislik Hizmetleri\",\"item\":\"https:\/\/www.aspilsan.com\/hizmetlerimiz\/muhendislik-hizmetleri\/\"},{\"@type\":\"ListItem\",\"position\":4,\"name\":\"Elektronik Kart \u00dcretimi ve Test Sistemleri\"}]},{\"@type\":\"WebSite\",\"@id\":\"https:\/\/www.aspilsan.com\/#website\",\"url\":\"https:\/\/www.aspilsan.com\/\",\"name\":\"ASP\u0130LSAN\",\"description\":\"Teknolojinin Enerjisi\",\"publisher\":{\"@id\":\"https:\/\/www.aspilsan.com\/#organization\"},\"potentialAction\":[{\"@type\":\"SearchAction\",\"target\":{\"@type\":\"EntryPoint\",\"urlTemplate\":\"https:\/\/www.aspilsan.com\/?s={search_term_string}\"},\"query-input\":\"required name=search_term_string\"}],\"inLanguage\":\"en-US\"},{\"@type\":\"Organization\",\"@id\":\"https:\/\/www.aspilsan.com\/#organization\",\"name\":\"ASP\u0130LSAN\",\"url\":\"https:\/\/www.aspilsan.com\/\",\"logo\":{\"@type\":\"ImageObject\",\"inLanguage\":\"en-US\",\"@id\":\"https:\/\/www.aspilsan.com\/#\/schema\/logo\/image\/\",\"url\":\"https:\/\/www.aspilsan.com\/wp-content\/uploads\/2022\/03\/Aspilsan-Logo-300px.png\",\"contentUrl\":\"https:\/\/www.aspilsan.com\/wp-content\/uploads\/2022\/03\/Aspilsan-Logo-300px.png\",\"width\":300,\"height\":56,\"caption\":\"ASP\u0130LSAN\"},\"image\":{\"@id\":\"https:\/\/www.aspilsan.com\/#\/schema\/logo\/image\/\"},\"sameAs\":[\"https:\/\/www.facebook.com\/people\/Aspilsan\/100028422177074\/\",\"https:\/\/twitter.com\/aspilsan_enerji\",\"https:\/\/www.instagram.com\/aspilsanenerji\",\"https:\/\/www.linkedin.com\/company\/aspilsan\"]}]}<\/script>\n<!-- \/ Yoast SEO plugin. -->","yoast_head_json":{"title":"Elektronik Kart \u00dcretimi ve Test Sistemleri - ASP\u0130LSAN","robots":{"index":"index","follow":"follow","max-snippet":"max-snippet:-1","max-image-preview":"max-image-preview:large","max-video-preview":"max-video-preview:-1"},"canonical":"https:\/\/www.aspilsan.com\/en\/hizmetlerimiz\/muhendislik-hizmetleri\/elektronik-kart-uretimi-ve-test-sistemleri\/","og_locale":"en_US","og_type":"article","og_title":"Elektronik Kart \u00dcretimi ve Test Sistemleri - ASP\u0130LSAN","og_url":"https:\/\/www.aspilsan.com\/en\/hizmetlerimiz\/muhendislik-hizmetleri\/elektronik-kart-uretimi-ve-test-sistemleri\/","og_site_name":"ASP\u0130LSAN","article_publisher":"https:\/\/www.facebook.com\/people\/Aspilsan\/100028422177074\/","article_modified_time":"2023-07-31T08:15:07+00:00","og_image":[{"width":490,"height":490,"url":"https:\/\/www.aspilsan.com\/home\/aspiluser\/public_html\/wp-content\/uploads\/2021\/04\/baskidevre.jpg","type":"image\/jpeg"}],"twitter_card":"summary_large_image","twitter_site":"@aspilsan_enerji","twitter_misc":{"Est. reading time":"1 minute"},"schema":{"@context":"https:\/\/schema.org","@graph":[{"@type":"WebPage","@id":"https:\/\/www.aspilsan.com\/en\/hizmetlerimiz\/muhendislik-hizmetleri\/elektronik-kart-uretimi-ve-test-sistemleri\/","url":"https:\/\/www.aspilsan.com\/en\/hizmetlerimiz\/muhendislik-hizmetleri\/elektronik-kart-uretimi-ve-test-sistemleri\/","name":"Elektronik Kart \u00dcretimi ve Test Sistemleri - ASP\u0130LSAN","isPartOf":{"@id":"https:\/\/www.aspilsan.com\/#website"},"datePublished":"2023-07-28T10:12:08+00:00","dateModified":"2023-07-31T08:15:07+00:00","breadcrumb":{"@id":"https:\/\/www.aspilsan.com\/en\/hizmetlerimiz\/muhendislik-hizmetleri\/elektronik-kart-uretimi-ve-test-sistemleri\/#breadcrumb"},"inLanguage":"en-US","potentialAction":[{"@type":"ReadAction","target":["https:\/\/www.aspilsan.com\/en\/hizmetlerimiz\/muhendislik-hizmetleri\/elektronik-kart-uretimi-ve-test-sistemleri\/"]}]},{"@type":"BreadcrumbList","@id":"https:\/\/www.aspilsan.com\/en\/hizmetlerimiz\/muhendislik-hizmetleri\/elektronik-kart-uretimi-ve-test-sistemleri\/#breadcrumb","itemListElement":[{"@type":"ListItem","position":1,"name":"Anasayfa","item":"https:\/\/www.aspilsan.com\/"},{"@type":"ListItem","position":2,"name":"Hizmetlerimiz","item":"https:\/\/www.aspilsan.com\/hizmetlerimiz\/"},{"@type":"ListItem","position":3,"name":"M\u00fchendislik Hizmetleri","item":"https:\/\/www.aspilsan.com\/hizmetlerimiz\/muhendislik-hizmetleri\/"},{"@type":"ListItem","position":4,"name":"Elektronik Kart \u00dcretimi ve Test Sistemleri"}]},{"@type":"WebSite","@id":"https:\/\/www.aspilsan.com\/#website","url":"https:\/\/www.aspilsan.com\/","name":"ASP\u0130LSAN","description":"Teknolojinin Enerjisi","publisher":{"@id":"https:\/\/www.aspilsan.com\/#organization"},"potentialAction":[{"@type":"SearchAction","target":{"@type":"EntryPoint","urlTemplate":"https:\/\/www.aspilsan.com\/?s={search_term_string}"},"query-input":"required name=search_term_string"}],"inLanguage":"en-US"},{"@type":"Organization","@id":"https:\/\/www.aspilsan.com\/#organization","name":"ASP\u0130LSAN","url":"https:\/\/www.aspilsan.com\/","logo":{"@type":"ImageObject","inLanguage":"en-US","@id":"https:\/\/www.aspilsan.com\/#\/schema\/logo\/image\/","url":"https:\/\/www.aspilsan.com\/wp-content\/uploads\/2022\/03\/Aspilsan-Logo-300px.png","contentUrl":"https:\/\/www.aspilsan.com\/wp-content\/uploads\/2022\/03\/Aspilsan-Logo-300px.png","width":300,"height":56,"caption":"ASP\u0130LSAN"},"image":{"@id":"https:\/\/www.aspilsan.com\/#\/schema\/logo\/image\/"},"sameAs":["https:\/\/www.facebook.com\/people\/Aspilsan\/100028422177074\/","https:\/\/twitter.com\/aspilsan_enerji","https:\/\/www.instagram.com\/aspilsanenerji","https:\/\/www.linkedin.com\/company\/aspilsan"]}]}},"acf":[],"_links":{"self":[{"href":"https:\/\/www.aspilsan.com\/en\/wp-json\/wp\/v2\/pages\/6326","targetHints":{"allow":["GET"]}}],"collection":[{"href":"https:\/\/www.aspilsan.com\/en\/wp-json\/wp\/v2\/pages"}],"about":[{"href":"https:\/\/www.aspilsan.com\/en\/wp-json\/wp\/v2\/types\/page"}],"author":[{"embeddable":true,"href":"https:\/\/www.aspilsan.com\/en\/wp-json\/wp\/v2\/users\/6"}],"replies":[{"embeddable":true,"href":"https:\/\/www.aspilsan.com\/en\/wp-json\/wp\/v2\/comments?post=6326"}],"version-history":[{"count":1,"href":"https:\/\/www.aspilsan.com\/en\/wp-json\/wp\/v2\/pages\/6326\/revisions"}],"predecessor-version":[{"id":6370,"href":"https:\/\/www.aspilsan.com\/en\/wp-json\/wp\/v2\/pages\/6326\/revisions\/6370"}],"up":[{"embeddable":true,"href":"https:\/\/www.aspilsan.com\/en\/wp-json\/wp\/v2\/pages\/6324"}],"wp:featuredmedia":[{"embeddable":true,"href":"https:\/\/www.aspilsan.com\/en\/wp-json\/wp\/v2\/media\/240"}],"wp:attachment":[{"href":"https:\/\/www.aspilsan.com\/en\/wp-json\/wp\/v2\/media?parent=6326"}],"curies":[{"name":"wp","href":"https:\/\/api.w.org\/{rel}","templated":true}]}}