{"id":6330,"date":"2023-07-28T13:16:09","date_gmt":"2023-07-28T10:16:09","guid":{"rendered":"https:\/\/www.aspilsan.com\/?page_id=6330"},"modified":"2023-07-28T13:16:09","modified_gmt":"2023-07-28T10:16:09","slug":"kart-tasarim-hizmeti","status":"publish","type":"page","link":"https:\/\/www.aspilsan.com\/en\/services\/engineering-services\/card-design-service\/","title":{"rendered":"Circuit Board Design Service"},"content":{"rendered":"<section class=\"l-section wpb_row height_medium\"><div class=\"l-section-h i-cf\"><div class=\"g-cols vc_row type_default valign_top\"><div class=\"vc_col-sm-6 wpb_column vc_column_container\"><div class=\"vc_column-inner\"><div class=\"wpb_wrapper\"><div class=\"wpb_text_column\" ><div class=\"wpb_wrapper\"><p>\nWith its knowledge, ASP\u0130LSAN Enerji builds systems that can address all of your battery and energy storage issues. Three R&amp;D centres do mechanical design, electronic design, and different analyses. Additionally skilled in power electronics and power systems design, battery management algorithms design, thermal management analysis, structural vibration and stress analysis, he is also proficient in embedded system design and software. All studies place a high priority on concerns relating to long-term quality and reproducibility. ASP\u0130LSAN Enerji, which creates residential solutions for a variety of industries, designs slowly and boldly illuminates the future.<\/p>\n<\/div><\/div><\/div><\/div><\/div><div class=\"vc_col-sm-6 wpb_column vc_column_container\"><div class=\"vc_column-inner\"><div class=\"wpb_wrapper\"><div class=\"w-image align_none\"><div class=\"w-image-h\"><img loading=\"lazy\" decoding=\"async\" width=\"365\" height=\"205\" src=\"https:\/\/www.aspilsan.com\/wp-content\/uploads\/2021\/04\/1719303457253.png\" class=\"attachment-large size-large\" alt=\"\" srcset=\"https:\/\/www.aspilsan.com\/wp-content\/uploads\/2021\/04\/1719303457253.png 365w, https:\/\/www.aspilsan.com\/wp-content\/uploads\/2021\/04\/1719303457253-300x168.png 300w, https:\/\/www.aspilsan.com\/wp-content\/uploads\/2021\/04\/1719303457253-18x10.png 18w, https:\/\/www.aspilsan.com\/wp-content\/uploads\/2021\/04\/1719303457253-200x112.png 200w, https:\/\/www.aspilsan.com\/wp-content\/uploads\/2021\/04\/1719303457253-100x56.png 100w, https:\/\/www.aspilsan.com\/wp-content\/uploads\/2021\/04\/1719303457253-50x28.png 50w, https:\/\/www.aspilsan.com\/wp-content\/uploads\/2021\/04\/1719303457253-70x39.png 70w, https:\/\/www.aspilsan.com\/wp-content\/uploads\/2021\/04\/1719303457253-90x51.png 90w, https:\/\/www.aspilsan.com\/wp-content\/uploads\/2021\/04\/1719303457253-130x73.png 130w, https:\/\/www.aspilsan.com\/wp-content\/uploads\/2021\/04\/1719303457253-180x101.png 180w, https:\/\/www.aspilsan.com\/wp-content\/uploads\/2021\/04\/1719303457253-190x107.png 190w\" sizes=\"auto, (max-width: 365px) 100vw, 365px\" \/><\/div><\/div><\/div><\/div><\/div><\/div><\/div><\/section>","protected":false},"excerpt":{"rendered":"ASP\u0130LSAN Enerji tecr\u00fcbesiyle batarya ve enerji depolama konular\u0131nda t\u00fcm problemlerinize \u00e7\u00f6z\u00fcm olabilecek sistemler tasarlamaktad\u0131r. \u00dc\u00e7 Ar-ge merkezi b\u00fcnyesinde elektronik tasar\u0131m, mekanik tasar\u0131m ve \u00e7e\u015fitli analizler yap\u0131lmaktad\u0131r. Ayr\u0131ca ASP\u0130LSAN Enerji g\u00f6m\u00fcl\u00fc sistem tasar\u0131m\u0131 ve yaz\u0131l\u0131m\u0131, sistem uzaktan izleme \u00e7\u00f6z\u00fcmleri, g\u00fc\u00e7 elektroni\u011fi ve g\u00fc\u00e7 sistemleri tasar\u0131m\u0131, batarya y\u00f6netim algoritmalar\u0131 tasar\u0131m\u0131, \u0131s\u0131l y\u00f6netim analizleri, yap\u0131sal titre\u015fim ve gerilme...","protected":false},"author":6,"featured_media":684,"parent":6324,"menu_order":0,"comment_status":"closed","ping_status":"closed","template":"","meta":{"om_disable_all_campaigns":false,"_mi_skip_tracking":false,"_themeisle_gutenberg_block_has_review":false,"footnotes":""},"class_list":["post-6330","page","type-page","status-publish","has-post-thumbnail","hentry"],"aioseo_notices":[],"yoast_head":"<!-- This site is optimized with the Yoast SEO plugin v20.5 - https:\/\/yoast.com\/wordpress\/plugins\/seo\/ -->\n<title>Kart Tasar\u0131m Hizmeti - ASP\u0130LSAN<\/title>\n<meta name=\"robots\" content=\"index, follow, max-snippet:-1, max-image-preview:large, max-video-preview:-1\" \/>\n<link rel=\"canonical\" href=\"https:\/\/www.aspilsan.com\/en\/services\/engineering-services\/card-design-service\/\" \/>\n<meta property=\"og:locale\" content=\"en_US\" \/>\n<meta property=\"og:type\" content=\"article\" \/>\n<meta property=\"og:title\" content=\"Kart Tasar\u0131m Hizmeti - ASP\u0130LSAN\" \/>\n<meta property=\"og:url\" content=\"https:\/\/www.aspilsan.com\/en\/services\/engineering-services\/card-design-service\/\" \/>\n<meta property=\"og:site_name\" content=\"ASP\u0130LSAN\" \/>\n<meta property=\"article:publisher\" content=\"https:\/\/www.facebook.com\/people\/Aspilsan\/100028422177074\/\" \/>\n<meta property=\"og:image\" content=\"https:\/\/www.aspilsan.com\/home\/aspiluser\/public_html\/wp-content\/uploads\/2021\/04\/1719303457253.png\" \/>\n\t<meta property=\"og:image:width\" content=\"365\" \/>\n\t<meta property=\"og:image:height\" content=\"205\" \/>\n\t<meta property=\"og:image:type\" content=\"image\/png\" \/>\n<meta name=\"twitter:card\" content=\"summary_large_image\" \/>\n<meta name=\"twitter:site\" content=\"@aspilsan_enerji\" \/>\n<meta name=\"twitter:label1\" content=\"Est. reading time\" \/>\n\t<meta name=\"twitter:data1\" content=\"1 minute\" \/>\n<script type=\"application\/ld+json\" class=\"yoast-schema-graph\">{\"@context\":\"https:\/\/schema.org\",\"@graph\":[{\"@type\":\"WebPage\",\"@id\":\"https:\/\/www.aspilsan.com\/hizmetlerimiz\/muhendislik-hizmetleri\/kart-tasarim-hizmeti\/\",\"url\":\"https:\/\/www.aspilsan.com\/hizmetlerimiz\/muhendislik-hizmetleri\/kart-tasarim-hizmeti\/\",\"name\":\"Kart Tasar\u0131m Hizmeti - ASP\u0130LSAN\",\"isPartOf\":{\"@id\":\"https:\/\/www.aspilsan.com\/#website\"},\"datePublished\":\"2023-07-28T10:16:09+00:00\",\"dateModified\":\"2023-07-28T10:16:09+00:00\",\"breadcrumb\":{\"@id\":\"https:\/\/www.aspilsan.com\/hizmetlerimiz\/muhendislik-hizmetleri\/kart-tasarim-hizmeti\/#breadcrumb\"},\"inLanguage\":\"en-US\",\"potentialAction\":[{\"@type\":\"ReadAction\",\"target\":[\"https:\/\/www.aspilsan.com\/hizmetlerimiz\/muhendislik-hizmetleri\/kart-tasarim-hizmeti\/\"]}]},{\"@type\":\"BreadcrumbList\",\"@id\":\"https:\/\/www.aspilsan.com\/hizmetlerimiz\/muhendislik-hizmetleri\/kart-tasarim-hizmeti\/#breadcrumb\",\"itemListElement\":[{\"@type\":\"ListItem\",\"position\":1,\"name\":\"Anasayfa\",\"item\":\"https:\/\/www.aspilsan.com\/\"},{\"@type\":\"ListItem\",\"position\":2,\"name\":\"Hizmetlerimiz\",\"item\":\"https:\/\/www.aspilsan.com\/hizmetlerimiz\/\"},{\"@type\":\"ListItem\",\"position\":3,\"name\":\"M\u00fchendislik Hizmetleri\",\"item\":\"https:\/\/www.aspilsan.com\/hizmetlerimiz\/muhendislik-hizmetleri\/\"},{\"@type\":\"ListItem\",\"position\":4,\"name\":\"Kart Tasar\u0131m Hizmeti\"}]},{\"@type\":\"WebSite\",\"@id\":\"https:\/\/www.aspilsan.com\/#website\",\"url\":\"https:\/\/www.aspilsan.com\/\",\"name\":\"ASP\u0130LSAN\",\"description\":\"Teknolojinin Enerjisi\",\"publisher\":{\"@id\":\"https:\/\/www.aspilsan.com\/#organization\"},\"potentialAction\":[{\"@type\":\"SearchAction\",\"target\":{\"@type\":\"EntryPoint\",\"urlTemplate\":\"https:\/\/www.aspilsan.com\/?s={search_term_string}\"},\"query-input\":\"required name=search_term_string\"}],\"inLanguage\":\"en-US\"},{\"@type\":\"Organization\",\"@id\":\"https:\/\/www.aspilsan.com\/#organization\",\"name\":\"ASP\u0130LSAN\",\"url\":\"https:\/\/www.aspilsan.com\/\",\"logo\":{\"@type\":\"ImageObject\",\"inLanguage\":\"en-US\",\"@id\":\"https:\/\/www.aspilsan.com\/#\/schema\/logo\/image\/\",\"url\":\"https:\/\/www.aspilsan.com\/wp-content\/uploads\/2022\/03\/Aspilsan-Logo-300px.png\",\"contentUrl\":\"https:\/\/www.aspilsan.com\/wp-content\/uploads\/2022\/03\/Aspilsan-Logo-300px.png\",\"width\":300,\"height\":56,\"caption\":\"ASP\u0130LSAN\"},\"image\":{\"@id\":\"https:\/\/www.aspilsan.com\/#\/schema\/logo\/image\/\"},\"sameAs\":[\"https:\/\/www.facebook.com\/people\/Aspilsan\/100028422177074\/\",\"https:\/\/twitter.com\/aspilsan_enerji\",\"https:\/\/www.instagram.com\/aspilsanenerji\",\"https:\/\/www.linkedin.com\/company\/aspilsan\"]}]}<\/script>\n<!-- \/ Yoast SEO plugin. -->","yoast_head_json":{"title":"Kart Tasar\u0131m Hizmeti - ASP\u0130LSAN","robots":{"index":"index","follow":"follow","max-snippet":"max-snippet:-1","max-image-preview":"max-image-preview:large","max-video-preview":"max-video-preview:-1"},"canonical":"https:\/\/www.aspilsan.com\/en\/services\/engineering-services\/card-design-service\/","og_locale":"en_US","og_type":"article","og_title":"Kart Tasar\u0131m Hizmeti - ASP\u0130LSAN","og_url":"https:\/\/www.aspilsan.com\/en\/services\/engineering-services\/card-design-service\/","og_site_name":"ASP\u0130LSAN","article_publisher":"https:\/\/www.facebook.com\/people\/Aspilsan\/100028422177074\/","og_image":[{"width":365,"height":205,"url":"https:\/\/www.aspilsan.com\/home\/aspiluser\/public_html\/wp-content\/uploads\/2021\/04\/1719303457253.png","type":"image\/png"}],"twitter_card":"summary_large_image","twitter_site":"@aspilsan_enerji","twitter_misc":{"Est. reading time":"1 minute"},"schema":{"@context":"https:\/\/schema.org","@graph":[{"@type":"WebPage","@id":"https:\/\/www.aspilsan.com\/hizmetlerimiz\/muhendislik-hizmetleri\/kart-tasarim-hizmeti\/","url":"https:\/\/www.aspilsan.com\/hizmetlerimiz\/muhendislik-hizmetleri\/kart-tasarim-hizmeti\/","name":"Kart Tasar\u0131m Hizmeti - ASP\u0130LSAN","isPartOf":{"@id":"https:\/\/www.aspilsan.com\/#website"},"datePublished":"2023-07-28T10:16:09+00:00","dateModified":"2023-07-28T10:16:09+00:00","breadcrumb":{"@id":"https:\/\/www.aspilsan.com\/hizmetlerimiz\/muhendislik-hizmetleri\/kart-tasarim-hizmeti\/#breadcrumb"},"inLanguage":"en-US","potentialAction":[{"@type":"ReadAction","target":["https:\/\/www.aspilsan.com\/hizmetlerimiz\/muhendislik-hizmetleri\/kart-tasarim-hizmeti\/"]}]},{"@type":"BreadcrumbList","@id":"https:\/\/www.aspilsan.com\/hizmetlerimiz\/muhendislik-hizmetleri\/kart-tasarim-hizmeti\/#breadcrumb","itemListElement":[{"@type":"ListItem","position":1,"name":"Anasayfa","item":"https:\/\/www.aspilsan.com\/"},{"@type":"ListItem","position":2,"name":"Hizmetlerimiz","item":"https:\/\/www.aspilsan.com\/hizmetlerimiz\/"},{"@type":"ListItem","position":3,"name":"M\u00fchendislik Hizmetleri","item":"https:\/\/www.aspilsan.com\/hizmetlerimiz\/muhendislik-hizmetleri\/"},{"@type":"ListItem","position":4,"name":"Kart Tasar\u0131m Hizmeti"}]},{"@type":"WebSite","@id":"https:\/\/www.aspilsan.com\/#website","url":"https:\/\/www.aspilsan.com\/","name":"ASP\u0130LSAN","description":"Teknolojinin Enerjisi","publisher":{"@id":"https:\/\/www.aspilsan.com\/#organization"},"potentialAction":[{"@type":"SearchAction","target":{"@type":"EntryPoint","urlTemplate":"https:\/\/www.aspilsan.com\/?s={search_term_string}"},"query-input":"required name=search_term_string"}],"inLanguage":"en-US"},{"@type":"Organization","@id":"https:\/\/www.aspilsan.com\/#organization","name":"ASP\u0130LSAN","url":"https:\/\/www.aspilsan.com\/","logo":{"@type":"ImageObject","inLanguage":"en-US","@id":"https:\/\/www.aspilsan.com\/#\/schema\/logo\/image\/","url":"https:\/\/www.aspilsan.com\/wp-content\/uploads\/2022\/03\/Aspilsan-Logo-300px.png","contentUrl":"https:\/\/www.aspilsan.com\/wp-content\/uploads\/2022\/03\/Aspilsan-Logo-300px.png","width":300,"height":56,"caption":"ASP\u0130LSAN"},"image":{"@id":"https:\/\/www.aspilsan.com\/#\/schema\/logo\/image\/"},"sameAs":["https:\/\/www.facebook.com\/people\/Aspilsan\/100028422177074\/","https:\/\/twitter.com\/aspilsan_enerji","https:\/\/www.instagram.com\/aspilsanenerji","https:\/\/www.linkedin.com\/company\/aspilsan"]}]}},"acf":[],"_links":{"self":[{"href":"https:\/\/www.aspilsan.com\/en\/wp-json\/wp\/v2\/pages\/6330","targetHints":{"allow":["GET"]}}],"collection":[{"href":"https:\/\/www.aspilsan.com\/en\/wp-json\/wp\/v2\/pages"}],"about":[{"href":"https:\/\/www.aspilsan.com\/en\/wp-json\/wp\/v2\/types\/page"}],"author":[{"embeddable":true,"href":"https:\/\/www.aspilsan.com\/en\/wp-json\/wp\/v2\/users\/6"}],"replies":[{"embeddable":true,"href":"https:\/\/www.aspilsan.com\/en\/wp-json\/wp\/v2\/comments?post=6330"}],"version-history":[{"count":1,"href":"https:\/\/www.aspilsan.com\/en\/wp-json\/wp\/v2\/pages\/6330\/revisions"}],"predecessor-version":[{"id":6331,"href":"https:\/\/www.aspilsan.com\/en\/wp-json\/wp\/v2\/pages\/6330\/revisions\/6331"}],"up":[{"embeddable":true,"href":"https:\/\/www.aspilsan.com\/en\/wp-json\/wp\/v2\/pages\/6324"}],"wp:featuredmedia":[{"embeddable":true,"href":"https:\/\/www.aspilsan.com\/en\/wp-json\/wp\/v2\/media\/684"}],"wp:attachment":[{"href":"https:\/\/www.aspilsan.com\/en\/wp-json\/wp\/v2\/media?parent=6330"}],"curies":[{"name":"wp","href":"https:\/\/api.w.org\/{rel}","templated":true}]}}