{"id":6601,"date":"2023-09-19T11:57:30","date_gmt":"2023-09-19T08:57:30","guid":{"rendered":"https:\/\/www.aspilsan.com\/?page_id=6601"},"modified":"2023-09-19T11:57:30","modified_gmt":"2023-09-19T08:57:30","slug":"m6","status":"publish","type":"page","link":"https:\/\/www.aspilsan.com\/en\/qr\/m6\/","title":{"rendered":"Boqu"},"content":{"rendered":"<section class=\"l-section wpb_row height_medium\"><div class=\"l-section-h i-cf\"><div class=\"g-cols vc_row type_default valign_top\"><div class=\"vc_col-sm-3 wpb_column vc_column_container\"><div class=\"vc_column-inner\"><div class=\"wpb_wrapper\"><div class=\"w-image align_none animate_fade\"><div class=\"w-image-h\"><img loading=\"lazy\" decoding=\"async\" width=\"1024\" height=\"768\" src=\"https:\/\/www.aspilsan.com\/wp-content\/uploads\/2021\/05\/placeholder-1024x768.png\" class=\"g-placeholder\" alt=\"\" srcset=\"https:\/\/www.aspilsan.com\/wp-content\/uploads\/2021\/05\/placeholder-1024x768.png 1024w, https:\/\/www.aspilsan.com\/wp-content\/uploads\/2021\/05\/placeholder-300x225.png 300w, https:\/\/www.aspilsan.com\/wp-content\/uploads\/2021\/05\/placeholder-600x450.png 600w, https:\/\/www.aspilsan.com\/wp-content\/uploads\/2021\/05\/placeholder-400x300.png 400w, https:\/\/www.aspilsan.com\/wp-content\/uploads\/2021\/05\/placeholder-16x12.png 16w, https:\/\/www.aspilsan.com\/wp-content\/uploads\/2021\/05\/placeholder-500x375.png 500w, https:\/\/www.aspilsan.com\/wp-content\/uploads\/2021\/05\/placeholder-200x150.png 200w, https:\/\/www.aspilsan.com\/wp-content\/uploads\/2021\/05\/placeholder-100x75.png 100w, https:\/\/www.aspilsan.com\/wp-content\/uploads\/2021\/05\/placeholder-50x37.png 50w, https:\/\/www.aspilsan.com\/wp-content\/uploads\/2021\/05\/placeholder-70x52.png 70w, https:\/\/www.aspilsan.com\/wp-content\/uploads\/2021\/05\/placeholder-90x67.png 90w, https:\/\/www.aspilsan.com\/wp-content\/uploads\/2021\/05\/placeholder-130x97.png 130w, https:\/\/www.aspilsan.com\/wp-content\/uploads\/2021\/05\/placeholder-190x142.png 190w, https:\/\/www.aspilsan.com\/wp-content\/uploads\/2021\/05\/placeholder-1440x1080.png 1440w, https:\/\/www.aspilsan.com\/wp-content\/uploads\/2021\/05\/placeholder.png 1463w\" sizes=\"auto, (max-width: 1024px) 100vw, 1024px\" \/><\/div><\/div><\/div><\/div><\/div><div class=\"vc_col-sm-9 wpb_column vc_column_container\"><div class=\"vc_column-inner\"><div class=\"wpb_wrapper\"><div class=\"wpb_text_column\" ><div class=\"wpb_wrapper\"><h2 class=\"w-post-elm post_title us_custom_faee3857 entry-title color_link_inherit\">\u00dcr\u00fcn Bilgilendirme Aray\u00fcz\u00fc<\/h2>\n<h5>BOQU bataryas\u0131na \u00f6zg\u00fc dok\u00fcmanlar;<\/h5>\n<\/div><\/div><div class=\"w-tabs style_default switch_click accordion has_scrolling title_atleft icon_chevron iconpos_right\"><div class=\"w-tabs-sections\"><div class=\"w-tabs-sections-h\"><div class=\"w-tabs-section\" id=\"1620311056322-8ade1394-f982\"><button aria-controls=\"content-1620311056322-8ade1394-f982\" class=\"w-tabs-section-header\"><div class=\"w-tabs-section-header-h\"><div class=\"w-tabs-section-title\">KULLANIM KILAVUZU<\/div><div class=\"w-tabs-section-control\"><\/div><\/div><\/button><div class=\"w-tabs-section-content\" id=\"content-1620311056322-8ade1394-f982\" aria-expanded=\"false\"><div class=\"w-tabs-section-content-h i-cf\"><div class=\"w-iconbox iconpos_left style_default color_secondary align_left no_title\"><a href=\"https:\/\/www.aspilsan.com\/wp-content\/uploads\/2022\/02\/152-0001-0004-BB-2590-Bat_-Kullanim-Kilavuzu.pdf\" class=\"w-iconbox-link\" aria-label=\"fal|download\"><div class=\"w-iconbox-icon\" style=\"font-size:30px;\"><i class=\"fal fa-download\"><\/i><\/div><\/a><div class=\"w-iconbox-meta\"><div class=\"w-iconbox-text\"><p>Kullan\u0131m k\u0131lavuzunu indirmek i\u00e7in t\u0131klay\u0131n\u0131z.<\/p>\n<\/div><\/div><\/div><\/div><\/div><\/div><div class=\"w-tabs-section\" id=\"1645440176110-be88a954-2a58\"><button aria-controls=\"content-1645440176110-be88a954-2a58\" class=\"w-tabs-section-header\"><div class=\"w-tabs-section-header-h\"><div class=\"w-tabs-section-title\">BATARYA \u00d6ZELL\u0130KLER\u0130<\/div><div class=\"w-tabs-section-control\"><\/div><\/div><\/button><div class=\"w-tabs-section-content\" id=\"content-1645440176110-be88a954-2a58\" aria-expanded=\"false\"><div class=\"w-tabs-section-content-h i-cf\"><div class=\"wpb_text_column\" ><div class=\"wpb_wrapper\"><p>BB 2590 V2 Bataryas\u0131 i\u00e7erisinde 2 adet 14.4V nominal gerilime sahip lityum iyon batarya bloklar\u0131 bulundurmaktad\u0131r. Bu bloklar kendi i\u00e7inde izoledir. Kullan\u0131c\u0131 batarya bloklar\u0131n\u0131 paralel 14.4V 20.6Ah konfig\u00fcrasyonunda veya seri 28.8V 10.3Ah konfig\u00fcrasyonunda kullanabilir.<\/p>\n<p>Tablo 1<\/p>\n<table width=\"662\">\n<tbody>\n<tr>\n<td width=\"227\">Nominal Voltage<\/td>\n<td colspan=\"2\" width=\"435\">2 x 14,4V<\/td>\n<\/tr>\n<tr>\n<td width=\"227\">Nominal Capacity<\/td>\n<td colspan=\"2\" width=\"435\">\n<p>2 x 10,3Ah<\/p>\n<p>2 x 148,32Wh<\/td>\n<\/tr>\n<tr>\n<td width=\"227\">G\u00f6vde Malzemesi<\/td>\n<td colspan=\"2\" width=\"435\">Polikarbonat-ABS<\/td>\n<\/tr>\n<tr>\n<td width=\"227\">G\u00f6vde Rengi<\/td>\n<td colspan=\"2\" width=\"435\">Taba<\/td>\n<\/tr>\n<tr>\n<td width=\"227\">Standard De\u015farj Ak\u0131m\u0131<\/td>\n<td colspan=\"2\" width=\"435\">2,040A<\/td>\n<\/tr>\n<tr>\n<td width=\"227\">Maximum Discharge Current<\/td>\n<td colspan=\"2\" width=\"435\">10A<\/td>\n<\/tr>\n<tr>\n<td width=\"227\">Darbeli De\u015farj Ak\u0131m\u0131<\/td>\n<td colspan=\"2\" width=\"435\">18A (5 saniye \/ <em>second<\/em>)<\/td>\n<\/tr>\n<tr>\n<td width=\"227\">Standard \u015earj (20\u02daC \u00b15\u02daC\u2019de) \/<\/td>\n<td colspan=\"2\" width=\"435\">Her bir blok 16,8V \/ 5,1A ile \u015farj ak\u0131m\u0131 150mA\u2019e d\u00fc\u015f\u00fcnceye kadar. (Maks. 4saat)<\/td>\n<\/tr>\n<tr>\n<td width=\"227\">Weight (g)<\/td>\n<td colspan=\"2\" width=\"435\">Maks. 1380<\/td>\n<\/tr>\n<tr>\n<td width=\"227\">Koruma<\/td>\n<td colspan=\"2\" width=\"435\">\n<p>A\u015f\u0131r\u0131 \u015farj<\/p>\n<p>A\u015f\u0131r\u0131 de\u015farj<\/p>\n<p>A\u015f\u0131r\u0131 s\u0131cakl\u0131k<\/p>\n<p>K\u0131sa devre<\/td>\n<\/tr>\n<tr>\n<td width=\"227\">\u015earj Kayb\u0131<\/td>\n<td colspan=\"2\" width=\"435\">Maks. 15mAh\/g\u00fcn<\/td>\n<\/tr>\n<tr>\n<td rowspan=\"2\" width=\"227\">\u00c7al\u0131\u015fma S\u0131cakl\u0131k Aral\u0131\u011f\u0131<\/td>\n<td width=\"133\">Charge<\/td>\n<td width=\"302\">0\u00b0C ile +45\u00b0C<\/td>\n<\/tr>\n<tr>\n<td width=\"133\">De\u015farj<\/td>\n<td width=\"302\">-20\u00b0C ile +60\u00b0C<\/td>\n<\/tr>\n<tr>\n<td width=\"227\">Depolama S\u0131cakl\u0131\u011f\u0131<\/td>\n<td colspan=\"2\" width=\"435\">&lt;20\u00b0C (1 y\u0131l)<\/td>\n<\/tr>\n<tr>\n<td width=\"227\">standards<\/td>\n<td colspan=\"2\" width=\"435\">\n<p>UN 38.3<\/p>\n<p>MIL-STD 810G<\/p>\n<p>MIL-STD-461E \/ Ground- Army RE102-4<\/td>\n<\/tr>\n<\/tbody>\n<\/table>\n<\/div><\/div><\/div><\/div><\/div><div class=\"w-tabs-section\" id=\"1648037650949-96d6b740-66fe\"><button aria-controls=\"content-1648037650949-96d6b740-66fe\" class=\"w-tabs-section-header\"><div class=\"w-tabs-section-header-h\"><div class=\"w-tabs-section-title\">KULLANIM \u015eARTLARI<\/div><div class=\"w-tabs-section-control\"><\/div><\/div><\/button><div class=\"w-tabs-section-content\" id=\"content-1648037650949-96d6b740-66fe\" aria-expanded=\"false\"><div class=\"w-tabs-section-content-h i-cf\"><div class=\"wpb_text_column\" ><div class=\"wpb_wrapper\"><\/div><\/div><\/div><\/div><\/div><div class=\"w-tabs-section\" id=\"1648648703417-5ce7703c-1084\"><button aria-controls=\"content-1648648703417-5ce7703c-1084\" class=\"w-tabs-section-header\"><div class=\"w-tabs-section-header-h\"><div class=\"w-tabs-section-title\">GARANT\u0130 \u015eARTLARI<\/div><div class=\"w-tabs-section-control\"><\/div><\/div><\/button><div class=\"w-tabs-section-content\" id=\"content-1648648703417-5ce7703c-1084\" aria-expanded=\"false\"><div class=\"w-tabs-section-content-h i-cf\"><div class=\"wpb_text_column\" ><div class=\"wpb_wrapper\"><ul>\n<li>Bataryaya ait herhangi bir sorunuz olmas\u0131 durumunda <a href=\"mailto:destek@aspilsan.com\">destek@aspilsan.com<\/a> mail adresine dan\u0131\u015fabilirsiniz.<\/li>\n<\/ul>\n<\/div><\/div><\/div><\/div><\/div><div class=\"w-tabs-section\" id=\"1648037697043-3c8a528a-8c85\"><button aria-controls=\"content-1648037697043-3c8a528a-8c85\" class=\"w-tabs-section-header\"><div class=\"w-tabs-section-header-h\"><div class=\"w-tabs-section-title\">\u015eARJ \u2013 DE\u015eARJ B\u0130LG\u0130LER\u0130<\/div><div class=\"w-tabs-section-control\"><\/div><\/div><\/button><div class=\"w-tabs-section-content\" id=\"content-1648037697043-3c8a528a-8c85\" aria-expanded=\"false\"><div class=\"w-tabs-section-content-h i-cf\"><div class=\"wpb_text_column\" ><div class=\"wpb_wrapper\"><\/div><\/div><\/div><\/div><\/div><div class=\"w-tabs-section\" id=\"1648038374682-bdbd7aca-c9db\"><button aria-controls=\"content-1648038374682-bdbd7aca-c9db\" class=\"w-tabs-section-header\"><div class=\"w-tabs-section-header-h\"><div class=\"w-tabs-section-title\">\u00d6NER\u0130LEN \u015eARJ C\u0130HAZLARI<\/div><div class=\"w-tabs-section-control\"><\/div><\/div><\/button><div class=\"w-tabs-section-content\" id=\"content-1648038374682-bdbd7aca-c9db\" aria-expanded=\"false\"><div class=\"w-tabs-section-content-h i-cf\"><div class=\"g-cols wpb_row  type_default valign_top vc_inner\"><div class=\"vc_col-sm-6 wpb_column vc_column_container\"><div class=\"vc_column-inner\"><div class=\"wpb_wrapper\"><div class=\"wpb_text_column\" ><div class=\"wpb_wrapper\"><p><strong>CH BB-2590 IKILI LI-ION 16.8V 28W X 4<\/strong><\/p>\n<\/div><\/div><div class=\"w-image align_none animate_fade\"><a target=\"_blank\" href=\"https:\/\/www.aspilsan.com\/en\/qr\/m17\/\" rel=\"noopener\" aria-label=\"Link\" class=\"w-image-h\"><img loading=\"lazy\" decoding=\"async\" width=\"400\" height=\"267\" src=\"https:\/\/www.aspilsan.com\/wp-content\/uploads\/2022\/03\/CH-BB-2590-sarj-cihazi-400x267.png\" class=\"attachment-medium size-medium\" alt=\"\" srcset=\"https:\/\/www.aspilsan.com\/wp-content\/uploads\/2022\/03\/CH-BB-2590-sarj-cihazi-400x267.png 400w, https:\/\/www.aspilsan.com\/wp-content\/uploads\/2022\/03\/CH-BB-2590-sarj-cihazi-1024x683.png 1024w, https:\/\/www.aspilsan.com\/wp-content\/uploads\/2022\/03\/CH-BB-2590-sarj-cihazi-18x12.png 18w, https:\/\/www.aspilsan.com\/wp-content\/uploads\/2022\/03\/CH-BB-2590-sarj-cihazi-600x400.png 600w, https:\/\/www.aspilsan.com\/wp-content\/uploads\/2022\/03\/CH-BB-2590-sarj-cihazi-500x334.png 500w, https:\/\/www.aspilsan.com\/wp-content\/uploads\/2022\/03\/CH-BB-2590-sarj-cihazi-300x200.png 300w, https:\/\/www.aspilsan.com\/wp-content\/uploads\/2022\/03\/CH-BB-2590-sarj-cihazi-200x133.png 200w, https:\/\/www.aspilsan.com\/wp-content\/uploads\/2022\/03\/CH-BB-2590-sarj-cihazi-100x67.png 100w, https:\/\/www.aspilsan.com\/wp-content\/uploads\/2022\/03\/CH-BB-2590-sarj-cihazi-90x60.png 90w, https:\/\/www.aspilsan.com\/wp-content\/uploads\/2022\/03\/CH-BB-2590-sarj-cihazi-190x127.png 190w, https:\/\/www.aspilsan.com\/wp-content\/uploads\/2022\/03\/CH-BB-2590-sarj-cihazi-130x87.png 130w, https:\/\/www.aspilsan.com\/wp-content\/uploads\/2022\/03\/CH-BB-2590-sarj-cihazi.png 1160w\" sizes=\"auto, (max-width: 400px) 100vw, 400px\" \/><\/a><\/div><\/div><\/div><\/div><div class=\"vc_col-sm-6 wpb_column vc_column_container\"><div class=\"vc_column-inner\"><div class=\"wpb_wrapper\"><\/div><\/div><\/div><\/div><\/div><\/div><\/div><div class=\"w-tabs-section\" id=\"1648037757889-573b78e1-a0f4\"><button aria-controls=\"content-1648037757889-573b78e1-a0f4\" class=\"w-tabs-section-header\"><div class=\"w-tabs-section-header-h\"><div class=\"w-tabs-section-title\">DEPOLAMA KO\u015eULLARI<\/div><div class=\"w-tabs-section-control\"><\/div><\/div><\/button><div class=\"w-tabs-section-content\" id=\"content-1648037757889-573b78e1-a0f4\" aria-expanded=\"false\"><div class=\"w-tabs-section-content-h i-cf\"><div class=\"wpb_text_column\" ><div class=\"wpb_wrapper\"><\/div><\/div><\/div><\/div><\/div><div class=\"w-tabs-section\" id=\"1648037796939-10fc9274-e579\"><button aria-controls=\"content-1648037796939-10fc9274-e579\" class=\"w-tabs-section-header\"><div class=\"w-tabs-section-header-h\"><div class=\"w-tabs-section-title\">BAKIM<\/div><div class=\"w-tabs-section-control\"><\/div><\/div><\/button><div class=\"w-tabs-section-content\" id=\"content-1648037796939-10fc9274-e579\" aria-expanded=\"false\"><div class=\"w-tabs-section-content-h i-cf\"><div class=\"wpb_text_column\" ><div class=\"wpb_wrapper\"><\/div><\/div><\/div><\/div><\/div><div class=\"w-tabs-section\" id=\"1648037903836-f8036c14-3b70\"><button aria-controls=\"content-1648037903836-f8036c14-3b70\" class=\"w-tabs-section-header\"><div class=\"w-tabs-section-header-h\"><div class=\"w-tabs-section-title\">\u0130LET\u0130\u015e\u0130M<\/div><div class=\"w-tabs-section-control\"><\/div><\/div><\/button><div class=\"w-tabs-section-content\" id=\"content-1648037903836-f8036c14-3b70\" aria-expanded=\"false\"><div class=\"w-tabs-section-content-h i-cf\"><div class=\"wpb_text_column\" ><div class=\"wpb_wrapper\"><p>Bataryalarda beklenmeyen bir durum olu\u015fmas\u0131 durumunda ASP\u0130LSAN Enerji Sanayi ve Ticaret Anonim \u015eirketi \u0130leti\u015fim adresi a\u015fa\u011f\u0131daki gibidir.<\/p>\n<p><strong><u>Merkez \u015eube:<\/u><\/strong><\/p>\n<p>Adres\u00a0 : Mimarsinan OSB Mahallesi 1. Cadde No:43 Melikgazi \/ Kayseri<\/p>\n<p>Telefon: +90352 321 12 15-16<\/p>\n<p><strong><u>Kayseri OSB \u015eube: <\/u><\/strong><\/p>\n<p>Adres\u00a0 : 12. Sk. No:8, 38070 Kayseri Osb\/Melikgazi\/Kayseri<\/p>\n<p>Telefon: (0352) 321 12 15<\/p>\n<p>Mail: <a href=\"mailto:destek@aspilsan.com\">destek@aspilsan.com<\/a><\/p>\n<\/div><\/div><\/div><\/div><\/div><\/div><\/div><\/div><\/div><\/div><\/div><\/div><\/div><\/section>","protected":false},"excerpt":{"rendered":"\u00dcr\u00fcn Bilgilendirme Aray\u00fcz\u00fc BOQU bataryas\u0131na \u00f6zg\u00fc dok\u00fcmanlar; KULLANIM KILAVUZUKullan\u0131m k\u0131lavuzunu indirmek i\u00e7in t\u0131klay\u0131n\u0131z. BATARYA \u00d6ZELL\u0130KLER\u0130BB 2590 V2 Bataryas\u0131 i\u00e7erisinde 2 adet 14.4V nominal gerilime sahip lityum iyon batarya bloklar\u0131 bulundurmaktad\u0131r. Bu bloklar kendi i\u00e7inde izoledir. Kullan\u0131c\u0131 batarya bloklar\u0131n\u0131 paralel 14.4V 20.6Ah konfig\u00fcrasyonunda veya seri 28.8V 10.3Ah konfig\u00fcrasyonunda kullanabilir. Tablo 1 Nominal Gerilim 2 x 14,4V...","protected":false},"author":4,"featured_media":0,"parent":1689,"menu_order":3,"comment_status":"closed","ping_status":"closed","template":"","meta":{"om_disable_all_campaigns":false,"_mi_skip_tracking":false,"_themeisle_gutenberg_block_has_review":false,"footnotes":""},"class_list":["post-6601","page","type-page","status-publish","hentry"],"aioseo_notices":[],"yoast_head":"<!-- This site is optimized with the Yoast SEO plugin v20.5 - https:\/\/yoast.com\/wordpress\/plugins\/seo\/ -->\n<title>Boqu - ASP\u0130LSAN<\/title>\n<meta name=\"robots\" content=\"index, follow, max-snippet:-1, max-image-preview:large, max-video-preview:-1\" \/>\n<link rel=\"canonical\" href=\"https:\/\/www.aspilsan.com\/en\/qr\/m6\/\" \/>\n<meta property=\"og:locale\" content=\"en_US\" \/>\n<meta property=\"og:type\" content=\"article\" \/>\n<meta property=\"og:title\" content=\"Boqu - ASP\u0130LSAN\" \/>\n<meta property=\"og:url\" content=\"https:\/\/www.aspilsan.com\/en\/qr\/m6\/\" \/>\n<meta property=\"og:site_name\" content=\"ASP\u0130LSAN\" \/>\n<meta property=\"article:publisher\" content=\"https:\/\/www.facebook.com\/people\/Aspilsan\/100028422177074\/\" \/>\n<meta name=\"twitter:card\" content=\"summary_large_image\" \/>\n<meta name=\"twitter:site\" content=\"@aspilsan_enerji\" \/>\n<meta name=\"twitter:label1\" content=\"Est. reading time\" \/>\n\t<meta name=\"twitter:data1\" content=\"3 minutes\" \/>\n<script type=\"application\/ld+json\" class=\"yoast-schema-graph\">{\"@context\":\"https:\/\/schema.org\",\"@graph\":[{\"@type\":\"WebPage\",\"@id\":\"https:\/\/www.aspilsan.com\/qr\/m6\/\",\"url\":\"https:\/\/www.aspilsan.com\/qr\/m6\/\",\"name\":\"Boqu - ASP\u0130LSAN\",\"isPartOf\":{\"@id\":\"https:\/\/www.aspilsan.com\/#website\"},\"datePublished\":\"2023-09-19T08:57:30+00:00\",\"dateModified\":\"2023-09-19T08:57:30+00:00\",\"breadcrumb\":{\"@id\":\"https:\/\/www.aspilsan.com\/qr\/m6\/#breadcrumb\"},\"inLanguage\":\"en-US\",\"potentialAction\":[{\"@type\":\"ReadAction\",\"target\":[\"https:\/\/www.aspilsan.com\/qr\/m6\/\"]}]},{\"@type\":\"BreadcrumbList\",\"@id\":\"https:\/\/www.aspilsan.com\/qr\/m6\/#breadcrumb\",\"itemListElement\":[{\"@type\":\"ListItem\",\"position\":1,\"name\":\"Anasayfa\",\"item\":\"https:\/\/www.aspilsan.com\/\"},{\"@type\":\"ListItem\",\"position\":2,\"name\":\"qr\",\"item\":\"https:\/\/www.aspilsan.com\/qr\/\"},{\"@type\":\"ListItem\",\"position\":3,\"name\":\"Boqu\"}]},{\"@type\":\"WebSite\",\"@id\":\"https:\/\/www.aspilsan.com\/#website\",\"url\":\"https:\/\/www.aspilsan.com\/\",\"name\":\"ASP\u0130LSAN\",\"description\":\"Teknolojinin Enerjisi\",\"publisher\":{\"@id\":\"https:\/\/www.aspilsan.com\/#organization\"},\"potentialAction\":[{\"@type\":\"SearchAction\",\"target\":{\"@type\":\"EntryPoint\",\"urlTemplate\":\"https:\/\/www.aspilsan.com\/?s={search_term_string}\"},\"query-input\":\"required name=search_term_string\"}],\"inLanguage\":\"en-US\"},{\"@type\":\"Organization\",\"@id\":\"https:\/\/www.aspilsan.com\/#organization\",\"name\":\"ASP\u0130LSAN\",\"url\":\"https:\/\/www.aspilsan.com\/\",\"logo\":{\"@type\":\"ImageObject\",\"inLanguage\":\"en-US\",\"@id\":\"https:\/\/www.aspilsan.com\/#\/schema\/logo\/image\/\",\"url\":\"https:\/\/www.aspilsan.com\/wp-content\/uploads\/2022\/03\/Aspilsan-Logo-300px.png\",\"contentUrl\":\"https:\/\/www.aspilsan.com\/wp-content\/uploads\/2022\/03\/Aspilsan-Logo-300px.png\",\"width\":300,\"height\":56,\"caption\":\"ASP\u0130LSAN\"},\"image\":{\"@id\":\"https:\/\/www.aspilsan.com\/#\/schema\/logo\/image\/\"},\"sameAs\":[\"https:\/\/www.facebook.com\/people\/Aspilsan\/100028422177074\/\",\"https:\/\/twitter.com\/aspilsan_enerji\",\"https:\/\/www.instagram.com\/aspilsanenerji\",\"https:\/\/www.linkedin.com\/company\/aspilsan\"]}]}<\/script>\n<!-- \/ Yoast SEO plugin. -->","yoast_head_json":{"title":"Boqu - ASP\u0130LSAN","robots":{"index":"index","follow":"follow","max-snippet":"max-snippet:-1","max-image-preview":"max-image-preview:large","max-video-preview":"max-video-preview:-1"},"canonical":"https:\/\/www.aspilsan.com\/en\/qr\/m6\/","og_locale":"en_US","og_type":"article","og_title":"Boqu - ASP\u0130LSAN","og_url":"https:\/\/www.aspilsan.com\/en\/qr\/m6\/","og_site_name":"ASP\u0130LSAN","article_publisher":"https:\/\/www.facebook.com\/people\/Aspilsan\/100028422177074\/","twitter_card":"summary_large_image","twitter_site":"@aspilsan_enerji","twitter_misc":{"Est. reading time":"3 minutes"},"schema":{"@context":"https:\/\/schema.org","@graph":[{"@type":"WebPage","@id":"https:\/\/www.aspilsan.com\/qr\/m6\/","url":"https:\/\/www.aspilsan.com\/qr\/m6\/","name":"Boqu - ASP\u0130LSAN","isPartOf":{"@id":"https:\/\/www.aspilsan.com\/#website"},"datePublished":"2023-09-19T08:57:30+00:00","dateModified":"2023-09-19T08:57:30+00:00","breadcrumb":{"@id":"https:\/\/www.aspilsan.com\/qr\/m6\/#breadcrumb"},"inLanguage":"en-US","potentialAction":[{"@type":"ReadAction","target":["https:\/\/www.aspilsan.com\/qr\/m6\/"]}]},{"@type":"BreadcrumbList","@id":"https:\/\/www.aspilsan.com\/qr\/m6\/#breadcrumb","itemListElement":[{"@type":"ListItem","position":1,"name":"Anasayfa","item":"https:\/\/www.aspilsan.com\/"},{"@type":"ListItem","position":2,"name":"qr","item":"https:\/\/www.aspilsan.com\/qr\/"},{"@type":"ListItem","position":3,"name":"Boqu"}]},{"@type":"WebSite","@id":"https:\/\/www.aspilsan.com\/#website","url":"https:\/\/www.aspilsan.com\/","name":"ASP\u0130LSAN","description":"Teknolojinin Enerjisi","publisher":{"@id":"https:\/\/www.aspilsan.com\/#organization"},"potentialAction":[{"@type":"SearchAction","target":{"@type":"EntryPoint","urlTemplate":"https:\/\/www.aspilsan.com\/?s={search_term_string}"},"query-input":"required name=search_term_string"}],"inLanguage":"en-US"},{"@type":"Organization","@id":"https:\/\/www.aspilsan.com\/#organization","name":"ASP\u0130LSAN","url":"https:\/\/www.aspilsan.com\/","logo":{"@type":"ImageObject","inLanguage":"en-US","@id":"https:\/\/www.aspilsan.com\/#\/schema\/logo\/image\/","url":"https:\/\/www.aspilsan.com\/wp-content\/uploads\/2022\/03\/Aspilsan-Logo-300px.png","contentUrl":"https:\/\/www.aspilsan.com\/wp-content\/uploads\/2022\/03\/Aspilsan-Logo-300px.png","width":300,"height":56,"caption":"ASP\u0130LSAN"},"image":{"@id":"https:\/\/www.aspilsan.com\/#\/schema\/logo\/image\/"},"sameAs":["https:\/\/www.facebook.com\/people\/Aspilsan\/100028422177074\/","https:\/\/twitter.com\/aspilsan_enerji","https:\/\/www.instagram.com\/aspilsanenerji","https:\/\/www.linkedin.com\/company\/aspilsan"]}]}},"acf":[],"_links":{"self":[{"href":"https:\/\/www.aspilsan.com\/en\/wp-json\/wp\/v2\/pages\/6601","targetHints":{"allow":["GET"]}}],"collection":[{"href":"https:\/\/www.aspilsan.com\/en\/wp-json\/wp\/v2\/pages"}],"about":[{"href":"https:\/\/www.aspilsan.com\/en\/wp-json\/wp\/v2\/types\/page"}],"author":[{"embeddable":true,"href":"https:\/\/www.aspilsan.com\/en\/wp-json\/wp\/v2\/users\/4"}],"replies":[{"embeddable":true,"href":"https:\/\/www.aspilsan.com\/en\/wp-json\/wp\/v2\/comments?post=6601"}],"version-history":[{"count":1,"href":"https:\/\/www.aspilsan.com\/en\/wp-json\/wp\/v2\/pages\/6601\/revisions"}],"predecessor-version":[{"id":6603,"href":"https:\/\/www.aspilsan.com\/en\/wp-json\/wp\/v2\/pages\/6601\/revisions\/6603"}],"up":[{"embeddable":true,"href":"https:\/\/www.aspilsan.com\/en\/wp-json\/wp\/v2\/pages\/1689"}],"wp:attachment":[{"href":"https:\/\/www.aspilsan.com\/en\/wp-json\/wp\/v2\/media?parent=6601"}],"curies":[{"name":"wp","href":"https:\/\/api.w.org\/{rel}","templated":true}]}}