{"id":6840,"date":"2023-12-18T08:02:30","date_gmt":"2023-12-18T05:02:30","guid":{"rendered":"https:\/\/www.aspilsan.com\/?page_id=6840"},"modified":"2024-10-09T09:15:42","modified_gmt":"2024-10-09T06:15:42","slug":"m41","status":"publish","type":"page","link":"https:\/\/www.aspilsan.com\/en\/qr\/m41\/","title":{"rendered":"B13 (MG-0000-1694) Bataryas\u0131"},"content":{"rendered":"<section class=\"l-section wpb_row height_medium\"><div class=\"l-section-h i-cf\"><div class=\"g-cols vc_row type_default valign_top\"><div class=\"vc_col-sm-3 wpb_column vc_column_container\"><div class=\"vc_column-inner\"><div class=\"wpb_wrapper\"><div class=\"w-image align_none animate_fade\"><a href=\"https:\/\/www.aspilsan.com\/wp-content\/uploads\/2023\/12\/B13-bisiklet-bataryasi.png\" ref=\"magnificPopup\" aria-label=\"Link\" class=\"w-image-h\"><img loading=\"lazy\" decoding=\"async\" width=\"815\" height=\"580\" src=\"https:\/\/www.aspilsan.com\/wp-content\/uploads\/2023\/12\/B13-bisiklet-bataryasi.png\" class=\"attachment-large size-large\" alt=\"\" srcset=\"https:\/\/www.aspilsan.com\/wp-content\/uploads\/2023\/12\/B13-bisiklet-bataryasi.png 815w, https:\/\/www.aspilsan.com\/wp-content\/uploads\/2023\/12\/B13-bisiklet-bataryasi-400x285.png 400w, https:\/\/www.aspilsan.com\/wp-content\/uploads\/2023\/12\/B13-bisiklet-bataryasi-18x12.png 18w, https:\/\/www.aspilsan.com\/wp-content\/uploads\/2023\/12\/B13-bisiklet-bataryasi-600x427.png 600w, https:\/\/www.aspilsan.com\/wp-content\/uploads\/2023\/12\/B13-bisiklet-bataryasi-500x356.png 500w, https:\/\/www.aspilsan.com\/wp-content\/uploads\/2023\/12\/B13-bisiklet-bataryasi-300x213.png 300w, https:\/\/www.aspilsan.com\/wp-content\/uploads\/2023\/12\/B13-bisiklet-bataryasi-200x142.png 200w, https:\/\/www.aspilsan.com\/wp-content\/uploads\/2023\/12\/B13-bisiklet-bataryasi-100x71.png 100w, https:\/\/www.aspilsan.com\/wp-content\/uploads\/2023\/12\/B13-bisiklet-bataryasi-90x64.png 90w, https:\/\/www.aspilsan.com\/wp-content\/uploads\/2023\/12\/B13-bisiklet-bataryasi-190x135.png 190w, https:\/\/www.aspilsan.com\/wp-content\/uploads\/2023\/12\/B13-bisiklet-bataryasi-130x93.png 130w, https:\/\/www.aspilsan.com\/wp-content\/uploads\/2023\/12\/B13-bisiklet-bataryasi-800x569.png 800w\" sizes=\"auto, (max-width: 815px) 100vw, 815px\" \/><\/a><\/div><\/div><\/div><\/div><div class=\"vc_col-sm-9 wpb_column vc_column_container\"><div class=\"vc_column-inner\"><div class=\"wpb_wrapper\"><div class=\"wpb_text_column\" ><div class=\"wpb_wrapper\"><h2 class=\"w-post-elm post_title us_custom_faee3857 entry-title color_link_inherit\">\u00dcr\u00fcn Bilgilendirme Aray\u00fcz\u00fc<\/h2>\n<h5>B13 Bisiklet Bataryas\u0131na \u00f6zg\u00fc dok\u00fcmanlar;<\/h5>\n<\/div><\/div><div class=\"w-tabs style_default switch_click accordion has_scrolling title_atleft icon_chevron iconpos_right\"><div class=\"w-tabs-sections\"><div class=\"w-tabs-sections-h\"><div class=\"w-tabs-section\" id=\"1620311056322-8ade1394-f982\"><button aria-controls=\"content-1620311056322-8ade1394-f982\" class=\"w-tabs-section-header\"><div class=\"w-tabs-section-header-h\"><div class=\"w-tabs-section-title\">KULLANIM KILAVUZU<\/div><div class=\"w-tabs-section-control\"><\/div><\/div><\/button><div class=\"w-tabs-section-content\" id=\"content-1620311056322-8ade1394-f982\" aria-expanded=\"false\"><div class=\"w-tabs-section-content-h i-cf\"><div class=\"w-iconbox iconpos_left style_default color_secondary align_left no_title\"><a href=\"https:\/\/www.aspilsan.com\/wp-content\/uploads\/2022\/02\/152-0001-0004-BB-2590-Bat_-Kullanim-Kilavuzu.pdf\" class=\"w-iconbox-link\" aria-label=\"fal|download\"><div class=\"w-iconbox-icon\" style=\"font-size:30px;\"><i class=\"fal fa-download\"><\/i><\/div><\/a><div class=\"w-iconbox-meta\"><div class=\"w-iconbox-text\"><p><a href=\"https:\/\/www.aspilsan.com\/wp-content\/uploads\/2023\/12\/B13-Bisiklet-Bataryasi-Kullanim-Klavuzu.pdf\">Kullan\u0131m k\u0131lavuzunu indirmek i\u00e7in t\u0131klay\u0131n\u0131z.<\/a><\/p>\n<\/div><\/div><\/div><\/div><\/div><\/div><div class=\"w-tabs-section\" id=\"1648037650949-96d6b740-66fe\"><button aria-controls=\"content-1648037650949-96d6b740-66fe\" class=\"w-tabs-section-header\"><div class=\"w-tabs-section-header-h\"><div class=\"w-tabs-section-title\">KULLANIM \u015eARTLARI<\/div><div class=\"w-tabs-section-control\"><\/div><\/div><\/button><div class=\"w-tabs-section-content\" id=\"content-1648037650949-96d6b740-66fe\" aria-expanded=\"false\"><div class=\"w-tabs-section-content-h i-cf\"><div class=\"wpb_text_column\" ><div class=\"wpb_wrapper\"><ul>\n<li>Farkl\u0131 kimyadaki (kur\u015fun asit ak\u00fcler gibi), farkl\u0131 modeldeki, farkl\u0131 kapasitedeki ve farkl\u0131<br \/>\n\u00fcreticilere ait bataryalar ile ayn\u0131 anda kullanmay\u0131n\u0131z.<\/li>\n<li>\u00dc\u00e7 aydan daha uzun s\u00fcren depolaman\u0131n ard\u0131ndan kullanmadan \u00f6nce standart \u015farj<br \/>\ny\u00f6ntemi ile \u015farj ediniz. Alt\u0131 aydan uzun s\u00fcren depolamalar\u0131n ard\u0131ndan batarya<br \/>\nkapasitesini test ediniz.<\/li>\n<li>\u00a0\u00c7al\u0131\u015fma s\u0131ras\u0131nda batarya al\u0131\u015f\u0131lmad\u0131k bir koku \u00e7\u0131kar\u0131rsa, \u0131s\u0131n\u0131rsa, \u015fekli de\u011fi\u015firse veya<br \/>\nba\u015fka herhangi bir anormal durum g\u00f6r\u00fcn\u00fcrse, bataryan\u0131n ba\u011flant\u0131s\u0131n\u0131 kesin. Bu<br \/>\nsorunlardan herhangi biri g\u00f6zlemlenirse l\u00fctfen ASP\u0130LSAN Enerji A.\u015e ile ileti\u015fime<br \/>\nge\u00e7iniz.<\/li>\n<\/ul>\n<\/div><\/div><\/div><\/div><\/div><div class=\"w-tabs-section\" id=\"1648648703417-5ce7703c-1084\"><button aria-controls=\"content-1648648703417-5ce7703c-1084\" class=\"w-tabs-section-header\"><div class=\"w-tabs-section-header-h\"><div class=\"w-tabs-section-title\">GARANT\u0130 \u015eARTLARI<\/div><div class=\"w-tabs-section-control\"><\/div><\/div><\/button><div class=\"w-tabs-section-content\" id=\"content-1648648703417-5ce7703c-1084\" aria-expanded=\"false\"><div class=\"w-tabs-section-content-h i-cf\"><div class=\"wpb_text_column\" ><div class=\"wpb_wrapper\"><p>A\u015fa\u011f\u0131daki durumlarda BB 1919 bataryam\u0131z garanti kapsam\u0131 d\u0131\u015f\u0131nda\/kullan\u0131c\u0131 hatas\u0131 olarak belirlenmektedir. Bu durumlar;<\/p>\n<ul>\n<li>6 ayda bir bak\u0131m destek \u015farj\/de\u015farj\u0131n\u0131n yap\u0131lmamas\u0131,<\/li>\n<li>Batarya d\u0131\u015f\u0131nda olu\u015fabilecek fiziksel bir darbe,<\/li>\n<li>Bataryan\u0131n s\u0131v\u0131 temas\u0131 tespit edilmesi durumunda,<\/li>\n<li>Bataryan\u0131n kullan\u0131m profillerine uygun olarak kullan\u0131lmamas\u0131,<\/li>\n<\/ul>\n<p>\u015eeklinde s\u0131ralanmaktad\u0131r. Bataryaya ait herhangi bir sorunuz olmas\u0131 durumunda <a href=\"mailto:destek@aspilsan.com\">destek@aspilsan.com<\/a> mail adresine dan\u0131\u015fabilirsiniz.<\/p>\n<\/div><\/div><\/div><\/div><\/div><div class=\"w-tabs-section\" id=\"1648037697043-3c8a528a-8c85\"><button aria-controls=\"content-1648037697043-3c8a528a-8c85\" class=\"w-tabs-section-header\"><div class=\"w-tabs-section-header-h\"><div class=\"w-tabs-section-title\">\u015eARJ \u2013 DE\u015eARJ B\u0130LG\u0130LER\u0130<\/div><div class=\"w-tabs-section-control\"><\/div><\/div><\/button><div class=\"w-tabs-section-content\" id=\"content-1648037697043-3c8a528a-8c85\" aria-expanded=\"false\"><div class=\"w-tabs-section-content-h i-cf\"><div class=\"wpb_text_column\" ><div class=\"wpb_wrapper\"><p>\u0130lk kullan\u0131mdan \u00f6nce, bataryan\u0131n tamamen \u015farj edilmesi \u00f6nerilir. (Voltaj\u0131 d\u00fc\u015f\u00fck veya 0V olsa<br \/>\nbile, batarya koruma devresi &#8216;uyku modu\u2019 durumuna girmi\u015f olabilir.)<\/p>\n<h3><strong>Batarya \u015earj \u0130\u015flemi<\/strong><\/h3>\n<p>\u015earj i\u00e7in en uygun s\u0131cakl\u0131k de\u011fer aral\u0131\u011f\u0131 0\u00b0C ila 30\u00b0C&#8217;dir.<br \/>\n\u015earj i\u015flemi a\u015fa\u011f\u0131daki gibi yap\u0131lmal\u0131d\u0131r:<\/p>\n<ul>\n<li>B13 E-B\u0130S\u0130KLET BATARYASI 36 V 14 Ah \u015farj cihaz\u0131 ile uygun de\u011fer aral\u0131\u011f\u0131nda \u015farj<br \/>\nedilmelidir. Bu batarya i\u00e7in uygun \u015farj profili 42V\/7A (maks.) ile \u015farj ak\u0131m\u0131 400mA\u2019e<br \/>\nd\u00fc\u015f\u00fcnceye kadar bataryan\u0131n \u015farj edilmesidir. Bu i\u015flem i\u00e7in Aspilsan Enerji taraf\u0131ndan<br \/>\nonayl\u0131 \u015farj cihaz\u0131 kullan\u0131lmas\u0131 gerekir.<\/li>\n<li>\u00a0Bataryay\u0131 Tablo \u2013 1\u2019de belirtilen s\u0131cakl\u0131k aral\u0131klar\u0131 ve \u015farj \u015fekilleri d\u0131\u015f\u0131nda kullanmak<br \/>\nbatarya performans\u0131n\u0131 ciddi bir \u015fekilde etkileyebilir.<\/li>\n<\/ul>\n<p>Uyar\u0131: Batarya, harici dc g\u00fc\u00e7 kayna\u011f\u0131 ile \u015farj edilece\u011fi durumda; maksimum gerilim ve<br \/>\nmaksimum ak\u0131m de\u011ferleri a\u015f\u0131lmadan \u015farj edilebilir.<\/p>\n<h3><strong>Batarya De\u015farj \u0130\u015flemi<\/strong><\/h3>\n<p>De\u015farj i\u015flemi, bu batarya i\u00e7in Tablo-1\u2019de tan\u0131mland\u0131\u011f\u0131 \u015fekilde de\u015farj ko\u015fullar\u0131na (ak\u0131m,<br \/>\ns\u0131cakl\u0131k) uygun olarak yap\u0131lmal\u0131d\u0131r.<\/p>\n<p>Bataryay\u0131 belirtilenden daha y\u00fcksek y\u00fckte veya daha y\u00fcksek s\u0131cakl\u0131kta de\u015farj etmek,<br \/>\nbataryaya zarar verebilir veya performanslar\u0131n\u0131 d\u00fc\u015f\u00fcrebilir.<\/p>\n<p>Bataryan\u0131n herhangi bir koruma fonksiyonunun aktif oldu\u011fu durumda kontrols\u00fcz rejeneratif<br \/>\ny\u00fcke maruz b\u0131rak\u0131ld\u0131\u011f\u0131 durumda batarya zarar g\u00f6rebilir.<\/p>\n<p>Batarya sistemde kullan\u0131l\u0131rken olu\u015fabilecek rejeneratif y\u00fck\u00fcn motor s\u00fcr\u00fcc\u00fc taraf\u0131ndan reg\u00fcle<br \/>\nedilerek bataryaya iletilece\u011fi kabul\u00fc ile tasar\u0131m ger\u00e7ekle\u015ftirilmi\u015ftir.<\/p>\n<p>Batarya tamamen de\u015farj oldu\u011funda, elektronik devre bataryan\u0131n daha fazla de\u015farj olmas\u0131n\u0131<br \/>\n\u00f6nlemek i\u00e7in \u00e7\u0131k\u0131\u015f\u0131n\u0131 pasif hale getirebilir. Bu durumda \u00e7\u0131k\u0131\u015f gerilimi 0V olarak g\u00f6r\u00fclebilir.<br \/>\nBatarya \u015farj edildikten sonra tekrar kullan\u0131m i\u00e7in \u00e7\u0131k\u0131\u015f\u0131n\u0131 aktif hale getirecektir.<\/p>\n<\/div><\/div><\/div><\/div><\/div><div class=\"w-tabs-section\" id=\"1648037757889-573b78e1-a0f4\"><button aria-controls=\"content-1648037757889-573b78e1-a0f4\" class=\"w-tabs-section-header\"><div class=\"w-tabs-section-header-h\"><div class=\"w-tabs-section-title\">DEPOLAMA KO\u015eULLARI<\/div><div class=\"w-tabs-section-control\"><\/div><\/div><\/button><div class=\"w-tabs-section-content\" id=\"content-1648037757889-573b78e1-a0f4\" aria-expanded=\"false\"><div class=\"w-tabs-section-content-h i-cf\"><div class=\"wpb_text_column\" ><div class=\"wpb_wrapper\"><p>Batarya Tablo-1\u2019de verilen s\u0131cakl\u0131k ko\u015fullar\u0131nda ve do\u011fru \u015farj seviyesi dikkate al\u0131narak<br \/>\ndepolanmal\u0131d\u0131r. \u00d6nerilen saklama ko\u015fullar\u0131 +10\u00b0C ila +30\u00b0C, kuru ve temiz bir y\u00fczeyde ve<br \/>\ntercihen orijinal ambalaj\u0131nda saklanmas\u0131d\u0131r. +50\u00b0C ve 60\u00b0C aras\u0131ndaki k\u0131sa depolama dahi,<br \/>\ndaha y\u00fcksek kendi kendine de\u015farj, daha d\u00fc\u015f\u00fck performans ve i\u00e7 h\u00fccrelerin \u015fi\u015fmesine neden<br \/>\nolabilir.<\/p>\n<p>\u2022 Depolama bak\u0131m \u015farj periyodu: 6 ay (Tam \u015farjl\u0131 durumda iken)<\/p>\n<p>\u2022 H\u00fccrelerin kendi kendine de\u015farj\u0131 (\u015farj durumu ne kadar y\u00fcksek olursa, kendi kendine<br \/>\nde\u015farj oran\u0131 o kadar y\u00fcksek olur).<\/p>\n<p>Depolama s\u00fcresinin sonunda daha fazla \u201cA\u015f\u0131r\u0131 de\u015farj durumu\u201d olu\u015fmas\u0131n\u0131 \u00f6nlemek i\u00e7in<br \/>\nminimum %5&#8217;lik bir \u015farj durumu gereklidir.<\/p>\n<p>Di\u011fer durumlar i\u00e7in l\u00fctfen Aspilsan&#8217;a dan\u0131\u015f\u0131n.<\/p>\n<p>Not: A\u015f\u0131r\u0131 de\u015farj (\u201c\u00dcr\u00fcn Spesifikasyonunda Belirtilen \u00c7al\u0131\u015fma Gerilim Aral\u0131\u011f\u0131n\u0131n Alt Limitinde<br \/>\nBelirtilen De\u011ferin Alt\u0131ndaki Gerilime batarya\u201d) performanslar\u0131 ciddi ve kesin bir \u015fekilde<br \/>\netkileyebilir.<\/p>\n<p>Depolamadan sonra batarya voltaj\u0131 d\u00fc\u015f\u00fckse veya 0V de\u011ferinde ise, batarya koruma devresi<br \/>\n&#8216;uyku moduna&#8217; girmi\u015f olabilir. B\u00f6yle bir durumda, bir veya daha fazla h\u00fccrenin voltaj\u0131n\u0131n,<br \/>\nh\u00fccrenin zarar g\u00f6rebilece\u011fi bir seviyenin alt\u0131na d\u00fc\u015fmesini \u00f6nlemek i\u00e7in, batarya en k\u0131sa s\u00fcrede<br \/>\n\u015farj edilmelidir. Bu nedenle, bataryay\u0131 uygun bir \u015farj cihaz\u0131 ile \u015farj ediniz. Batarya \u015farj<br \/>\nolmuyorsa gerilim seviyesi batarya koruma sisteminin bataryay\u0131 korudu\u011fu bir seviyenin alt\u0131na<br \/>\nd\u00fc\u015fm\u00fc\u015ft\u00fcr.<\/p>\n<p>Uzun depolama s\u00fcresinden sonra (1 y\u0131l) ve operasyonel kullan\u0131mdan \u00f6nce \u015funlar\u0131 yapman\u0131z<br \/>\n\u00f6nerilir:<\/p>\n<p>\u2022 Bataryay\u0131 d\u00fc\u015f\u00fck ak\u0131m seviyesi ile (2,06A) yeniden dengelemek i\u00e7in 0V&#8217;a kadar<br \/>\ntamamen de\u015farj edin.<\/p>\n<p>\u2022 Depolamay\u0131 takiben kapasite geri kazan\u0131m\u0131 i\u00e7in tercihen tam bir \u015farj \/ de\u015farj d\u00f6ng\u00fcs\u00fc<br \/>\nger\u00e7ekle\u015ftirin. Bu i\u015flem yap\u0131lmazsa, maksimum kapasiteyi geri kazanmak i\u00e7in<br \/>\nkullan\u0131mda 2 ila 3 d\u00f6ng\u00fc gerekebilir.<\/p>\n<p>\u2022 Kullanmadan \u00f6nce bataryay\u0131 tam kapasitede \u015farj edin.<\/p>\n<p>\u2022 Depolama s\u0131ras\u0131nda yap\u0131lan her \u015farj i\u015fleminden sonra son sayfada Tablo 3\u2019te verilen<br \/>\nBatarya Depolama \u015earj Takip Kart\u0131 doldurulmal\u0131d\u0131r. Bu sayede bataryan\u0131n depolama<br \/>\ns\u0131ras\u0131ndaki bak\u0131m\u0131n\u0131n tavsiye edilene uygun olarak yap\u0131l\u0131p yap\u0131lmad\u0131\u011f\u0131 takip<br \/>\nedilebilmektedir. Garanti ve kullan\u0131m a\u00e7\u0131s\u0131ndan \u00f6nem arz etmektedir.<\/p>\n<\/div><\/div><\/div><\/div><\/div><div class=\"w-tabs-section\" id=\"1648037796939-10fc9274-e579\"><button aria-controls=\"content-1648037796939-10fc9274-e579\" class=\"w-tabs-section-header\"><div class=\"w-tabs-section-header-h\"><div class=\"w-tabs-section-title\">BAKIM<\/div><div class=\"w-tabs-section-control\"><\/div><\/div><\/button><div class=\"w-tabs-section-content\" id=\"content-1648037796939-10fc9274-e579\" aria-expanded=\"false\"><div class=\"w-tabs-section-content-h i-cf\"><div class=\"wpb_text_column\" ><div class=\"wpb_wrapper\"><p>Batarya bak\u0131m ve onar\u0131mlar\u0131 i\u00e7in tek yetkili ASP\u0130LSAN Enerji \u015firketidir. Bataryay\u0131 a\u015fa\u011f\u0131daki<br \/>\ndurumlar d\u0131\u015f\u0131nda bak\u0131m ve onar\u0131ma tabii tutmay\u0131n\u0131z.<\/p>\n<ul>\n<li>\u00a0Batarya k\u0131sa s\u00fcreli (3 aydan az) depolama durumunda minimum %50 \u015farj seviyesinde<br \/>\nolmal\u0131d\u0131r. Depolama s\u00fcresi sonunda mutlaka tam \u015farj ve de\u015farj d\u00f6ng\u00fcs\u00fc<br \/>\nuygulanmal\u0131d\u0131r.<\/li>\n<li>Batarya orta ve uzun vadeli (1 y\u0131la kadar) depolamalarda %100 \u015farj seviyesinde<br \/>\nolmal\u0131d\u0131r. \u015earj s\u00fcresi boyunca en fazla 6 ayda bir bak\u0131m \u015farj\u0131 yap\u0131lmal\u0131d\u0131r. Depolama<br \/>\ns\u00fcresi sonunda batarya en az 1 kez tam \u015farj ve de\u015farj d\u00f6ng\u00fcs\u00fcne tabii tutulmal\u0131d\u0131r.<\/li>\n<\/ul>\n<\/div><\/div><\/div><\/div><\/div><div class=\"w-tabs-section\" id=\"1648037903836-f8036c14-3b70\"><button aria-controls=\"content-1648037903836-f8036c14-3b70\" class=\"w-tabs-section-header\"><div class=\"w-tabs-section-header-h\"><div class=\"w-tabs-section-title\">\u0130LET\u0130\u015e\u0130M<\/div><div class=\"w-tabs-section-control\"><\/div><\/div><\/button><div class=\"w-tabs-section-content\" id=\"content-1648037903836-f8036c14-3b70\" aria-expanded=\"false\"><div class=\"w-tabs-section-content-h i-cf\"><div class=\"wpb_text_column\" ><div class=\"wpb_wrapper\"><p>Bataryalarda beklenmeyen bir durum olu\u015fmas\u0131 durumunda ASP\u0130LSAN Enerji Sanayi ve Ticaret Anonim \u015eirketi \u0130leti\u015fim adresi a\u015fa\u011f\u0131daki gibidir.<\/p>\n<p><strong><u>Merkez \u015eube:<\/u><\/strong><\/p>\n<p>Adres\u00a0 : Mimarsinan OSB Mahallesi 1. Cadde No:43 Melikgazi \/ Kayseri<\/p>\n<p>Telefon: +90352 321 12 15-16<\/p>\n<p><strong><u>Kayseri OSB \u015eube: <\/u><\/strong><\/p>\n<p>Adres\u00a0 : 12. Sk. No:8, 38070 Kayseri Osb\/Melikgazi\/Kayseri<\/p>\n<p>Telefon: (0352) 321 12 15<\/p>\n<p>Mail: <a href=\"mailto:destek@aspilsan.com\">destek@aspilsan.com<\/a><\/p>\n<\/div><\/div><\/div><\/div><\/div><\/div><\/div><\/div><\/div><\/div><\/div><\/div><\/div><\/section>","protected":false},"excerpt":{"rendered":"\u00dcr\u00fcn Bilgilendirme Aray\u00fcz\u00fc B13 Bisiklet Bataryas\u0131na \u00f6zg\u00fc dok\u00fcmanlar; KULLANIM KILAVUZUKullan\u0131m k\u0131lavuzunu indirmek i\u00e7in t\u0131klay\u0131n\u0131z. KULLANIM \u015eARTLARI Farkl\u0131 kimyadaki (kur\u015fun asit ak\u00fcler gibi), farkl\u0131 modeldeki, farkl\u0131 kapasitedeki ve farkl\u0131 \u00fcreticilere ait bataryalar ile ayn\u0131 anda kullanmay\u0131n\u0131z. \u00dc\u00e7 aydan daha uzun s\u00fcren depolaman\u0131n ard\u0131ndan kullanmadan \u00f6nce standart \u015farj y\u00f6ntemi ile \u015farj ediniz. Alt\u0131 aydan uzun s\u00fcren depolamalar\u0131n...","protected":false},"author":1,"featured_media":0,"parent":1689,"menu_order":3,"comment_status":"closed","ping_status":"closed","template":"","meta":{"om_disable_all_campaigns":false,"_mi_skip_tracking":false,"_themeisle_gutenberg_block_has_review":false,"footnotes":""},"class_list":["post-6840","page","type-page","status-publish","hentry"],"aioseo_notices":[],"yoast_head":"<!-- This site is optimized with the Yoast SEO plugin v20.5 - https:\/\/yoast.com\/wordpress\/plugins\/seo\/ -->\n<title>B13 (MG-0000-1694) Bataryas\u0131 - ASP\u0130LSAN<\/title>\n<meta name=\"robots\" content=\"index, follow, max-snippet:-1, max-image-preview:large, max-video-preview:-1\" \/>\n<link rel=\"canonical\" href=\"https:\/\/www.aspilsan.com\/en\/qr\/m41\/\" \/>\n<meta property=\"og:locale\" content=\"en_US\" \/>\n<meta property=\"og:type\" content=\"article\" \/>\n<meta property=\"og:title\" content=\"B13 (MG-0000-1694) Bataryas\u0131 - ASP\u0130LSAN\" \/>\n<meta property=\"og:url\" content=\"https:\/\/www.aspilsan.com\/en\/qr\/m41\/\" \/>\n<meta property=\"og:site_name\" content=\"ASP\u0130LSAN\" \/>\n<meta property=\"article:publisher\" content=\"https:\/\/www.facebook.com\/people\/Aspilsan\/100028422177074\/\" \/>\n<meta property=\"article:modified_time\" content=\"2024-10-09T06:15:42+00:00\" \/>\n<meta name=\"twitter:card\" content=\"summary_large_image\" \/>\n<meta name=\"twitter:site\" content=\"@aspilsan_enerji\" \/>\n<meta name=\"twitter:label1\" content=\"Est. reading time\" \/>\n\t<meta name=\"twitter:data1\" content=\"5 minutes\" \/>\n<script type=\"application\/ld+json\" class=\"yoast-schema-graph\">{\"@context\":\"https:\/\/schema.org\",\"@graph\":[{\"@type\":\"WebPage\",\"@id\":\"https:\/\/www.aspilsan.com\/qr\/m41\/\",\"url\":\"https:\/\/www.aspilsan.com\/qr\/m41\/\",\"name\":\"B13 (MG-0000-1694) Bataryas\u0131 - ASP\u0130LSAN\",\"isPartOf\":{\"@id\":\"https:\/\/www.aspilsan.com\/#website\"},\"datePublished\":\"2023-12-18T05:02:30+00:00\",\"dateModified\":\"2024-10-09T06:15:42+00:00\",\"breadcrumb\":{\"@id\":\"https:\/\/www.aspilsan.com\/qr\/m41\/#breadcrumb\"},\"inLanguage\":\"en-US\",\"potentialAction\":[{\"@type\":\"ReadAction\",\"target\":[\"https:\/\/www.aspilsan.com\/qr\/m41\/\"]}]},{\"@type\":\"BreadcrumbList\",\"@id\":\"https:\/\/www.aspilsan.com\/qr\/m41\/#breadcrumb\",\"itemListElement\":[{\"@type\":\"ListItem\",\"position\":1,\"name\":\"Anasayfa\",\"item\":\"https:\/\/www.aspilsan.com\/\"},{\"@type\":\"ListItem\",\"position\":2,\"name\":\"qr\",\"item\":\"https:\/\/www.aspilsan.com\/qr\/\"},{\"@type\":\"ListItem\",\"position\":3,\"name\":\"B13 (MG-0000-1694) Bataryas\u0131\"}]},{\"@type\":\"WebSite\",\"@id\":\"https:\/\/www.aspilsan.com\/#website\",\"url\":\"https:\/\/www.aspilsan.com\/\",\"name\":\"ASP\u0130LSAN\",\"description\":\"Teknolojinin Enerjisi\",\"publisher\":{\"@id\":\"https:\/\/www.aspilsan.com\/#organization\"},\"potentialAction\":[{\"@type\":\"SearchAction\",\"target\":{\"@type\":\"EntryPoint\",\"urlTemplate\":\"https:\/\/www.aspilsan.com\/?s={search_term_string}\"},\"query-input\":\"required name=search_term_string\"}],\"inLanguage\":\"en-US\"},{\"@type\":\"Organization\",\"@id\":\"https:\/\/www.aspilsan.com\/#organization\",\"name\":\"ASP\u0130LSAN\",\"url\":\"https:\/\/www.aspilsan.com\/\",\"logo\":{\"@type\":\"ImageObject\",\"inLanguage\":\"en-US\",\"@id\":\"https:\/\/www.aspilsan.com\/#\/schema\/logo\/image\/\",\"url\":\"https:\/\/www.aspilsan.com\/wp-content\/uploads\/2022\/03\/Aspilsan-Logo-300px.png\",\"contentUrl\":\"https:\/\/www.aspilsan.com\/wp-content\/uploads\/2022\/03\/Aspilsan-Logo-300px.png\",\"width\":300,\"height\":56,\"caption\":\"ASP\u0130LSAN\"},\"image\":{\"@id\":\"https:\/\/www.aspilsan.com\/#\/schema\/logo\/image\/\"},\"sameAs\":[\"https:\/\/www.facebook.com\/people\/Aspilsan\/100028422177074\/\",\"https:\/\/twitter.com\/aspilsan_enerji\",\"https:\/\/www.instagram.com\/aspilsanenerji\",\"https:\/\/www.linkedin.com\/company\/aspilsan\"]}]}<\/script>\n<!-- \/ Yoast SEO plugin. -->","yoast_head_json":{"title":"B13 (MG-0000-1694) Bataryas\u0131 - ASP\u0130LSAN","robots":{"index":"index","follow":"follow","max-snippet":"max-snippet:-1","max-image-preview":"max-image-preview:large","max-video-preview":"max-video-preview:-1"},"canonical":"https:\/\/www.aspilsan.com\/en\/qr\/m41\/","og_locale":"en_US","og_type":"article","og_title":"B13 (MG-0000-1694) Bataryas\u0131 - ASP\u0130LSAN","og_url":"https:\/\/www.aspilsan.com\/en\/qr\/m41\/","og_site_name":"ASP\u0130LSAN","article_publisher":"https:\/\/www.facebook.com\/people\/Aspilsan\/100028422177074\/","article_modified_time":"2024-10-09T06:15:42+00:00","twitter_card":"summary_large_image","twitter_site":"@aspilsan_enerji","twitter_misc":{"Est. reading time":"5 minutes"},"schema":{"@context":"https:\/\/schema.org","@graph":[{"@type":"WebPage","@id":"https:\/\/www.aspilsan.com\/qr\/m41\/","url":"https:\/\/www.aspilsan.com\/qr\/m41\/","name":"B13 (MG-0000-1694) Bataryas\u0131 - ASP\u0130LSAN","isPartOf":{"@id":"https:\/\/www.aspilsan.com\/#website"},"datePublished":"2023-12-18T05:02:30+00:00","dateModified":"2024-10-09T06:15:42+00:00","breadcrumb":{"@id":"https:\/\/www.aspilsan.com\/qr\/m41\/#breadcrumb"},"inLanguage":"en-US","potentialAction":[{"@type":"ReadAction","target":["https:\/\/www.aspilsan.com\/qr\/m41\/"]}]},{"@type":"BreadcrumbList","@id":"https:\/\/www.aspilsan.com\/qr\/m41\/#breadcrumb","itemListElement":[{"@type":"ListItem","position":1,"name":"Anasayfa","item":"https:\/\/www.aspilsan.com\/"},{"@type":"ListItem","position":2,"name":"qr","item":"https:\/\/www.aspilsan.com\/qr\/"},{"@type":"ListItem","position":3,"name":"B13 (MG-0000-1694) Bataryas\u0131"}]},{"@type":"WebSite","@id":"https:\/\/www.aspilsan.com\/#website","url":"https:\/\/www.aspilsan.com\/","name":"ASP\u0130LSAN","description":"Teknolojinin Enerjisi","publisher":{"@id":"https:\/\/www.aspilsan.com\/#organization"},"potentialAction":[{"@type":"SearchAction","target":{"@type":"EntryPoint","urlTemplate":"https:\/\/www.aspilsan.com\/?s={search_term_string}"},"query-input":"required name=search_term_string"}],"inLanguage":"en-US"},{"@type":"Organization","@id":"https:\/\/www.aspilsan.com\/#organization","name":"ASP\u0130LSAN","url":"https:\/\/www.aspilsan.com\/","logo":{"@type":"ImageObject","inLanguage":"en-US","@id":"https:\/\/www.aspilsan.com\/#\/schema\/logo\/image\/","url":"https:\/\/www.aspilsan.com\/wp-content\/uploads\/2022\/03\/Aspilsan-Logo-300px.png","contentUrl":"https:\/\/www.aspilsan.com\/wp-content\/uploads\/2022\/03\/Aspilsan-Logo-300px.png","width":300,"height":56,"caption":"ASP\u0130LSAN"},"image":{"@id":"https:\/\/www.aspilsan.com\/#\/schema\/logo\/image\/"},"sameAs":["https:\/\/www.facebook.com\/people\/Aspilsan\/100028422177074\/","https:\/\/twitter.com\/aspilsan_enerji","https:\/\/www.instagram.com\/aspilsanenerji","https:\/\/www.linkedin.com\/company\/aspilsan"]}]}},"acf":[],"_links":{"self":[{"href":"https:\/\/www.aspilsan.com\/en\/wp-json\/wp\/v2\/pages\/6840","targetHints":{"allow":["GET"]}}],"collection":[{"href":"https:\/\/www.aspilsan.com\/en\/wp-json\/wp\/v2\/pages"}],"about":[{"href":"https:\/\/www.aspilsan.com\/en\/wp-json\/wp\/v2\/types\/page"}],"author":[{"embeddable":true,"href":"https:\/\/www.aspilsan.com\/en\/wp-json\/wp\/v2\/users\/1"}],"replies":[{"embeddable":true,"href":"https:\/\/www.aspilsan.com\/en\/wp-json\/wp\/v2\/comments?post=6840"}],"version-history":[{"count":2,"href":"https:\/\/www.aspilsan.com\/en\/wp-json\/wp\/v2\/pages\/6840\/revisions"}],"predecessor-version":[{"id":7571,"href":"https:\/\/www.aspilsan.com\/en\/wp-json\/wp\/v2\/pages\/6840\/revisions\/7571"}],"up":[{"embeddable":true,"href":"https:\/\/www.aspilsan.com\/en\/wp-json\/wp\/v2\/pages\/1689"}],"wp:attachment":[{"href":"https:\/\/www.aspilsan.com\/en\/wp-json\/wp\/v2\/media?parent=6840"}],"curies":[{"name":"wp","href":"https:\/\/api.w.org\/{rel}","templated":true}]}}