{"id":6915,"date":"2024-01-23T08:03:40","date_gmt":"2024-01-23T05:03:40","guid":{"rendered":"https:\/\/www.aspilsan.com\/?page_id=6915"},"modified":"2024-09-17T11:30:17","modified_gmt":"2024-09-17T08:30:17","slug":"emi-emc-testleri","status":"publish","type":"page","link":"https:\/\/www.aspilsan.com\/en\/services\/test-services\/emi-emc-tests\/","title":{"rendered":"EMI \/ EMC Tests"},"content":{"rendered":"<section class=\"l-section wpb_row height_medium\"><div class=\"l-section-h i-cf\"><div class=\"g-cols vc_row type_default valign_middle\"><div class=\"vc_col-sm-6 wpb_column vc_column_container\"><div class=\"vc_column-inner\"><div class=\"wpb_wrapper\"><div class=\"wpb_text_column\" ><div class=\"wpb_wrapper\"><p>\nAll electronic devices have the potential to emit electromagnetic fields. Electromagnetic compatibility (EMC) tests measure the ability of equipment or systems to operate in their own electromagnetic environment without causing electromagnetic disturbance to other equipment in that environment within the limits defined by the standards and simultaneously without receiving disruptive noise from other equipment. With these tests, which are generally considered from two aspects (emission and immunity), our customers can work quickly and effectively, make conformity assessments of their own systems and become more competitive in the market.<\/p>\n<p>\u2022\tMIL-STD-461 CS106 transients, power leads<br \/>\u2022\tMIL-STD-461 CS115 bulk cable injection<br \/>\u2022\tMIL-STD-461 CS116 damped sinusoidal transients<br \/>\u2022\tMIL-STD-461 CS118 personnel borne electrostatic discharge<br \/>\u2022\tDO-160 Section 17 voltage spikes<br \/>\u2022\tDO-160 Section 19 inductive switching transients<br \/>\u2022\tDO-160 Section 25 electrostatic discharge (ESD)<\/p>\n<\/div><\/div><\/div><\/div><\/div><div class=\"vc_col-sm-6 wpb_column vc_column_container\"><div class=\"vc_column-inner\"><div class=\"wpb_wrapper\"><div class=\"w-image align_none\"><div class=\"w-image-h\"><img loading=\"lazy\" decoding=\"async\" width=\"1024\" height=\"666\" src=\"https:\/\/www.aspilsan.com\/wp-content\/uploads\/2024\/05\/ASPE0386-1024x666.jpg\" class=\"attachment-large size-large\" alt=\"\" srcset=\"https:\/\/www.aspilsan.com\/wp-content\/uploads\/2024\/05\/ASPE0386-1024x666.jpg 1024w, https:\/\/www.aspilsan.com\/wp-content\/uploads\/2024\/05\/ASPE0386-400x260.jpg 400w, https:\/\/www.aspilsan.com\/wp-content\/uploads\/2024\/05\/ASPE0386-18x12.jpg 18w, https:\/\/www.aspilsan.com\/wp-content\/uploads\/2024\/05\/ASPE0386-600x391.jpg 600w, https:\/\/www.aspilsan.com\/wp-content\/uploads\/2024\/05\/ASPE0386-500x325.jpg 500w, https:\/\/www.aspilsan.com\/wp-content\/uploads\/2024\/05\/ASPE0386-300x195.jpg 300w, https:\/\/www.aspilsan.com\/wp-content\/uploads\/2024\/05\/ASPE0386-200x130.jpg 200w, https:\/\/www.aspilsan.com\/wp-content\/uploads\/2024\/05\/ASPE0386-100x65.jpg 100w, https:\/\/www.aspilsan.com\/wp-content\/uploads\/2024\/05\/ASPE0386-90x59.jpg 90w, https:\/\/www.aspilsan.com\/wp-content\/uploads\/2024\/05\/ASPE0386-190x124.jpg 190w, https:\/\/www.aspilsan.com\/wp-content\/uploads\/2024\/05\/ASPE0386-130x85.jpg 130w, https:\/\/www.aspilsan.com\/wp-content\/uploads\/2024\/05\/ASPE0386-800x521.jpg 800w, https:\/\/www.aspilsan.com\/wp-content\/uploads\/2024\/05\/ASPE0386-1330x866.jpg 1330w, https:\/\/www.aspilsan.com\/wp-content\/uploads\/2024\/05\/ASPE0386-1325x862.jpg 1325w\" sizes=\"auto, (max-width: 1024px) 100vw, 1024px\" \/><\/div><\/div><\/div><\/div><\/div><\/div><\/div><\/section><section class=\"l-section wpb_row height_medium\"><div class=\"l-section-h i-cf\"><div class=\"g-cols vc_row type_default valign_top\"><div class=\"vc_col-sm-12 wpb_column vc_column_container\"><div class=\"vc_column-inner\"><div class=\"wpb_wrapper\"><\/div><\/div><\/div><\/div><\/div><\/section>","protected":false},"excerpt":{"rendered":"T\u00fcm elektronik cihazlar elektromanyetik alan yayma potansiyeline sahiptir. Elektromanyetik uyumluluk (EMC) testleri, ekipman veya sistemlerin kendi elektromanyetik ortamlar\u0131nda, o ortamdaki di\u011fer ekipmanlara standartlar\u0131n tan\u0131mlad\u0131\u011f\u0131 limitler dahilinde elektromanyetik rahats\u0131zl\u0131k vermeden ve e\u015f zamanl\u0131 olarak di\u011fer ekipmanlardan bozucu g\u00fcr\u00fclt\u00fc almadan \u00e7al\u0131\u015fabilme yetene\u011fini \u00f6l\u00e7er. Genellikle iki a\u00e7\u0131dan (yay\u0131l\u0131m ve ba\u011f\u0131\u015f\u0131kl\u0131k) ele al\u0131nan bu testler ile m\u00fc\u015fterilerimiz h\u0131zl\u0131 ve...","protected":false},"author":6,"featured_media":3998,"parent":6289,"menu_order":0,"comment_status":"closed","ping_status":"closed","template":"","meta":{"om_disable_all_campaigns":false,"_mi_skip_tracking":false,"_themeisle_gutenberg_block_has_review":false,"footnotes":""},"class_list":["post-6915","page","type-page","status-publish","has-post-thumbnail","hentry"],"aioseo_notices":[],"yoast_head":"<!-- This site is optimized with the Yoast SEO plugin v20.5 - https:\/\/yoast.com\/wordpress\/plugins\/seo\/ -->\n<title>EMI \/ EMC Testleri - ASP\u0130LSAN<\/title>\n<meta name=\"robots\" content=\"index, follow, max-snippet:-1, max-image-preview:large, max-video-preview:-1\" \/>\n<link rel=\"canonical\" href=\"https:\/\/www.aspilsan.com\/en\/services\/test-services\/emi-emc-tests\/\" \/>\n<meta property=\"og:locale\" content=\"en_US\" \/>\n<meta property=\"og:type\" content=\"article\" \/>\n<meta property=\"og:title\" content=\"EMI \/ EMC Testleri - ASP\u0130LSAN\" \/>\n<meta property=\"og:url\" content=\"https:\/\/www.aspilsan.com\/en\/services\/test-services\/emi-emc-tests\/\" \/>\n<meta property=\"og:site_name\" content=\"ASP\u0130LSAN\" \/>\n<meta property=\"article:publisher\" content=\"https:\/\/www.facebook.com\/people\/Aspilsan\/100028422177074\/\" \/>\n<meta property=\"article:modified_time\" content=\"2024-09-17T08:30:17+00:00\" \/>\n<meta property=\"og:image\" content=\"https:\/\/www.aspilsan.com\/wp-content\/uploads\/2022\/09\/DSCF6869.png\" \/>\n\t<meta property=\"og:image:width\" content=\"1000\" \/>\n\t<meta property=\"og:image:height\" content=\"1000\" \/>\n\t<meta property=\"og:image:type\" content=\"image\/png\" \/>\n<meta name=\"twitter:card\" content=\"summary_large_image\" \/>\n<meta name=\"twitter:site\" content=\"@aspilsan_enerji\" \/>\n<meta name=\"twitter:label1\" content=\"Est. reading time\" \/>\n\t<meta name=\"twitter:data1\" content=\"1 minute\" \/>\n<script type=\"application\/ld+json\" class=\"yoast-schema-graph\">{\"@context\":\"https:\/\/schema.org\",\"@graph\":[{\"@type\":\"WebPage\",\"@id\":\"https:\/\/www.aspilsan.com\/hizmetlerimiz\/test-hizmetleri\/emi-emc-testleri\/\",\"url\":\"https:\/\/www.aspilsan.com\/hizmetlerimiz\/test-hizmetleri\/emi-emc-testleri\/\",\"name\":\"EMI \/ EMC Testleri - ASP\u0130LSAN\",\"isPartOf\":{\"@id\":\"https:\/\/www.aspilsan.com\/#website\"},\"datePublished\":\"2024-01-23T05:03:40+00:00\",\"dateModified\":\"2024-09-17T08:30:17+00:00\",\"breadcrumb\":{\"@id\":\"https:\/\/www.aspilsan.com\/hizmetlerimiz\/test-hizmetleri\/emi-emc-testleri\/#breadcrumb\"},\"inLanguage\":\"en-US\",\"potentialAction\":[{\"@type\":\"ReadAction\",\"target\":[\"https:\/\/www.aspilsan.com\/hizmetlerimiz\/test-hizmetleri\/emi-emc-testleri\/\"]}]},{\"@type\":\"BreadcrumbList\",\"@id\":\"https:\/\/www.aspilsan.com\/hizmetlerimiz\/test-hizmetleri\/emi-emc-testleri\/#breadcrumb\",\"itemListElement\":[{\"@type\":\"ListItem\",\"position\":1,\"name\":\"Anasayfa\",\"item\":\"https:\/\/www.aspilsan.com\/\"},{\"@type\":\"ListItem\",\"position\":2,\"name\":\"Hizmetlerimiz\",\"item\":\"https:\/\/www.aspilsan.com\/hizmetlerimiz\/\"},{\"@type\":\"ListItem\",\"position\":3,\"name\":\"Test Hizmetleri\",\"item\":\"https:\/\/www.aspilsan.com\/hizmetlerimiz\/test-hizmetleri\/\"},{\"@type\":\"ListItem\",\"position\":4,\"name\":\"EMI \/ EMC Testleri\"}]},{\"@type\":\"WebSite\",\"@id\":\"https:\/\/www.aspilsan.com\/#website\",\"url\":\"https:\/\/www.aspilsan.com\/\",\"name\":\"ASP\u0130LSAN\",\"description\":\"Teknolojinin Enerjisi\",\"publisher\":{\"@id\":\"https:\/\/www.aspilsan.com\/#organization\"},\"potentialAction\":[{\"@type\":\"SearchAction\",\"target\":{\"@type\":\"EntryPoint\",\"urlTemplate\":\"https:\/\/www.aspilsan.com\/?s={search_term_string}\"},\"query-input\":\"required name=search_term_string\"}],\"inLanguage\":\"en-US\"},{\"@type\":\"Organization\",\"@id\":\"https:\/\/www.aspilsan.com\/#organization\",\"name\":\"ASP\u0130LSAN\",\"url\":\"https:\/\/www.aspilsan.com\/\",\"logo\":{\"@type\":\"ImageObject\",\"inLanguage\":\"en-US\",\"@id\":\"https:\/\/www.aspilsan.com\/#\/schema\/logo\/image\/\",\"url\":\"https:\/\/www.aspilsan.com\/wp-content\/uploads\/2022\/03\/Aspilsan-Logo-300px.png\",\"contentUrl\":\"https:\/\/www.aspilsan.com\/wp-content\/uploads\/2022\/03\/Aspilsan-Logo-300px.png\",\"width\":300,\"height\":56,\"caption\":\"ASP\u0130LSAN\"},\"image\":{\"@id\":\"https:\/\/www.aspilsan.com\/#\/schema\/logo\/image\/\"},\"sameAs\":[\"https:\/\/www.facebook.com\/people\/Aspilsan\/100028422177074\/\",\"https:\/\/twitter.com\/aspilsan_enerji\",\"https:\/\/www.instagram.com\/aspilsanenerji\",\"https:\/\/www.linkedin.com\/company\/aspilsan\"]}]}<\/script>\n<!-- \/ Yoast SEO plugin. -->","yoast_head_json":{"title":"EMI \/ EMC Testleri - ASP\u0130LSAN","robots":{"index":"index","follow":"follow","max-snippet":"max-snippet:-1","max-image-preview":"max-image-preview:large","max-video-preview":"max-video-preview:-1"},"canonical":"https:\/\/www.aspilsan.com\/en\/services\/test-services\/emi-emc-tests\/","og_locale":"en_US","og_type":"article","og_title":"EMI \/ EMC Testleri - ASP\u0130LSAN","og_url":"https:\/\/www.aspilsan.com\/en\/services\/test-services\/emi-emc-tests\/","og_site_name":"ASP\u0130LSAN","article_publisher":"https:\/\/www.facebook.com\/people\/Aspilsan\/100028422177074\/","article_modified_time":"2024-09-17T08:30:17+00:00","og_image":[{"width":1000,"height":1000,"url":"https:\/\/www.aspilsan.com\/wp-content\/uploads\/2022\/09\/DSCF6869.png","type":"image\/png"}],"twitter_card":"summary_large_image","twitter_site":"@aspilsan_enerji","twitter_misc":{"Est. reading time":"1 minute"},"schema":{"@context":"https:\/\/schema.org","@graph":[{"@type":"WebPage","@id":"https:\/\/www.aspilsan.com\/hizmetlerimiz\/test-hizmetleri\/emi-emc-testleri\/","url":"https:\/\/www.aspilsan.com\/hizmetlerimiz\/test-hizmetleri\/emi-emc-testleri\/","name":"EMI \/ EMC Testleri - ASP\u0130LSAN","isPartOf":{"@id":"https:\/\/www.aspilsan.com\/#website"},"datePublished":"2024-01-23T05:03:40+00:00","dateModified":"2024-09-17T08:30:17+00:00","breadcrumb":{"@id":"https:\/\/www.aspilsan.com\/hizmetlerimiz\/test-hizmetleri\/emi-emc-testleri\/#breadcrumb"},"inLanguage":"en-US","potentialAction":[{"@type":"ReadAction","target":["https:\/\/www.aspilsan.com\/hizmetlerimiz\/test-hizmetleri\/emi-emc-testleri\/"]}]},{"@type":"BreadcrumbList","@id":"https:\/\/www.aspilsan.com\/hizmetlerimiz\/test-hizmetleri\/emi-emc-testleri\/#breadcrumb","itemListElement":[{"@type":"ListItem","position":1,"name":"Anasayfa","item":"https:\/\/www.aspilsan.com\/"},{"@type":"ListItem","position":2,"name":"Hizmetlerimiz","item":"https:\/\/www.aspilsan.com\/hizmetlerimiz\/"},{"@type":"ListItem","position":3,"name":"Test Hizmetleri","item":"https:\/\/www.aspilsan.com\/hizmetlerimiz\/test-hizmetleri\/"},{"@type":"ListItem","position":4,"name":"EMI \/ EMC Testleri"}]},{"@type":"WebSite","@id":"https:\/\/www.aspilsan.com\/#website","url":"https:\/\/www.aspilsan.com\/","name":"ASP\u0130LSAN","description":"Teknolojinin Enerjisi","publisher":{"@id":"https:\/\/www.aspilsan.com\/#organization"},"potentialAction":[{"@type":"SearchAction","target":{"@type":"EntryPoint","urlTemplate":"https:\/\/www.aspilsan.com\/?s={search_term_string}"},"query-input":"required name=search_term_string"}],"inLanguage":"en-US"},{"@type":"Organization","@id":"https:\/\/www.aspilsan.com\/#organization","name":"ASP\u0130LSAN","url":"https:\/\/www.aspilsan.com\/","logo":{"@type":"ImageObject","inLanguage":"en-US","@id":"https:\/\/www.aspilsan.com\/#\/schema\/logo\/image\/","url":"https:\/\/www.aspilsan.com\/wp-content\/uploads\/2022\/03\/Aspilsan-Logo-300px.png","contentUrl":"https:\/\/www.aspilsan.com\/wp-content\/uploads\/2022\/03\/Aspilsan-Logo-300px.png","width":300,"height":56,"caption":"ASP\u0130LSAN"},"image":{"@id":"https:\/\/www.aspilsan.com\/#\/schema\/logo\/image\/"},"sameAs":["https:\/\/www.facebook.com\/people\/Aspilsan\/100028422177074\/","https:\/\/twitter.com\/aspilsan_enerji","https:\/\/www.instagram.com\/aspilsanenerji","https:\/\/www.linkedin.com\/company\/aspilsan"]}]}},"acf":[],"_links":{"self":[{"href":"https:\/\/www.aspilsan.com\/en\/wp-json\/wp\/v2\/pages\/6915","targetHints":{"allow":["GET"]}}],"collection":[{"href":"https:\/\/www.aspilsan.com\/en\/wp-json\/wp\/v2\/pages"}],"about":[{"href":"https:\/\/www.aspilsan.com\/en\/wp-json\/wp\/v2\/types\/page"}],"author":[{"embeddable":true,"href":"https:\/\/www.aspilsan.com\/en\/wp-json\/wp\/v2\/users\/6"}],"replies":[{"embeddable":true,"href":"https:\/\/www.aspilsan.com\/en\/wp-json\/wp\/v2\/comments?post=6915"}],"version-history":[{"count":2,"href":"https:\/\/www.aspilsan.com\/en\/wp-json\/wp\/v2\/pages\/6915\/revisions"}],"predecessor-version":[{"id":7525,"href":"https:\/\/www.aspilsan.com\/en\/wp-json\/wp\/v2\/pages\/6915\/revisions\/7525"}],"up":[{"embeddable":true,"href":"https:\/\/www.aspilsan.com\/en\/wp-json\/wp\/v2\/pages\/6289"}],"wp:featuredmedia":[{"embeddable":true,"href":"https:\/\/www.aspilsan.com\/en\/wp-json\/wp\/v2\/media\/3998"}],"wp:attachment":[{"href":"https:\/\/www.aspilsan.com\/en\/wp-json\/wp\/v2\/media?parent=6915"}],"curies":[{"name":"wp","href":"https:\/\/api.w.org\/{rel}","templated":true}]}}