{"id":7655,"date":"2024-10-31T11:38:35","date_gmt":"2024-10-31T08:38:35","guid":{"rendered":"https:\/\/www.aspilsan.com\/?page_id=7655"},"modified":"2024-10-31T11:48:11","modified_gmt":"2024-10-31T08:48:11","slug":"elektrot-ve-18650-lityum-iyon-hucre-uretimi","status":"publish","type":"page","link":"https:\/\/www.aspilsan.com\/en\/services\/electrode-and-18650-lithium-ion-cell-manufacturing\/","title":{"rendered":"Electrode and 18650 Lithium Ion Cell Manufacturing"},"content":{"rendered":"<section class=\"l-section wpb_row height_medium\"><div class=\"l-section-h i-cf\"><div class=\"g-cols vc_row type_default valign_middle\"><div class=\"vc_col-sm-6 wpb_column vc_column_container\"><div class=\"vc_column-inner\"><div class=\"wpb_wrapper\"><div class=\"w-image align_none\"><div class=\"w-image-h\"><img loading=\"lazy\" decoding=\"async\" width=\"1024\" height=\"645\" src=\"https:\/\/www.aspilsan.com\/wp-content\/uploads\/2024\/10\/DSCF5925-1024x645.jpeg\" class=\"attachment-large size-large\" alt=\"\" srcset=\"https:\/\/www.aspilsan.com\/wp-content\/uploads\/2024\/10\/DSCF5925-1024x645.jpeg 1024w, https:\/\/www.aspilsan.com\/wp-content\/uploads\/2024\/10\/DSCF5925-400x252.jpeg 400w, https:\/\/www.aspilsan.com\/wp-content\/uploads\/2024\/10\/DSCF5925-18x12.jpeg 18w, https:\/\/www.aspilsan.com\/wp-content\/uploads\/2024\/10\/DSCF5925-600x378.jpeg 600w, https:\/\/www.aspilsan.com\/wp-content\/uploads\/2024\/10\/DSCF5925-500x315.jpeg 500w, https:\/\/www.aspilsan.com\/wp-content\/uploads\/2024\/10\/DSCF5925-300x189.jpeg 300w, https:\/\/www.aspilsan.com\/wp-content\/uploads\/2024\/10\/DSCF5925-200x126.jpeg 200w, https:\/\/www.aspilsan.com\/wp-content\/uploads\/2024\/10\/DSCF5925-100x63.jpeg 100w, https:\/\/www.aspilsan.com\/wp-content\/uploads\/2024\/10\/DSCF5925-90x57.jpeg 90w, https:\/\/www.aspilsan.com\/wp-content\/uploads\/2024\/10\/DSCF5925-190x120.jpeg 190w, https:\/\/www.aspilsan.com\/wp-content\/uploads\/2024\/10\/DSCF5925-130x82.jpeg 130w, https:\/\/www.aspilsan.com\/wp-content\/uploads\/2024\/10\/DSCF5925-800x504.jpeg 800w, https:\/\/www.aspilsan.com\/wp-content\/uploads\/2024\/10\/DSCF5925-1330x838.jpeg 1330w, https:\/\/www.aspilsan.com\/wp-content\/uploads\/2024\/10\/DSCF5925-1325x835.jpeg 1325w\" sizes=\"auto, (max-width: 1024px) 100vw, 1024px\" \/><\/div><\/div><\/div><\/div><\/div><div class=\"vc_col-sm-6 wpb_column vc_column_container\"><div class=\"vc_column-inner\"><div class=\"wpb_wrapper\"><div class=\"wpb_text_column\" ><div class=\"wpb_wrapper\"><p>\nASP\u0130LSAN Enerji, Europe&#8217;s first li-ion 18650 cell manufacturer, also produces custom designed electrodes and 18650 cells.<\/p>\n<p>As the production facility is in dry room conditions and the formation facility is temperature conditioned, not only prototypes but also cells can be mass produced at a rate of 60 ppm with various chemistries.<\/p>\n<\/div><\/div><\/div><\/div><\/div><\/div><\/div><\/section>","protected":false},"excerpt":{"rendered":"ASP\u0130LSAN Enerji, Europe&#8217;s first li-ion 18650 cell manufacturer, also produces custom designed electrodes and 18650 cells. As the production facility is in dry room conditions and the formation facility is temperature conditioned, not only prototypes but also cells can be mass produced at a rate of 60 ppm with various chemistries.","protected":false},"author":6,"featured_media":0,"parent":6268,"menu_order":0,"comment_status":"closed","ping_status":"closed","template":"","meta":{"om_disable_all_campaigns":false,"_mi_skip_tracking":false,"_themeisle_gutenberg_block_has_review":false,"footnotes":""},"class_list":["post-7655","page","type-page","status-publish","hentry"],"aioseo_notices":[],"yoast_head":"<!-- This site is optimized with the Yoast SEO plugin v20.5 - https:\/\/yoast.com\/wordpress\/plugins\/seo\/ -->\n<title>Elektrot ve 18650 Lityum \u0130yon H\u00fccre \u00dcretimi - ASP\u0130LSAN<\/title>\n<meta name=\"robots\" content=\"index, follow, max-snippet:-1, max-image-preview:large, max-video-preview:-1\" \/>\n<link rel=\"canonical\" href=\"https:\/\/www.aspilsan.com\/en\/services\/electrode-and-18650-lithium-ion-cell-manufacturing\/\" \/>\n<meta property=\"og:locale\" content=\"en_US\" \/>\n<meta property=\"og:type\" content=\"article\" \/>\n<meta property=\"og:title\" content=\"Elektrot ve 18650 Lityum \u0130yon H\u00fccre \u00dcretimi - ASP\u0130LSAN\" \/>\n<meta property=\"og:url\" content=\"https:\/\/www.aspilsan.com\/en\/services\/electrode-and-18650-lithium-ion-cell-manufacturing\/\" \/>\n<meta property=\"og:site_name\" content=\"ASP\u0130LSAN\" \/>\n<meta property=\"article:publisher\" content=\"https:\/\/www.facebook.com\/people\/Aspilsan\/100028422177074\/\" \/>\n<meta property=\"article:modified_time\" content=\"2024-10-31T08:48:11+00:00\" \/>\n<meta name=\"twitter:card\" content=\"summary_large_image\" \/>\n<meta name=\"twitter:site\" content=\"@aspilsan_enerji\" \/>\n<meta name=\"twitter:label1\" content=\"Est. reading time\" \/>\n\t<meta name=\"twitter:data1\" content=\"1 minute\" \/>\n<script type=\"application\/ld+json\" class=\"yoast-schema-graph\">{\"@context\":\"https:\/\/schema.org\",\"@graph\":[{\"@type\":\"WebPage\",\"@id\":\"https:\/\/www.aspilsan.com\/hizmetlerimiz\/elektrot-ve-18650-lityum-iyon-hucre-uretimi\/\",\"url\":\"https:\/\/www.aspilsan.com\/hizmetlerimiz\/elektrot-ve-18650-lityum-iyon-hucre-uretimi\/\",\"name\":\"Elektrot ve 18650 Lityum \u0130yon H\u00fccre \u00dcretimi - ASP\u0130LSAN\",\"isPartOf\":{\"@id\":\"https:\/\/www.aspilsan.com\/#website\"},\"datePublished\":\"2024-10-31T08:38:35+00:00\",\"dateModified\":\"2024-10-31T08:48:11+00:00\",\"breadcrumb\":{\"@id\":\"https:\/\/www.aspilsan.com\/hizmetlerimiz\/elektrot-ve-18650-lityum-iyon-hucre-uretimi\/#breadcrumb\"},\"inLanguage\":\"en-US\",\"potentialAction\":[{\"@type\":\"ReadAction\",\"target\":[\"https:\/\/www.aspilsan.com\/hizmetlerimiz\/elektrot-ve-18650-lityum-iyon-hucre-uretimi\/\"]}]},{\"@type\":\"BreadcrumbList\",\"@id\":\"https:\/\/www.aspilsan.com\/hizmetlerimiz\/elektrot-ve-18650-lityum-iyon-hucre-uretimi\/#breadcrumb\",\"itemListElement\":[{\"@type\":\"ListItem\",\"position\":1,\"name\":\"Anasayfa\",\"item\":\"https:\/\/www.aspilsan.com\/\"},{\"@type\":\"ListItem\",\"position\":2,\"name\":\"Hizmetlerimiz\",\"item\":\"https:\/\/www.aspilsan.com\/hizmetlerimiz\/\"},{\"@type\":\"ListItem\",\"position\":3,\"name\":\"Elektrot ve 18650 Lityum \u0130yon H\u00fccre \u00dcretimi\"}]},{\"@type\":\"WebSite\",\"@id\":\"https:\/\/www.aspilsan.com\/#website\",\"url\":\"https:\/\/www.aspilsan.com\/\",\"name\":\"ASP\u0130LSAN\",\"description\":\"Teknolojinin Enerjisi\",\"publisher\":{\"@id\":\"https:\/\/www.aspilsan.com\/#organization\"},\"potentialAction\":[{\"@type\":\"SearchAction\",\"target\":{\"@type\":\"EntryPoint\",\"urlTemplate\":\"https:\/\/www.aspilsan.com\/?s={search_term_string}\"},\"query-input\":\"required name=search_term_string\"}],\"inLanguage\":\"en-US\"},{\"@type\":\"Organization\",\"@id\":\"https:\/\/www.aspilsan.com\/#organization\",\"name\":\"ASP\u0130LSAN\",\"url\":\"https:\/\/www.aspilsan.com\/\",\"logo\":{\"@type\":\"ImageObject\",\"inLanguage\":\"en-US\",\"@id\":\"https:\/\/www.aspilsan.com\/#\/schema\/logo\/image\/\",\"url\":\"https:\/\/www.aspilsan.com\/wp-content\/uploads\/2022\/03\/Aspilsan-Logo-300px.png\",\"contentUrl\":\"https:\/\/www.aspilsan.com\/wp-content\/uploads\/2022\/03\/Aspilsan-Logo-300px.png\",\"width\":300,\"height\":56,\"caption\":\"ASP\u0130LSAN\"},\"image\":{\"@id\":\"https:\/\/www.aspilsan.com\/#\/schema\/logo\/image\/\"},\"sameAs\":[\"https:\/\/www.facebook.com\/people\/Aspilsan\/100028422177074\/\",\"https:\/\/twitter.com\/aspilsan_enerji\",\"https:\/\/www.instagram.com\/aspilsanenerji\",\"https:\/\/www.linkedin.com\/company\/aspilsan\"]}]}<\/script>\n<!-- \/ Yoast SEO plugin. -->","yoast_head_json":{"title":"Elektrot ve 18650 Lityum \u0130yon H\u00fccre \u00dcretimi - ASP\u0130LSAN","robots":{"index":"index","follow":"follow","max-snippet":"max-snippet:-1","max-image-preview":"max-image-preview:large","max-video-preview":"max-video-preview:-1"},"canonical":"https:\/\/www.aspilsan.com\/en\/services\/electrode-and-18650-lithium-ion-cell-manufacturing\/","og_locale":"en_US","og_type":"article","og_title":"Elektrot ve 18650 Lityum \u0130yon H\u00fccre \u00dcretimi - ASP\u0130LSAN","og_url":"https:\/\/www.aspilsan.com\/en\/services\/electrode-and-18650-lithium-ion-cell-manufacturing\/","og_site_name":"ASP\u0130LSAN","article_publisher":"https:\/\/www.facebook.com\/people\/Aspilsan\/100028422177074\/","article_modified_time":"2024-10-31T08:48:11+00:00","twitter_card":"summary_large_image","twitter_site":"@aspilsan_enerji","twitter_misc":{"Est. reading time":"1 minute"},"schema":{"@context":"https:\/\/schema.org","@graph":[{"@type":"WebPage","@id":"https:\/\/www.aspilsan.com\/hizmetlerimiz\/elektrot-ve-18650-lityum-iyon-hucre-uretimi\/","url":"https:\/\/www.aspilsan.com\/hizmetlerimiz\/elektrot-ve-18650-lityum-iyon-hucre-uretimi\/","name":"Elektrot ve 18650 Lityum \u0130yon H\u00fccre \u00dcretimi - ASP\u0130LSAN","isPartOf":{"@id":"https:\/\/www.aspilsan.com\/#website"},"datePublished":"2024-10-31T08:38:35+00:00","dateModified":"2024-10-31T08:48:11+00:00","breadcrumb":{"@id":"https:\/\/www.aspilsan.com\/hizmetlerimiz\/elektrot-ve-18650-lityum-iyon-hucre-uretimi\/#breadcrumb"},"inLanguage":"en-US","potentialAction":[{"@type":"ReadAction","target":["https:\/\/www.aspilsan.com\/hizmetlerimiz\/elektrot-ve-18650-lityum-iyon-hucre-uretimi\/"]}]},{"@type":"BreadcrumbList","@id":"https:\/\/www.aspilsan.com\/hizmetlerimiz\/elektrot-ve-18650-lityum-iyon-hucre-uretimi\/#breadcrumb","itemListElement":[{"@type":"ListItem","position":1,"name":"Anasayfa","item":"https:\/\/www.aspilsan.com\/"},{"@type":"ListItem","position":2,"name":"Hizmetlerimiz","item":"https:\/\/www.aspilsan.com\/hizmetlerimiz\/"},{"@type":"ListItem","position":3,"name":"Elektrot ve 18650 Lityum \u0130yon H\u00fccre \u00dcretimi"}]},{"@type":"WebSite","@id":"https:\/\/www.aspilsan.com\/#website","url":"https:\/\/www.aspilsan.com\/","name":"ASP\u0130LSAN","description":"Teknolojinin Enerjisi","publisher":{"@id":"https:\/\/www.aspilsan.com\/#organization"},"potentialAction":[{"@type":"SearchAction","target":{"@type":"EntryPoint","urlTemplate":"https:\/\/www.aspilsan.com\/?s={search_term_string}"},"query-input":"required name=search_term_string"}],"inLanguage":"en-US"},{"@type":"Organization","@id":"https:\/\/www.aspilsan.com\/#organization","name":"ASP\u0130LSAN","url":"https:\/\/www.aspilsan.com\/","logo":{"@type":"ImageObject","inLanguage":"en-US","@id":"https:\/\/www.aspilsan.com\/#\/schema\/logo\/image\/","url":"https:\/\/www.aspilsan.com\/wp-content\/uploads\/2022\/03\/Aspilsan-Logo-300px.png","contentUrl":"https:\/\/www.aspilsan.com\/wp-content\/uploads\/2022\/03\/Aspilsan-Logo-300px.png","width":300,"height":56,"caption":"ASP\u0130LSAN"},"image":{"@id":"https:\/\/www.aspilsan.com\/#\/schema\/logo\/image\/"},"sameAs":["https:\/\/www.facebook.com\/people\/Aspilsan\/100028422177074\/","https:\/\/twitter.com\/aspilsan_enerji","https:\/\/www.instagram.com\/aspilsanenerji","https:\/\/www.linkedin.com\/company\/aspilsan"]}]}},"acf":[],"_links":{"self":[{"href":"https:\/\/www.aspilsan.com\/en\/wp-json\/wp\/v2\/pages\/7655","targetHints":{"allow":["GET"]}}],"collection":[{"href":"https:\/\/www.aspilsan.com\/en\/wp-json\/wp\/v2\/pages"}],"about":[{"href":"https:\/\/www.aspilsan.com\/en\/wp-json\/wp\/v2\/types\/page"}],"author":[{"embeddable":true,"href":"https:\/\/www.aspilsan.com\/en\/wp-json\/wp\/v2\/users\/6"}],"replies":[{"embeddable":true,"href":"https:\/\/www.aspilsan.com\/en\/wp-json\/wp\/v2\/comments?post=7655"}],"version-history":[{"count":2,"href":"https:\/\/www.aspilsan.com\/en\/wp-json\/wp\/v2\/pages\/7655\/revisions"}],"predecessor-version":[{"id":7665,"href":"https:\/\/www.aspilsan.com\/en\/wp-json\/wp\/v2\/pages\/7655\/revisions\/7665"}],"up":[{"embeddable":true,"href":"https:\/\/www.aspilsan.com\/en\/wp-json\/wp\/v2\/pages\/6268"}],"wp:attachment":[{"href":"https:\/\/www.aspilsan.com\/en\/wp-json\/wp\/v2\/media?parent=7655"}],"curies":[{"name":"wp","href":"https:\/\/api.w.org\/{rel}","templated":true}]}}