{"id":8512,"date":"2025-08-07T09:17:58","date_gmt":"2025-08-07T06:17:58","guid":{"rendered":"https:\/\/www.aspilsan.com\/?page_id=8512"},"modified":"2025-08-07T09:35:25","modified_gmt":"2025-08-07T06:35:25","slug":"yayinlarimiz-2","status":"publish","type":"page","link":"https:\/\/www.aspilsan.com\/en\/corporate\/our-publications\/","title":{"rendered":"Our publications"},"content":{"rendered":"<section class=\"l-section wpb_row height_medium\"><div class=\"l-section-h i-cf\"><div class=\"g-cols vc_row type_default valign_top\"><div class=\"vc_col-sm-3 wpb_column vc_column_container\"><div class=\"vc_column-inner\"><div class=\"wpb_wrapper\"><div class=\"wpb_text_column\" ><div class=\"wpb_wrapper\"><p style=\"text-align: center;\"><strong>Our first General Manager, Mr. Sava\u015f ARNA\u2019s book titled 'Portable Cells and Batteries'\"<\/strong><\/p>\n<\/div><\/div><div class=\"w-image align_none\"><a target=\"_blank\" href=\"https:\/\/www.aspilsan.com\/wp-content\/uploads\/2025\/08\/Savas-Arna-Tasinabilir-Pil-ve-Bataryalar.pdf\" rel=\"noopener\" aria-label=\"Link\" class=\"w-image-h\"><img loading=\"lazy\" decoding=\"async\" width=\"709\" height=\"1024\" src=\"https:\/\/www.aspilsan.com\/wp-content\/uploads\/2025\/08\/Savas-Arna-Tasinabilir-Pil-ve-Bataryalar-709x1024.jpg\" class=\"attachment-large size-large\" alt=\"\" srcset=\"https:\/\/www.aspilsan.com\/wp-content\/uploads\/2025\/08\/Savas-Arna-Tasinabilir-Pil-ve-Bataryalar-709x1024.jpg 709w, https:\/\/www.aspilsan.com\/wp-content\/uploads\/2025\/08\/Savas-Arna-Tasinabilir-Pil-ve-Bataryalar-277x400.jpg 277w, https:\/\/www.aspilsan.com\/wp-content\/uploads\/2025\/08\/Savas-Arna-Tasinabilir-Pil-ve-Bataryalar-8x12.jpg 8w, https:\/\/www.aspilsan.com\/wp-content\/uploads\/2025\/08\/Savas-Arna-Tasinabilir-Pil-ve-Bataryalar-415x600.jpg 415w, https:\/\/www.aspilsan.com\/wp-content\/uploads\/2025\/08\/Savas-Arna-Tasinabilir-Pil-ve-Bataryalar-346x500.jpg 346w, https:\/\/www.aspilsan.com\/wp-content\/uploads\/2025\/08\/Savas-Arna-Tasinabilir-Pil-ve-Bataryalar-208x300.jpg 208w, https:\/\/www.aspilsan.com\/wp-content\/uploads\/2025\/08\/Savas-Arna-Tasinabilir-Pil-ve-Bataryalar-138x200.jpg 138w, https:\/\/www.aspilsan.com\/wp-content\/uploads\/2025\/08\/Savas-Arna-Tasinabilir-Pil-ve-Bataryalar-69x100.jpg 69w, https:\/\/www.aspilsan.com\/wp-content\/uploads\/2025\/08\/Savas-Arna-Tasinabilir-Pil-ve-Bataryalar-62x90.jpg 62w, https:\/\/www.aspilsan.com\/wp-content\/uploads\/2025\/08\/Savas-Arna-Tasinabilir-Pil-ve-Bataryalar-132x190.jpg 132w, https:\/\/www.aspilsan.com\/wp-content\/uploads\/2025\/08\/Savas-Arna-Tasinabilir-Pil-ve-Bataryalar-90x130.jpg 90w, https:\/\/www.aspilsan.com\/wp-content\/uploads\/2025\/08\/Savas-Arna-Tasinabilir-Pil-ve-Bataryalar-554x800.jpg 554w, https:\/\/www.aspilsan.com\/wp-content\/uploads\/2025\/08\/Savas-Arna-Tasinabilir-Pil-ve-Bataryalar-921x1330.jpg 921w, https:\/\/www.aspilsan.com\/wp-content\/uploads\/2025\/08\/Savas-Arna-Tasinabilir-Pil-ve-Bataryalar-917x1325.jpg 917w, https:\/\/www.aspilsan.com\/wp-content\/uploads\/2025\/08\/Savas-Arna-Tasinabilir-Pil-ve-Bataryalar-scaled.jpg 1966w\" sizes=\"auto, (max-width: 709px) 100vw, 709px\" \/><\/a><\/div><\/div><\/div><\/div><div class=\"vc_col-sm-3 wpb_column vc_column_container\"><div class=\"vc_column-inner\"><div class=\"wpb_wrapper\"><\/div><\/div><\/div><div class=\"vc_col-sm-3 wpb_column vc_column_container\"><div class=\"vc_column-inner\"><div class=\"wpb_wrapper\"><\/div><\/div><\/div><div class=\"vc_col-sm-3 wpb_column vc_column_container\"><div class=\"vc_column-inner\"><div class=\"wpb_wrapper\"><\/div><\/div><\/div><\/div><\/div><\/section>","protected":false},"excerpt":{"rendered":"Our first General Manager, Mr. Sava\u015f ARNA\u2019s book titled 'Portable Cells and Batteries'\"","protected":false},"author":7,"featured_media":0,"parent":32,"menu_order":0,"comment_status":"closed","ping_status":"closed","template":"","meta":{"om_disable_all_campaigns":false,"_mi_skip_tracking":false,"_themeisle_gutenberg_block_has_review":false,"footnotes":""},"class_list":["post-8512","page","type-page","status-publish","hentry"],"aioseo_notices":[],"yoast_head":"<!-- This site is optimized with the Yoast SEO plugin v20.5 - https:\/\/yoast.com\/wordpress\/plugins\/seo\/ -->\n<title>Yay\u0131nlar\u0131m\u0131z - ASP\u0130LSAN<\/title>\n<meta name=\"robots\" content=\"index, follow, max-snippet:-1, max-image-preview:large, max-video-preview:-1\" \/>\n<link rel=\"canonical\" href=\"https:\/\/www.aspilsan.com\/en\/corporate\/our-publications\/\" \/>\n<meta property=\"og:locale\" content=\"en_US\" \/>\n<meta property=\"og:type\" content=\"article\" \/>\n<meta property=\"og:title\" content=\"Yay\u0131nlar\u0131m\u0131z - ASP\u0130LSAN\" \/>\n<meta property=\"og:url\" content=\"https:\/\/www.aspilsan.com\/en\/corporate\/our-publications\/\" \/>\n<meta property=\"og:site_name\" content=\"ASP\u0130LSAN\" \/>\n<meta property=\"article:publisher\" content=\"https:\/\/www.facebook.com\/people\/Aspilsan\/100028422177074\/\" \/>\n<meta property=\"article:modified_time\" content=\"2025-08-07T06:35:25+00:00\" \/>\n<meta name=\"twitter:card\" content=\"summary_large_image\" \/>\n<meta name=\"twitter:site\" content=\"@aspilsan_enerji\" \/>\n<meta name=\"twitter:label1\" content=\"Est. reading time\" \/>\n\t<meta name=\"twitter:data1\" content=\"1 minute\" \/>\n<script type=\"application\/ld+json\" class=\"yoast-schema-graph\">{\"@context\":\"https:\/\/schema.org\",\"@graph\":[{\"@type\":\"WebPage\",\"@id\":\"https:\/\/www.aspilsan.com\/kurumsal\/yayinlarimiz-2\/\",\"url\":\"https:\/\/www.aspilsan.com\/kurumsal\/yayinlarimiz-2\/\",\"name\":\"Yay\u0131nlar\u0131m\u0131z - ASP\u0130LSAN\",\"isPartOf\":{\"@id\":\"https:\/\/www.aspilsan.com\/#website\"},\"datePublished\":\"2025-08-07T06:17:58+00:00\",\"dateModified\":\"2025-08-07T06:35:25+00:00\",\"breadcrumb\":{\"@id\":\"https:\/\/www.aspilsan.com\/kurumsal\/yayinlarimiz-2\/#breadcrumb\"},\"inLanguage\":\"en-US\",\"potentialAction\":[{\"@type\":\"ReadAction\",\"target\":[\"https:\/\/www.aspilsan.com\/kurumsal\/yayinlarimiz-2\/\"]}]},{\"@type\":\"BreadcrumbList\",\"@id\":\"https:\/\/www.aspilsan.com\/kurumsal\/yayinlarimiz-2\/#breadcrumb\",\"itemListElement\":[{\"@type\":\"ListItem\",\"position\":1,\"name\":\"Anasayfa\",\"item\":\"https:\/\/www.aspilsan.com\/\"},{\"@type\":\"ListItem\",\"position\":2,\"name\":\"Kurumsal\",\"item\":\"https:\/\/www.aspilsan.com\/kurumsal\/\"},{\"@type\":\"ListItem\",\"position\":3,\"name\":\"Yay\u0131nlar\u0131m\u0131z\"}]},{\"@type\":\"WebSite\",\"@id\":\"https:\/\/www.aspilsan.com\/#website\",\"url\":\"https:\/\/www.aspilsan.com\/\",\"name\":\"ASP\u0130LSAN\",\"description\":\"Teknolojinin Enerjisi\",\"publisher\":{\"@id\":\"https:\/\/www.aspilsan.com\/#organization\"},\"potentialAction\":[{\"@type\":\"SearchAction\",\"target\":{\"@type\":\"EntryPoint\",\"urlTemplate\":\"https:\/\/www.aspilsan.com\/?s={search_term_string}\"},\"query-input\":\"required name=search_term_string\"}],\"inLanguage\":\"en-US\"},{\"@type\":\"Organization\",\"@id\":\"https:\/\/www.aspilsan.com\/#organization\",\"name\":\"ASP\u0130LSAN\",\"url\":\"https:\/\/www.aspilsan.com\/\",\"logo\":{\"@type\":\"ImageObject\",\"inLanguage\":\"en-US\",\"@id\":\"https:\/\/www.aspilsan.com\/#\/schema\/logo\/image\/\",\"url\":\"https:\/\/www.aspilsan.com\/wp-content\/uploads\/2022\/03\/Aspilsan-Logo-300px.png\",\"contentUrl\":\"https:\/\/www.aspilsan.com\/wp-content\/uploads\/2022\/03\/Aspilsan-Logo-300px.png\",\"width\":300,\"height\":56,\"caption\":\"ASP\u0130LSAN\"},\"image\":{\"@id\":\"https:\/\/www.aspilsan.com\/#\/schema\/logo\/image\/\"},\"sameAs\":[\"https:\/\/www.facebook.com\/people\/Aspilsan\/100028422177074\/\",\"https:\/\/twitter.com\/aspilsan_enerji\",\"https:\/\/www.instagram.com\/aspilsanenerji\",\"https:\/\/www.linkedin.com\/company\/aspilsan\"]}]}<\/script>\n<!-- \/ Yoast SEO plugin. -->","yoast_head_json":{"title":"Yay\u0131nlar\u0131m\u0131z - ASP\u0130LSAN","robots":{"index":"index","follow":"follow","max-snippet":"max-snippet:-1","max-image-preview":"max-image-preview:large","max-video-preview":"max-video-preview:-1"},"canonical":"https:\/\/www.aspilsan.com\/en\/corporate\/our-publications\/","og_locale":"en_US","og_type":"article","og_title":"Yay\u0131nlar\u0131m\u0131z - ASP\u0130LSAN","og_url":"https:\/\/www.aspilsan.com\/en\/corporate\/our-publications\/","og_site_name":"ASP\u0130LSAN","article_publisher":"https:\/\/www.facebook.com\/people\/Aspilsan\/100028422177074\/","article_modified_time":"2025-08-07T06:35:25+00:00","twitter_card":"summary_large_image","twitter_site":"@aspilsan_enerji","twitter_misc":{"Est. reading time":"1 minute"},"schema":{"@context":"https:\/\/schema.org","@graph":[{"@type":"WebPage","@id":"https:\/\/www.aspilsan.com\/kurumsal\/yayinlarimiz-2\/","url":"https:\/\/www.aspilsan.com\/kurumsal\/yayinlarimiz-2\/","name":"Yay\u0131nlar\u0131m\u0131z - ASP\u0130LSAN","isPartOf":{"@id":"https:\/\/www.aspilsan.com\/#website"},"datePublished":"2025-08-07T06:17:58+00:00","dateModified":"2025-08-07T06:35:25+00:00","breadcrumb":{"@id":"https:\/\/www.aspilsan.com\/kurumsal\/yayinlarimiz-2\/#breadcrumb"},"inLanguage":"en-US","potentialAction":[{"@type":"ReadAction","target":["https:\/\/www.aspilsan.com\/kurumsal\/yayinlarimiz-2\/"]}]},{"@type":"BreadcrumbList","@id":"https:\/\/www.aspilsan.com\/kurumsal\/yayinlarimiz-2\/#breadcrumb","itemListElement":[{"@type":"ListItem","position":1,"name":"Anasayfa","item":"https:\/\/www.aspilsan.com\/"},{"@type":"ListItem","position":2,"name":"Kurumsal","item":"https:\/\/www.aspilsan.com\/kurumsal\/"},{"@type":"ListItem","position":3,"name":"Yay\u0131nlar\u0131m\u0131z"}]},{"@type":"WebSite","@id":"https:\/\/www.aspilsan.com\/#website","url":"https:\/\/www.aspilsan.com\/","name":"ASP\u0130LSAN","description":"Teknolojinin Enerjisi","publisher":{"@id":"https:\/\/www.aspilsan.com\/#organization"},"potentialAction":[{"@type":"SearchAction","target":{"@type":"EntryPoint","urlTemplate":"https:\/\/www.aspilsan.com\/?s={search_term_string}"},"query-input":"required name=search_term_string"}],"inLanguage":"en-US"},{"@type":"Organization","@id":"https:\/\/www.aspilsan.com\/#organization","name":"ASP\u0130LSAN","url":"https:\/\/www.aspilsan.com\/","logo":{"@type":"ImageObject","inLanguage":"en-US","@id":"https:\/\/www.aspilsan.com\/#\/schema\/logo\/image\/","url":"https:\/\/www.aspilsan.com\/wp-content\/uploads\/2022\/03\/Aspilsan-Logo-300px.png","contentUrl":"https:\/\/www.aspilsan.com\/wp-content\/uploads\/2022\/03\/Aspilsan-Logo-300px.png","width":300,"height":56,"caption":"ASP\u0130LSAN"},"image":{"@id":"https:\/\/www.aspilsan.com\/#\/schema\/logo\/image\/"},"sameAs":["https:\/\/www.facebook.com\/people\/Aspilsan\/100028422177074\/","https:\/\/twitter.com\/aspilsan_enerji","https:\/\/www.instagram.com\/aspilsanenerji","https:\/\/www.linkedin.com\/company\/aspilsan"]}]}},"acf":[],"_links":{"self":[{"href":"https:\/\/www.aspilsan.com\/en\/wp-json\/wp\/v2\/pages\/8512","targetHints":{"allow":["GET"]}}],"collection":[{"href":"https:\/\/www.aspilsan.com\/en\/wp-json\/wp\/v2\/pages"}],"about":[{"href":"https:\/\/www.aspilsan.com\/en\/wp-json\/wp\/v2\/types\/page"}],"author":[{"embeddable":true,"href":"https:\/\/www.aspilsan.com\/en\/wp-json\/wp\/v2\/users\/7"}],"replies":[{"embeddable":true,"href":"https:\/\/www.aspilsan.com\/en\/wp-json\/wp\/v2\/comments?post=8512"}],"version-history":[{"count":2,"href":"https:\/\/www.aspilsan.com\/en\/wp-json\/wp\/v2\/pages\/8512\/revisions"}],"predecessor-version":[{"id":8522,"href":"https:\/\/www.aspilsan.com\/en\/wp-json\/wp\/v2\/pages\/8512\/revisions\/8522"}],"up":[{"embeddable":true,"href":"https:\/\/www.aspilsan.com\/en\/wp-json\/wp\/v2\/pages\/32"}],"wp:attachment":[{"href":"https:\/\/www.aspilsan.com\/en\/wp-json\/wp\/v2\/media?parent=8512"}],"curies":[{"name":"wp","href":"https:\/\/api.w.org\/{rel}","templated":true}]}}