{"id":8649,"date":"2025-09-12T10:03:23","date_gmt":"2025-09-12T07:03:23","guid":{"rendered":"https:\/\/www.aspilsan.com\/?page_id=8649"},"modified":"2025-09-12T10:03:23","modified_gmt":"2025-09-12T07:03:23","slug":"kvkk-basvuru-formu","status":"publish","type":"page","link":"https:\/\/www.aspilsan.com\/en\/kvkk-basvuru-formu\/","title":{"rendered":"KVKK Ba\u015fvuru Formu"},"content":{"rendered":"<p><strong>\u0130LG\u0130L\u0130 K\u0130\u015e\u0130 (K\u0130\u015e\u0130SEL VER\u0130 SAH\u0130B\u0130) K\u0130\u015e\u0130SEL VER\u0130LER\u0130N KORUNMASINA \u0130L\u0130\u015eK\u0130N BA\u015eVURU FORMU<\/strong><\/p>\n<p>6698 say\u0131l\u0131 Ki\u015fisel Verilerin Korunmas\u0131 Kanunu\u2019nun (\u201cKanun\u201d) 11. maddesinde say\u0131lan haklar\u0131n\u0131z kapsam\u0131nda yer alan a\u015fa\u011f\u0131daki taleplerinize ili\u015fkin taraf\u0131m\u0131za i\u015fbu formda a\u00e7\u0131klanan y\u00f6ntem ve usullerde ba\u015fvuru ger\u00e7ekle\u015ftirebilirsiniz.<\/p>\n<p>Veri Sorumlusu:\u00a0 ASP\u0130LSAN ENERJ\u0130 SAN.VE T\u0130C. A. \u015e.<br \/>\nS\u00f6z konusu haklar\u0131n\u0131z\u0131 a\u015fa\u011f\u0131daki y\u00f6ntem ve \u015fekiller ile kullanabilirsiniz.<\/p>\n<p>&nbsp;<\/p>\n<table width=\"100%\">\n<tbody>\n<tr>\n<td>&nbsp;<\/td>\n<td><strong>Y\u00d6NTEM\/USUL<\/strong><\/td>\n<td><strong>ADRES<\/strong><\/td>\n<td><strong>A\u00c7IKLAMA<\/strong><\/td>\n<\/tr>\n<tr>\n<td>Yaz\u0131l\u0131 Ba\u015fvuru<\/td>\n<td>Islak \u0130mzal\u0131 olarak \u015fahsen yahut Noter Kanal\u0131 ile yap\u0131labilecektir<\/td>\n<td>Mimarsinan OSB Mah., Cad., No.43, Melikgazi, Kayseri<\/td>\n<td>\u0130\u015fbu formda yer alan ilgili bilgi ve belgeler belirtilerek gere\u011fi yerine getirilecek ve ba\u015fvuru formu zarf\u0131\/tebligat\u0131 \u00fczerine \u201cKVKK \u0130lgili Ki\u015fi Ba\u015fvurusu\u201d yaz\u0131lacakt\u0131r.<\/td>\n<\/tr>\n<tr>\n<td>Kay\u0131tl\u0131 Elektronik Posta (KEP) \u0130le Ba\u015fvuru<\/td>\n<td>Kay\u0131tl\u0131 elektronik<br \/>\nposta (KEP) adresi<br \/>\nile yap\u0131labilecektir<\/td>\n<td>\u00a0aspilsan@hs01.kep.tr<\/td>\n<td>KEP iletisi i\u00e7eri\u011finde i\u015fbu formda yer alan ilgili bilgi ve belgeler belirtilerek gere\u011fi yerine getirilecek ve konu k\u0131sm\u0131na \u201cKVKK \u0130lgili Ki\u015fi Ba\u015fvurusu\u201d yaz\u0131lacakt\u0131r.<\/td>\n<\/tr>\n<tr>\n<td>Elektronik Posta (e-mail) \u0130le Ba\u015fvuru<\/td>\n<td>Kay\u0131t e-posta adresiniz ile veya Mobil imza\/e-imza i\u00e7erecek \u015fekilde olu\u015fturulan e-mail ile yap\u0131labilecektir.<\/td>\n<td>\u00a0www.aspilsan.com<\/p>\n<p>aspilsan@aspilsan.com<\/td>\n<td>E-mail ileti i\u00e7eri\u011finde i\u015fbu formda yer alan ilgili bilgi ve belgeler belirtilerek gere\u011fi yerine getirilecek ve konu k\u0131sm\u0131na \u201cKVKK \u0130lgili Ki\u015fi Ba\u015fvurusu\u201d yaz\u0131lacakt\u0131r.<\/td>\n<\/tr>\n<\/tbody>\n<\/table>\n<p>&nbsp;<\/p>\n<p>Taraf\u0131m\u0131za i\u015fbu formda belirtilen usul ve esaslara uygun ba\u015fvuruda bulunman\u0131z halinde; talepleriniz, niteli\u011fine g\u00f6re en k\u0131sa s\u00fcrede ve en ge\u00e7 otuz g\u00fcn i\u00e7inde \u00fccretsiz olarak sonu\u00e7land\u0131r\u0131r. Ancak, i\u015flemin ayr\u0131ca bir maliyeti gerektirmesi h\u00e2linde, Ki\u015fisel Verileri Koruma Kurulunca belirlenen tarifedeki \u00fccret talep edilebilecektir.<\/p>\n<p>Yan\u0131tlar\u0131m\u0131z yaz\u0131l\u0131 veya elektronik ortamdan taraf\u0131n\u0131za ula\u015ft\u0131r\u0131lacakt\u0131r. Bu nedenle l\u00fctfen taraf\u0131n\u0131za ula\u015fmam\u0131z\u0131 istedi\u011finiz kanal\u0131 ve ilgili bilgileri a\u015fa\u011f\u0131daki \u015fekilde belirtiniz.<\/p>\n<p>&nbsp;<\/p>\n<table width=\"100%\">\n<tbody>\n<tr>\n<td>\u0130sim<\/td>\n<td colspan=\"2\">&nbsp;<\/td>\n<\/tr>\n<tr>\n<td>Soy isim<\/td>\n<td colspan=\"2\">&nbsp;<\/td>\n<\/tr>\n<tr>\n<td>T.C Kimlik Numaras\u0131<\/td>\n<td colspan=\"2\">&nbsp;<\/td>\n<\/tr>\n<tr>\n<td>Telefon<\/td>\n<td colspan=\"2\">&nbsp;<\/td>\n<\/tr>\n<tr>\n<td>Adres<\/td>\n<td colspan=\"2\">&nbsp;<\/td>\n<\/tr>\n<tr>\n<td>KEP Adresi<br \/>\nE-posta<\/td>\n<td colspan=\"2\">&nbsp;<\/td>\n<\/tr>\n<tr>\n<td colspan=\"3\">Cevab\u0131n a\u015fa\u011f\u0131da belirtti\u011fim y\u00f6ntemle taraf\u0131ma g\u00f6nderilmesini talep ediyorum (L\u00fctfen birini se\u00e7iniz)<\/td>\n<\/tr>\n<tr>\n<td>KEP<\/td>\n<td>E-Posta<\/td>\n<td>Adres (Kargo)<\/td>\n<\/tr>\n<tr>\n<td>&nbsp;<\/td>\n<td>&nbsp;<\/td>\n<td>&nbsp;<\/td>\n<\/tr>\n<\/tbody>\n<\/table>\n<p>&nbsp;<\/p>\n<p>Ba\u015fvurunuzu de\u011ferlendirebilmek ad\u0131na l\u00fctfen \u015firketimiz ile olan ili\u015fi\u011finizi a\u015fa\u011f\u0131daki bilgileri yan\u0131tlayarak belirtiniz.<\/p>\n<p>&nbsp;<\/p>\n<table width=\"100%\">\n<tbody>\n<tr>\n<td>\u0130li\u015fik sebebi<\/td>\n<td>\u00b7\u00a0\u00a0\u00a0\u00a0\u00a0\u00a0\u00a0\u00a0 M\u00fc\u015fteri<\/p>\n<p>\u00b7\u00a0\u00a0\u00a0\u00a0\u00a0\u00a0\u00a0\u00a0 Eski \u00c7al\u0131\u015fan<\/p>\n<p>\u00b7\u00a0\u00a0\u00a0\u00a0\u00a0\u00a0\u00a0\u00a0 Potansiyel M\u00fc\u015fteri<\/p>\n<p>\u00b7\u00a0\u00a0\u00a0\u00a0\u00a0\u00a0\u00a0\u00a0 \u0130\u015f Ba\u015fvurusu\/CV G\u00f6nderimi Yapan<\/p>\n<p>\u00b7\u00a0\u00a0\u00a0\u00a0\u00a0\u00a0\u00a0\u00a0 Di\u011fer \u2026\u2026\u2026\u2026\u2026\u2026\u2026\u2026<\/td>\n<\/tr>\n<tr>\n<td colspan=\"2\">A\u00e7\u0131klama (ili\u015fkinin kayna\u011f\u0131, ileti\u015fimde oldu\u011funuz birim, tarih, ili\u015fi\u011fin s\u00fcresi, s\u00f6zle\u015fme vb. bilgiler):<\/td>\n<\/tr>\n<\/tbody>\n<\/table>\n<p>&nbsp;<\/p>\n<p>Taraf\u0131m\u0131za yapaca\u011f\u0131n\u0131z ba\u015fvuruyu de\u011ferlendirebilmek ad\u0131na l\u00fctfen i\u015fbu formun ilk k\u0131s\u0131mda ve Kanun\u2019un 11. maddesinde belirtilen haklar\u0131n\u0131z kapsam\u0131ndaki talebinizi detayl\u0131 olarak belirtiniz.<\/p>\n<p>&nbsp;<\/p>\n<table width=\"100%\">\n<tbody>\n<tr>\n<td>&nbsp;<\/td>\n<\/tr>\n<\/tbody>\n<\/table>\n<p>&nbsp;<\/p>\n<p><strong>AYDINLATMA METN\u0130<\/strong><\/p>\n<p>\u0130\u015fbu ba\u015fvuru formu, ba\u015fvurunuzun de\u011ferlendirilerek neticelendirilmesi i\u00e7in \u015eirketimiz ile olan ili\u015fkinizi tespit etmek ba\u015fvurunuzda yer alan talepleri yan\u0131tlamak, ilgili ki\u015fi olarak ki\u015fisel verilerinizi tespit etmek ve ilgili ba\u015fvurunuza do\u011fru ve kanuni s\u00fcresinde cevap verebilmek i\u00e7in tanzim edilmi\u015ftir. \u015eirketimizin, ba\u015fvuru kapsam\u0131nda kimlik ve yetki tespiti i\u00e7in ve ba\u015fvurunun de\u011ferlendirilmesi i\u00e7in ek bilgi ve belge talep etme hakk\u0131n\u0131 sakl\u0131d\u0131r. Ba\u015fvurunuz kapsam\u0131nda iletti\u011finiz taleplerinize ili\u015fkin bilgi ve belgelerin yetkili ki\u015fi taraf\u0131ndan iletilmesi ve do\u011fru ve g\u00fcncel olmas\u0131 gereklidir. Yetkisiz bir ba\u015fvuru yap\u0131lmas\u0131 halinde ve bilgilerin do\u011fru ve g\u00fcncel olmad\u0131\u011f\u0131n\u0131n tespiti halinde \u015eirketimiz, sorumluluk almayacakt\u0131r ve bu durumda \u015eirketimizin ba\u015fvuruyu reddetme hakk\u0131 sakl\u0131d\u0131r. \u0130\u015fbu formda belirtilen ve taraf\u0131m\u0131za iletilen bilgi ve belgeler Kanun\u2019un 13\u2019\u00fcnc\u00fc maddesi uyar\u0131nca yap\u0131lan ba\u015fvurunun de\u011ferlendirilmesi, cevapland\u0131r\u0131lmas\u0131 ve neticelendirilmesi ama\u00e7lar\u0131yla s\u0131n\u0131rl\u0131 olarak \u015eirketimiz taraf\u0131ndan i\u015flenecektir.\u00a0 \u0130\u015fbu form ve ba\u015fvuru kapsam\u0131nda elde edilen bilgiler yaz\u0131l\u0131, s\u00f6zl\u00fc olarak ve elektronik ortamda yahut fiziki ortamda toplanabilecektir. \u0130\u015fbu kapsamda y\u00fcr\u00fct\u00fclen inceleme do\u011frultusunda ilgili bilgiler \u015firket ve i\u015ftirakleri ile s\u00f6z konusu ba\u015fvurunun neticelendirilmesi i\u00e7in avukatl\u0131k ofisi gibi hizmet al\u0131nan \u00fc\u00e7\u00fcnc\u00fc ki\u015fi ve \u015firketler ile payla\u015f\u0131labilecektir. Kanun\u2019un 11. maddesinde yer alan haklar\u0131n\u0131z\u0131 i\u015fbu formda belirtilen usul ve ko\u015fullarda kullanabilirsiniz.<\/p>\n<p><strong>Ba\u015fvuru Sahibi \u0130lgili Ki\u015fi (Ki\u015fisel Veri Sahibi) Ad\u0131 Soyad\u0131:<br \/>\nBa\u015fvuru Tarihi:<br \/>\n\u0130mza:<\/strong><\/p>","protected":false},"excerpt":{"rendered":"<p>\u0130LG\u0130L\u0130 K\u0130\u015e\u0130 (K\u0130\u015e\u0130SEL VER\u0130 SAH\u0130B\u0130) K\u0130\u015e\u0130SEL VER\u0130LER\u0130N KORUNMASINA \u0130L\u0130\u015eK\u0130N BA\u015eVURU FORMU 6698 say\u0131l\u0131 Ki\u015fisel Verilerin Korunmas\u0131 Kanunu\u2019nun (\u201cKanun\u201d) 11. maddesinde say\u0131lan haklar\u0131n\u0131z kapsam\u0131nda yer alan a\u015fa\u011f\u0131daki taleplerinize ili\u015fkin taraf\u0131m\u0131za i\u015fbu formda a\u00e7\u0131klanan y\u00f6ntem ve usullerde ba\u015fvuru ger\u00e7ekle\u015ftirebilirsiniz. Veri Sorumlusu:\u00a0 ASP\u0130LSAN ENERJ\u0130 SAN.VE T\u0130C. A. \u015e. S\u00f6z konusu haklar\u0131n\u0131z\u0131 a\u015fa\u011f\u0131daki y\u00f6ntem ve \u015fekiller ile kullanabilirsiniz. &nbsp;&#8230;<\/p>","protected":false},"author":1,"featured_media":0,"parent":0,"menu_order":0,"comment_status":"closed","ping_status":"closed","template":"","meta":{"om_disable_all_campaigns":false,"_mi_skip_tracking":false,"_themeisle_gutenberg_block_has_review":false,"footnotes":""},"class_list":["post-8649","page","type-page","status-publish","hentry"],"aioseo_notices":[],"yoast_head":"<!-- This site is optimized with the Yoast SEO plugin v20.5 - https:\/\/yoast.com\/wordpress\/plugins\/seo\/ -->\n<title>KVKK Ba\u015fvuru Formu - ASP\u0130LSAN<\/title>\n<meta name=\"robots\" content=\"index, follow, max-snippet:-1, max-image-preview:large, max-video-preview:-1\" \/>\n<link rel=\"canonical\" href=\"https:\/\/www.aspilsan.com\/en\/kvkk-basvuru-formu\/\" \/>\n<meta property=\"og:locale\" content=\"en_US\" \/>\n<meta property=\"og:type\" content=\"article\" \/>\n<meta property=\"og:title\" content=\"KVKK Ba\u015fvuru Formu - ASP\u0130LSAN\" \/>\n<meta property=\"og:description\" content=\"\u0130LG\u0130L\u0130 K\u0130\u015e\u0130 (K\u0130\u015e\u0130SEL VER\u0130 SAH\u0130B\u0130) K\u0130\u015e\u0130SEL VER\u0130LER\u0130N KORUNMASINA \u0130L\u0130\u015eK\u0130N BA\u015eVURU FORMU 6698 say\u0131l\u0131 Ki\u015fisel Verilerin Korunmas\u0131 Kanunu\u2019nun (\u201cKanun\u201d) 11. maddesinde say\u0131lan haklar\u0131n\u0131z kapsam\u0131nda yer alan a\u015fa\u011f\u0131daki taleplerinize ili\u015fkin taraf\u0131m\u0131za i\u015fbu formda a\u00e7\u0131klanan y\u00f6ntem ve usullerde ba\u015fvuru ger\u00e7ekle\u015ftirebilirsiniz. Veri Sorumlusu:\u00a0 ASP\u0130LSAN ENERJ\u0130 SAN.VE T\u0130C. A. \u015e. S\u00f6z konusu haklar\u0131n\u0131z\u0131 a\u015fa\u011f\u0131daki y\u00f6ntem ve \u015fekiller ile kullanabilirsiniz. &nbsp;...\" \/>\n<meta property=\"og:url\" content=\"https:\/\/www.aspilsan.com\/en\/kvkk-basvuru-formu\/\" \/>\n<meta property=\"og:site_name\" content=\"ASP\u0130LSAN\" \/>\n<meta property=\"article:publisher\" content=\"https:\/\/www.facebook.com\/people\/Aspilsan\/100028422177074\/\" \/>\n<meta name=\"twitter:card\" content=\"summary_large_image\" \/>\n<meta name=\"twitter:site\" content=\"@aspilsan_enerji\" \/>\n<meta name=\"twitter:label1\" content=\"Est. reading time\" \/>\n\t<meta name=\"twitter:data1\" content=\"4 minutes\" \/>\n<script type=\"application\/ld+json\" class=\"yoast-schema-graph\">{\"@context\":\"https:\/\/schema.org\",\"@graph\":[{\"@type\":\"WebPage\",\"@id\":\"https:\/\/www.aspilsan.com\/kvkk-basvuru-formu\/\",\"url\":\"https:\/\/www.aspilsan.com\/kvkk-basvuru-formu\/\",\"name\":\"KVKK Ba\u015fvuru Formu - ASP\u0130LSAN\",\"isPartOf\":{\"@id\":\"https:\/\/www.aspilsan.com\/#website\"},\"datePublished\":\"2025-09-12T07:03:23+00:00\",\"dateModified\":\"2025-09-12T07:03:23+00:00\",\"breadcrumb\":{\"@id\":\"https:\/\/www.aspilsan.com\/kvkk-basvuru-formu\/#breadcrumb\"},\"inLanguage\":\"en-US\",\"potentialAction\":[{\"@type\":\"ReadAction\",\"target\":[\"https:\/\/www.aspilsan.com\/kvkk-basvuru-formu\/\"]}]},{\"@type\":\"BreadcrumbList\",\"@id\":\"https:\/\/www.aspilsan.com\/kvkk-basvuru-formu\/#breadcrumb\",\"itemListElement\":[{\"@type\":\"ListItem\",\"position\":1,\"name\":\"Anasayfa\",\"item\":\"https:\/\/www.aspilsan.com\/\"},{\"@type\":\"ListItem\",\"position\":2,\"name\":\"KVKK Ba\u015fvuru Formu\"}]},{\"@type\":\"WebSite\",\"@id\":\"https:\/\/www.aspilsan.com\/#website\",\"url\":\"https:\/\/www.aspilsan.com\/\",\"name\":\"ASP\u0130LSAN\",\"description\":\"Teknolojinin Enerjisi\",\"publisher\":{\"@id\":\"https:\/\/www.aspilsan.com\/#organization\"},\"potentialAction\":[{\"@type\":\"SearchAction\",\"target\":{\"@type\":\"EntryPoint\",\"urlTemplate\":\"https:\/\/www.aspilsan.com\/?s={search_term_string}\"},\"query-input\":\"required name=search_term_string\"}],\"inLanguage\":\"en-US\"},{\"@type\":\"Organization\",\"@id\":\"https:\/\/www.aspilsan.com\/#organization\",\"name\":\"ASP\u0130LSAN\",\"url\":\"https:\/\/www.aspilsan.com\/\",\"logo\":{\"@type\":\"ImageObject\",\"inLanguage\":\"en-US\",\"@id\":\"https:\/\/www.aspilsan.com\/#\/schema\/logo\/image\/\",\"url\":\"https:\/\/www.aspilsan.com\/wp-content\/uploads\/2022\/03\/Aspilsan-Logo-300px.png\",\"contentUrl\":\"https:\/\/www.aspilsan.com\/wp-content\/uploads\/2022\/03\/Aspilsan-Logo-300px.png\",\"width\":300,\"height\":56,\"caption\":\"ASP\u0130LSAN\"},\"image\":{\"@id\":\"https:\/\/www.aspilsan.com\/#\/schema\/logo\/image\/\"},\"sameAs\":[\"https:\/\/www.facebook.com\/people\/Aspilsan\/100028422177074\/\",\"https:\/\/twitter.com\/aspilsan_enerji\",\"https:\/\/www.instagram.com\/aspilsanenerji\",\"https:\/\/www.linkedin.com\/company\/aspilsan\"]}]}<\/script>\n<!-- \/ Yoast SEO plugin. -->","yoast_head_json":{"title":"KVKK Ba\u015fvuru Formu - ASP\u0130LSAN","robots":{"index":"index","follow":"follow","max-snippet":"max-snippet:-1","max-image-preview":"max-image-preview:large","max-video-preview":"max-video-preview:-1"},"canonical":"https:\/\/www.aspilsan.com\/en\/kvkk-basvuru-formu\/","og_locale":"en_US","og_type":"article","og_title":"KVKK Ba\u015fvuru Formu - ASP\u0130LSAN","og_description":"\u0130LG\u0130L\u0130 K\u0130\u015e\u0130 (K\u0130\u015e\u0130SEL VER\u0130 SAH\u0130B\u0130) K\u0130\u015e\u0130SEL VER\u0130LER\u0130N KORUNMASINA \u0130L\u0130\u015eK\u0130N BA\u015eVURU FORMU 6698 say\u0131l\u0131 Ki\u015fisel Verilerin Korunmas\u0131 Kanunu\u2019nun (\u201cKanun\u201d) 11. maddesinde say\u0131lan haklar\u0131n\u0131z kapsam\u0131nda yer alan a\u015fa\u011f\u0131daki taleplerinize ili\u015fkin taraf\u0131m\u0131za i\u015fbu formda a\u00e7\u0131klanan y\u00f6ntem ve usullerde ba\u015fvuru ger\u00e7ekle\u015ftirebilirsiniz. Veri Sorumlusu:\u00a0 ASP\u0130LSAN ENERJ\u0130 SAN.VE T\u0130C. A. \u015e. S\u00f6z konusu haklar\u0131n\u0131z\u0131 a\u015fa\u011f\u0131daki y\u00f6ntem ve \u015fekiller ile kullanabilirsiniz. &nbsp;...","og_url":"https:\/\/www.aspilsan.com\/en\/kvkk-basvuru-formu\/","og_site_name":"ASP\u0130LSAN","article_publisher":"https:\/\/www.facebook.com\/people\/Aspilsan\/100028422177074\/","twitter_card":"summary_large_image","twitter_site":"@aspilsan_enerji","twitter_misc":{"Est. reading time":"4 minutes"},"schema":{"@context":"https:\/\/schema.org","@graph":[{"@type":"WebPage","@id":"https:\/\/www.aspilsan.com\/kvkk-basvuru-formu\/","url":"https:\/\/www.aspilsan.com\/kvkk-basvuru-formu\/","name":"KVKK Ba\u015fvuru Formu - ASP\u0130LSAN","isPartOf":{"@id":"https:\/\/www.aspilsan.com\/#website"},"datePublished":"2025-09-12T07:03:23+00:00","dateModified":"2025-09-12T07:03:23+00:00","breadcrumb":{"@id":"https:\/\/www.aspilsan.com\/kvkk-basvuru-formu\/#breadcrumb"},"inLanguage":"en-US","potentialAction":[{"@type":"ReadAction","target":["https:\/\/www.aspilsan.com\/kvkk-basvuru-formu\/"]}]},{"@type":"BreadcrumbList","@id":"https:\/\/www.aspilsan.com\/kvkk-basvuru-formu\/#breadcrumb","itemListElement":[{"@type":"ListItem","position":1,"name":"Anasayfa","item":"https:\/\/www.aspilsan.com\/"},{"@type":"ListItem","position":2,"name":"KVKK Ba\u015fvuru Formu"}]},{"@type":"WebSite","@id":"https:\/\/www.aspilsan.com\/#website","url":"https:\/\/www.aspilsan.com\/","name":"ASP\u0130LSAN","description":"Teknolojinin Enerjisi","publisher":{"@id":"https:\/\/www.aspilsan.com\/#organization"},"potentialAction":[{"@type":"SearchAction","target":{"@type":"EntryPoint","urlTemplate":"https:\/\/www.aspilsan.com\/?s={search_term_string}"},"query-input":"required name=search_term_string"}],"inLanguage":"en-US"},{"@type":"Organization","@id":"https:\/\/www.aspilsan.com\/#organization","name":"ASP\u0130LSAN","url":"https:\/\/www.aspilsan.com\/","logo":{"@type":"ImageObject","inLanguage":"en-US","@id":"https:\/\/www.aspilsan.com\/#\/schema\/logo\/image\/","url":"https:\/\/www.aspilsan.com\/wp-content\/uploads\/2022\/03\/Aspilsan-Logo-300px.png","contentUrl":"https:\/\/www.aspilsan.com\/wp-content\/uploads\/2022\/03\/Aspilsan-Logo-300px.png","width":300,"height":56,"caption":"ASP\u0130LSAN"},"image":{"@id":"https:\/\/www.aspilsan.com\/#\/schema\/logo\/image\/"},"sameAs":["https:\/\/www.facebook.com\/people\/Aspilsan\/100028422177074\/","https:\/\/twitter.com\/aspilsan_enerji","https:\/\/www.instagram.com\/aspilsanenerji","https:\/\/www.linkedin.com\/company\/aspilsan"]}]}},"acf":[],"_links":{"self":[{"href":"https:\/\/www.aspilsan.com\/en\/wp-json\/wp\/v2\/pages\/8649","targetHints":{"allow":["GET"]}}],"collection":[{"href":"https:\/\/www.aspilsan.com\/en\/wp-json\/wp\/v2\/pages"}],"about":[{"href":"https:\/\/www.aspilsan.com\/en\/wp-json\/wp\/v2\/types\/page"}],"author":[{"embeddable":true,"href":"https:\/\/www.aspilsan.com\/en\/wp-json\/wp\/v2\/users\/1"}],"replies":[{"embeddable":true,"href":"https:\/\/www.aspilsan.com\/en\/wp-json\/wp\/v2\/comments?post=8649"}],"version-history":[{"count":1,"href":"https:\/\/www.aspilsan.com\/en\/wp-json\/wp\/v2\/pages\/8649\/revisions"}],"predecessor-version":[{"id":8650,"href":"https:\/\/www.aspilsan.com\/en\/wp-json\/wp\/v2\/pages\/8649\/revisions\/8650"}],"wp:attachment":[{"href":"https:\/\/www.aspilsan.com\/en\/wp-json\/wp\/v2\/media?parent=8649"}],"curies":[{"name":"wp","href":"https:\/\/api.w.org\/{rel}","templated":true}]}}