{"id":8652,"date":"2025-09-12T10:33:34","date_gmt":"2025-09-12T07:33:34","guid":{"rendered":"https:\/\/www.aspilsan.com\/?page_id=8652"},"modified":"2025-09-12T10:34:09","modified_gmt":"2025-09-12T07:34:09","slug":"cagri-merkezi-aydinlatma-metni","status":"publish","type":"page","link":"https:\/\/www.aspilsan.com\/en\/cagri-merkezi-aydinlatma-metni\/","title":{"rendered":"\u00c7a\u011fr\u0131 Merkezi Ayd\u0131nlatma Metni"},"content":{"rendered":"<p><strong>K\u0130\u015e\u0130SEL VER\u0130LER\u0130N \u0130\u015eLENMES\u0130NE \u0130L\u0130\u015eK\u0130N <\/strong><strong>\u00c7A\u011eRI MERKEZ\u0130 AYDINLATMA METN\u0130<\/strong><\/p>\n<p><strong>ASP\u0130LSAN ENERJ\u0130 SAN VE T\u0130C A.\u015e. <\/strong>(Bundan b\u00f6yle k\u0131saca\u00a0<strong>\u201c\u015eirket\u201d<\/strong>\u00a0olarak an\u0131lacakt\u0131r.) taraf\u0131ndan veri sorumlusu s\u0131fat\u0131yla, \u015eirket\u2019i telefon ile arama yoluyla \u00fczerinden ileti\u015fime ge\u00e7en ki\u015filerin ki\u015fisel verileri 6698 say\u0131l\u0131 Ki\u015fisel Verilerin Korunmas\u0131 Kanunu (\u201c<strong>Kanun<\/strong>\u201d) kapsam\u0131nda Kanun\u2019a uygun olarak saklanacak, i\u015flenecek, mevzuat\u0131n izin verdi\u011fi durumlarda ve \u00f6l\u00e7\u00fcde \u00fc\u00e7\u00fcnc\u00fc ki\u015filere aktar\u0131lacakt\u0131r.<\/p>\n<p><strong>1.\u00a0 \u00a0 \u0130LG\u0130L\u0130 K\u0130\u015e\u0130<\/strong><\/p>\n<p>Ayd\u0131nlatma Metni kapsam\u0131ndaki veri sahibi ilgili ki\u015filer, \u015eirket\u2019in resmi ileti\u015fim adreslerinden \u015eirket ile ileti\u015fime ge\u00e7en t\u00fcm ger\u00e7ek ki\u015filerdir.<br \/>\n<strong>2.\u00a0 \u00a0 VER\u0130 SORUMLUSU VE TEMS\u0130LC\u0130S\u0130N\u0130N K\u0130ML\u0130\u011e\u0130<\/strong><\/p>\n<p>Ki\u015fisel verilerinizin i\u015flenmesine ili\u015fkin sorular\u0131n\u0131z i\u00e7in\u00a0\u00a0\u00a0 www.aspilsan.com adresi \u00fczerinden \u015eirket \u0130rtibat Ki\u015fisi ile ileti\u015fime ge\u00e7ebilirsiniz.<\/p>\n<p><strong>3.\u00a0 \u00a0 \u0130\u015eLENEN K\u0130\u015e\u0130SEL VER\u0130LER, K\u0130\u015e\u0130SEL VER\u0130 \u0130\u015eLEME AMA\u00c7LARI, HUKUK\u0130 SEBEPLER VE TOPLAMA Y\u00d6NTEMLER\u0130<\/strong><\/p>\n<p>\u0130\u015fbu Ayd\u0131nlatma Metninde belirtilen kanal ve y\u00f6ntemlerle toplanan ki\u015fisel verileriniz (ad-soyad\u0131, ileti\u015fim bilgileri ve\u00a0 telefonda iletmi\u015f oldu\u011funuz her t\u00fcrl\u00fc bilgi, \u00e7a\u011fr\u0131 merkezi kay\u0131tlar\u0131) aranan ki\u015fiye do\u011fru hitap edilebilmesi, ileti\u015fim faaliyetlerinin y\u00fcr\u00fct\u00fclmesi, talep ve \u015fikayetlerin takibi, i\u00e7 denetim faaliyetlerinin y\u00fcr\u00fct\u00fclmesi, ki\u015fisel veri sahipleriyle yap\u0131lan g\u00f6r\u00fc\u015fmelerin hizmet\/i\u015flem g\u00fcvenli\u011finin sa\u011flanmas\u0131 amac\u0131yla kaydedilmesi, ileride \u00e7\u0131kabilecek uyu\u015fmazl\u0131klar\u0131n \u00e7\u00f6z\u00fcmlenmesi, \u015eirket\u2019in hukuki zeminde kendisine tan\u0131nan haklar\u0131n\u0131 kullanmas\u0131 veya korumas\u0131, gerekti\u011fi noktada geri d\u00f6n\u00fc\u015flerin sa\u011flanmas\u0131 ama\u00e7lar\u0131 ve ilgili ki\u015finin temel hak ve \u00f6zg\u00fcrl\u00fcklerine zarar vermemek kayd\u0131yla, veri sorumlusunun me\u015fru menfaatleri i\u00e7in veri i\u015flenmesinin zorunlu olmas\u0131 hukuki sebepleri dahilinde \u015eirket taraf\u0131ndan otomatik veya otomatik olmayan y\u00f6ntemlerle; bizzat veri sahibinin \u00e7a\u011fr\u0131 merkezimizle yapm\u0131\u015f oldu\u011fu g\u00f6r\u00fc\u015fmeler esnas\u0131nda ki\u015fisel verilerini payla\u015fmas\u0131 ve yap\u0131lan g\u00f6r\u00fc\u015fmelerin kay\u0131t alt\u0131na al\u0131nmas\u0131 suretiyle i\u015flenmektedir. \u0130\u015fbu s\u00fcre\u00e7te elde edilen \u00e7a\u011fr\u0131 merkezi ses kay\u0131tlar\u0131 6563 Say\u0131l\u0131 Kanun ve ilgili mevzuat gere\u011fi 3 y\u0131l boyunca saklanacak olup ard\u0131ndan kanunen gerekmesi halinde silinecektir.<\/p>\n<p><strong>4.\u00a0 \u00a0 K\u0130\u015e\u0130SEL VER\u0130LER\u0130N AKTARILMASI<\/strong><\/p>\n<p>Toplanan ki\u015fisel verileriniz hukuki uyu\u015fmazl\u0131klar\u0131n giderilmesi veya ilgili mevzuat\u0131 gere\u011fi talep halinde adli makamlar, ilgili kolluk kuvvetleri ve di\u011fer yetkili kurum ve kurulu\u015flar ile payla\u015f\u0131labilecektir.<\/p>\n<p>&nbsp;<\/p>\n<p><strong>5.\u00a0 \u00a0 KANUN KAPSAMINDAK\u0130 HAKLARINIZ<\/strong><\/p>\n<p>Ki\u015fisel veri sahipleri olarak, haklar\u0131n\u0131za ili\u015fkin taleplerinizi ilgili ki\u015fi ba\u015fvuru prosed\u00fcr\u00fcnde d\u00fczenlenen y\u00f6ntemlerle www.aspilsan.com web adresinde yay\u0131nlanan\u00a0<strong>\u0130lgili Ki\u015fi Ba\u015fvuru Formu<\/strong><strong>\u2019<\/strong>nu doldurmak veya Veri Sorumlusuna Ba\u015fvuru Usul ve Esaslar\u0131 Hakk\u0131nda Tebli\u011f\u2019de belirtilen \u015fekilde Mimarsinan OSB Mah.1. Cad. No:43, Melikgazi \/ Kayseri adresine veyahut www.aspilsan.com irtibat adresine iletmeniz durumunda \u00a0\u015eirket \u00a0talebin niteli\u011fine g\u00f6re talebi en k\u0131sa s\u00fcrede ve tebli\u011fden itibaren en ge\u00e7 otuz g\u00fcn i\u00e7inde \u00fccretsiz olarak sonu\u00e7land\u0131racakt\u0131r. \u00a0Bu kapsamda ki\u015fisel veri sahipleri; ki\u015fisel veri i\u015flenip i\u015flenmedi\u011fini \u00f6\u011frenme, ki\u015fisel verileri i\u015flenmi\u015fse buna ili\u015fkin bilgi talep etme ve di\u011fer Kanun\u2019un 11. maddesinde say\u0131lan haklar\u0131na sahiptir. Ki\u015fisel verileriniz ile alakal\u0131 haklar\u0131n\u0131z ve i\u015flenen ki\u015fisel verilerinize ili\u015fkin detayl\u0131 bilgiye <a href=\"https:\/\/www.aspilsan.com\/en\/\">www.aspilsan.com<\/a>\u2019 dan ula\u015fabilirsiniz.<\/p>\n<p><strong>\u00a0<\/strong><\/p>\n<p><strong>Veri Sorumlusu \u00a0\u00a0\u00a0\u00a0\u00a0\u00a0 :<\/strong>\u00a0 ASP\u0130LSAN ENERJ\u0130 SAN.VE T\u0130C.A.\u015e.<\/p>\n<p><strong>Adres\u00a0\u00a0\u00a0\u00a0\u00a0\u00a0\u00a0\u00a0\u00a0\u00a0\u00a0\u00a0 \u00a0\u00a0\u00a0\u00a0\u00a0\u00a0\u00a0\u00a0\u00a0\u00a0\u00a0 :<\/strong>\u00a0Mimarsinan Organize San.Mah.1.Cad. No:43, Melikgazi,Kayseri<\/p>\n<p><strong>Telefon\u00a0\u00a0\u00a0\u00a0\u00a0\u00a0\u00a0\u00a0\u00a0\u00a0 \u00a0 \u00a0\u00a0\u00a0\u00a0\u00a0\u00a0\u00a0\u00a0\u00a0 :<\/strong>\u00a0 0 352 321 12 15<\/p>\n<p><strong>E-posta\u00a0\u00a0\u00a0\u00a0\u00a0\u00a0\u00a0\u00a0\u00a0\u00a0\u00a0\u00a0 \u00a0\u00a0\u00a0\u00a0\u00a0\u00a0\u00a0\u00a0\u00a0<\/strong>: aspilsan@aspilsan.com<\/p>","protected":false},"excerpt":{"rendered":"<p>K\u0130\u015e\u0130SEL VER\u0130LER\u0130N \u0130\u015eLENMES\u0130NE \u0130L\u0130\u015eK\u0130N \u00c7A\u011eRI MERKEZ\u0130 AYDINLATMA METN\u0130 ASP\u0130LSAN ENERJ\u0130 SAN VE T\u0130C A.\u015e. (Bundan b\u00f6yle k\u0131saca\u00a0\u201c\u015eirket\u201d\u00a0olarak an\u0131lacakt\u0131r.) taraf\u0131ndan veri sorumlusu s\u0131fat\u0131yla, \u015eirket\u2019i telefon ile arama yoluyla \u00fczerinden ileti\u015fime ge\u00e7en ki\u015filerin ki\u015fisel verileri 6698 say\u0131l\u0131 Ki\u015fisel Verilerin Korunmas\u0131 Kanunu (\u201cKanun\u201d) kapsam\u0131nda Kanun\u2019a uygun olarak saklanacak, i\u015flenecek, mevzuat\u0131n izin verdi\u011fi durumlarda ve \u00f6l\u00e7\u00fcde \u00fc\u00e7\u00fcnc\u00fc ki\u015filere aktar\u0131lacakt\u0131r&#8230;.<\/p>","protected":false},"author":1,"featured_media":0,"parent":0,"menu_order":0,"comment_status":"closed","ping_status":"closed","template":"","meta":{"om_disable_all_campaigns":false,"_mi_skip_tracking":false,"_themeisle_gutenberg_block_has_review":false,"footnotes":""},"class_list":["post-8652","page","type-page","status-publish","hentry"],"aioseo_notices":[],"yoast_head":"<!-- This site is optimized with the Yoast SEO plugin v20.5 - https:\/\/yoast.com\/wordpress\/plugins\/seo\/ -->\n<title>\u00c7a\u011fr\u0131 Merkezi Ayd\u0131nlatma Metni - ASP\u0130LSAN<\/title>\n<meta name=\"robots\" content=\"index, follow, max-snippet:-1, max-image-preview:large, max-video-preview:-1\" \/>\n<link rel=\"canonical\" href=\"https:\/\/www.aspilsan.com\/en\/cagri-merkezi-aydinlatma-metni\/\" \/>\n<meta property=\"og:locale\" content=\"en_US\" \/>\n<meta property=\"og:type\" content=\"article\" \/>\n<meta property=\"og:title\" content=\"\u00c7a\u011fr\u0131 Merkezi Ayd\u0131nlatma Metni - ASP\u0130LSAN\" \/>\n<meta property=\"og:description\" content=\"K\u0130\u015e\u0130SEL VER\u0130LER\u0130N \u0130\u015eLENMES\u0130NE \u0130L\u0130\u015eK\u0130N \u00c7A\u011eRI MERKEZ\u0130 AYDINLATMA METN\u0130 ASP\u0130LSAN ENERJ\u0130 SAN VE T\u0130C A.\u015e. (Bundan b\u00f6yle k\u0131saca\u00a0\u201c\u015eirket\u201d\u00a0olarak an\u0131lacakt\u0131r.) taraf\u0131ndan veri sorumlusu s\u0131fat\u0131yla, \u015eirket\u2019i telefon ile arama yoluyla \u00fczerinden ileti\u015fime ge\u00e7en ki\u015filerin ki\u015fisel verileri 6698 say\u0131l\u0131 Ki\u015fisel Verilerin Korunmas\u0131 Kanunu (\u201cKanun\u201d) kapsam\u0131nda Kanun\u2019a uygun olarak saklanacak, i\u015flenecek, mevzuat\u0131n izin verdi\u011fi durumlarda ve \u00f6l\u00e7\u00fcde \u00fc\u00e7\u00fcnc\u00fc ki\u015filere aktar\u0131lacakt\u0131r....\" \/>\n<meta property=\"og:url\" content=\"https:\/\/www.aspilsan.com\/en\/cagri-merkezi-aydinlatma-metni\/\" \/>\n<meta property=\"og:site_name\" content=\"ASP\u0130LSAN\" \/>\n<meta property=\"article:publisher\" content=\"https:\/\/www.facebook.com\/people\/Aspilsan\/100028422177074\/\" \/>\n<meta property=\"article:modified_time\" content=\"2025-09-12T07:34:09+00:00\" \/>\n<meta name=\"twitter:card\" content=\"summary_large_image\" \/>\n<meta name=\"twitter:site\" content=\"@aspilsan_enerji\" \/>\n<meta name=\"twitter:label1\" content=\"Est. reading time\" \/>\n\t<meta name=\"twitter:data1\" content=\"3 minutes\" \/>\n<script type=\"application\/ld+json\" class=\"yoast-schema-graph\">{\"@context\":\"https:\/\/schema.org\",\"@graph\":[{\"@type\":\"WebPage\",\"@id\":\"https:\/\/www.aspilsan.com\/cagri-merkezi-aydinlatma-metni\/\",\"url\":\"https:\/\/www.aspilsan.com\/cagri-merkezi-aydinlatma-metni\/\",\"name\":\"\u00c7a\u011fr\u0131 Merkezi Ayd\u0131nlatma Metni - ASP\u0130LSAN\",\"isPartOf\":{\"@id\":\"https:\/\/www.aspilsan.com\/#website\"},\"datePublished\":\"2025-09-12T07:33:34+00:00\",\"dateModified\":\"2025-09-12T07:34:09+00:00\",\"breadcrumb\":{\"@id\":\"https:\/\/www.aspilsan.com\/cagri-merkezi-aydinlatma-metni\/#breadcrumb\"},\"inLanguage\":\"en-US\",\"potentialAction\":[{\"@type\":\"ReadAction\",\"target\":[\"https:\/\/www.aspilsan.com\/cagri-merkezi-aydinlatma-metni\/\"]}]},{\"@type\":\"BreadcrumbList\",\"@id\":\"https:\/\/www.aspilsan.com\/cagri-merkezi-aydinlatma-metni\/#breadcrumb\",\"itemListElement\":[{\"@type\":\"ListItem\",\"position\":1,\"name\":\"Anasayfa\",\"item\":\"https:\/\/www.aspilsan.com\/\"},{\"@type\":\"ListItem\",\"position\":2,\"name\":\"\u00c7a\u011fr\u0131 Merkezi Ayd\u0131nlatma Metni\"}]},{\"@type\":\"WebSite\",\"@id\":\"https:\/\/www.aspilsan.com\/#website\",\"url\":\"https:\/\/www.aspilsan.com\/\",\"name\":\"ASP\u0130LSAN\",\"description\":\"Teknolojinin Enerjisi\",\"publisher\":{\"@id\":\"https:\/\/www.aspilsan.com\/#organization\"},\"potentialAction\":[{\"@type\":\"SearchAction\",\"target\":{\"@type\":\"EntryPoint\",\"urlTemplate\":\"https:\/\/www.aspilsan.com\/?s={search_term_string}\"},\"query-input\":\"required name=search_term_string\"}],\"inLanguage\":\"en-US\"},{\"@type\":\"Organization\",\"@id\":\"https:\/\/www.aspilsan.com\/#organization\",\"name\":\"ASP\u0130LSAN\",\"url\":\"https:\/\/www.aspilsan.com\/\",\"logo\":{\"@type\":\"ImageObject\",\"inLanguage\":\"en-US\",\"@id\":\"https:\/\/www.aspilsan.com\/#\/schema\/logo\/image\/\",\"url\":\"https:\/\/www.aspilsan.com\/wp-content\/uploads\/2022\/03\/Aspilsan-Logo-300px.png\",\"contentUrl\":\"https:\/\/www.aspilsan.com\/wp-content\/uploads\/2022\/03\/Aspilsan-Logo-300px.png\",\"width\":300,\"height\":56,\"caption\":\"ASP\u0130LSAN\"},\"image\":{\"@id\":\"https:\/\/www.aspilsan.com\/#\/schema\/logo\/image\/\"},\"sameAs\":[\"https:\/\/www.facebook.com\/people\/Aspilsan\/100028422177074\/\",\"https:\/\/twitter.com\/aspilsan_enerji\",\"https:\/\/www.instagram.com\/aspilsanenerji\",\"https:\/\/www.linkedin.com\/company\/aspilsan\"]}]}<\/script>\n<!-- \/ Yoast SEO plugin. -->","yoast_head_json":{"title":"\u00c7a\u011fr\u0131 Merkezi Ayd\u0131nlatma Metni - ASP\u0130LSAN","robots":{"index":"index","follow":"follow","max-snippet":"max-snippet:-1","max-image-preview":"max-image-preview:large","max-video-preview":"max-video-preview:-1"},"canonical":"https:\/\/www.aspilsan.com\/en\/cagri-merkezi-aydinlatma-metni\/","og_locale":"en_US","og_type":"article","og_title":"\u00c7a\u011fr\u0131 Merkezi Ayd\u0131nlatma Metni - ASP\u0130LSAN","og_description":"K\u0130\u015e\u0130SEL VER\u0130LER\u0130N \u0130\u015eLENMES\u0130NE \u0130L\u0130\u015eK\u0130N \u00c7A\u011eRI MERKEZ\u0130 AYDINLATMA METN\u0130 ASP\u0130LSAN ENERJ\u0130 SAN VE T\u0130C A.\u015e. (Bundan b\u00f6yle k\u0131saca\u00a0\u201c\u015eirket\u201d\u00a0olarak an\u0131lacakt\u0131r.) taraf\u0131ndan veri sorumlusu s\u0131fat\u0131yla, \u015eirket\u2019i telefon ile arama yoluyla \u00fczerinden ileti\u015fime ge\u00e7en ki\u015filerin ki\u015fisel verileri 6698 say\u0131l\u0131 Ki\u015fisel Verilerin Korunmas\u0131 Kanunu (\u201cKanun\u201d) kapsam\u0131nda Kanun\u2019a uygun olarak saklanacak, i\u015flenecek, mevzuat\u0131n izin verdi\u011fi durumlarda ve \u00f6l\u00e7\u00fcde \u00fc\u00e7\u00fcnc\u00fc ki\u015filere aktar\u0131lacakt\u0131r....","og_url":"https:\/\/www.aspilsan.com\/en\/cagri-merkezi-aydinlatma-metni\/","og_site_name":"ASP\u0130LSAN","article_publisher":"https:\/\/www.facebook.com\/people\/Aspilsan\/100028422177074\/","article_modified_time":"2025-09-12T07:34:09+00:00","twitter_card":"summary_large_image","twitter_site":"@aspilsan_enerji","twitter_misc":{"Est. reading time":"3 minutes"},"schema":{"@context":"https:\/\/schema.org","@graph":[{"@type":"WebPage","@id":"https:\/\/www.aspilsan.com\/cagri-merkezi-aydinlatma-metni\/","url":"https:\/\/www.aspilsan.com\/cagri-merkezi-aydinlatma-metni\/","name":"\u00c7a\u011fr\u0131 Merkezi Ayd\u0131nlatma Metni - ASP\u0130LSAN","isPartOf":{"@id":"https:\/\/www.aspilsan.com\/#website"},"datePublished":"2025-09-12T07:33:34+00:00","dateModified":"2025-09-12T07:34:09+00:00","breadcrumb":{"@id":"https:\/\/www.aspilsan.com\/cagri-merkezi-aydinlatma-metni\/#breadcrumb"},"inLanguage":"en-US","potentialAction":[{"@type":"ReadAction","target":["https:\/\/www.aspilsan.com\/cagri-merkezi-aydinlatma-metni\/"]}]},{"@type":"BreadcrumbList","@id":"https:\/\/www.aspilsan.com\/cagri-merkezi-aydinlatma-metni\/#breadcrumb","itemListElement":[{"@type":"ListItem","position":1,"name":"Anasayfa","item":"https:\/\/www.aspilsan.com\/"},{"@type":"ListItem","position":2,"name":"\u00c7a\u011fr\u0131 Merkezi Ayd\u0131nlatma Metni"}]},{"@type":"WebSite","@id":"https:\/\/www.aspilsan.com\/#website","url":"https:\/\/www.aspilsan.com\/","name":"ASP\u0130LSAN","description":"Teknolojinin Enerjisi","publisher":{"@id":"https:\/\/www.aspilsan.com\/#organization"},"potentialAction":[{"@type":"SearchAction","target":{"@type":"EntryPoint","urlTemplate":"https:\/\/www.aspilsan.com\/?s={search_term_string}"},"query-input":"required name=search_term_string"}],"inLanguage":"en-US"},{"@type":"Organization","@id":"https:\/\/www.aspilsan.com\/#organization","name":"ASP\u0130LSAN","url":"https:\/\/www.aspilsan.com\/","logo":{"@type":"ImageObject","inLanguage":"en-US","@id":"https:\/\/www.aspilsan.com\/#\/schema\/logo\/image\/","url":"https:\/\/www.aspilsan.com\/wp-content\/uploads\/2022\/03\/Aspilsan-Logo-300px.png","contentUrl":"https:\/\/www.aspilsan.com\/wp-content\/uploads\/2022\/03\/Aspilsan-Logo-300px.png","width":300,"height":56,"caption":"ASP\u0130LSAN"},"image":{"@id":"https:\/\/www.aspilsan.com\/#\/schema\/logo\/image\/"},"sameAs":["https:\/\/www.facebook.com\/people\/Aspilsan\/100028422177074\/","https:\/\/twitter.com\/aspilsan_enerji","https:\/\/www.instagram.com\/aspilsanenerji","https:\/\/www.linkedin.com\/company\/aspilsan"]}]}},"acf":[],"_links":{"self":[{"href":"https:\/\/www.aspilsan.com\/en\/wp-json\/wp\/v2\/pages\/8652","targetHints":{"allow":["GET"]}}],"collection":[{"href":"https:\/\/www.aspilsan.com\/en\/wp-json\/wp\/v2\/pages"}],"about":[{"href":"https:\/\/www.aspilsan.com\/en\/wp-json\/wp\/v2\/types\/page"}],"author":[{"embeddable":true,"href":"https:\/\/www.aspilsan.com\/en\/wp-json\/wp\/v2\/users\/1"}],"replies":[{"embeddable":true,"href":"https:\/\/www.aspilsan.com\/en\/wp-json\/wp\/v2\/comments?post=8652"}],"version-history":[{"count":1,"href":"https:\/\/www.aspilsan.com\/en\/wp-json\/wp\/v2\/pages\/8652\/revisions"}],"predecessor-version":[{"id":8654,"href":"https:\/\/www.aspilsan.com\/en\/wp-json\/wp\/v2\/pages\/8652\/revisions\/8654"}],"wp:attachment":[{"href":"https:\/\/www.aspilsan.com\/en\/wp-json\/wp\/v2\/media?parent=8652"}],"curies":[{"name":"wp","href":"https:\/\/api.w.org\/{rel}","templated":true}]}}