{"id":922,"date":"2021-09-13T14:07:59","date_gmt":"2021-09-13T11:07:59","guid":{"rendered":"https:\/\/www.aspilsan.com\/?page_id=922"},"modified":"2021-09-13T14:07:59","modified_gmt":"2021-09-13T11:07:59","slug":"isg-guvencesi","status":"publish","type":"page","link":"https:\/\/www.aspilsan.com\/en\/corporate\/our-occupational-health-and-safety-policy\/","title":{"rendered":"\u0130SG G\u00fcvencesi"},"content":{"rendered":"<section class=\"l-section wpb_row height_auto\"><div class=\"l-section-h i-cf\"><div class=\"g-cols vc_row type_default valign_top\"><div class=\"vc_col-sm-12 wpb_column vc_column_container\"><div class=\"vc_column-inner\"><div class=\"wpb_wrapper\"><div class=\"w-image align_none animate_fade\"><div class=\"w-image-h\"><img loading=\"lazy\" decoding=\"async\" width=\"1024\" height=\"249\" src=\"https:\/\/www.aspilsan.com\/wp-content\/uploads\/2021\/04\/03sma_8Y5J-1024x249.jpg\" class=\"attachment-large size-large\" alt=\"\" srcset=\"https:\/\/www.aspilsan.com\/wp-content\/uploads\/2021\/04\/03sma_8Y5J-1024x249.jpg 1024w, https:\/\/www.aspilsan.com\/wp-content\/uploads\/2021\/04\/03sma_8Y5J-300x73.jpg 300w, https:\/\/www.aspilsan.com\/wp-content\/uploads\/2021\/04\/03sma_8Y5J-600x146.jpg 600w, https:\/\/www.aspilsan.com\/wp-content\/uploads\/2021\/04\/03sma_8Y5J-400x97.jpg 400w, https:\/\/www.aspilsan.com\/wp-content\/uploads\/2021\/04\/03sma_8Y5J-18x4.jpg 18w, https:\/\/www.aspilsan.com\/wp-content\/uploads\/2021\/04\/03sma_8Y5J-500x122.jpg 500w, https:\/\/www.aspilsan.com\/wp-content\/uploads\/2021\/04\/03sma_8Y5J-200x49.jpg 200w, https:\/\/www.aspilsan.com\/wp-content\/uploads\/2021\/04\/03sma_8Y5J-100x24.jpg 100w, https:\/\/www.aspilsan.com\/wp-content\/uploads\/2021\/04\/03sma_8Y5J-50x12.jpg 50w, https:\/\/www.aspilsan.com\/wp-content\/uploads\/2021\/04\/03sma_8Y5J-70x17.jpg 70w, https:\/\/www.aspilsan.com\/wp-content\/uploads\/2021\/04\/03sma_8Y5J-90x22.jpg 90w, https:\/\/www.aspilsan.com\/wp-content\/uploads\/2021\/04\/03sma_8Y5J-130x32.jpg 130w, https:\/\/www.aspilsan.com\/wp-content\/uploads\/2021\/04\/03sma_8Y5J-190x46.jpg 190w, https:\/\/www.aspilsan.com\/wp-content\/uploads\/2021\/04\/03sma_8Y5J.jpg 1300w\" sizes=\"auto, (max-width: 1024px) 100vw, 1024px\" \/><\/div><\/div><\/div><\/div><\/div><\/div><\/div><\/section><section class=\"l-section wpb_row height_medium\"><div class=\"l-section-h i-cf\"><div class=\"g-cols vc_row type_default valign_top\"><div class=\"vc_col-sm-12 wpb_column vc_column_container\"><div class=\"vc_column-inner\"><div class=\"wpb_wrapper\"><div class=\"wpb_text_column\" ><div class=\"wpb_wrapper\"><p><strong>\u0130SG Politikam\u0131z<\/strong><\/p>\n<p>We aim to realize entire phases of production operations in a healthy and secure work environment. In the direction of our aim, as a requirement of our responsibility and for the formation of healthy individuals and work force;<\/p>\n<ul>\n<li>To determine, implement and enforce required precautions for the prevention of workplace accidents and occupational illnesses.<\/li>\n<li>To perform a risk evaluation and to reach into an acceptable risk level with the inclusion of employees.<\/li>\n<li>To use equipments and proper technologies for a healthy and secure work environment.<\/li>\n<li>To supply the involvement of every level  within the company organisation and our stakeholders into the Occupational Health and Safety applications.<\/li>\n<li>To create an Occupational Health and Safety culture and to adopt it as a form of life.<\/li>\n<\/ul>\n<p>&nbsp;<\/p>\n<p>Within this direction we declare and commit to the following;<\/p>\n<ul>\n<li>To provide the legal responsibilities, related standarts and requirements in the topic of Occupational Health and Safety.<\/li>\n<li>To continually improve our processes and enchance our performance with a proactive approach in the topic of Occupational Health and Safety.<\/li>\n<li>To work up into maintain trainings and activities devoted to our employees, our interns \/ apprentices and personnel &amp; visitors of subcontractor \/ supplier companies which we acquire services from for the adoption of our Occupational Health and Safety principles.<\/li>\n<\/ul>\n<\/div><\/div><div class=\"w-separator size_small\"><\/div><\/div><\/div><\/div><\/div><\/div><\/section>","protected":false},"excerpt":{"rendered":"\u0130SG Politikam\u0131z \u00dcretim faaliyetlerimizin t\u00fcm a\u015famalar\u0131n\u0131 sa\u011fl\u0131kl\u0131 ve g\u00fcvenli bir \u00e7al\u0131\u015fma ortam\u0131nda ger\u00e7ekle\u015ftirmeyi hedeflemekteyiz. Bu hedef do\u011frultusunda sa\u011fl\u0131kl\u0131 bireylerin ve i\u015fg\u00fcc\u00fcn\u00fcn olu\u015fturulmas\u0131na y\u00f6nelik sorumlulu\u011fumuzun gere\u011fi olarak; \u0130\u015f kazalar\u0131n\u0131n ve meslek hastal\u0131klar\u0131n\u0131n \u00f6nlenmesi i\u00e7in gerekli tedbirleri belirlemeyi, uygulamay\u0131 ve uygulatmay\u0131, \u00c7al\u0131\u015fanlar\u0131n kat\u0131l\u0131m\u0131yla risk de\u011ferlendirmesi yapmay\u0131 kabul edilebilir risk seviyesine ula\u015fmay\u0131, Sa\u011fl\u0131kl\u0131 ve g\u00fcvenli bir \u00e7al\u0131\u015fma ortam\u0131...","protected":false},"author":1,"featured_media":0,"parent":32,"menu_order":3,"comment_status":"closed","ping_status":"closed","template":"","meta":{"om_disable_all_campaigns":false,"_mi_skip_tracking":false,"_themeisle_gutenberg_block_has_review":false,"footnotes":""},"class_list":["post-922","page","type-page","status-publish","hentry"],"aioseo_notices":[],"yoast_head":"<!-- This site is optimized with the Yoast SEO plugin v20.5 - https:\/\/yoast.com\/wordpress\/plugins\/seo\/ -->\n<title>\u0130SG G\u00fcvencesi - ASP\u0130LSAN<\/title>\n<meta name=\"robots\" content=\"index, follow, max-snippet:-1, max-image-preview:large, max-video-preview:-1\" \/>\n<link rel=\"canonical\" href=\"https:\/\/www.aspilsan.com\/en\/corporate\/our-occupational-health-and-safety-policy\/\" \/>\n<meta property=\"og:locale\" content=\"en_US\" \/>\n<meta property=\"og:type\" content=\"article\" \/>\n<meta property=\"og:title\" content=\"\u0130SG G\u00fcvencesi - ASP\u0130LSAN\" \/>\n<meta property=\"og:url\" content=\"https:\/\/www.aspilsan.com\/en\/corporate\/our-occupational-health-and-safety-policy\/\" \/>\n<meta property=\"og:site_name\" content=\"ASP\u0130LSAN\" \/>\n<meta property=\"article:publisher\" content=\"https:\/\/www.facebook.com\/people\/Aspilsan\/100028422177074\/\" \/>\n<meta name=\"twitter:card\" content=\"summary_large_image\" \/>\n<meta name=\"twitter:site\" content=\"@aspilsan_enerji\" \/>\n<meta name=\"twitter:label1\" content=\"Est. reading time\" \/>\n\t<meta name=\"twitter:data1\" content=\"1 minute\" \/>\n<script type=\"application\/ld+json\" class=\"yoast-schema-graph\">{\"@context\":\"https:\/\/schema.org\",\"@graph\":[{\"@type\":\"WebPage\",\"@id\":\"https:\/\/www.aspilsan.com\/kurumsal\/isg-guvencesi\/\",\"url\":\"https:\/\/www.aspilsan.com\/kurumsal\/isg-guvencesi\/\",\"name\":\"\u0130SG G\u00fcvencesi - ASP\u0130LSAN\",\"isPartOf\":{\"@id\":\"https:\/\/www.aspilsan.com\/#website\"},\"datePublished\":\"2021-09-13T11:07:59+00:00\",\"dateModified\":\"2021-09-13T11:07:59+00:00\",\"breadcrumb\":{\"@id\":\"https:\/\/www.aspilsan.com\/kurumsal\/isg-guvencesi\/#breadcrumb\"},\"inLanguage\":\"en-US\",\"potentialAction\":[{\"@type\":\"ReadAction\",\"target\":[\"https:\/\/www.aspilsan.com\/kurumsal\/isg-guvencesi\/\"]}]},{\"@type\":\"BreadcrumbList\",\"@id\":\"https:\/\/www.aspilsan.com\/kurumsal\/isg-guvencesi\/#breadcrumb\",\"itemListElement\":[{\"@type\":\"ListItem\",\"position\":1,\"name\":\"Anasayfa\",\"item\":\"https:\/\/www.aspilsan.com\/\"},{\"@type\":\"ListItem\",\"position\":2,\"name\":\"Kurumsal\",\"item\":\"https:\/\/www.aspilsan.com\/kurumsal\/\"},{\"@type\":\"ListItem\",\"position\":3,\"name\":\"\u0130SG G\u00fcvencesi\"}]},{\"@type\":\"WebSite\",\"@id\":\"https:\/\/www.aspilsan.com\/#website\",\"url\":\"https:\/\/www.aspilsan.com\/\",\"name\":\"ASP\u0130LSAN\",\"description\":\"Teknolojinin Enerjisi\",\"publisher\":{\"@id\":\"https:\/\/www.aspilsan.com\/#organization\"},\"potentialAction\":[{\"@type\":\"SearchAction\",\"target\":{\"@type\":\"EntryPoint\",\"urlTemplate\":\"https:\/\/www.aspilsan.com\/?s={search_term_string}\"},\"query-input\":\"required name=search_term_string\"}],\"inLanguage\":\"en-US\"},{\"@type\":\"Organization\",\"@id\":\"https:\/\/www.aspilsan.com\/#organization\",\"name\":\"ASP\u0130LSAN\",\"url\":\"https:\/\/www.aspilsan.com\/\",\"logo\":{\"@type\":\"ImageObject\",\"inLanguage\":\"en-US\",\"@id\":\"https:\/\/www.aspilsan.com\/#\/schema\/logo\/image\/\",\"url\":\"https:\/\/www.aspilsan.com\/wp-content\/uploads\/2022\/03\/Aspilsan-Logo-300px.png\",\"contentUrl\":\"https:\/\/www.aspilsan.com\/wp-content\/uploads\/2022\/03\/Aspilsan-Logo-300px.png\",\"width\":300,\"height\":56,\"caption\":\"ASP\u0130LSAN\"},\"image\":{\"@id\":\"https:\/\/www.aspilsan.com\/#\/schema\/logo\/image\/\"},\"sameAs\":[\"https:\/\/www.facebook.com\/people\/Aspilsan\/100028422177074\/\",\"https:\/\/twitter.com\/aspilsan_enerji\",\"https:\/\/www.instagram.com\/aspilsanenerji\",\"https:\/\/www.linkedin.com\/company\/aspilsan\"]}]}<\/script>\n<!-- \/ Yoast SEO plugin. -->","yoast_head_json":{"title":"\u0130SG G\u00fcvencesi - ASP\u0130LSAN","robots":{"index":"index","follow":"follow","max-snippet":"max-snippet:-1","max-image-preview":"max-image-preview:large","max-video-preview":"max-video-preview:-1"},"canonical":"https:\/\/www.aspilsan.com\/en\/corporate\/our-occupational-health-and-safety-policy\/","og_locale":"en_US","og_type":"article","og_title":"\u0130SG G\u00fcvencesi - ASP\u0130LSAN","og_url":"https:\/\/www.aspilsan.com\/en\/corporate\/our-occupational-health-and-safety-policy\/","og_site_name":"ASP\u0130LSAN","article_publisher":"https:\/\/www.facebook.com\/people\/Aspilsan\/100028422177074\/","twitter_card":"summary_large_image","twitter_site":"@aspilsan_enerji","twitter_misc":{"Est. reading time":"1 minute"},"schema":{"@context":"https:\/\/schema.org","@graph":[{"@type":"WebPage","@id":"https:\/\/www.aspilsan.com\/kurumsal\/isg-guvencesi\/","url":"https:\/\/www.aspilsan.com\/kurumsal\/isg-guvencesi\/","name":"\u0130SG G\u00fcvencesi - ASP\u0130LSAN","isPartOf":{"@id":"https:\/\/www.aspilsan.com\/#website"},"datePublished":"2021-09-13T11:07:59+00:00","dateModified":"2021-09-13T11:07:59+00:00","breadcrumb":{"@id":"https:\/\/www.aspilsan.com\/kurumsal\/isg-guvencesi\/#breadcrumb"},"inLanguage":"en-US","potentialAction":[{"@type":"ReadAction","target":["https:\/\/www.aspilsan.com\/kurumsal\/isg-guvencesi\/"]}]},{"@type":"BreadcrumbList","@id":"https:\/\/www.aspilsan.com\/kurumsal\/isg-guvencesi\/#breadcrumb","itemListElement":[{"@type":"ListItem","position":1,"name":"Anasayfa","item":"https:\/\/www.aspilsan.com\/"},{"@type":"ListItem","position":2,"name":"Kurumsal","item":"https:\/\/www.aspilsan.com\/kurumsal\/"},{"@type":"ListItem","position":3,"name":"\u0130SG G\u00fcvencesi"}]},{"@type":"WebSite","@id":"https:\/\/www.aspilsan.com\/#website","url":"https:\/\/www.aspilsan.com\/","name":"ASP\u0130LSAN","description":"Teknolojinin Enerjisi","publisher":{"@id":"https:\/\/www.aspilsan.com\/#organization"},"potentialAction":[{"@type":"SearchAction","target":{"@type":"EntryPoint","urlTemplate":"https:\/\/www.aspilsan.com\/?s={search_term_string}"},"query-input":"required name=search_term_string"}],"inLanguage":"en-US"},{"@type":"Organization","@id":"https:\/\/www.aspilsan.com\/#organization","name":"ASP\u0130LSAN","url":"https:\/\/www.aspilsan.com\/","logo":{"@type":"ImageObject","inLanguage":"en-US","@id":"https:\/\/www.aspilsan.com\/#\/schema\/logo\/image\/","url":"https:\/\/www.aspilsan.com\/wp-content\/uploads\/2022\/03\/Aspilsan-Logo-300px.png","contentUrl":"https:\/\/www.aspilsan.com\/wp-content\/uploads\/2022\/03\/Aspilsan-Logo-300px.png","width":300,"height":56,"caption":"ASP\u0130LSAN"},"image":{"@id":"https:\/\/www.aspilsan.com\/#\/schema\/logo\/image\/"},"sameAs":["https:\/\/www.facebook.com\/people\/Aspilsan\/100028422177074\/","https:\/\/twitter.com\/aspilsan_enerji","https:\/\/www.instagram.com\/aspilsanenerji","https:\/\/www.linkedin.com\/company\/aspilsan"]}]}},"acf":[],"_links":{"self":[{"href":"https:\/\/www.aspilsan.com\/en\/wp-json\/wp\/v2\/pages\/922","targetHints":{"allow":["GET"]}}],"collection":[{"href":"https:\/\/www.aspilsan.com\/en\/wp-json\/wp\/v2\/pages"}],"about":[{"href":"https:\/\/www.aspilsan.com\/en\/wp-json\/wp\/v2\/types\/page"}],"author":[{"embeddable":true,"href":"https:\/\/www.aspilsan.com\/en\/wp-json\/wp\/v2\/users\/1"}],"replies":[{"embeddable":true,"href":"https:\/\/www.aspilsan.com\/en\/wp-json\/wp\/v2\/comments?post=922"}],"version-history":[{"count":1,"href":"https:\/\/www.aspilsan.com\/en\/wp-json\/wp\/v2\/pages\/922\/revisions"}],"predecessor-version":[{"id":934,"href":"https:\/\/www.aspilsan.com\/en\/wp-json\/wp\/v2\/pages\/922\/revisions\/934"}],"up":[{"embeddable":true,"href":"https:\/\/www.aspilsan.com\/en\/wp-json\/wp\/v2\/pages\/32"}],"wp:attachment":[{"href":"https:\/\/www.aspilsan.com\/en\/wp-json\/wp\/v2\/media?parent=922"}],"curies":[{"name":"wp","href":"https:\/\/api.w.org\/{rel}","templated":true}]}}