{"id":926,"date":"2021-09-13T14:07:15","date_gmt":"2021-09-13T11:07:15","guid":{"rendered":"https:\/\/www.aspilsan.com\/?page_id=926"},"modified":"2021-09-13T14:07:15","modified_gmt":"2021-09-13T11:07:15","slug":"emniyet-guvencesi","status":"publish","type":"page","link":"https:\/\/www.aspilsan.com\/en\/corporate\/our-safety-policy\/","title":{"rendered":"Emniyet G\u00fcvencesi"},"content":{"rendered":"<section class=\"l-section wpb_row height_auto\"><div class=\"l-section-h i-cf\"><div class=\"g-cols vc_row type_default valign_top\"><div class=\"vc_col-sm-12 wpb_column vc_column_container\"><div class=\"vc_column-inner\"><div class=\"wpb_wrapper\"><div class=\"w-image align_none animate_fade\"><div class=\"w-image-h\"><img loading=\"lazy\" decoding=\"async\" width=\"1024\" height=\"249\" src=\"https:\/\/www.aspilsan.com\/wp-content\/uploads\/2021\/04\/03sma_8Y5J-1024x249.jpg\" class=\"attachment-large size-large\" alt=\"\" srcset=\"https:\/\/www.aspilsan.com\/wp-content\/uploads\/2021\/04\/03sma_8Y5J-1024x249.jpg 1024w, https:\/\/www.aspilsan.com\/wp-content\/uploads\/2021\/04\/03sma_8Y5J-300x73.jpg 300w, https:\/\/www.aspilsan.com\/wp-content\/uploads\/2021\/04\/03sma_8Y5J-600x146.jpg 600w, https:\/\/www.aspilsan.com\/wp-content\/uploads\/2021\/04\/03sma_8Y5J-400x97.jpg 400w, https:\/\/www.aspilsan.com\/wp-content\/uploads\/2021\/04\/03sma_8Y5J-18x4.jpg 18w, https:\/\/www.aspilsan.com\/wp-content\/uploads\/2021\/04\/03sma_8Y5J-500x122.jpg 500w, https:\/\/www.aspilsan.com\/wp-content\/uploads\/2021\/04\/03sma_8Y5J-200x49.jpg 200w, https:\/\/www.aspilsan.com\/wp-content\/uploads\/2021\/04\/03sma_8Y5J-100x24.jpg 100w, https:\/\/www.aspilsan.com\/wp-content\/uploads\/2021\/04\/03sma_8Y5J-50x12.jpg 50w, https:\/\/www.aspilsan.com\/wp-content\/uploads\/2021\/04\/03sma_8Y5J-70x17.jpg 70w, https:\/\/www.aspilsan.com\/wp-content\/uploads\/2021\/04\/03sma_8Y5J-90x22.jpg 90w, https:\/\/www.aspilsan.com\/wp-content\/uploads\/2021\/04\/03sma_8Y5J-130x32.jpg 130w, https:\/\/www.aspilsan.com\/wp-content\/uploads\/2021\/04\/03sma_8Y5J-190x46.jpg 190w, https:\/\/www.aspilsan.com\/wp-content\/uploads\/2021\/04\/03sma_8Y5J.jpg 1300w\" sizes=\"auto, (max-width: 1024px) 100vw, 1024px\" \/><\/div><\/div><\/div><\/div><\/div><\/div><\/div><\/section><section class=\"l-section wpb_row height_medium\"><div class=\"l-section-h i-cf\"><div class=\"g-cols vc_row type_default valign_top\"><div class=\"vc_col-sm-12 wpb_column vc_column_container\"><div class=\"vc_column-inner\"><div class=\"wpb_wrapper\"><div class=\"wpb_text_column\" ><div class=\"wpb_wrapper\"><p><strong>Emniyet Politikam\u0131z<\/strong><\/p>\n<p>As a reliable corporation for all of our shareholders we aim to bring our safety performance to the highest level by improving our strategies, management systems and processes in order to keep safety risks that are possible to occur at our business operations within the acceptable limits and to fulfill the international and national standard requirements within this context.<\/p>\n<p>&nbsp;<\/p>\n<ul>\n<li>The effective management of safety applications and prioritization of safety at our business operations.<\/li>\n<li>Continuous provision of products and services at an acceptable level for the aspect of safety.<\/li>\n<li>Planning and supplying required resources for safety management.<\/li>\n<li>Organizing business operations suitable to the rules and requirements which are defined with national and international standards, legislations and regulations aimed at safety applications.<\/li>\n<li>Procedures and resources to be allocated that we generate fulfill the highest level safety objectives during the formation of all our business processes.<\/li>\n<li>Promoting fair, transparent and positive work culture as top management for the administration, effectiveness and maintainability of safety applications.<\/li>\n<li>Providing necessary trainings to company employees in order to form and sustain safety awareness and communicating our safety policy to every rank within the company.<\/li>\n<li>Minimizing risks regarding safety using approaches based on failure detection, definition, prevention and risk management.<\/li>\n<li>Our primary responsibility is to take safety oriented precautions and to ensure that these precautions are followed within our business operations as ASP\u0130LSAN Enerji employees.<\/li>\n<\/ul>\n<p>&nbsp;<\/p>\n<p>In line with our aim, we declare and undertake the above-mentioned safety principles.<\/p>\n<\/div><\/div><div class=\"w-separator size_small\"><\/div><\/div><\/div><\/div><\/div><\/div><\/section>","protected":false},"excerpt":{"rendered":"Emniyet Politikam\u0131z T\u00fcm payda\u015flar\u0131m\u0131z i\u00e7in g\u00fcvenilir bir kurum olarak i\u015f faaliyetlerimizde olu\u015fabilecek emniyet risklerinin kabul edilebilir s\u0131n\u0131rlar i\u00e7erisinde tutulabilmesi i\u00e7in, stratejilerimizi, y\u00f6netim sistemlerimizi ve s\u00fcre\u00e7lerimizi geli\u015ftirerek iyile\u015ftirerek emniyet performans\u0131m\u0131z\u0131 en \u00fcst seviyeye ula\u015ft\u0131rmak ve bu ba\u011flamda ulusal ve uluslararas\u0131 standart gereksinimlerini kar\u015f\u0131lamakt\u0131r. &nbsp; Emniyet uygulamalar\u0131n\u0131n etkili y\u00f6netimini ve emniyetin i\u015f faaliyetlerimizde \u00f6ncelikli unsur olmas\u0131n\u0131 \u00dcr\u00fcn...","protected":false},"author":1,"featured_media":0,"parent":32,"menu_order":3,"comment_status":"closed","ping_status":"closed","template":"","meta":{"om_disable_all_campaigns":false,"_mi_skip_tracking":false,"_themeisle_gutenberg_block_has_review":false,"footnotes":""},"class_list":["post-926","page","type-page","status-publish","hentry"],"aioseo_notices":[],"yoast_head":"<!-- This site is optimized with the Yoast SEO plugin v20.5 - https:\/\/yoast.com\/wordpress\/plugins\/seo\/ -->\n<title>Emniyet G\u00fcvencesi - ASP\u0130LSAN<\/title>\n<meta name=\"robots\" content=\"index, follow, max-snippet:-1, max-image-preview:large, max-video-preview:-1\" \/>\n<link rel=\"canonical\" href=\"https:\/\/www.aspilsan.com\/en\/corporate\/our-safety-policy\/\" \/>\n<meta property=\"og:locale\" content=\"en_US\" \/>\n<meta property=\"og:type\" content=\"article\" \/>\n<meta property=\"og:title\" content=\"Emniyet G\u00fcvencesi - ASP\u0130LSAN\" \/>\n<meta property=\"og:url\" content=\"https:\/\/www.aspilsan.com\/en\/corporate\/our-safety-policy\/\" \/>\n<meta property=\"og:site_name\" content=\"ASP\u0130LSAN\" \/>\n<meta property=\"article:publisher\" content=\"https:\/\/www.facebook.com\/people\/Aspilsan\/100028422177074\/\" \/>\n<meta name=\"twitter:card\" content=\"summary_large_image\" \/>\n<meta name=\"twitter:site\" content=\"@aspilsan_enerji\" \/>\n<meta name=\"twitter:label1\" content=\"Est. reading time\" \/>\n\t<meta name=\"twitter:data1\" content=\"2 minutes\" \/>\n<script type=\"application\/ld+json\" class=\"yoast-schema-graph\">{\"@context\":\"https:\/\/schema.org\",\"@graph\":[{\"@type\":\"WebPage\",\"@id\":\"https:\/\/www.aspilsan.com\/kurumsal\/emniyet-guvencesi\/\",\"url\":\"https:\/\/www.aspilsan.com\/kurumsal\/emniyet-guvencesi\/\",\"name\":\"Emniyet G\u00fcvencesi - ASP\u0130LSAN\",\"isPartOf\":{\"@id\":\"https:\/\/www.aspilsan.com\/#website\"},\"datePublished\":\"2021-09-13T11:07:15+00:00\",\"dateModified\":\"2021-09-13T11:07:15+00:00\",\"breadcrumb\":{\"@id\":\"https:\/\/www.aspilsan.com\/kurumsal\/emniyet-guvencesi\/#breadcrumb\"},\"inLanguage\":\"en-US\",\"potentialAction\":[{\"@type\":\"ReadAction\",\"target\":[\"https:\/\/www.aspilsan.com\/kurumsal\/emniyet-guvencesi\/\"]}]},{\"@type\":\"BreadcrumbList\",\"@id\":\"https:\/\/www.aspilsan.com\/kurumsal\/emniyet-guvencesi\/#breadcrumb\",\"itemListElement\":[{\"@type\":\"ListItem\",\"position\":1,\"name\":\"Anasayfa\",\"item\":\"https:\/\/www.aspilsan.com\/\"},{\"@type\":\"ListItem\",\"position\":2,\"name\":\"Kurumsal\",\"item\":\"https:\/\/www.aspilsan.com\/kurumsal\/\"},{\"@type\":\"ListItem\",\"position\":3,\"name\":\"Emniyet G\u00fcvencesi\"}]},{\"@type\":\"WebSite\",\"@id\":\"https:\/\/www.aspilsan.com\/#website\",\"url\":\"https:\/\/www.aspilsan.com\/\",\"name\":\"ASP\u0130LSAN\",\"description\":\"Teknolojinin Enerjisi\",\"publisher\":{\"@id\":\"https:\/\/www.aspilsan.com\/#organization\"},\"potentialAction\":[{\"@type\":\"SearchAction\",\"target\":{\"@type\":\"EntryPoint\",\"urlTemplate\":\"https:\/\/www.aspilsan.com\/?s={search_term_string}\"},\"query-input\":\"required name=search_term_string\"}],\"inLanguage\":\"en-US\"},{\"@type\":\"Organization\",\"@id\":\"https:\/\/www.aspilsan.com\/#organization\",\"name\":\"ASP\u0130LSAN\",\"url\":\"https:\/\/www.aspilsan.com\/\",\"logo\":{\"@type\":\"ImageObject\",\"inLanguage\":\"en-US\",\"@id\":\"https:\/\/www.aspilsan.com\/#\/schema\/logo\/image\/\",\"url\":\"https:\/\/www.aspilsan.com\/wp-content\/uploads\/2022\/03\/Aspilsan-Logo-300px.png\",\"contentUrl\":\"https:\/\/www.aspilsan.com\/wp-content\/uploads\/2022\/03\/Aspilsan-Logo-300px.png\",\"width\":300,\"height\":56,\"caption\":\"ASP\u0130LSAN\"},\"image\":{\"@id\":\"https:\/\/www.aspilsan.com\/#\/schema\/logo\/image\/\"},\"sameAs\":[\"https:\/\/www.facebook.com\/people\/Aspilsan\/100028422177074\/\",\"https:\/\/twitter.com\/aspilsan_enerji\",\"https:\/\/www.instagram.com\/aspilsanenerji\",\"https:\/\/www.linkedin.com\/company\/aspilsan\"]}]}<\/script>\n<!-- \/ Yoast SEO plugin. -->","yoast_head_json":{"title":"Emniyet G\u00fcvencesi - ASP\u0130LSAN","robots":{"index":"index","follow":"follow","max-snippet":"max-snippet:-1","max-image-preview":"max-image-preview:large","max-video-preview":"max-video-preview:-1"},"canonical":"https:\/\/www.aspilsan.com\/en\/corporate\/our-safety-policy\/","og_locale":"en_US","og_type":"article","og_title":"Emniyet G\u00fcvencesi - ASP\u0130LSAN","og_url":"https:\/\/www.aspilsan.com\/en\/corporate\/our-safety-policy\/","og_site_name":"ASP\u0130LSAN","article_publisher":"https:\/\/www.facebook.com\/people\/Aspilsan\/100028422177074\/","twitter_card":"summary_large_image","twitter_site":"@aspilsan_enerji","twitter_misc":{"Est. reading time":"2 minutes"},"schema":{"@context":"https:\/\/schema.org","@graph":[{"@type":"WebPage","@id":"https:\/\/www.aspilsan.com\/kurumsal\/emniyet-guvencesi\/","url":"https:\/\/www.aspilsan.com\/kurumsal\/emniyet-guvencesi\/","name":"Emniyet G\u00fcvencesi - ASP\u0130LSAN","isPartOf":{"@id":"https:\/\/www.aspilsan.com\/#website"},"datePublished":"2021-09-13T11:07:15+00:00","dateModified":"2021-09-13T11:07:15+00:00","breadcrumb":{"@id":"https:\/\/www.aspilsan.com\/kurumsal\/emniyet-guvencesi\/#breadcrumb"},"inLanguage":"en-US","potentialAction":[{"@type":"ReadAction","target":["https:\/\/www.aspilsan.com\/kurumsal\/emniyet-guvencesi\/"]}]},{"@type":"BreadcrumbList","@id":"https:\/\/www.aspilsan.com\/kurumsal\/emniyet-guvencesi\/#breadcrumb","itemListElement":[{"@type":"ListItem","position":1,"name":"Anasayfa","item":"https:\/\/www.aspilsan.com\/"},{"@type":"ListItem","position":2,"name":"Kurumsal","item":"https:\/\/www.aspilsan.com\/kurumsal\/"},{"@type":"ListItem","position":3,"name":"Emniyet G\u00fcvencesi"}]},{"@type":"WebSite","@id":"https:\/\/www.aspilsan.com\/#website","url":"https:\/\/www.aspilsan.com\/","name":"ASP\u0130LSAN","description":"Teknolojinin Enerjisi","publisher":{"@id":"https:\/\/www.aspilsan.com\/#organization"},"potentialAction":[{"@type":"SearchAction","target":{"@type":"EntryPoint","urlTemplate":"https:\/\/www.aspilsan.com\/?s={search_term_string}"},"query-input":"required name=search_term_string"}],"inLanguage":"en-US"},{"@type":"Organization","@id":"https:\/\/www.aspilsan.com\/#organization","name":"ASP\u0130LSAN","url":"https:\/\/www.aspilsan.com\/","logo":{"@type":"ImageObject","inLanguage":"en-US","@id":"https:\/\/www.aspilsan.com\/#\/schema\/logo\/image\/","url":"https:\/\/www.aspilsan.com\/wp-content\/uploads\/2022\/03\/Aspilsan-Logo-300px.png","contentUrl":"https:\/\/www.aspilsan.com\/wp-content\/uploads\/2022\/03\/Aspilsan-Logo-300px.png","width":300,"height":56,"caption":"ASP\u0130LSAN"},"image":{"@id":"https:\/\/www.aspilsan.com\/#\/schema\/logo\/image\/"},"sameAs":["https:\/\/www.facebook.com\/people\/Aspilsan\/100028422177074\/","https:\/\/twitter.com\/aspilsan_enerji","https:\/\/www.instagram.com\/aspilsanenerji","https:\/\/www.linkedin.com\/company\/aspilsan"]}]}},"acf":[],"_links":{"self":[{"href":"https:\/\/www.aspilsan.com\/en\/wp-json\/wp\/v2\/pages\/926","targetHints":{"allow":["GET"]}}],"collection":[{"href":"https:\/\/www.aspilsan.com\/en\/wp-json\/wp\/v2\/pages"}],"about":[{"href":"https:\/\/www.aspilsan.com\/en\/wp-json\/wp\/v2\/types\/page"}],"author":[{"embeddable":true,"href":"https:\/\/www.aspilsan.com\/en\/wp-json\/wp\/v2\/users\/1"}],"replies":[{"embeddable":true,"href":"https:\/\/www.aspilsan.com\/en\/wp-json\/wp\/v2\/comments?post=926"}],"version-history":[{"count":1,"href":"https:\/\/www.aspilsan.com\/en\/wp-json\/wp\/v2\/pages\/926\/revisions"}],"predecessor-version":[{"id":933,"href":"https:\/\/www.aspilsan.com\/en\/wp-json\/wp\/v2\/pages\/926\/revisions\/933"}],"up":[{"embeddable":true,"href":"https:\/\/www.aspilsan.com\/en\/wp-json\/wp\/v2\/pages\/32"}],"wp:attachment":[{"href":"https:\/\/www.aspilsan.com\/en\/wp-json\/wp\/v2\/media?parent=926"}],"curies":[{"name":"wp","href":"https:\/\/api.w.org\/{rel}","templated":true}]}}